{"id":69543,"date":"2025-02-15T12:18:51","date_gmt":"2025-02-15T11:18:51","guid":{"rendered":"https:\/\/www2.adfc-wiesbaden.de\/?page_id=69543"},"modified":"2026-03-17T06:23:31","modified_gmt":"2026-03-17T05:23:31","slug":"fahrradboersen","status":"publish","type":"page","link":"https:\/\/www.adfc-wiesbaden.de\/ro\/service\/fahrradboersen\/","title":{"rendered":"Schimburi de biciclete"},"content":{"rendered":"<!--themify_builder_content-->\n<div id=\"themify_builder_content-69543\" data-postid=\"69543\" class=\"themify_builder_content themify_builder_content-69543 themify_builder tf_clear\">\n                    <div  data-lazy=\"1\" class=\"module_row themify_builder_row tb_vykx741 tb_first tf_w\">\n                        <div class=\"row_inner col_align_top tb_col_count_1 tf_box tf_rel\">\n                        <div  data-lazy=\"1\" class=\"module_column tb-column col-full tb_w16r741 first\">\n                    <!-- module image -->\n<div  class=\"module module-image tb_jgt2741 image-top   tf_mw tb_gs2677162d\" data-lazy=\"1\">\n        <div class=\"image-wrap tf_rel tf_mw\">\n            <img decoding=\"async\" src=\"\/wp-content\/uploads\/2025\/03\/2025-03-10_5923-scaled.jpg\" title=\"Schimburi de biciclete\" alt=\"Schimburi de biciclete\">    \n        <\/div>\n    <!-- \/image-wrap -->\n    \n        <\/div>\n<!-- \/module image -->        <div  data-lazy=\"1\" class=\"module_subrow themify_builder_sub_row tf_w col_align_top tb_col_count_3 tb_9ml0741\">\n                <div  data-lazy=\"1\" class=\"module_column sub_column col3-1 tb_edyg741 first\">\n                    <!-- module image -->\n<div  class=\"module module-image tb_yins878 image-center   tf_mw\" data-lazy=\"1\">\n        <div class=\"image-wrap tf_rel tf_mw\">\n            <img decoding=\"async\" src=\"\/wp-content\/uploads\/2025\/02\/Dreieck_Orange.png\" width=\"44\" title=\"Schimburi de biciclete\" alt=\"Schimburi de biciclete\">    \n        <\/div>\n    <!-- \/image-wrap -->\n    \n        <\/div>\n<!-- \/module image -->        <\/div>\n                    <div  data-lazy=\"1\" class=\"module_column sub_column col3-1 tb_fdtf741\">\n                            <\/div>\n                    <div  data-lazy=\"1\" class=\"module_column sub_column col3-1 tb_cops741 last\">\n                            <\/div>\n                    <\/div>\n        <!-- module plain text -->\n<div  class=\"module module-plain-text tb_n012741 bild_header_h1 adfc_orange tb_gs4151609\" data-lazy=\"1\">\n        <div class=\"tb_text_wrap\">\n    <span style=\"font-size:28px;line-height:34px\"> Schimb de biciclete la abator<\/span><span style=\"float:right;font-size:14px;line-height:34px;margin-right:5px\">\u00a9 Oliver Kessler<\/span>    <\/div>\n<\/div>\n<!-- \/module plain text --><!-- module text -->\n<div  class=\"module module-text tb_h5jh260    tb_gs678604\" data-lazy=\"1\">\n        <div  class=\"tb_text_wrap\">\n        <h1>ADFC Bike Exchange<\/h1>\n<p>Pe terenul parcului cultural de la abator, trei <a href=\"https:\/\/www.adfc-wiesbaden.de\/ro\/2026\/02\/veranstaltungen\/fahrradboersen-termine-2026\/\">Date din 2026<\/a> Wiesbaden Bicycle Exchange paralel cu Schlachthof Flea Market.<\/p>\n<p>\u00cen plus, oferim, de obicei, un stand de informare din partea ADFC \u0219i <a href=\"https:\/\/www.adfc-wiesbaden.de\/ro\/service\/codierung\/\">Coduri pentru biciclete<\/a> c\u0103tre.\u00a0<\/p>\n<p>Pentru v\u00e2nz\u0103torii exclusiv priva\u021bi, nu exist\u0103 taxe la schimbul de biciclete \u0219i nu este necesar\u0103 \u00eenregistrarea. Aduce\u021bi-v\u0103 bicicleta, g\u0103si\u021bi un loc \u0219i ata\u0219a\u021bi o etichet\u0103 de pre\u021b.\u00a0<br \/>Cump\u0103r\u0103torii pot veni cu u\u0219urin\u021b\u0103, c\u0103uta ro\u021bi adecvate, test drive \u0219i comer\u021b. Avem informa\u021bii \u0219i contracte de v\u00e2nzare Blanco la standul nostru de informa\u021bii ADFC.<\/p>\n<p>Pentru pia\u021ba de vechituri de abator, se aplic\u0103 condi\u021biile organizatorului, care sunt <a href=\"https:\/\/schlachthof-wiesbaden.de\/suche\/flohmarkt\">Pia\u021ba de vechituri a abatorului<\/a> poate fi g\u0103sit\u0103 la data respectiv\u0103. Taxele \u0219i \u00eenregistrarea sunt de obicei necesare aici!<\/p>\n<p>Schimburile de biciclete au loc \u00eentre orele 10:00 \u0219i 14:00 pe Bouleplatz pe Murnaustra\u00dfe.<\/p>    <\/div>\n<\/div>\n<!-- \/module text --><!-- module box -->\n<div  class=\"module module-box tb_fxs5446\" data-lazy=\"1\">\n    <div class=\"module-box-content ui  tb_default_color\">\n                <div class=\"tb_text_wrap\"><p>Aici pute\u021bi g\u0103si un raport privind primul schimb de biciclete la abator:<br \/>\n<article class=\"menu_as_tiles_post post\"><div class=\"menu_as_tiles_image\"><a href=\"\/ro\/fahrradboerse-erstmals-am-schlachthof-ein-kurzer-rueckblick\/\"><img decoding=\"async\" src=\"https:\/\/www.adfc-wiesbaden.de\/wp-content\/uploads\/2025\/04\/Fahrradboerse_Infostand_mitmachen_2025_4_3-700x525.jpg\" class=\"menu_as_tiles_image\" width=\"300\" srcset=\"https:\/\/www.adfc-wiesbaden.de\/wp-content\/uploads\/2025\/04\/Fahrradboerse_Infostand_mitmachen_2025_4_3-700x525.jpg 700w, https:\/\/www.adfc-wiesbaden.de\/wp-content\/uploads\/2025\/04\/Fahrradboerse_Infostand_mitmachen_2025_4_3-1400x1050.jpg 1400w, https:\/\/www.adfc-wiesbaden.de\/wp-content\/uploads\/2025\/04\/Fahrradboerse_Infostand_mitmachen_2025_4_3-200x150.jpg 200w, https:\/\/www.adfc-wiesbaden.de\/wp-content\/uploads\/2025\/04\/Fahrradboerse_Infostand_mitmachen_2025_4_3-768x576.jpg 768w, https:\/\/www.adfc-wiesbaden.de\/wp-content\/uploads\/2025\/04\/Fahrradboerse_Infostand_mitmachen_2025_4_3-1536x1152.jpg 1536w, https:\/\/www.adfc-wiesbaden.de\/wp-content\/uploads\/2025\/04\/Fahrradboerse_Infostand_mitmachen_2025_4_3-2048x1536.jpg 2048w\" sizes=\"auto, (max-width: 700px) 100vw, 700px\" loading=\"lazy\" \/><\/a><\/div><div class=\"menu_as_tiles_date\">21.04.2025<\/div><h3 class=\"menu_as_tiles_title\">Schimb de biciclete la abator pentru prima dat\u0103: o scurt\u0103 trecere \u00een revist\u0103<\/h3><div class=\"menu_as_tiles_details\">  <span class=\"menu_as_tiles_excerpt\">T\u00e2rgul de biciclete a avut loc pentru prima dat\u0103 la abator, \u00eempreun\u0103 cu pia\u021ba de vechituri a abatorului. Primele experien\u021be au fost \u00een mod constant pozitive. <\/span><\/div><div class=\"menu_as_tiles_button\"><a href=\"\/ro\/fahrradboerse-erstmals-am-schlachthof-ein-kurzer-rueckblick\/\">Cite\u0219te mai mult<\/a><\/div><div class=\"menu_as_tiles_tag_category_container\"> <div class=\"menu_as_tiles_tag\"><a href=\"\/ro\/tag\/codierung\/\">codificare<\/a><\/div> <div class=\"menu_as_tiles_tag\"><a href=\"\/ro\/tag\/fahrradboerse\/\">Schimb de biciclete<\/a><\/div> <div class=\"menu_as_tiles_tag\"><a href=\"\/ro\/tag\/veranstaltung\/\">eveniment<\/a><\/div><\/div><\/article>\n<\/p><\/div>\n    <\/div>\n<\/div>\n<!-- \/module box -->\n<!-- module gallery -->\n<div  class=\"module gallery module-gallery tb_p6ig803 layout-grid\" data-lazy=\"1\">\n    <div class=\"module-gallery-grid\" style=\"--gald:4;--galt:4;--galm:4\">\n            <dl class=\"gallery-item\">\n            <dt class=\"gallery-icon\">\n            <a data-title=\"\" title=\"Multe biciclete la schimbul de biciclete | \u00a9 Oliver Kessler\" href=\"https:\/\/www.adfc-wiesbaden.de\/wp-content\/uploads\/2025\/04\/2025-04-05_7097-scaled.jpg\" data-rel=\"tb_p6ig803\" class=\"themify_lightbox\"><img loading=\"lazy\" decoding=\"async\" src=\"https:\/\/www.adfc-wiesbaden.de\/wp-content\/uploads\/2025\/04\/2025-04-05_7097-1400x934-300x200.jpg\" width=\"300\" height=\"200\" class=\"wp-post-image wp-image-72145\" title=\"2025 Schimb de biciclete la abator\" alt=\"Schimb de biciclete cu diverse biciclete \u0219i stand de informare \u00een fundal\" srcset=\"https:\/\/www.adfc-wiesbaden.de\/wp-content\/uploads\/2025\/04\/2025-04-05_7097-1400x934-300x200.jpg 300w, https:\/\/www.adfc-wiesbaden.de\/wp-content\/uploads\/2025\/04\/2025-04-05_7097-700x467.jpg 700w, https:\/\/www.adfc-wiesbaden.de\/wp-content\/uploads\/2025\/04\/2025-04-05_7097-1400x934.jpg 1400w, https:\/\/www.adfc-wiesbaden.de\/wp-content\/uploads\/2025\/04\/2025-04-05_7097-200x133.jpg 200w, https:\/\/www.adfc-wiesbaden.de\/wp-content\/uploads\/2025\/04\/2025-04-05_7097-768x512.jpg 768w, https:\/\/www.adfc-wiesbaden.de\/wp-content\/uploads\/2025\/04\/2025-04-05_7097-1536x1024.jpg 1536w, https:\/\/www.adfc-wiesbaden.de\/wp-content\/uploads\/2025\/04\/2025-04-05_7097-2048x1366.jpg 2048w, https:\/\/www.adfc-wiesbaden.de\/wp-content\/uploads\/2025\/04\/2025-04-05_7097-1400x934-400x266.jpg 400w\" sizes=\"auto, (max-width: 300px) 100vw, 300px\" \/><\/a>            <\/dt>\n             \n                <dd class=\"wp-caption-text gallery-caption\">\n                                                                <span class=\"themify_image_caption\">Multe biciclete la schimbul de biciclete | \u00a9 Oliver Kessler<\/span>\n                                    <\/dd>\n                    <\/dl>\n            <dl class=\"gallery-item\">\n            <dt class=\"gallery-icon\">\n            <a data-title=\"\" title=\"Piese \u0219i accesorii pentru biciclete | \u00a9 Oliver Kessler\" href=\"https:\/\/www.adfc-wiesbaden.de\/wp-content\/uploads\/2025\/04\/2025-04-05_7100-scaled.jpg\" data-rel=\"tb_p6ig803\" class=\"themify_lightbox\"><img loading=\"lazy\" decoding=\"async\" src=\"https:\/\/www.adfc-wiesbaden.de\/wp-content\/uploads\/2025\/04\/2025-04-05_7100-1400x934-300x200.jpg\" width=\"300\" height=\"200\" class=\"wp-post-image wp-image-72144\" title=\"2025 _Bicycle Exchange _Accesorii\" alt=\"Diverse accesorii \u0219i piese pentru biciclete\" srcset=\"https:\/\/www.adfc-wiesbaden.de\/wp-content\/uploads\/2025\/04\/2025-04-05_7100-1400x934-300x200.jpg 300w, https:\/\/www.adfc-wiesbaden.de\/wp-content\/uploads\/2025\/04\/2025-04-05_7100-700x467.jpg 700w, https:\/\/www.adfc-wiesbaden.de\/wp-content\/uploads\/2025\/04\/2025-04-05_7100-1400x934.jpg 1400w, https:\/\/www.adfc-wiesbaden.de\/wp-content\/uploads\/2025\/04\/2025-04-05_7100-200x133.jpg 200w, https:\/\/www.adfc-wiesbaden.de\/wp-content\/uploads\/2025\/04\/2025-04-05_7100-768x512.jpg 768w, https:\/\/www.adfc-wiesbaden.de\/wp-content\/uploads\/2025\/04\/2025-04-05_7100-1536x1024.jpg 1536w, https:\/\/www.adfc-wiesbaden.de\/wp-content\/uploads\/2025\/04\/2025-04-05_7100-2048x1366.jpg 2048w\" sizes=\"auto, (max-width: 300px) 100vw, 300px\" \/><\/a>            <\/dt>\n             \n                <dd class=\"wp-caption-text gallery-caption\">\n                                                                <span class=\"themify_image_caption\">Piese \u0219i accesorii pentru biciclete | \u00a9 Oliver Kessler<\/span>\n                                    <\/dd>\n                    <\/dl>\n            <dl class=\"gallery-item\">\n            <dt class=\"gallery-icon\">\n            <a data-title=\"\" title=\"Lilja am Schlachthof 2025 | \u00a9 Oliver Kessler\" href=\"https:\/\/www.adfc-wiesbaden.de\/wp-content\/uploads\/2025\/04\/2025-04-05_7207-scaled.jpg\" data-rel=\"tb_p6ig803\" class=\"themify_lightbox\"><img loading=\"lazy\" decoding=\"async\" src=\"https:\/\/www.adfc-wiesbaden.de\/wp-content\/uploads\/2025\/04\/2025-04-05_7207-1400x933-300x200.jpg\" width=\"300\" height=\"200\" class=\"wp-post-image wp-image-72140\" title=\"2025 _Lilja _Abatorul\" alt=\"2025 _Lilja _Abatorul\" srcset=\"https:\/\/www.adfc-wiesbaden.de\/wp-content\/uploads\/2025\/04\/2025-04-05_7207-1400x933-300x200.jpg 300w, https:\/\/www.adfc-wiesbaden.de\/wp-content\/uploads\/2025\/04\/2025-04-05_7207-700x467.jpg 700w, https:\/\/www.adfc-wiesbaden.de\/wp-content\/uploads\/2025\/04\/2025-04-05_7207-1400x933.jpg 1400w, https:\/\/www.adfc-wiesbaden.de\/wp-content\/uploads\/2025\/04\/2025-04-05_7207-200x133.jpg 200w, https:\/\/www.adfc-wiesbaden.de\/wp-content\/uploads\/2025\/04\/2025-04-05_7207-768x512.jpg 768w, https:\/\/www.adfc-wiesbaden.de\/wp-content\/uploads\/2025\/04\/2025-04-05_7207-1536x1024.jpg 1536w, https:\/\/www.adfc-wiesbaden.de\/wp-content\/uploads\/2025\/04\/2025-04-05_7207-2048x1365.jpg 2048w\" sizes=\"auto, (max-width: 300px) 100vw, 300px\" \/><\/a>            <\/dt>\n             \n                <dd class=\"wp-caption-text gallery-caption\">\n                                                                <span class=\"themify_image_caption\">Lilja am Schlachthof 2025 | \u00a9 Oliver Kessler<\/span>\n                                    <\/dd>\n                    <\/dl>\n            <dl class=\"gallery-item\">\n            <dt class=\"gallery-icon\">\n            <a data-title=\"\" title=\"ADFC Infostand | \u00a9 Oliver Kessler\" href=\"https:\/\/www.adfc-wiesbaden.de\/wp-content\/uploads\/2025\/04\/Fahrradboerse_Infostand_2025_4_3-scaled.jpg\" data-rel=\"tb_p6ig803\" class=\"themify_lightbox\"><img loading=\"lazy\" decoding=\"async\" src=\"https:\/\/www.adfc-wiesbaden.de\/wp-content\/uploads\/2025\/04\/Fahrradboerse_Infostand_2025_4_3-1400x1050-300x200.jpg\" width=\"300\" height=\"200\" class=\"wp-post-image wp-image-72148\" title=\"Biciclete de schimb _Infostand _2025 _4 _3\" alt=\"Stand de informare ADFC cu invita\u021bii interesa\u021bi\"><\/a>            <\/dt>\n             \n                <dd class=\"wp-caption-text gallery-caption\">\n                                                                <span class=\"themify_image_caption\">ADFC Infostand | \u00a9 Oliver Kessler<\/span>\n                                    <\/dd>\n                    <\/dl>\n    <\/div>\n<\/div>\n<!-- \/module gallery --><!-- module image -->\n<div  class=\"module module-image tb_oqql342 image-top   tf_mw tb_gs2677162d\" data-lazy=\"1\">\n        <div class=\"image-wrap tf_rel tf_mw\">\n            <a href=\"https:\/\/schlachthof-wiesbaden.de\/suche\/flohmarkt\">\n                   <img decoding=\"async\" src=\"\/wp-content\/uploads\/2025\/02\/Schlachthof_Flohmarkt.jpg\" title=\"\u00a9 Cultura \u00een parc\" alt=\"\u00a9 Cultura \u00een parc\">        <\/a>\n    \n        <\/div>\n    <!-- \/image-wrap -->\n    \n        <div class=\"image-content\">\n                    <h3 class=\"image-title\">\n                                    <a href=\"https:\/\/schlachthof-wiesbaden.de\/suche\/flohmarkt\">\n                        \u00a9 Cultura \u00een parc                    <\/a>\n                            <\/h3>\n                    <\/div>\n    <!-- \/image-content -->\n        <\/div>\n<!-- \/module image -->        <\/div>\n                        <\/div>\n        <\/div>\n        <\/div>\n<!--\/themify_builder_content-->","protected":false},"excerpt":{"rendered":"<p>Schimburi de biciclete pentru cump\u0103rarea \u0219i v\u00e2nzarea privat\u0103 de biciclete \u0219i amplificatoare uzate; accesorii<\/p>","protected":false},"author":50,"featured_media":71289,"parent":69773,"menu_order":0,"comment_status":"closed","ping_status":"closed","template":"","meta":{"footnotes":""},"tags":[765,853,847,848],"class_list":["post-69543","page","type-page","status-publish","has-post-thumbnail","hentry","tag-codierung","tag-fahrradboerse","tag-flohmarkt","tag-kultur-im-park","has-post-title","has-post-date","has-post-category","has-post-tag","has-post-comment","has-post-author",""],"builder_content":"<img src=\"\/wp-content\/uploads\/2025\/03\/2025-03-10_5923-scaled.jpg\" title=\"Fahrradb\u00f6rsen\" alt=\"Fahrradb\u00f6rsen\">\n<img src=\"\/wp-content\/uploads\/2025\/02\/Dreieck_Orange.png\" width=\"44\" title=\"Fahrradb\u00f6rsen\" alt=\"Fahrradb\u00f6rsen\">\nFahrradb\u00f6rse am Schlachthof&copy; Oliver Kessler\n<h1>ADFC-Fahrradb\u00f6rse<\/h1> <p>Auf dem Gel\u00e4nde des Kulturparks am Schlachthof findet an drei <a href=\"https:\/\/www.adfc-wiesbaden.de\/2026\/02\/veranstaltungen\/fahrradboersen-termine-2026\/\">Terminen in 2026<\/a> die Wiesbadener Fahrradb\u00f6rse parallel zum Schlachthof-Flohmarkt statt.<\/p> <p>Zus\u00e4tzlich bieten wir vom ADFC in der Regel einen Infostand und <a href=\"https:\/\/www.adfc-wiesbaden.de\/service\/codierung\/\">Fahrradcodierungen<\/a> an.\u00a0<\/p> <p>F\u00fcr die ausschlie\u00dflich privaten Verk\u00e4ufer:innen gibt es bei der Fahrradb\u00f6rse keine Geb\u00fchren und es ist keine Anmeldung notwendig. Einfach Fahrrad mitbringen, einen Platz suchen und Preisschild anbringen.\u00a0<br \/>K\u00e4ufer:innen k\u00f6nnen einfach kommen, nach geeigneten R\u00e4dern suchen, Probefahren und handeln. Informationen und Blanco-Kaufvertr\u00e4ge haben wir an unserem Infostand des ADFC.<\/p> <p>F\u00fcr den Schlachthof Flohmarkt gelten die Bedingungen des Veranstalters, die unter <a href=\"https:\/\/schlachthof-wiesbaden.de\/suche\/flohmarkt\">Schlachthof Flohmarkt<\/a> im jeweiligen Termin zu finden sind. Hier sind in der Regel Geb\u00fchren und Anmeldung erforderlich!<\/p> <p>Die Fahrradb\u00f6rsen finden von 10 bis 14 Uhr auf dem Bouleplatz an der Murnaustra\u00dfe statt.<\/p>\n<p>Hier findet ihr einen Bericht zur ersten Fahrradb\u00f6rse am Schlachthof:<br \/>[mat_show_tile postid=\"72248\"]<\/p>\n[gallery ids=\"72145,72144,72140,72148\"]\n<a href=\"https:\/\/schlachthof-wiesbaden.de\/suche\/flohmarkt\"> <img src=\"\/wp-content\/uploads\/2025\/02\/Schlachthof_Flohmarkt.jpg\" title=\"&copy; Kultur im Park\" alt=\"&copy; Kultur im Park\"> <\/a> <h3> <a href=\"https:\/\/schlachthof-wiesbaden.de\/suche\/flohmarkt\"> &copy; Kultur im Park <\/a> <\/h3>","_links":{"self":[{"href":"https:\/\/www.adfc-wiesbaden.de\/ro\/wp-json\/wp\/v2\/pages\/69543","targetHints":{"allow":["GET"]}}],"collection":[{"href":"https:\/\/www.adfc-wiesbaden.de\/ro\/wp-json\/wp\/v2\/pages"}],"about":[{"href":"https:\/\/www.adfc-wiesbaden.de\/ro\/wp-json\/wp\/v2\/types\/page"}],"author":[{"embeddable":true,"href":"https:\/\/www.adfc-wiesbaden.de\/ro\/wp-json\/wp\/v2\/users\/50"}],"replies":[{"embeddable":true,"href":"https:\/\/www.adfc-wiesbaden.de\/ro\/wp-json\/wp\/v2\/comments?post=69543"}],"version-history":[{"count":72,"href":"https:\/\/www.adfc-wiesbaden.de\/ro\/wp-json\/wp\/v2\/pages\/69543\/revisions"}],"predecessor-version":[{"id":75648,"href":"https:\/\/www.adfc-wiesbaden.de\/ro\/wp-json\/wp\/v2\/pages\/69543\/revisions\/75648"}],"up":[{"embeddable":true,"href":"https:\/\/www.adfc-wiesbaden.de\/ro\/wp-json\/wp\/v2\/pages\/69773"}],"wp:featuredmedia":[{"embeddable":true,"href":"https:\/\/www.adfc-wiesbaden.de\/ro\/wp-json\/wp\/v2\/media\/71289"}],"wp:attachment":[{"href":"https:\/\/www.adfc-wiesbaden.de\/ro\/wp-json\/wp\/v2\/media?parent=69543"}],"wp:term":[{"taxonomy":"post_tag","embeddable":true,"href":"https:\/\/www.adfc-wiesbaden.de\/ro\/wp-json\/wp\/v2\/tags?post=69543"}],"curies":[{"name":"wp","href":"https:\/\/api.w.org\/{rel}","templated":true}]}}