{"id":69545,"date":"2025-02-15T12:22:05","date_gmt":"2025-02-15T11:22:05","guid":{"rendered":"https:\/\/www2.adfc-wiesbaden.de\/?page_id=69545"},"modified":"2025-04-06T18:54:28","modified_gmt":"2025-04-06T16:54:28","slug":"radfahrkurse","status":"publish","type":"page","link":"https:\/\/www.adfc-wiesbaden.de\/ro\/service\/radfahrkurse\/","title":{"rendered":"Cursuri de ciclism"},"content":{"rendered":"<!--themify_builder_content-->\n<div id=\"themify_builder_content-69545\" data-postid=\"69545\" class=\"themify_builder_content themify_builder_content-69545 themify_builder tf_clear\">\n                    <div  data-lazy=\"1\" class=\"module_row themify_builder_row tb_fuip376 tb_first tf_w\">\n                        <div class=\"row_inner col_align_top tb_col_count_1 tf_box tf_rel\">\n                        <div  data-lazy=\"1\" class=\"module_column tb-column col-full tb_rup4376 first\">\n                    <!-- module image -->\n<div  class=\"module module-image tb_oeuh376 image-top   tf_mw tb_gs2677162d\" data-lazy=\"1\">\n        <div class=\"image-wrap tf_rel tf_mw\">\n            <img loading=\"lazy\" decoding=\"async\" width=\"2560\" height=\"1920\" src=\"https:\/\/www.adfc-wiesbaden.de\/wp-content\/uploads\/2025\/04\/PedelecKurs4_3-scaled.jpg\" class=\"wp-post-image wp-image-71897\" title=\"PedelecCourse4 _3\" alt=\"Un grup de bicicli\u0219ti \u00een picioare \u00een curtea Reduit cu pedelecs \u00eentr-un semicerc \u00een soare.\" srcset=\"https:\/\/www.adfc-wiesbaden.de\/wp-content\/uploads\/2025\/04\/PedelecKurs4_3-scaled.jpg 2560w, https:\/\/www.adfc-wiesbaden.de\/wp-content\/uploads\/2025\/04\/PedelecKurs4_3-700x525.jpg 700w, https:\/\/www.adfc-wiesbaden.de\/wp-content\/uploads\/2025\/04\/PedelecKurs4_3-1400x1050.jpg 1400w, https:\/\/www.adfc-wiesbaden.de\/wp-content\/uploads\/2025\/04\/PedelecKurs4_3-200x150.jpg 200w, https:\/\/www.adfc-wiesbaden.de\/wp-content\/uploads\/2025\/04\/PedelecKurs4_3-768x576.jpg 768w, https:\/\/www.adfc-wiesbaden.de\/wp-content\/uploads\/2025\/04\/PedelecKurs4_3-1536x1152.jpg 1536w\" sizes=\"auto, (max-width: 2560px) 100vw, 2560px\" \/>    \n        <\/div>\n    <!-- \/image-wrap -->\n    \n        <\/div>\n<!-- \/module image -->        <div  data-lazy=\"1\" class=\"module_subrow themify_builder_sub_row tf_w col_align_top tb_col_count_3 tb_rzxv376\">\n                <div  data-lazy=\"1\" class=\"module_column sub_column col3-1 tb_9fe9376 first\">\n                    <!-- module image -->\n<div  class=\"module module-image tb_3pvk849 image-center   tf_mw\" data-lazy=\"1\">\n        <div class=\"image-wrap tf_rel tf_mw\">\n            <img decoding=\"async\" src=\"\/wp-content\/uploads\/2025\/02\/Dreieck_Orange.png\" width=\"44\" title=\"Cursuri de ciclism\" alt=\"Cursuri de ciclism\">    \n        <\/div>\n    <!-- \/image-wrap -->\n    \n        <\/div>\n<!-- \/module image -->        <\/div>\n                    <div  data-lazy=\"1\" class=\"module_column sub_column col3-1 tb_royb376\">\n                            <\/div>\n                    <div  data-lazy=\"1\" class=\"module_column sub_column col3-1 tb_j6ht376 last\">\n                            <\/div>\n                    <\/div>\n        <!-- module plain text -->\n<div  class=\"module module-plain-text tb_889e376 bild_header_h1 adfc_orange tb_gs4151609\" data-lazy=\"1\">\n        <div class=\"tb_text_wrap\">\n    <span style=\"font-size:28px; line-height:34px;\" >Curs Pedelec \u00een Reduit \u00een cooperare cu VHS AKK<\/span><span style=\"float:right;font-size:14px; line-height:34px;margin-right:5px;\">\u00a9 Andrew Maher<\/span>    <\/div>\n<\/div>\n<!-- \/module plain text --><!-- module text -->\n<div  class=\"module module-text tb_nmzl288    tb_gs678604\" data-lazy=\"1\">\n        <div  class=\"tb_text_wrap\">\n        <h1>Cursuri de ciclism ADFC<\/h1>\n<div class=\"textcontainer-article\">\n<p><b>Nu este niciodat\u0103 prea t\u00e2rziu s\u0103 \u00eenve\u021bi \u2013 \u00eenva\u021b\u0103 ciclism cu ADFC!<\/b><\/p>\n<p>Cu toate acestea, mul\u021bi adul\u021bi nu o pot face sau nu o fac suficient de bine. Fie c\u0103, \u00een copil\u0103rie, nu aveau o biciclet\u0103 disponibil\u0103 sau proveneau din culturi \u00een care ciclismul nu este obi\u0219nuit. Dar chiar \u0219i mul\u021bi dintre cei care au \u00eenv\u0103\u021bat-o mai devreme sunt adesea nesiguri, deoarece au avut foarte pu\u021bin\u0103 experien\u021b\u0103 de conducere sau se simt cople\u0219i\u021bi \u00een situa\u021bii cu mul\u021bi al\u021bi participan\u021bi la trafic.<\/p>\n<p>Oferim cursuri de ciclism la fa\u021ba locului \u00een diferite ocazii, care pot fi g\u0103site \u00een <a href=\"https:\/\/www.adfc-wiesbaden.de\/ro\/termine\/\">Prezentare general\u0103 a programului.<\/a><\/p>\n<p>\u00cen plus, ADFC-Hessen ofer\u0103 cursuri de ciclism pentru adul\u021bi. Mai multe informa\u021bii despre conceptul de cursuri, alte oferte (cum ar fi pedelec sau cursuri de trafic) \u0219i informa\u021biile de contact corespunz\u0103toare pot fi g\u0103site pe paginile de internet ale instructorilor de ciclism. Acolo ve\u021bi g\u0103si, de asemenea, datele cursului \u0219i op\u021biunile de \u00eenregistrare.<\/p>\n<p><a href=\"https:\/\/www.fahrrad-cr.de\/radfahrschule\/kurstemine\/\">Datele cursului de FahrRad!<\/a><\/p>\n<p><a href=\"https:\/\/radfahrschule-hessen.de\/\">\u0218coal\u0103 de ciclism Hesse<\/a><\/p>\n<\/div>\n<p>Dac\u0103 ave\u021bi orice \u00eentreb\u0103ri suplimentare sau sunte\u021bi interesat \u00een organizarea unui curs te, v\u0103 rug\u0103m s\u0103 nu ezita\u021bi s\u0103 ne contacta\u021bi la<a href=\"\/ro\/&\/#x6d;a&#x69;&#108;t&#x6f;&#58;&#x69;&#x6e;f&#x6f;&#64;a&#x64;&#102;&#x63;&#45;w&#x69;&#101;s&#x62;&#97;&#x64;&#101;n&#x2e;&#100;&#x65;\"> info@adfc-wiesbaden.de<\/a>.<\/p>    <\/div>\n<\/div>\n<!-- \/module text -->        <\/div>\n                        <\/div>\n        <\/div>\n        <\/div>\n<!--\/themify_builder_content-->","protected":false},"excerpt":{"rendered":"<p>Nu este niciodat\u0103 prea t\u00e2rziu s\u0103 \u00eenve\u021bi \u2013 \u00eenva\u021b\u0103 ciclism cu ADFC!<\/p>","protected":false},"author":50,"featured_media":71897,"parent":69773,"menu_order":0,"comment_status":"closed","ping_status":"closed","template":"","meta":{"footnotes":""},"tags":[],"class_list":["post-69545","page","type-page","status-publish","has-post-thumbnail","hentry","has-post-title","has-post-date","has-post-category","has-post-tag","has-post-comment","has-post-author",""],"builder_content":"<img src=\"https:\/\/www.adfc-wiesbaden.de\/wp-content\/uploads\/2025\/04\/PedelecKurs4_3-scaled.jpg\" title=\"PedelecKurs4_3\" alt=\"Eine im Innenhof der Reduit stehende Gruppe Radfahrer mit Pedelecs im Halbkreis bei Sonnenschein.\" srcset=\"https:\/\/www.adfc-wiesbaden.de\/wp-content\/uploads\/2025\/04\/PedelecKurs4_3-scaled.jpg 2560w, https:\/\/www.adfc-wiesbaden.de\/wp-content\/uploads\/2025\/04\/PedelecKurs4_3-700x525.jpg 700w, https:\/\/www.adfc-wiesbaden.de\/wp-content\/uploads\/2025\/04\/PedelecKurs4_3-1400x1050.jpg 1400w, https:\/\/www.adfc-wiesbaden.de\/wp-content\/uploads\/2025\/04\/PedelecKurs4_3-200x150.jpg 200w, https:\/\/www.adfc-wiesbaden.de\/wp-content\/uploads\/2025\/04\/PedelecKurs4_3-768x576.jpg 768w, https:\/\/www.adfc-wiesbaden.de\/wp-content\/uploads\/2025\/04\/PedelecKurs4_3-1536x1152.jpg 1536w\" sizes=\"(max-width: 2560px) 100vw, 2560px\" \/>\n<img src=\"\/wp-content\/uploads\/2025\/02\/Dreieck_Orange.png\" width=\"44\" title=\"Radfahrkurse\" alt=\"Radfahrkurse\">\nPedelec-Kurs in der Reduit in Kooperation mit der VHS AKK&copy; Andrew Maher\n<h1>Radfahrkurse des ADFC<\/h1>\n<p><b>Zum Lernen ist es nie zu sp\u00e4t - Radfahren lernen mit dem ADFC!<\/b><\/p> <p>Viele Erwachsene k\u00f6nnen es aber nicht oder nicht gut genug. Sei es, dass sie als Kind kein Fahrrad zur Verf\u00fcgung hatten oder aus Kulturkreisen kommen, in denen das Radfahren nicht \u00fcblich ist. Aber auch viele, die es fr\u00fcher gelernt haben, sind h\u00e4ufig unsicher, weil sie nur sehr wenig Fahrpraxis hatten oder sich in Situationen mit vielen anderen Verkehrsteilnehmern \u00fcberfordert f\u00fchlen.<\/p> <p>Wir bieten vor Ort zu verschiedenen Gelegenheiten Radfahrkurse an, diese finden sich in unserer <a href=\"https:\/\/www.adfc-wiesbaden.de\/termine\/\">Termin\u00fcbersicht.<\/a><\/p> <p>Zus\u00e4tzlich bietet der ADFC-Hessen Radfahrkurse f\u00fcr Erwachsene an. Weitergehende Informationen \u00fcber das Konzept der Kurse, weitere Angebote (wie z.B. Pedelec- oder Verkehrskurse) und die entsprechenden Kontaktinformationen finden Sie \u00fcber die Internet-Seiten der Radfahrlehrkr\u00e4fte. Dort finden Sie auch die Kurstermine und die Anmeldem\u00f6glichkeiten.<\/p> <p><a href=\"https:\/\/www.fahrrad-cr.de\/radfahrschule\/kurstemine\/\">Kurstermine von FahrRad!<\/a><\/p> <p><a href=\"https:\/\/radfahrschule-hessen.de\/\">Radfahrschule Hessen<\/a><\/p>\n<p>Wenn Sie weitere Fragen oder Interesse haben, selbst einen Kurs zu organisieren, melden Sie sich gerne unter<a href=\"mailto:info@adfc-wiesbaden.de\"> info@adfc-wiesbaden.de<\/a>.<\/p>","_links":{"self":[{"href":"https:\/\/www.adfc-wiesbaden.de\/ro\/wp-json\/wp\/v2\/pages\/69545","targetHints":{"allow":["GET"]}}],"collection":[{"href":"https:\/\/www.adfc-wiesbaden.de\/ro\/wp-json\/wp\/v2\/pages"}],"about":[{"href":"https:\/\/www.adfc-wiesbaden.de\/ro\/wp-json\/wp\/v2\/types\/page"}],"author":[{"embeddable":true,"href":"https:\/\/www.adfc-wiesbaden.de\/ro\/wp-json\/wp\/v2\/users\/50"}],"replies":[{"embeddable":true,"href":"https:\/\/www.adfc-wiesbaden.de\/ro\/wp-json\/wp\/v2\/comments?post=69545"}],"version-history":[{"count":30,"href":"https:\/\/www.adfc-wiesbaden.de\/ro\/wp-json\/wp\/v2\/pages\/69545\/revisions"}],"predecessor-version":[{"id":71927,"href":"https:\/\/www.adfc-wiesbaden.de\/ro\/wp-json\/wp\/v2\/pages\/69545\/revisions\/71927"}],"up":[{"embeddable":true,"href":"https:\/\/www.adfc-wiesbaden.de\/ro\/wp-json\/wp\/v2\/pages\/69773"}],"wp:featuredmedia":[{"embeddable":true,"href":"https:\/\/www.adfc-wiesbaden.de\/ro\/wp-json\/wp\/v2\/media\/71897"}],"wp:attachment":[{"href":"https:\/\/www.adfc-wiesbaden.de\/ro\/wp-json\/wp\/v2\/media?parent=69545"}],"wp:term":[{"taxonomy":"post_tag","embeddable":true,"href":"https:\/\/www.adfc-wiesbaden.de\/ro\/wp-json\/wp\/v2\/tags?post=69545"}],"curies":[{"name":"wp","href":"https:\/\/api.w.org\/{rel}","templated":true}]}}