{"id":69552,"date":"2025-02-15T12:26:32","date_gmt":"2025-02-15T11:26:32","guid":{"rendered":"https:\/\/www2.adfc-wiesbaden.de\/?page_id=69552"},"modified":"2026-04-15T21:33:20","modified_gmt":"2026-04-15T19:33:20","slug":"verleih","status":"publish","type":"page","link":"https:\/\/www.adfc-wiesbaden.de\/ro\/service\/verleih\/","title":{"rendered":"angajez"},"content":{"rendered":"<!--themify_builder_content-->\n<div id=\"themify_builder_content-69552\" data-postid=\"69552\" class=\"themify_builder_content themify_builder_content-69552 themify_builder tf_clear\">\n                    <div  data-lazy=\"1\" class=\"module_row themify_builder_row tb_fuip376 tb_first tf_w\">\n                        <div class=\"row_inner col_align_top tb_col_count_1 tf_box tf_rel\">\n                        <div  data-lazy=\"1\" class=\"module_column tb-column col-full tb_rup4376 first\">\n                    <!-- module image -->\n<div  class=\"module module-image tb_oeuh376 image-top   tf_mw\" data-lazy=\"1\">\n        <div class=\"image-wrap tf_rel tf_mw\">\n            <img decoding=\"async\" src=\"\/wp-content\/uploads\/2025\/02\/Tandem_Goebenstrasse-scaled.jpg\" alt=\"Tandemul nostru \u00een fa\u021ba biroului\">    \n        <\/div>\n    <!-- \/image-wrap -->\n    \n        <\/div>\n<!-- \/module image -->        <div  data-lazy=\"1\" class=\"module_subrow themify_builder_sub_row tf_w col_align_top tb_col_count_3 tb_rzxv376\">\n                <div  data-lazy=\"1\" class=\"module_column sub_column col3-1 tb_9fe9376 first\">\n                    <!-- module image -->\n<div  class=\"module module-image tb_mwa1191 image-center   tf_mw\" data-lazy=\"1\">\n        <div class=\"image-wrap tf_rel tf_mw\">\n            <img decoding=\"async\" src=\"\/wp-content\/uploads\/2025\/02\/Dreieck_Orange.png\" width=\"44\" title=\"angajez\" alt=\"angajez\">    \n        <\/div>\n    <!-- \/image-wrap -->\n    \n        <\/div>\n<!-- \/module image -->        <\/div>\n                    <div  data-lazy=\"1\" class=\"module_column sub_column col3-1 tb_royb376\">\n                            <\/div>\n                    <div  data-lazy=\"1\" class=\"module_column sub_column col3-1 tb_j6ht376 last\">\n                            <\/div>\n                    <\/div>\n        <!-- module plain text -->\n<div  class=\"module module-plain-text tb_889e376 bild_header_h1 adfc_orange tb_gs4151609\" data-lazy=\"1\">\n        <div class=\"tb_text_wrap\">\n    <span style=\"font-size:28px; line-height:34px;\" >Tandemul nostru \u00een fa\u021ba biroului<\/span>\n<span style=\"float:right;font-size:14px; line-height:34px;margin-right:5px;\">\u00a9 Michele Fleckenstein<\/span>    <\/div>\n<\/div>\n<!-- \/module plain text -->        <\/div>\n                        <\/div>\n        <\/div>\n                        <div  data-lazy=\"1\" class=\"module_row themify_builder_row tb_kp6l556 tf_w\">\n                        <div class=\"row_inner col_align_top tb_col_count_1 tf_box tf_rel\">\n                        <div  data-lazy=\"1\" class=\"module_column tb-column col-full tb_757k556 first\">\n                    <!-- module text -->\n<div  class=\"module module-text tb_dzgl486    tb_gs678604\" data-lazy=\"1\">\n        <div  class=\"tb_text_wrap\">\n        <h1>\u00cenchiriere \u00een tandem<\/h1>\n<p><b>Vrei s\u0103 pedalezi sincronizat pentru dou\u0103 persoane? Nici o problem\u0103 cu tandemul ADFC Wiesbaden\/Rheingau-Taunus!<\/b><\/p>\n<p>Pute\u021bi \u00eencerca experien\u021ba extraordinar\u0103 a pilotajului \u00een tandem cu tandemul ADFC. Pick-up \u00een centrul ora\u0219ului Wiesbaden.<\/p>\n<p><strong>Costuri:<\/strong><\/p>\n<ul>\n<li><b>pentru membrii ADFC<\/b><br \/>20 euro pe zi Mo-Fr \/ 40 euro pentru weekend*<\/li>\n<li><b>pentru non-membri<\/b><br \/>40 euro pe zi Mo-Fr \/ 70 euro pentru weekend*<br \/><br \/>*sf\u00e2r\u0219it de s\u0103pt\u0103m\u00e2n\u0103: Vineri dup\u0103-amiaz\u0103 p\u00e2n\u0103 luni diminea\u021b\u0103<\/li>\n<\/ul>\n<p>Trebuie depus un depozit de 200 de euro.<br \/>Recomand\u0103m \u00eenregistrarea prealabil\u0103 \u00een timp util.<\/p>\n<p>Persoan\u0103 de contact: <a href=\"\/ro\/&\/#109;&#97;&#x69;l&#116;&#x6f;&#x3a;i&#110;&#x66;&#x6f;&#64;&#97;&#x64;f&#99;&#x2d;&#x77;i&#101;&#x73;&#x62;a&#100;&#x65;n&#46;&#x64;&#x65;\">info@adfc-wiesbaden.de<\/a><\/p>    <\/div>\n<\/div>\n<!-- \/module text -->        <\/div>\n                        <\/div>\n        <\/div>\n                        <div  data-lazy=\"1\" class=\"module_row themify_builder_row tb_3e2x50 tf_w\">\n                        <div class=\"row_inner col_align_top tb_col_count_2 tf_box tf_rel\">\n                        <div  data-lazy=\"1\" class=\"module_column tb-column col4-2 tb_gecn50 first\">\n                    <!-- module text -->\n<div  class=\"module module-text tb_83sk100    tb_gs678604\" data-lazy=\"1\">\n        <div  class=\"tb_text_wrap\">\n        <h1 class=\"\">\u00cenchiriere sac de ambalare<\/h1>\n<p><b>Merge\u021bi \u00eentr-un tur cu bicicleta \u0219i ave\u021bi nevoie de gen\u021bi? Nu trebuie s\u0103 le cumperi imediat. \u00cemprumut\u0103m saci ADFC, individual sau ca pereche!<\/b><\/p>\n<p>Kreisverband Wiesbaden\/Rheingau-Taunus ofer\u0103 pungi robuste \u0219i rezistente la intemperii \u2013 modelul BackRoller classic de la compania ORTLIEB.<br \/><br \/>Pungile sunt \u00een culorile ADFC albastru\/portocaliu, sunt impermeabile \u0219i se potrivesc pe orice portbagaj. Mai multe informa\u021bii despre produs: <a href=\"https:\/\/www.ortlieb.com\/de\/back-roller-classic\" target=\"_blank\" rel=\"noopener\">https:\/\/www.ortlieb.com\/de\/back-roller-classic<\/a><br \/><br \/>Pute\u021bi \u00eemprumuta pungile individual sau ca o pereche.<\/p>\n<p><strong>Costuri:<\/strong><\/p>\n<ul>\n<li><b>pentru membrii ADFC<\/b><br \/>2 euro pe zi \/ 5 euro pe s\u0103pt\u0103m\u00e2n\u0103 pe pung\u0103<\/li>\n<li><b>pentru non-membri<\/b><br \/>4 euro pe zi \/ 8 euro pe s\u0103pt\u0103m\u00e2n\u0103 pe pung\u0103<\/li>\n<\/ul>\n<p>Trebuie depus un depozit de 100 de euro.<br \/>Recomand\u0103m \u00eenregistrarea prealabil\u0103 \u00een timp util.<br \/><br \/>Persoan\u0103 de contact: <a href=\"\/ro\/&\/#x6d;&#x61;&#x69;&#108;&#116;o:&#x69;&#x6e;&#x66;&#x6f;&#64;&#97;df&#x63;&#x2d;&#x77;&#105;&#101;&#115;ba&#x64;&#x65;&#x6e;&#46;&#100;e\">info@adfc-wiesbaden.de<\/a><\/p>    <\/div>\n<\/div>\n<!-- \/module text -->        <\/div>\n                    <div  data-lazy=\"1\" class=\"module_column tb-column col4-2 tb_jgdb583 last\">\n                    <!-- module image -->\n<div  class=\"module module-image tb_ux8l583 image-top   tf_mw tb_gs2677162d\" data-lazy=\"1\">\n        <div class=\"image-wrap tf_rel tf_mw\">\n            <img decoding=\"async\" src=\"\/wp-content\/uploads\/2025\/02\/FahrradMitPacktasche.jpg\" title=\"Biciclet\u0103 cu gen\u021bi \u00a9 Ulla Bai\" alt=\"Biciclet\u0103 cu gen\u021bi \u00a9 Ulla Bai\">    \n        <\/div>\n    <!-- \/image-wrap -->\n    \n        <div class=\"image-content\">\n                    <h3 class=\"image-title\">\n                                    Biciclet\u0103 cu gen\u021bi \u00a9 Ulla Bai                            <\/h3>\n                    <\/div>\n    <!-- \/image-content -->\n        <\/div>\n<!-- \/module image -->        <\/div>\n                        <\/div>\n        <\/div>\n        <\/div>\n<!--\/themify_builder_content-->","protected":false},"excerpt":{"rendered":"<p>Informa\u021bii despre \u00eenchirierea de gen\u021bi \u0219i tandemuri de la ADFC Wiesbaden <\/p>","protected":false},"author":50,"featured_media":69554,"parent":69773,"menu_order":0,"comment_status":"closed","ping_status":"closed","template":"","meta":{"footnotes":""},"tags":[],"class_list":["post-69552","page","type-page","status-publish","has-post-thumbnail","hentry","has-post-title","has-post-date","has-post-category","has-post-tag","has-post-comment","has-post-author",""],"builder_content":"<img src=\"\/wp-content\/uploads\/2025\/02\/Tandem_Goebenstrasse-scaled.jpg\" alt=\"Unser Tandem vor der Gesch\u00e4ftsstelle\">\n<img src=\"\/wp-content\/uploads\/2025\/02\/Dreieck_Orange.png\" width=\"44\" title=\"Verleih\" alt=\"Verleih\">\nUnser Tandem vor der Gesch\u00e4ftsstelle \u00a9 Michele Fleckenstein\n<h1>Tandem-Verleih<\/h1> <p><b>Lust, mal zu zweit synchron in die Pedale zu treten? Mit dem Tandem des ADFC Wiesbaden\/Rheingau-Taunus kein Problem!<\/b><\/p> <p>Das au\u00dfergew\u00f6hnliche Erlebnis, mal Tandem zu fahren, k\u00f6nnen Sie mit dem ADFC-Tandem ausprobieren. Abholung in der Innenstadt von Wiesbaden.<\/p> <p><strong>Kosten:<\/strong><\/p> <ul> <li><b>f\u00fcr ADFC-Mitglieder<\/b><br \/>20 Euro pro Tag Mo\u2013Fr\u00a0 \u00a0\/\u00a0 40 Euro f\u00fcr das Wochenende*<\/li> <li><b>f\u00fcr Nicht-Mitglieder<\/b><br \/>40 Euro pro Tag Mo\u2013Fr\u00a0 \u00a0\/\u00a0 70 Euro f\u00fcr das Wochenende*<br \/><br \/>*Wochenende: Freitag Nachmittag bis Montag Vormittag<\/li> <\/ul> <p>Hinterlegt werden muss eine Kaution von 200 Euro.<br \/>Wir empfehlen rechtzeitige Voranmeldung.<\/p> <p>Kontakt: <a href=\"mailto:info@adfc-wiesbaden.de\">info\u200d@adfc-wiesbaden.de<\/a><\/p>\n<h1>Packtaschen-Verleih<\/h1> <p><b>Sie gehen auf eine Radtour und ben\u00f6tigen Packtaschen? Die m\u00fcssen Sie sich nicht gleich kaufen. Wir verleihen ADFC-Packtaschen, einzeln oder als Paar!<\/b><\/p> <p>Der Kreisverband Wiesbaden\/Rheingau-Taunus verleiht robuste und wetterfeste Packtaschen - Modell BackRoller classic von der Firma ORTLIEB.<br \/><br \/>Die Packtaschen sind in den ADFC-Farben blau\/orange, sie sind wasserdicht und passen auf jeden Gep\u00e4cktr\u00e4ger. Mehr Produktinfos: <a href=\"https:\/\/www.ortlieb.com\/de\/back-roller-classic\" target=\"_blank\" rel=\"noopener\">https:\/\/www.ortlieb.com\/de\/back-roller-classic<\/a><br \/><br \/>Sie k\u00f6nnen die Packtaschen einzeln oder als Paar leihen.<\/p> <p><strong>Kosten:<\/strong><\/p> <ul> <li><b>f\u00fcr ADFC-Mitglieder<\/b><br \/>2 Euro pro Tag\u00a0 \/\u00a0 5 Euro pro Woche je Tasche<\/li> <li><b>f\u00fcr Nicht-Mitglieder<\/b><br \/>4 Euro pro Tag\u00a0 \/\u00a0 8 Euro pro Woche je Tasche<\/li> <\/ul> <p>Hinterlegt werden muss eine Kaution von 100 Euro.<br \/>Wir empfehlen rechtzeitige Voranmeldung.<br \/><br \/>Kontakt: <a href=\"mailto:info@adfc-wiesbaden.de\">info\u200d@adfc-wiesbaden.de<\/a><\/p>\n<img src=\"\/wp-content\/uploads\/2025\/02\/FahrradMitPacktasche.jpg\" title=\"Fahrrad mit Packtaschen &copy; Ulla Bai\" alt=\"Fahrrad mit Packtaschen &copy; Ulla Bai\"> <h3> Fahrrad mit Packtaschen &copy; Ulla Bai <\/h3>","_links":{"self":[{"href":"https:\/\/www.adfc-wiesbaden.de\/ro\/wp-json\/wp\/v2\/pages\/69552","targetHints":{"allow":["GET"]}}],"collection":[{"href":"https:\/\/www.adfc-wiesbaden.de\/ro\/wp-json\/wp\/v2\/pages"}],"about":[{"href":"https:\/\/www.adfc-wiesbaden.de\/ro\/wp-json\/wp\/v2\/types\/page"}],"author":[{"embeddable":true,"href":"https:\/\/www.adfc-wiesbaden.de\/ro\/wp-json\/wp\/v2\/users\/50"}],"replies":[{"embeddable":true,"href":"https:\/\/www.adfc-wiesbaden.de\/ro\/wp-json\/wp\/v2\/comments?post=69552"}],"version-history":[{"count":39,"href":"https:\/\/www.adfc-wiesbaden.de\/ro\/wp-json\/wp\/v2\/pages\/69552\/revisions"}],"predecessor-version":[{"id":75868,"href":"https:\/\/www.adfc-wiesbaden.de\/ro\/wp-json\/wp\/v2\/pages\/69552\/revisions\/75868"}],"up":[{"embeddable":true,"href":"https:\/\/www.adfc-wiesbaden.de\/ro\/wp-json\/wp\/v2\/pages\/69773"}],"wp:featuredmedia":[{"embeddable":true,"href":"https:\/\/www.adfc-wiesbaden.de\/ro\/wp-json\/wp\/v2\/media\/69554"}],"wp:attachment":[{"href":"https:\/\/www.adfc-wiesbaden.de\/ro\/wp-json\/wp\/v2\/media?parent=69552"}],"wp:term":[{"taxonomy":"post_tag","embeddable":true,"href":"https:\/\/www.adfc-wiesbaden.de\/ro\/wp-json\/wp\/v2\/tags?post=69552"}],"curies":[{"name":"wp","href":"https:\/\/api.w.org\/{rel}","templated":true}]}}