{"id":69559,"date":"2025-02-15T12:29:44","date_gmt":"2025-02-15T11:29:44","guid":{"rendered":"https:\/\/www2.adfc-wiesbaden.de\/?page_id=69559"},"modified":"2025-03-14T14:36:43","modified_gmt":"2025-03-14T13:36:43","slug":"radpolitik","status":"publish","type":"page","link":"https:\/\/www.adfc-wiesbaden.de\/ro\/radverkehr\/radpolitik\/","title":{"rendered":"Politic\u0103 radical\u0103"},"content":{"rendered":"<!--themify_builder_content-->\n<div id=\"themify_builder_content-69559\" data-postid=\"69559\" class=\"themify_builder_content themify_builder_content-69559 themify_builder tf_clear\">\n                    <div  data-lazy=\"1\" class=\"module_row themify_builder_row tb_5m86973 tb_first tf_w\">\n                        <div class=\"row_inner col_align_top tb_col_count_1 tf_box tf_rel\">\n                        <div  data-lazy=\"1\" class=\"module_column tb-column col-full tb_gsi7973 first\">\n                            <div  data-lazy=\"1\" class=\"module_subrow themify_builder_sub_row tf_w col_align_top tb_col_count_2 tb_ufrz936\">\n                <div  data-lazy=\"1\" class=\"module_column sub_column col4-2 tb_lbtx937 first\">\n                    <!-- module text -->\n<div  class=\"module module-text tb_deay81    tb_gs678604\" data-lazy=\"1\">\n        <div  class=\"tb_text_wrap\">\n        <h1>Grupul de lucru privind politica \u00een domeniul ciclismului<\/h1>\n<p>\u00cen urm\u0103 cu c\u00e2\u021biva ani, a fost format un grup de lucru la ADFC Wiesbaden \/ Rheingau-Taunus, care dore\u0219te s\u0103 contribuie la \u00eembun\u0103t\u0103\u021birea ciclismului \u0219i la cre\u0219terea siguran\u021bei pentru to\u021bi cicli\u0219tii, prin ac\u021biuni, comunicate de pres\u0103 \u0219i propuneri adresate consiliilor consultative locale.\u00a0<\/p>\n<p>Un proiect major al Grupului de lucru Radpolitik este\u00a0<a href=\"https:\/\/www2.adfc-wiesbaden.de\/radverkehr\/radstern\/\">Steaua ro\u021bii<\/a>. Informa\u021bii suplimentare pot fi g\u0103site pe pagina legat\u0103.\u00a0<\/p>\n<p>Dac\u0103 sunte\u021bi interesat \u00een \u00eembun\u0103t\u0103\u021birea condi\u021biilor de ciclism, v\u0103 rug\u0103m s\u0103 contacta\u021bi\u00a0<a href=\"\/ro\/&\/#114;&#x61;&#x64;p&#111;&#x6c;i&#116;&#x69;k&#64;&#x61;d&#102;&#x63;&#x2d;&#119;&#x69;&#x65;s&#98;&#x61;d&#101;&#x6e;&#46;&#100;&#x65;\">radpolitik@adfc-wiesbaden.de<\/a><\/p>    <\/div>\n<\/div>\n<!-- \/module text -->        <\/div>\n                    <div  data-lazy=\"1\" class=\"module_column sub_column col4-2 tb_9kbr937 last\">\n                    <!-- module image -->\n<div  class=\"module module-image tb_zjtf344 image-top   tf_mw tb_gs2677162d\" data-lazy=\"1\">\n        <div class=\"image-wrap tf_rel tf_mw\">\n            <img decoding=\"async\" src=\"\/wp-content\/uploads\/2025\/02\/EOS_4_3.jpg\" title=\"Imagine a noii piste pentru biciclete din Erich Ollenauer Stra\u00dfe | \u00a9 Michele Fleckenstein\" alt=\"Imagine a noii piste pentru biciclete din Erich Ollenauer Stra\u00dfe | \u00a9 Michele Fleckenstein\">    \n        <\/div>\n    <!-- \/image-wrap -->\n    \n        <div class=\"image-content\">\n                    <h3 class=\"image-title\">\n                                    Imagine a noii piste pentru biciclete din Erich Ollenauer Stra\u00dfe | \u00a9 Michele Fleckenstein                            <\/h3>\n                    <\/div>\n    <!-- \/image-content -->\n        <\/div>\n<!-- \/module image -->        <\/div>\n                    <\/div>\n                <\/div>\n                        <\/div>\n        <\/div>\n        <\/div>\n<!--\/themify_builder_content-->","protected":false},"excerpt":{"rendered":"<p>Grupul de lucru privind politica \u00een domeniul ciclismului din cadrul ADFC Wiesbaden\/Rheingau-Taunus<\/p>","protected":false},"author":50,"featured_media":70034,"parent":69777,"menu_order":0,"comment_status":"closed","ping_status":"closed","template":"","meta":{"footnotes":""},"tags":[],"class_list":["post-69559","page","type-page","status-publish","has-post-thumbnail","hentry","has-post-title","has-post-date","has-post-category","has-post-tag","has-post-comment","has-post-author",""],"builder_content":"<h1>AG Radpolitik<\/h1> <p>Im ADFC Wiesbaden \/ Rheingau-Taunus hat sich vor einigen Jahren eine Arbeitsgruppe gebildet, die mit Aktionen, Pressemitteilungen und Vorschl\u00e4gen an Ortsbeir\u00e4te dazu beitragen m\u00f6chte, den Radverkehr zu verbessern und f\u00fcr alle Radfahrenden sicherer zu machen.\u00a0<\/p> <p>Ein gro\u00dfes Projekt der AG Radpolitik ist der\u00a0<a href=\"https:\/\/www2.adfc-wiesbaden.de\/radverkehr\/radstern\/\">Radstern<\/a>. Weitere Informationen dazu finden Sie auf der verlinkten Seite.\u00a0<\/p> <p>Wenn sie Interesse daran haben, die Gegebenheiten des Radverkehrs zu verbessern, melden Sie sich gerne unter\u00a0<a href=\"radpolitik@adfc-wiesbaden.de\">radpolitik@adfc-wiesbaden.de<\/a><\/p>\n<img src=\"\/wp-content\/uploads\/2025\/02\/EOS_4_3.jpg\" title=\"Bild des neuen Radwegs in der Erich Ollenauer Stra\u00dfe | &copy; Michele Fleckenstein\" alt=\"Bild des neuen Radwegs in der Erich Ollenauer Stra\u00dfe | &copy; Michele Fleckenstein\"> <h3> Bild des neuen Radwegs in der Erich Ollenauer Stra\u00dfe | &copy; Michele Fleckenstein <\/h3>\n[mat_show_tile postid=\"69562\"]","_links":{"self":[{"href":"https:\/\/www.adfc-wiesbaden.de\/ro\/wp-json\/wp\/v2\/pages\/69559","targetHints":{"allow":["GET"]}}],"collection":[{"href":"https:\/\/www.adfc-wiesbaden.de\/ro\/wp-json\/wp\/v2\/pages"}],"about":[{"href":"https:\/\/www.adfc-wiesbaden.de\/ro\/wp-json\/wp\/v2\/types\/page"}],"author":[{"embeddable":true,"href":"https:\/\/www.adfc-wiesbaden.de\/ro\/wp-json\/wp\/v2\/users\/50"}],"replies":[{"embeddable":true,"href":"https:\/\/www.adfc-wiesbaden.de\/ro\/wp-json\/wp\/v2\/comments?post=69559"}],"version-history":[{"count":29,"href":"https:\/\/www.adfc-wiesbaden.de\/ro\/wp-json\/wp\/v2\/pages\/69559\/revisions"}],"predecessor-version":[{"id":71526,"href":"https:\/\/www.adfc-wiesbaden.de\/ro\/wp-json\/wp\/v2\/pages\/69559\/revisions\/71526"}],"up":[{"embeddable":true,"href":"https:\/\/www.adfc-wiesbaden.de\/ro\/wp-json\/wp\/v2\/pages\/69777"}],"wp:featuredmedia":[{"embeddable":true,"href":"https:\/\/www.adfc-wiesbaden.de\/ro\/wp-json\/wp\/v2\/media\/70034"}],"wp:attachment":[{"href":"https:\/\/www.adfc-wiesbaden.de\/ro\/wp-json\/wp\/v2\/media?parent=69559"}],"wp:term":[{"taxonomy":"post_tag","embeddable":true,"href":"https:\/\/www.adfc-wiesbaden.de\/ro\/wp-json\/wp\/v2\/tags?post=69559"}],"curies":[{"name":"wp","href":"https:\/\/api.w.org\/{rel}","templated":true}]}}