{"id":69915,"date":"2025-02-17T19:18:43","date_gmt":"2025-02-17T18:18:43","guid":{"rendered":"https:\/\/www2.adfc-wiesbaden.de\/?page_id=69915"},"modified":"2026-02-02T10:34:30","modified_gmt":"2026-02-02T09:34:30","slug":"ueber-uns","status":"publish","type":"page","link":"https:\/\/www.adfc-wiesbaden.de\/ro\/ueber-uns\/","title":{"rendered":"Despre noi"},"content":{"rendered":"<!--themify_builder_content-->\n<div id=\"themify_builder_content-69915\" data-postid=\"69915\" class=\"themify_builder_content themify_builder_content-69915 themify_builder tf_clear\">\n                    <div  data-lazy=\"1\" class=\"module_row themify_builder_row tb_r5mf387 tb_first tf_w\">\n                        <div class=\"row_inner col_align_top tb_col_count_1 tf_box tf_rel\">\n                        <div  data-lazy=\"1\" class=\"module_column tb-column col-full tb_dqo1387 first\">\n                    <!-- module image -->\n<div  class=\"module module-image tb_5ly9178 image-top   tf_mw tb_gs2677162d\" data-lazy=\"1\">\n        <div class=\"image-wrap tf_rel tf_mw\">\n            <img decoding=\"async\" src=\"https:\/\/www.adfc-wiesbaden.de\/wp-content\/uploads\/2025\/02\/Logo_banner.png.jpeg\" title=\"\u00a9 Felix Maucher\" alt=\"\u00a9 Felix Maucher\">    \n        <\/div>\n    <!-- \/image-wrap -->\n    \n        <div class=\"image-content\">\n                    <h3 class=\"image-title\">\n                                    \u00a9 Felix Maucher                            <\/h3>\n                    <\/div>\n    <!-- \/image-content -->\n        <\/div>\n<!-- \/module image --><!-- module text -->\n<div  class=\"module module-text tb_l55g973    tb_gs678604\" data-lazy=\"1\">\n        <div  class=\"tb_text_wrap\">\n        <h1>Cine suntem \u0219i ce vrem \u2026<\/h1>\n<p>Membrii no\u0219tri activi sunt dedica\u021bi intereselor bicicli\u0219tilor de agrement \u0219i de zi cu zi. \u00cen special \u00een acest domeniu, mai sunt \u00eenc\u0103 multe de realizat, de exemplu \u00een ceea ce prive\u0219te extinderea complet\u0103 a re\u021belelor rutiere \u00een municipalit\u0103\u021bi sau direc\u021biile de pist\u0103 pentru biciclete bine recunoscute.\u00a0<strong>Solicit\u0103m o infrastructur\u0103 de ciclism sigur\u0103 \u0219i confortabil\u0103 pentru bicicli\u0219tii de toate v\u00e2rstele.<\/strong><\/p>    <\/div>\n<\/div>\n<!-- \/module text -->        <div  data-lazy=\"1\" class=\"module_subrow themify_builder_sub_row tf_w col_align_top tb_col_count_2 tb_ueiz460\">\n                <div  data-lazy=\"1\" class=\"module_column sub_column col4-2 tb_9c4z460 first\">\n                    <!-- module text -->\n<div  class=\"module module-text tb_8tzn229    tb_gs678604\" data-lazy=\"1\">\n        <div  class=\"tb_text_wrap\">\n        <p>Pentru a v\u0103 asigura c\u0103 ajunge\u021bi bine la destina\u021bie pe rutele zilnice \u0219i \u00een vacan\u021b\u0103, facem lobby pentru biciclet\u0103, la fa\u021ba locului \u0219i la nivel na\u021bional. Activitatea ADFC variaz\u0103 de la lobby \u00een prim\u0103rie p\u00e2n\u0103 la turul de biciclete de weekend p\u00e2n\u0103 la discu\u021bii \u00een comitetele de exper\u021bi: \u00eentotdeauna \u00een interesul bicicli\u0219tilor.<\/p>\n<p>La fa\u021ba locului, colabor\u0103m \u00eendeaproape cu politica local\u0103, precum \u0219i cu alte organiza\u021bii din sectorul protec\u021biei mediului \u0219i al transporturilor.<\/p>\n<h3>Distrac\u021bie pl\u0103cut\u0103 cu bicicleta<\/h3>\n<p>\u00cen fiecare an, ADFC Wiesbaden \/ Rheingau \u2013 Taunus, \u00eempreun\u0103 cu asocia\u021bia noastr\u0103 \u00eenvecinat\u0103 din Mainz, ofer\u0103 un program turistic extins. \u00cen plus, avem grupuri de tur care fac excursii s\u0103pt\u0103m\u00e2nale \u00eempreun\u0103 \u00een semestrul de var\u0103. \u00cen biroul nostru sau la evenimente, exist\u0103 edi\u021bia actual\u0103 \u201eDescoper\u0103 Germania cu bicicleta\u201d pentru to\u021bi cei care ar dori s\u0103 mearg\u0103 pe cont propriu organizat.\u00a0<\/p>\n<h3>Oferim servicii \u0219i informa\u021bii<\/h3>\n<ul>\n<li>Cu Lilja avem o ofert\u0103 gratuit\u0103 pentru biciclete de marf\u0103<\/li>\n<li>Oferim coduri de biciclet\u0103 pentru prevenirea furturilor<\/li>\n<li>Organiz\u0103m schimburi de biciclete<\/li>\n<\/ul>\n<h3>Facem parte din ADFC<\/h3>\n<p>Fiind o asocia\u021bie independent\u0103, non-profit, \u00eenregistrat\u0103 cu 1.400 de membri, suntem o subdiviziune a ADFC Hessen.<\/p>\n<p>ADFC este o asocia\u021bie non-profit. Cea mai mare parte a activit\u0103\u021bii asocia\u021biei se desf\u0103\u0219oar\u0103 pe baz\u0103 de voluntariat. Membrii no\u0219tri \u00ee\u0219i folosesc timpul liber pentru c\u0103 se bucur\u0103 de el \u0219i este important pentru ei s\u0103 promoveze ciclismul \u00eempreun\u0103 cu al\u021bii. Reprezent\u0103m interesele tuturor bicicli\u0219tilor \u0219i ne angaj\u0103m s\u0103 le sus\u021binem. Datorit\u0103 ADFC, acum este posibil s\u0103 lua\u021bi biciclete cu dvs. \u00een majoritatea trenurilor. ADFC este, de asemenea, direct implicat \u00een revizuirea reglement\u0103rilor actuale privind traficul rutier \u0219i contribuie cu ideile sale.\u00a0<\/p>\n<p>Membrii ADFC sprijin\u0103 aceast\u0103 activitate prin cotiza\u021bia lor de membru. \u00cen acest scop, ace\u0219tia primesc gratuit revista \u201eRadwelt\u201d \u0219i asigurarea de protec\u021bie juridic\u0103 \u00een cazul \u00een care c\u0103l\u0103toresc cu bicicleta.<\/p>\n<p>Deveni\u021bi membru merit\u0103!<\/p>\n<div class=\"button_container\">\n<div class=\"margin_0-16-8-0\"><a class=\"button1\" href=\"https:\/\/www.adfc.de\/mitgliedschaft\" target=\"_blank\" rel=\"noopener\"> Deveni\u021bi membru<\/a><\/div>\n<div class=\"margin_0-16-8-0\"><a class=\"button1\" href=\"https:\/\/www.adfc-hessen.de\/\" target=\"_blank\" rel=\"noopener\">ADFC Hesse<\/a><\/div>\n<div class=\"margin_0-16-8-0\"><a class=\"button1\" href=\"https:\/\/www.adfc.de\/\" target=\"_blank\" rel=\"noopener\">Asocia\u021bia Federal\u0103 ADFC<\/a><\/div>\n<\/div>    <\/div>\n<\/div>\n<!-- \/module text -->        <\/div>\n                    <div  data-lazy=\"1\" class=\"module_column sub_column col4-2 tb_y8fz460 last\">\n                    <!-- module image -->\n<div  class=\"module module-image tb_iucr534 image-top   tf_mw tb_gs2677162d\" data-lazy=\"1\">\n        <div class=\"image-wrap tf_rel tf_mw\">\n            <img loading=\"lazy\" decoding=\"async\" width=\"1707\" height=\"2560\" src=\"https:\/\/www.adfc-wiesbaden.de\/wp-content\/uploads\/2025\/02\/2025-02-21_5661-scaled.jpg\" class=\"wp-post-image wp-image-70865\" title=\"\u00a9 Oliver Kessler\" alt=\"\u00a9 Oliver Kessler\" srcset=\"https:\/\/www.adfc-wiesbaden.de\/wp-content\/uploads\/2025\/02\/2025-02-21_5661-scaled.jpg 1707w, https:\/\/www.adfc-wiesbaden.de\/wp-content\/uploads\/2025\/02\/2025-02-21_5661-700x1050.jpg 700w, https:\/\/www.adfc-wiesbaden.de\/wp-content\/uploads\/2025\/02\/2025-02-21_5661-1400x2099.jpg 1400w, https:\/\/www.adfc-wiesbaden.de\/wp-content\/uploads\/2025\/02\/2025-02-21_5661-200x300.jpg 200w, https:\/\/www.adfc-wiesbaden.de\/wp-content\/uploads\/2025\/02\/2025-02-21_5661-768x1152.jpg 768w, https:\/\/www.adfc-wiesbaden.de\/wp-content\/uploads\/2025\/02\/2025-02-21_5661-1024x1536.jpg 1024w, https:\/\/www.adfc-wiesbaden.de\/wp-content\/uploads\/2025\/02\/2025-02-21_5661-1366x2048.jpg 1366w\" sizes=\"auto, (max-width: 1707px) 100vw, 1707px\" \/>    \n        <\/div>\n    <!-- \/image-wrap -->\n    \n        <div class=\"image-content\">\n                    <h3 class=\"image-title\">\n                                    \u00a9 Oliver Kessler                            <\/h3>\n                    <\/div>\n    <!-- \/image-content -->\n        <\/div>\n<!-- \/module image -->        <\/div>\n                    <\/div>\n                <\/div>\n                        <\/div>\n        <\/div>\n        <\/div>\n<!--\/themify_builder_content-->\n\n\n<p><\/p>","protected":false},"excerpt":{"rendered":"","protected":false},"author":53,"featured_media":69954,"parent":0,"menu_order":9,"comment_status":"closed","ping_status":"closed","template":"","meta":{"footnotes":""},"tags":[],"class_list":["post-69915","page","type-page","status-publish","has-post-thumbnail","hentry","has-post-title","has-post-date","has-post-category","has-post-tag","has-post-comment","has-post-author",""],"builder_content":"<img src=\"https:\/\/www.adfc-wiesbaden.de\/wp-content\/uploads\/2025\/02\/Logo_banner.png.jpeg\" title=\"&copy; Felix Maucher\" alt=\"&copy; Felix Maucher\"> <h3> &copy; Felix Maucher <\/h3>\n<h1>Wer wir sind und was wir wollen...<\/h1> <p>Unsere Aktiven engagieren sich f\u00fcr die Interessen der Freizeit- und Alltagsradfahrenden. Gerade in diesem Bereich gibt es noch viel zu erreichen, z.B. im Hinblick auf den l\u00fcckenlosen Ausbau der Wegenetze in den Gemeinden oder gut erkennbarer Fahrradwegweisungen.\u00a0<strong>Wir fordern sichere und komfortable Radverkehrs-Infrastruktur f\u00fcr Radlerinnen und Radler jeden Alters.<\/strong><\/p>\n<p>Damit ihr auf euren t\u00e4glichen Wegen und im Urlaub gut ans Ziel kommen, leisten wir\u00a0Lobbyarbeit f\u00fcr das Rad, vor Ort und bundesweit. Die Arbeit des ADFC reicht vom Lobbying im Rathaus \u00fcber die Radtour am Wochenende bis zu Gespr\u00e4chen in Fachgremien: immer im Interesse der Radfahrerinnen und Radfahrer.<\/p> <p>Vor Ort arbeiten wir vom Kreisverband Wiesbaden \/ Rheingau-Taunus daf\u00fcr eng mit der hiesigen Politik sowie mit anderen Organisationen aus dem Umweltschutz- und Verkehrsbereich zusammen.<\/p> <h3>Wir haben Spa\u00df am Radfahren<\/h3> <p>Jedes Jahr bietet der ADFC Wiesbaden \/ Rheingau - Taunus gemeinsam mit unserem Nachbarverband aus Mainz ein umfangreiches Tourenprogramm an. Zus\u00e4tzlich haben wir Tourengruppen, die im Sommerhalbjahr w\u00f6chentlich gemeinsam Ausfahrten unternehmen. In unserer Gesch\u00e4ftsstelle oder bei Veranstaltungen gibt es die aktuelle Ausgabe \"Deutschland per Rad entdecken\" f\u00fcr alle, die gerne selbst organisiert losziehen m\u00f6chten.\u00a0<\/p> <h3>Wir bieten Service und Informationen<\/h3> <ul> <li>Mit Lilja haben wir ein kostenloses Angebot f\u00fcr Lastenr\u00e4der<\/li> <li>Wir bieten Fahrradcodierungen zur Diebstahlpr\u00e4vention an<\/li> <li>Wir organisieren Fahrradb\u00f6rsen<\/li> <\/ul> <h3>Wir sind Teil des ADFC<\/h3> <p>Als selbst\u00e4ndiger, gemeinn\u00fctziger, eingetragener Verein mit 1.400 Mitgliedern sind wir eine Untergliederung des ADFC Hessen.<\/p> <p>Der ADFC ist ein gemeinn\u00fctziger Verein. Die Vereinsarbeit wird \u00fcberwiegend ehrenamtlich geleistet. Unsere Mitglieder verwenden ihre Freizeit, weil sie Spa\u00df daran haben und es ihnen wichtig ist, gemeinsam mit anderen den Radverkehr voranzubringen. Wir vertreten die Interessen aller Radfahrenden und engagieren uns, diese durchzusetzen. So ist es dem ADFC zu verdanken, dass man heute wieder in den meisten Z\u00fcgen Fahrr\u00e4der mitnehmen kann. Auch bei der \u00dcberarbeitung der aktuellen Stra\u00dfenverkehrsordnung ist der ADFC direkt beteiligt und bringt seine Vorstellungen ein.\u00a0<\/p> <p>Mitglieder im ADFC unterst\u00fctzen mit ihrem Mitgliedsbeitrag diese Arbeit. Daf\u00fcr erhalten sie kostenlos die Zeitschrift \"Radwelt\" und eine Rechtschutzversicherung, wenn sie mit dem Fahrrad unterwegs sind.<\/p> <p>Mitglied werden lohnt sich also!<\/p>\n<a href=\"https:\/\/www.adfc.de\/mitgliedschaft\" target=\"_blank\" rel=\"noopener\"> Mitglied werden<\/a> <a href=\"https:\/\/www.adfc-hessen.de\/\" target=\"_blank\" rel=\"noopener\">ADFC Hessen<\/a> <a href=\"https:\/\/www.adfc.de\/\" target=\"_blank\" rel=\"noopener\">ADFC Bundesverband<\/a>\n<img src=\"https:\/\/www.adfc-wiesbaden.de\/wp-content\/uploads\/2025\/02\/2025-02-21_5661-scaled.jpg\" title=\"&copy; Oliver Kessler\" alt=\"&copy; Oliver Kessler\" srcset=\"https:\/\/www.adfc-wiesbaden.de\/wp-content\/uploads\/2025\/02\/2025-02-21_5661-scaled.jpg 1707w, https:\/\/www.adfc-wiesbaden.de\/wp-content\/uploads\/2025\/02\/2025-02-21_5661-700x1050.jpg 700w, https:\/\/www.adfc-wiesbaden.de\/wp-content\/uploads\/2025\/02\/2025-02-21_5661-1400x2099.jpg 1400w, https:\/\/www.adfc-wiesbaden.de\/wp-content\/uploads\/2025\/02\/2025-02-21_5661-200x300.jpg 200w, https:\/\/www.adfc-wiesbaden.de\/wp-content\/uploads\/2025\/02\/2025-02-21_5661-768x1152.jpg 768w, https:\/\/www.adfc-wiesbaden.de\/wp-content\/uploads\/2025\/02\/2025-02-21_5661-1024x1536.jpg 1024w, https:\/\/www.adfc-wiesbaden.de\/wp-content\/uploads\/2025\/02\/2025-02-21_5661-1366x2048.jpg 1366w\" sizes=\"(max-width: 1707px) 100vw, 1707px\" \/> <h3> &copy; Oliver Kessler <\/h3>","_links":{"self":[{"href":"https:\/\/www.adfc-wiesbaden.de\/ro\/wp-json\/wp\/v2\/pages\/69915","targetHints":{"allow":["GET"]}}],"collection":[{"href":"https:\/\/www.adfc-wiesbaden.de\/ro\/wp-json\/wp\/v2\/pages"}],"about":[{"href":"https:\/\/www.adfc-wiesbaden.de\/ro\/wp-json\/wp\/v2\/types\/page"}],"author":[{"embeddable":true,"href":"https:\/\/www.adfc-wiesbaden.de\/ro\/wp-json\/wp\/v2\/users\/53"}],"replies":[{"embeddable":true,"href":"https:\/\/www.adfc-wiesbaden.de\/ro\/wp-json\/wp\/v2\/comments?post=69915"}],"version-history":[{"count":54,"href":"https:\/\/www.adfc-wiesbaden.de\/ro\/wp-json\/wp\/v2\/pages\/69915\/revisions"}],"predecessor-version":[{"id":74862,"href":"https:\/\/www.adfc-wiesbaden.de\/ro\/wp-json\/wp\/v2\/pages\/69915\/revisions\/74862"}],"wp:featuredmedia":[{"embeddable":true,"href":"https:\/\/www.adfc-wiesbaden.de\/ro\/wp-json\/wp\/v2\/media\/69954"}],"wp:attachment":[{"href":"https:\/\/www.adfc-wiesbaden.de\/ro\/wp-json\/wp\/v2\/media?parent=69915"}],"wp:term":[{"taxonomy":"post_tag","embeddable":true,"href":"https:\/\/www.adfc-wiesbaden.de\/ro\/wp-json\/wp\/v2\/tags?post=69915"}],"curies":[{"name":"wp","href":"https:\/\/api.w.org\/{rel}","templated":true}]}}