{"id":70024,"date":"2025-02-18T13:58:29","date_gmt":"2025-02-18T12:58:29","guid":{"rendered":"https:\/\/www2.adfc-wiesbaden.de\/?page_id=70024"},"modified":"2026-04-29T21:44:44","modified_gmt":"2026-04-29T19:44:44","slug":"mitmachen-im-adfc","status":"publish","type":"page","link":"https:\/\/www.adfc-wiesbaden.de\/ro\/ueber-uns\/mitmachen-im-adfc\/","title":{"rendered":"Particip\u0103 la ADFC"},"content":{"rendered":"<!--themify_builder_content-->\n<div id=\"themify_builder_content-70024\" data-postid=\"70024\" class=\"themify_builder_content themify_builder_content-70024 themify_builder tf_clear\">\n                    <div  data-lazy=\"1\" class=\"module_row themify_builder_row tb_mkyj406 tb_first tf_w\">\n                        <div class=\"row_inner col_align_top tb_col_count_1 tf_box tf_rel\">\n                        <div  data-lazy=\"1\" class=\"module_column tb-column col-full tb_wn4a406 first\">\n                    <!-- module text -->\n<div  class=\"module module-text tb_2tji64    tb_gs678604\" data-lazy=\"1\">\n        <div  class=\"tb_text_wrap\">\n        <h1>Participa\u021bi la ADFC \u2013 pot face diferen\u021ba aici!<\/h1>\n<h2>Proiecte pentru voluntari la ADFC Wiesbaden \/ Rheingau-Taunus<\/h2>\n<p>E\u0219ti pasionat de ciclism \u0219i e\u0219ti fericit c\u0103 tot mai mul\u021bi oameni \u00eemp\u0103rt\u0103\u0219esc acest entuziasm cu tine?<br \/>V\u0103 place faptul c\u0103 ne dezvolt\u0103m treptat \u00eentr-o \u021bar\u0103 de ciclism \u0219i v\u0103 \u00eentreba\u021bi cum pute\u021bi contribui la faptul c\u0103 bicicli\u0219tii de pretutindeni pot fi buni \u0219i ferici\u021bi pe drum? Apoi, am dori s\u0103 v\u0103 invit\u0103m s\u0103 face\u021bi voluntariat la ADFC Wiesbaden \/ Rheingau-Taunus!<\/p>\n<p>Determini singur domeniul de aplicare al cooper\u0103rii tale. V\u0103 pute\u021bi implica \u00een mod permanent sau pur \u0219i simplu \u00eentr-un proiect mic, limitat \u00een timp \u2013 toat\u0103 lumea contribuie doar at\u00e2t c\u00e2t dore\u0219te.<\/p>\n<p>Fie c\u0103 este vorba de ciclism \u00een condi\u021bii de siguran\u021b\u0103, ciclism distractiv, tehnologie care func\u021bioneaz\u0103 bine sau prevenirea ghearelor, ADFC reprezint\u0103 o mobilitate ecologic\u0103, s\u0103n\u0103toas\u0103 \u0219i sigur\u0103 cu bicicleta. Toate acestea sunt sus\u021binute de angajamentul a zeci de membri activi ai ADFC din Wiesbaden \u0219i din districtul Rheingau-Taunus. Dorim s\u0103 extindem baza acestei cooper\u0103ri voluntare \u0219i a\u0219tept\u0103m cu interes participarea dumneavoastr\u0103 ca voluntari!<\/p>\n<p>Contactele pe diverse teme pot fi g\u0103site aici:\u00a0<a href=\"https:\/\/www.adfc-wiesbaden.de\/ro\/ueber-uns\/kontakt\/\">https:\/\/www.adfc-wiesbaden.de\/ueber-uns\/kontakt\/<\/a><\/p>    <\/div>\n<\/div>\n<!-- \/module text -->        <\/div>\n                        <\/div>\n        <\/div>\n                        <div  data-lazy=\"1\" class=\"module_row themify_builder_row tb_l6yg929 tf_w\">\n                        <div class=\"row_inner col_align_top tb_col_count_2 tf_box tf_rel\">\n                        <div  data-lazy=\"1\" class=\"module_column tb-column col4-2 tb_umy3930 first\">\n                    <!-- module text -->\n<div  class=\"module module-text tb_rqg4560    tb_gs678604\" data-lazy=\"1\">\n        <div  class=\"tb_text_wrap\">\n        <h3>Reuniune activ\u0103 la 1. Luni din lun\u0103.<\/h3>\n<p>Dac\u0103 dori\u021bi s\u0103 v\u0103 face\u021bi o idee despre ceea ce fac persoanele active din ADFC, \u00eent\u00e2lnirea activ\u0103 lunar\u0103 este cel mai bun loc. \u00cenainte de \u00eent\u00e2lnirea activ\u0103, deschidem \u00een mod regulat clubul la Open-Door \u0219i oferim informa\u021bii, chat-uri pe biciclet\u0103 sau diverse promo\u021bii. <a href=\"https:\/\/www.adfc-wiesbaden.de\/ro\/termine\/\">Prezentare general\u0103 a datelor<\/a>. Oricine este interesat, indiferent dac\u0103 este membru sau nu, este binevenit s\u0103 vin\u0103!<\/p>\n<p>Reuniunile periodice servesc la schimbul de informa\u021bii cu privire la subiectele actuale, de informa\u021bii din partea Comitetului executiv \u0219i la planificarea ac\u021biunilor viitoare.\u00a0<\/p>\n<p>Urm\u0103toarele \u00eent\u00e2lniri sunt sub\u00a0<b><a href=\"https:\/\/www.adfc-wiesbaden.de\/ro\/termine\/\">numiri<\/a>\u00a0<\/b>anun\u021bate. \u00cent\u00e2lnirile au loc \u00een biroul nostru de la Goebenstra\u00dfe 1.<br \/><br \/><br \/><\/p>    <\/div>\n<\/div>\n<!-- \/module text -->        <\/div>\n                    <div  data-lazy=\"1\" class=\"module_column tb-column col4-2 tb_oapl955 last\">\n                    <!-- module image -->\n<div  class=\"module module-image tb_m9od588 image-top   tf_mw tb_gs2677162d\" data-lazy=\"1\">\n        <div class=\"image-wrap tf_rel tf_mw\">\n            <img loading=\"lazy\" decoding=\"async\" width=\"2560\" height=\"1920\" src=\"https:\/\/www.adfc-wiesbaden.de\/wp-content\/uploads\/2025\/04\/Fahrradboerse_Infostand_mitmachen_2025_4_3-scaled.jpg\" class=\"wp-post-image wp-image-72147\" title=\"ADFC stand de informa\u021bii la schimbul de biciclete | \u00a9 Oliver Kessler\" alt=\"Stand de informare ADFC la schimbul de biciclete cu 4 persoane care ajut\u0103\" srcset=\"https:\/\/www.adfc-wiesbaden.de\/wp-content\/uploads\/2025\/04\/Fahrradboerse_Infostand_mitmachen_2025_4_3-scaled.jpg 2560w, https:\/\/www.adfc-wiesbaden.de\/wp-content\/uploads\/2025\/04\/Fahrradboerse_Infostand_mitmachen_2025_4_3-700x525.jpg 700w, https:\/\/www.adfc-wiesbaden.de\/wp-content\/uploads\/2025\/04\/Fahrradboerse_Infostand_mitmachen_2025_4_3-1400x1050.jpg 1400w, https:\/\/www.adfc-wiesbaden.de\/wp-content\/uploads\/2025\/04\/Fahrradboerse_Infostand_mitmachen_2025_4_3-200x150.jpg 200w, https:\/\/www.adfc-wiesbaden.de\/wp-content\/uploads\/2025\/04\/Fahrradboerse_Infostand_mitmachen_2025_4_3-768x576.jpg 768w, https:\/\/www.adfc-wiesbaden.de\/wp-content\/uploads\/2025\/04\/Fahrradboerse_Infostand_mitmachen_2025_4_3-1536x1152.jpg 1536w, https:\/\/www.adfc-wiesbaden.de\/wp-content\/uploads\/2025\/04\/Fahrradboerse_Infostand_mitmachen_2025_4_3-2048x1536.jpg 2048w\" sizes=\"auto, (max-width: 2560px) 100vw, 2560px\" \/>    \n        <\/div>\n    <!-- \/image-wrap -->\n    \n        <div class=\"image-content\">\n                    <h3 class=\"image-title\">\n                                    ADFC stand de informa\u021bii la schimbul de biciclete | \u00a9 Oliver Kessler                            <\/h3>\n                    <\/div>\n    <!-- \/image-content -->\n        <\/div>\n<!-- \/module image -->        <\/div>\n                        <\/div>\n        <\/div>\n                        <div  data-lazy=\"1\" class=\"module_row themify_builder_row tb_4k4t714 tf_w\">\n                        <div class=\"row_inner col_align_top tb_col_count_1 tf_box tf_rel\">\n                        <div  data-lazy=\"1\" class=\"module_column tb-column col-full tb_uwlo714 first\">\n                    <!-- module text -->\n<div  class=\"module module-text tb_hnau432\" data-lazy=\"1\">\n        <div  class=\"tb_text_wrap\">\n        <h3>Motive bune pentru a participa<\/h3>    <\/div>\n<\/div>\n<!-- \/module text -->        <div  data-lazy=\"1\" class=\"module_subrow themify_builder_sub_row tf_w fill-column-content col_align_top gutter-narrow tb_col_count_3 tb_4270703\">\n                <div  data-lazy=\"1\" class=\"module_column sub_column col3-1 tb_wjqy703 first\">\n                    <!-- module image -->\n<div  class=\"module module-image tb_6vih703 image-card-layout   tf_mw\" data-lazy=\"1\">\n        <div class=\"image-wrap tf_rel tf_mw\">\n            <img loading=\"lazy\" decoding=\"async\" width=\"1600\" height=\"1200\" src=\"https:\/\/www.adfc-wiesbaden.de\/wp-content\/uploads\/2025\/06\/ADFC-Wiesbaden-Mainz_Sternfahrt-Schiersteiner-Bruecke-zum-Welttag-des-Fahrrads_beitragsbild.jpg\" class=\"wp-post-image wp-image-72699\" title=\"ADFC Wiesbaden-Mainz _Sternfahrt-Schiersteiner-Bruecke-zum-Welttag-des-Bicycles-3-6-2025\" alt=\"Schierstein Bridge - Ziua Bicicletei | \u00a9 Karoline Dei\u00dfnerCuno\u0219ti oameni care g\u00e2ndesc la fel\" srcset=\"https:\/\/www.adfc-wiesbaden.de\/wp-content\/uploads\/2025\/06\/ADFC-Wiesbaden-Mainz_Sternfahrt-Schiersteiner-Bruecke-zum-Welttag-des-Fahrrads_beitragsbild.jpg 1600w, https:\/\/www.adfc-wiesbaden.de\/wp-content\/uploads\/2025\/06\/ADFC-Wiesbaden-Mainz_Sternfahrt-Schiersteiner-Bruecke-zum-Welttag-des-Fahrrads_beitragsbild-700x525.jpg 700w, https:\/\/www.adfc-wiesbaden.de\/wp-content\/uploads\/2025\/06\/ADFC-Wiesbaden-Mainz_Sternfahrt-Schiersteiner-Bruecke-zum-Welttag-des-Fahrrads_beitragsbild-1400x1050.jpg 1400w, https:\/\/www.adfc-wiesbaden.de\/wp-content\/uploads\/2025\/06\/ADFC-Wiesbaden-Mainz_Sternfahrt-Schiersteiner-Bruecke-zum-Welttag-des-Fahrrads_beitragsbild-200x150.jpg 200w, https:\/\/www.adfc-wiesbaden.de\/wp-content\/uploads\/2025\/06\/ADFC-Wiesbaden-Mainz_Sternfahrt-Schiersteiner-Bruecke-zum-Welttag-des-Fahrrads_beitragsbild-768x576.jpg 768w, https:\/\/www.adfc-wiesbaden.de\/wp-content\/uploads\/2025\/06\/ADFC-Wiesbaden-Mainz_Sternfahrt-Schiersteiner-Bruecke-zum-Welttag-des-Fahrrads_beitragsbild-1536x1152.jpg 1536w\" sizes=\"auto, (max-width: 1600px) 100vw, 1600px\" \/>    \n        <\/div>\n    <!-- \/image-wrap -->\n    \n        <div class=\"image-content\">\n                        <div class=\"image-caption tb_text_wrap\">\n            <p style=\"font-size: 10px\">Schierstein Bridge - Ziua Bicicletei | \u00a9 Karoline Dei\u00dfner<\/p>\n<p style=\"font-size: 25px\">Cuno\u0219ti oameni care g\u00e2ndesc la fel<\/p>        <\/div>\n        <!-- \/image-caption -->\n            <\/div>\n    <!-- \/image-content -->\n        <\/div>\n<!-- \/module image -->        <\/div>\n                    <div  data-lazy=\"1\" class=\"module_column sub_column col3-1 tb_gvsk703\">\n                    <!-- module image -->\n<div  class=\"module module-image tb_wvtu703 image-card-layout   tf_mw\" data-lazy=\"1\">\n        <div class=\"image-wrap tf_rel tf_mw\">\n            <img loading=\"lazy\" decoding=\"async\" width=\"1576\" height=\"1182\" src=\"https:\/\/www.adfc-wiesbaden.de\/wp-content\/uploads\/2025\/10\/20250927_162105.jpg\" class=\"wp-post-image wp-image-74141\" title=\"20250927_162105\" alt=\"Dulap pentru biciclete la festivalul ora\u0219ului | \u00a9 Oliver KesslerPo\u021bi ajuta \u0219i al\u021bi bicicli\u0219ti\" srcset=\"https:\/\/www.adfc-wiesbaden.de\/wp-content\/uploads\/2025\/10\/20250927_162105.jpg 1576w, https:\/\/www.adfc-wiesbaden.de\/wp-content\/uploads\/2025\/10\/20250927_162105-700x525.jpg 700w, https:\/\/www.adfc-wiesbaden.de\/wp-content\/uploads\/2025\/10\/20250927_162105-1400x1050.jpg 1400w, https:\/\/www.adfc-wiesbaden.de\/wp-content\/uploads\/2025\/10\/20250927_162105-200x150.jpg 200w, https:\/\/www.adfc-wiesbaden.de\/wp-content\/uploads\/2025\/10\/20250927_162105-768x576.jpg 768w, https:\/\/www.adfc-wiesbaden.de\/wp-content\/uploads\/2025\/10\/20250927_162105-1536x1152.jpg 1536w\" sizes=\"auto, (max-width: 1576px) 100vw, 1576px\" \/>    \n        <\/div>\n    <!-- \/image-wrap -->\n    \n        <div class=\"image-content\">\n                        <div class=\"image-caption tb_text_wrap\">\n            <p style=\"font-size: 10px\">Dulap pentru biciclete la festivalul ora\u0219ului | \u00a9 Oliver Kessler<\/p>\n<p style=\"font-size: 25px\">Po\u021bi ajuta \u0219i al\u021bi bicicli\u0219ti<\/p>        <\/div>\n        <!-- \/image-caption -->\n            <\/div>\n    <!-- \/image-content -->\n        <\/div>\n<!-- \/module image -->        <\/div>\n                    <div  data-lazy=\"1\" class=\"module_column sub_column col3-1 tb_0w3b703 last\">\n                    <!-- module image -->\n<div  class=\"module module-image tb_70q7703 image-card-layout   tf_mw\" data-lazy=\"1\">\n        <div class=\"image-wrap tf_rel tf_mw\">\n            <img loading=\"lazy\" decoding=\"async\" width=\"1920\" height=\"1438\" src=\"https:\/\/www.adfc-wiesbaden.de\/wp-content\/uploads\/2025\/06\/2025_06_Mosbacher_Strasse_43.jpg\" class=\"wp-post-image wp-image-72749\" title=\"Mosbacher Stra\u00dfe\" alt=\"Acces pentru biciclete Mosbacher Stra\u00dfe | \u00a9 Oliver KesslerMuti ceva pentru ora\u0219e locuibile\" srcset=\"https:\/\/www.adfc-wiesbaden.de\/wp-content\/uploads\/2025\/06\/2025_06_Mosbacher_Strasse_43.jpg 1920w, https:\/\/www.adfc-wiesbaden.de\/wp-content\/uploads\/2025\/06\/2025_06_Mosbacher_Strasse_43-700x524.jpg 700w, https:\/\/www.adfc-wiesbaden.de\/wp-content\/uploads\/2025\/06\/2025_06_Mosbacher_Strasse_43-1400x1049.jpg 1400w, https:\/\/www.adfc-wiesbaden.de\/wp-content\/uploads\/2025\/06\/2025_06_Mosbacher_Strasse_43-200x150.jpg 200w, https:\/\/www.adfc-wiesbaden.de\/wp-content\/uploads\/2025\/06\/2025_06_Mosbacher_Strasse_43-768x575.jpg 768w, https:\/\/www.adfc-wiesbaden.de\/wp-content\/uploads\/2025\/06\/2025_06_Mosbacher_Strasse_43-1536x1150.jpg 1536w\" sizes=\"auto, (max-width: 1920px) 100vw, 1920px\" \/>    \n        <\/div>\n    <!-- \/image-wrap -->\n    \n        <div class=\"image-content\">\n                        <div class=\"image-caption tb_text_wrap\">\n            <p style=\"font-size: 10px\"> Acces pentru biciclete Mosbacher Stra\u00dfe | \u00a9 Oliver Kessler<\/p>\n<p style=\"font-size: 25px\">Muti ceva pentru ora\u0219e locuibile<\/p>        <\/div>\n        <!-- \/image-caption -->\n            <\/div>\n    <!-- \/image-content -->\n        <\/div>\n<!-- \/module image -->        <\/div>\n                    <\/div>\n                <\/div>\n                        <\/div>\n        <\/div>\n        <\/div>\n<!--\/themify_builder_content-->","protected":false},"excerpt":{"rendered":"<p>Participa\u021bi la ADFC \u2013 pot face diferen\u021ba aici! Proiecte pentru voluntari la ADFC Wiesbaden \/ Rheingau-Taunus E\u0219ti pasionat de ciclism \u0219i e\u0219ti \u00eenc\u00e2ntat de faptul c\u0103 tot mai mul\u021bi oameni \u00eemp\u0103rt\u0103\u0219esc acest entuziasm cu tine?\u00ce\u021bi place c\u0103 ne dezvolt\u0103m treptat \u00eentr-o \u021bar\u0103 de ciclism \u0219i te \u00eentrebi cum po\u021bi contribui la bicicli\u0219ti [\u2026]<\/p>","protected":false},"author":53,"featured_media":69215,"parent":69915,"menu_order":3,"comment_status":"closed","ping_status":"closed","template":"","meta":{"footnotes":""},"tags":[],"class_list":["post-70024","page","type-page","status-publish","has-post-thumbnail","hentry","has-post-title","has-post-date","has-post-category","has-post-tag","has-post-comment","has-post-author",""],"builder_content":"<h1>Mitmachen im ADFC - Hier kann ich was bewegen!<\/h1> <h2>Projekte f\u00fcr Freiwillige im ADFC Wiesbaden \/ Rheingau-Taunus<\/h2> <p>Du f\u00e4hrst leidenschaftlich gerne Rad und freust dich dar\u00fcber, dass immer mehr Menschen diese Begeisterung mit Dir teilen?<br \/>Du findest es gut, dass wir uns allm\u00e4hlich zum Fahrradland entwickeln und fragst dich, wie Du dazu beitragen kannst, dass Radfahrer:innen \u00fcberall gut und gerne unterwegs sein k\u00f6nnen? Dann m\u00f6chten wir Dich zur freiwilligen Mitarbeit im ADFC Wiesbaden \/ Rheingau-Taunus einladen!<\/p> <p>Den Umfang deiner Mitarbeit bestimmst Du dabei selbst. Du kannst Dich dauerhaft engagieren oder auch einfach in einem kleinen, zeitlich begrenzten Projekt \u2013 alle bringen sich nur so viel ein, wie sie m\u00f6chten.<\/p> <p>Ganz gleich, ob es um gefahrloses Radfahren, den Spa\u00df bei Radtouren, gut funktionierende Technik oder die Verhinderung von Fahrradklau geht \u2013 der ADFC steht f\u00fcr umweltfreundliche, gesunde und sichere Mobilit\u00e4t mit dem Fahrrad. Getragen wird all das vom Engagement dutzender aktiver ADFC-Mitglieder in Wiesbaden und dem Rheingau-Taunus Kreis. Wir m\u00f6chten die Basis dieser freiwilligen Mitarbeit gerne verbreitern und freuen uns, wenn Ihr als ehrenamtliche Aktive mit dabei seid!<\/p> <p>Kontakte zu verschiedenen Themen findest Du hier:\u00a0<a href=\"https:\/\/www.adfc-wiesbaden.de\/ueber-uns\/kontakt\/\">https:\/\/www.adfc-wiesbaden.de\/ueber-uns\/kontakt\/<\/a><\/p>\n<h3>Aktiventreffen am 1. Montag im Monat.<\/h3> <p>Falls Du gerne reinschnuppern m\u00f6chtest, was die Aktiven im ADFC so tun, ist das monatliche Aktiventreffen der beste Ort. Vor dem Aktiventreffen \u00f6ffnen wir bei Open-Door regelm\u00e4\u00dfig das Clubhaus und bieten dort Informationen, Radplausch oder verschiedene Aktionen an. die Termine stehen in der <a href=\"https:\/\/www.adfc-wiesbaden.de\/termine\/\">Termin\u00fcbersicht<\/a>. Jede:r Interessierte - ob Mitglied oder nicht - ist herzlich willkommen, vorbeizukommen!<\/p> <p>Die regelm\u00e4\u00dfigen Treffen dienen zum Austausch \u00fcber aktuelle Themen, Informationen des Vorstands und zum Planen anstehender Aktionen.\u00a0<\/p> <p>Die n\u00e4chsten Treffen sind unter\u00a0<b><a href=\"\/termine\">Termine<\/a>\u00a0<\/b>angek\u00fcndigt. Die Treffen finden in unserer Gesch\u00e4ftsstelle in der Goebenstra\u00dfe 1 statt.<br \/><br \/><br \/><\/p>\n<img src=\"https:\/\/www.adfc-wiesbaden.de\/wp-content\/uploads\/2025\/04\/Fahrradboerse_Infostand_mitmachen_2025_4_3-scaled.jpg\" title=\"ADFC Infostand an der Fahrradb\u00f6rse | &copy; Oliver Kessler\" alt=\"ADFC Infostand an der Fahrradb\u00f6rse mit 4 helfenden Personen\" srcset=\"https:\/\/www.adfc-wiesbaden.de\/wp-content\/uploads\/2025\/04\/Fahrradboerse_Infostand_mitmachen_2025_4_3-scaled.jpg 2560w, https:\/\/www.adfc-wiesbaden.de\/wp-content\/uploads\/2025\/04\/Fahrradboerse_Infostand_mitmachen_2025_4_3-700x525.jpg 700w, https:\/\/www.adfc-wiesbaden.de\/wp-content\/uploads\/2025\/04\/Fahrradboerse_Infostand_mitmachen_2025_4_3-1400x1050.jpg 1400w, https:\/\/www.adfc-wiesbaden.de\/wp-content\/uploads\/2025\/04\/Fahrradboerse_Infostand_mitmachen_2025_4_3-200x150.jpg 200w, https:\/\/www.adfc-wiesbaden.de\/wp-content\/uploads\/2025\/04\/Fahrradboerse_Infostand_mitmachen_2025_4_3-768x576.jpg 768w, https:\/\/www.adfc-wiesbaden.de\/wp-content\/uploads\/2025\/04\/Fahrradboerse_Infostand_mitmachen_2025_4_3-1536x1152.jpg 1536w, https:\/\/www.adfc-wiesbaden.de\/wp-content\/uploads\/2025\/04\/Fahrradboerse_Infostand_mitmachen_2025_4_3-2048x1536.jpg 2048w\" sizes=\"(max-width: 2560px) 100vw, 2560px\" \/> <h3> ADFC Infostand an der Fahrradb\u00f6rse | &copy; Oliver Kessler <\/h3>\n<h3>Gute Grunde f\u00fcrs Mitmachen<\/h3>\n<img src=\"https:\/\/www.adfc-wiesbaden.de\/wp-content\/uploads\/2025\/06\/ADFC-Wiesbaden-Mainz_Sternfahrt-Schiersteiner-Bruecke-zum-Welttag-des-Fahrrads_beitragsbild.jpg\" title=\"ADFC-Wiesbaden-Mainz_Sternfahrt-Schiersteiner-Bruecke-zum-Welttag-des-Fahrrads-3-6-2025\" alt=\"Schiersteiner Br\u00fccke - Tag des Fahrrads | &copy; Karoline Dei\u00dfner Du lernst Gleichgesinnte kennen\" srcset=\"https:\/\/www.adfc-wiesbaden.de\/wp-content\/uploads\/2025\/06\/ADFC-Wiesbaden-Mainz_Sternfahrt-Schiersteiner-Bruecke-zum-Welttag-des-Fahrrads_beitragsbild.jpg 1600w, https:\/\/www.adfc-wiesbaden.de\/wp-content\/uploads\/2025\/06\/ADFC-Wiesbaden-Mainz_Sternfahrt-Schiersteiner-Bruecke-zum-Welttag-des-Fahrrads_beitragsbild-700x525.jpg 700w, https:\/\/www.adfc-wiesbaden.de\/wp-content\/uploads\/2025\/06\/ADFC-Wiesbaden-Mainz_Sternfahrt-Schiersteiner-Bruecke-zum-Welttag-des-Fahrrads_beitragsbild-1400x1050.jpg 1400w, https:\/\/www.adfc-wiesbaden.de\/wp-content\/uploads\/2025\/06\/ADFC-Wiesbaden-Mainz_Sternfahrt-Schiersteiner-Bruecke-zum-Welttag-des-Fahrrads_beitragsbild-200x150.jpg 200w, https:\/\/www.adfc-wiesbaden.de\/wp-content\/uploads\/2025\/06\/ADFC-Wiesbaden-Mainz_Sternfahrt-Schiersteiner-Bruecke-zum-Welttag-des-Fahrrads_beitragsbild-768x576.jpg 768w, https:\/\/www.adfc-wiesbaden.de\/wp-content\/uploads\/2025\/06\/ADFC-Wiesbaden-Mainz_Sternfahrt-Schiersteiner-Bruecke-zum-Welttag-des-Fahrrads_beitragsbild-1536x1152.jpg 1536w\" sizes=\"(max-width: 1600px) 100vw, 1600px\" \/> <p style=\"font-size: 10px\">Schiersteiner Br\u00fccke - Tag des Fahrrads | &copy; Karoline Dei\u00dfner<\/p> <p style=\"font-size: 25px\">Du lernst Gleichgesinnte kennen<\/p>\n<img src=\"https:\/\/www.adfc-wiesbaden.de\/wp-content\/uploads\/2025\/10\/20250927_162105.jpg\" title=\"20250927_162105\" alt=\"Fahrradgarderobe am Stadtfest | &copy; Oliver Kessler Du kannst anderen Radelnden helfen\" srcset=\"https:\/\/www.adfc-wiesbaden.de\/wp-content\/uploads\/2025\/10\/20250927_162105.jpg 1576w, https:\/\/www.adfc-wiesbaden.de\/wp-content\/uploads\/2025\/10\/20250927_162105-700x525.jpg 700w, https:\/\/www.adfc-wiesbaden.de\/wp-content\/uploads\/2025\/10\/20250927_162105-1400x1050.jpg 1400w, https:\/\/www.adfc-wiesbaden.de\/wp-content\/uploads\/2025\/10\/20250927_162105-200x150.jpg 200w, https:\/\/www.adfc-wiesbaden.de\/wp-content\/uploads\/2025\/10\/20250927_162105-768x576.jpg 768w, https:\/\/www.adfc-wiesbaden.de\/wp-content\/uploads\/2025\/10\/20250927_162105-1536x1152.jpg 1536w\" sizes=\"(max-width: 1576px) 100vw, 1576px\" \/> <p style=\"font-size: 10px\">Fahrradgarderobe am Stadtfest | &copy; Oliver Kessler<\/p> <p style=\"font-size: 25px\">Du kannst anderen Radelnden helfen<\/p>\n<img src=\"https:\/\/www.adfc-wiesbaden.de\/wp-content\/uploads\/2025\/06\/2025_06_Mosbacher_Strasse_43.jpg\" title=\"Mosbacher Stra\u00dfe\" alt=\"Fahrradstra\u00dfe Mosbacher Stra\u00dfe | &copy; Oliver Kessler Du bewegst etwas f\u00fcr lebenswerte St\u00e4dte\" srcset=\"https:\/\/www.adfc-wiesbaden.de\/wp-content\/uploads\/2025\/06\/2025_06_Mosbacher_Strasse_43.jpg 1920w, https:\/\/www.adfc-wiesbaden.de\/wp-content\/uploads\/2025\/06\/2025_06_Mosbacher_Strasse_43-700x524.jpg 700w, https:\/\/www.adfc-wiesbaden.de\/wp-content\/uploads\/2025\/06\/2025_06_Mosbacher_Strasse_43-1400x1049.jpg 1400w, https:\/\/www.adfc-wiesbaden.de\/wp-content\/uploads\/2025\/06\/2025_06_Mosbacher_Strasse_43-200x150.jpg 200w, https:\/\/www.adfc-wiesbaden.de\/wp-content\/uploads\/2025\/06\/2025_06_Mosbacher_Strasse_43-768x575.jpg 768w, https:\/\/www.adfc-wiesbaden.de\/wp-content\/uploads\/2025\/06\/2025_06_Mosbacher_Strasse_43-1536x1150.jpg 1536w\" sizes=\"(max-width: 1920px) 100vw, 1920px\" \/> <p style=\"font-size: 10px\"> Fahrradstra\u00dfe Mosbacher Stra\u00dfe | &copy; Oliver Kessler<\/p> <p style=\"font-size: 25px\">Du bewegst etwas f\u00fcr lebenswerte St\u00e4dte<\/p>\n<h2>Kontaktbox<\/h2> <p>Du willst dich bei uns einbringen? Dann f\u00fclle doch gerne diese Kontaktbox aus. Wir freuen uns auf Deine Nachricht und melden uns bei Dir.<\/p> [contact-form-7 id=\"ab7daa0\" title=\"Mitmachen im ADFC Wiesbaden\"]\n","_links":{"self":[{"href":"https:\/\/www.adfc-wiesbaden.de\/ro\/wp-json\/wp\/v2\/pages\/70024","targetHints":{"allow":["GET"]}}],"collection":[{"href":"https:\/\/www.adfc-wiesbaden.de\/ro\/wp-json\/wp\/v2\/pages"}],"about":[{"href":"https:\/\/www.adfc-wiesbaden.de\/ro\/wp-json\/wp\/v2\/types\/page"}],"author":[{"embeddable":true,"href":"https:\/\/www.adfc-wiesbaden.de\/ro\/wp-json\/wp\/v2\/users\/53"}],"replies":[{"embeddable":true,"href":"https:\/\/www.adfc-wiesbaden.de\/ro\/wp-json\/wp\/v2\/comments?post=70024"}],"version-history":[{"count":79,"href":"https:\/\/www.adfc-wiesbaden.de\/ro\/wp-json\/wp\/v2\/pages\/70024\/revisions"}],"predecessor-version":[{"id":76666,"href":"https:\/\/www.adfc-wiesbaden.de\/ro\/wp-json\/wp\/v2\/pages\/70024\/revisions\/76666"}],"up":[{"embeddable":true,"href":"https:\/\/www.adfc-wiesbaden.de\/ro\/wp-json\/wp\/v2\/pages\/69915"}],"wp:featuredmedia":[{"embeddable":true,"href":"https:\/\/www.adfc-wiesbaden.de\/ro\/wp-json\/wp\/v2\/media\/69215"}],"wp:attachment":[{"href":"https:\/\/www.adfc-wiesbaden.de\/ro\/wp-json\/wp\/v2\/media?parent=70024"}],"wp:term":[{"taxonomy":"post_tag","embeddable":true,"href":"https:\/\/www.adfc-wiesbaden.de\/ro\/wp-json\/wp\/v2\/tags?post=70024"}],"curies":[{"name":"wp","href":"https:\/\/api.w.org\/{rel}","templated":true}]}}