{"id":70072,"date":"2025-02-18T19:31:44","date_gmt":"2025-02-18T18:31:44","guid":{"rendered":"https:\/\/www2.adfc-wiesbaden.de\/?page_id=70072"},"modified":"2025-10-12T20:12:50","modified_gmt":"2025-10-12T18:12:50","slug":"bikesharing","status":"publish","type":"page","link":"https:\/\/www.adfc-wiesbaden.de\/ro\/service\/bikesharing\/","title":{"rendered":"\u00cemp\u0103r\u021birea bicicletelor"},"content":{"rendered":"<!--themify_builder_content-->\n<div id=\"themify_builder_content-70072\" data-postid=\"70072\" class=\"themify_builder_content themify_builder_content-70072 themify_builder tf_clear\">\n                    <div  data-lazy=\"1\" class=\"module_row themify_builder_row tb_bbgv631 tb_first tf_w\">\n                        <div class=\"row_inner col_align_top tb_col_count_1 tf_box tf_rel\">\n                        <div  data-lazy=\"1\" class=\"module_column tb-column col-full tb_24wh632 first\">\n                    <!-- module image -->\n<div  class=\"module module-image tb_mpzu503 image-top   tf_mw tb_gs2677162d\" data-lazy=\"1\">\n        <div class=\"image-wrap tf_rel tf_mw\">\n            <img loading=\"lazy\" decoding=\"async\" width=\"2451\" height=\"1631\" src=\"https:\/\/www.adfc-wiesbaden.de\/wp-content\/uploads\/2025\/02\/Lilja_Bowling.jpg\" class=\"wp-post-image wp-image-69537\" title=\"Lilja | \u00a9 Simon Schmitt\" alt=\"Lilja | \u00a9 Simon Schmitt\" srcset=\"https:\/\/www.adfc-wiesbaden.de\/wp-content\/uploads\/2025\/02\/Lilja_Bowling.jpg 2451w, https:\/\/www.adfc-wiesbaden.de\/wp-content\/uploads\/2025\/02\/Lilja_Bowling-700x466.jpg 700w, https:\/\/www.adfc-wiesbaden.de\/wp-content\/uploads\/2025\/02\/Lilja_Bowling-1400x932.jpg 1400w, https:\/\/www.adfc-wiesbaden.de\/wp-content\/uploads\/2025\/02\/Lilja_Bowling-200x133.jpg 200w, https:\/\/www.adfc-wiesbaden.de\/wp-content\/uploads\/2025\/02\/Lilja_Bowling-768x511.jpg 768w, https:\/\/www.adfc-wiesbaden.de\/wp-content\/uploads\/2025\/02\/Lilja_Bowling-1536x1022.jpg 1536w, https:\/\/www.adfc-wiesbaden.de\/wp-content\/uploads\/2025\/02\/Lilja_Bowling-2048x1363.jpg 2048w\" sizes=\"auto, (max-width: 2451px) 100vw, 2451px\" \/>    \n        <\/div>\n    <!-- \/image-wrap -->\n    \n        <div class=\"image-content\">\n                    <h3 class=\"image-title\">\n                                    Lilja | \u00a9 Simon Schmitt                            <\/h3>\n                    <\/div>\n    <!-- \/image-content -->\n        <\/div>\n<!-- \/module image --><!-- module text -->\n<div  class=\"module module-text tb_fi12732    tb_gs678604\" data-lazy=\"1\">\n        <div  class=\"tb_text_wrap\">\n        <h1>Aici pute\u021bi \u00eenchiria biciclete \u00een Wiesbaden \u0219i zona \u00eenconjur\u0103toare<\/h1>\n<p>\u00cencerc\u0103m s\u0103 actualiz\u0103m aceast\u0103 list\u0103. Dac\u0103 sunte\u021bi familiariza\u021bi cu alte locuri, a\u0219tept\u0103m cu ner\u0103bdare un mesaj scurt (E-Mail:\u00a0<a href=\"\/ro\/&\/#x6d;&#x61;&#105;l&#x74;&#x6f;&#x3a;&#119;e&#x62;&#x74;&#x65;&#97;m&#x40;&#x61;&#x64;&#102;c&#x2d;&#x77;&#x69;&#101;s&#x62;&#x61;&#x64;&#101;n&#x2e;&#x64;&#x65;\">Site-ul editorial).<\/a><\/p>\n<h3 data-sourcepos=\"9:1-9:15\">Ciclistul<\/h3>\n<p>\u00cen atelierul de biciclete de la gara principal\u0103 pute\u021bi \u00eenchiria biciclete electrice, biciclete de trekking \u0219i biciclete de munte.<\/p>\n<p>Pentru mai multe informa\u021bii: <a href=\"https:\/\/www.der-radler-wiesbaden.de\/en\/the-cyclist-home\/\" target=\"_blank\" rel=\"noopener\">https:\/\/www.der-radler-wiesbaden.de\/en\/the-cyclist-home\/<\/a><\/p>\n<h3 data-sourcepos=\"3:1-3:13\">Nextbike<\/h3>\n<p><span class=\"citation-0 citation-end-0\">Nextbike coopereaz\u0103 cu Comitetul General al Studen\u021bilor (AStA) \u0219i ofer\u0103 condi\u021bii deosebit de favorabile pentru studen\u021bi. <\/span>Prima or\u0103 este gratuit\u0103 pentru studen\u021bi. Sta\u021biile pot fi g\u0103site \u00een aplica\u021bia Nextbike. <a href=\"https:\/\/www.nextbike.de\/wiesbaden\/de\/\">https:\/\/www.nextbike.de\/wiesbaden\/de\/<\/a><\/p>\n<h3>myWheel<\/h3>\n<p>Sistemul de \u00eenchiriere meinRad der Mainzer Mobilit\u00e4t a traversat, de asemenea, Rinul. \u00cen AKK (Am\u00f6neburg, Kastel \u0219i Kostheim) exist\u0103 mai multe sta\u021bii unde pute\u021bi \u00eenchiria biciclete. Bicicletele pot fi returnate \u00een orice sta\u021bie \u0219i sunt disponibile \u0219i pedelecs. \u00cen Mainz exist\u0103, de asemenea, sta\u021bii cu biciclete de marf\u0103. Informa\u021bii suplimentare pot fi g\u0103site la adresa: <a href=\"https:\/\/www.mainzer-mobilitaet.de\/mehr-mobilitaet\/meinrad\">myWheel<\/a>.<\/p>\n<h3 class=\"entity-titles__title heading heading--h2\" title=\"Cheam\u0103 o biciclet\u0103\" data-test-id=\"title\">Cheam\u0103 o biciclet\u0103<strong><br \/><\/strong><\/h3>\n<p title=\"Cheam\u0103 o biciclet\u0103\" data-test-id=\"title\">Aplica\u021bia de \u00eenchiriere Deutsche Bahn poate fi utilizat\u0103 \u0219i \u00een Wiesbaden. Din p\u0103cate, \u00een prezent exist\u0103 o singur\u0103 sta\u021bie de preluare \u0219i predare la sta\u021bia principal\u0103. <a href=\"https:\/\/www.callabike.de\/de\/start\">https:\/\/www.callabike.de\/de\/start<\/a><\/p>\n<h2 title=\"Cheam\u0103 o biciclet\u0103\" data-test-id=\"title\">Exist\u0103 biciclete cargo?<\/h2>\n<h3>Lilja<\/h3>\n<p>ADFC Wiesbaden opereaz\u0103 o platform\u0103 pe care pute\u021bi \u00eemprumuta gratuit biciclete cargo. Pute\u021bi g\u0103si informa\u021bii \u00een acest sens pe site-ul web al <a href=\"https:\/\/lilja-wiesbaden.de\/\">Lilja.<\/a><\/p>\n<h3>Sigo<\/h3>\n<p>Sigo opereaza mai multe statii de unde puteti inchiria biciclete cargo spontan si cu ora. \u00cenchirierea func\u021bioneaz\u0103 pur \u0219i simplu prin intermediul aplica\u021biei la sta\u021biile de \u00eenc\u0103rcare ale ro\u021bilor.\u00a0<a href=\"https:\/\/sigo.green\/\">https:\/\/sigo.green\/<\/a><\/p>\n<p>\u00a0<\/p>\n<h2>\u00a0<\/h2>\n<p data-sourcepos=\"9:1-9:15\"><strong>\u00a0<\/strong><\/p>    <\/div>\n<\/div>\n<!-- \/module text -->        <\/div>\n                        <\/div>\n        <\/div>\n        <\/div>\n<!--\/themify_builder_content-->","protected":false},"excerpt":{"rendered":"<p>Informa\u021bii privind utilizarea \u00een comun a bicicletelor \u0219i \u00eenchirierea de biciclete cargo \u00een asocia\u021bia districtual\u0103<\/p>","protected":false},"author":50,"featured_media":69530,"parent":69773,"menu_order":0,"comment_status":"closed","ping_status":"closed","template":"","meta":{"footnotes":""},"tags":[],"class_list":["post-70072","page","type-page","status-publish","has-post-thumbnail","hentry","has-post-title","has-post-date","has-post-category","has-post-tag","has-post-comment","has-post-author",""],"builder_content":"<img src=\"https:\/\/www.adfc-wiesbaden.de\/wp-content\/uploads\/2025\/02\/Lilja_Bowling.jpg\" title=\"Lilja | &copy; Simon Schmitt\" alt=\"Lilja | &copy; Simon Schmitt\" srcset=\"https:\/\/www.adfc-wiesbaden.de\/wp-content\/uploads\/2025\/02\/Lilja_Bowling.jpg 2451w, https:\/\/www.adfc-wiesbaden.de\/wp-content\/uploads\/2025\/02\/Lilja_Bowling-700x466.jpg 700w, https:\/\/www.adfc-wiesbaden.de\/wp-content\/uploads\/2025\/02\/Lilja_Bowling-1400x932.jpg 1400w, https:\/\/www.adfc-wiesbaden.de\/wp-content\/uploads\/2025\/02\/Lilja_Bowling-200x133.jpg 200w, https:\/\/www.adfc-wiesbaden.de\/wp-content\/uploads\/2025\/02\/Lilja_Bowling-768x511.jpg 768w, https:\/\/www.adfc-wiesbaden.de\/wp-content\/uploads\/2025\/02\/Lilja_Bowling-1536x1022.jpg 1536w, https:\/\/www.adfc-wiesbaden.de\/wp-content\/uploads\/2025\/02\/Lilja_Bowling-2048x1363.jpg 2048w\" sizes=\"(max-width: 2451px) 100vw, 2451px\" \/> <h3> Lilja | &copy; Simon Schmitt <\/h3>\n<h1>Hier k\u00f6nnt ihr in Wiesbaden und Umgebung Fahrr\u00e4der ausleihen<\/h1> <p>Wir sind bem\u00fcht, diese Liste aktuell zu halten. Wenn euch noch andere Orte bekannt sind freuen wir uns \u00fcber eine kurze Nachricht (E-Mail:\u00a0<a href=\"mailto:webteam@adfc-wiesbaden.de\">Redaktion Website).<\/a><\/p> <h3 data-sourcepos=\"9:1-9:15\">Der Radler<\/h3> <p>In der Fahrradwerkstatt am Hauptbahnhof kann man E-Bikes, Trekkingr\u00e4der und Mountainbikes mieten.<\/p> <p>Weitere Informationen unter: <a href=\"https:\/\/www.der-radler-wiesbaden.de\/en\/the-cyclist-home\/\" target=\"_blank\" rel=\"noopener\">https:\/\/www.der-radler-wiesbaden.de\/en\/the-cyclist-home\/<\/a><\/p> <h3 data-sourcepos=\"3:1-3:13\">Nextbike<\/h3> <p>Nextbike kooperiert mit dem Allgemeinen Studierendenausschuss (AStA) und bietet f\u00fcr Studierende besonders g\u00fcnstige Konditionen. Die erste Stunde ist f\u00fcr Studierende kostenlos. Die Stationen lassen sich in der App von Nextbike finden. <a href=\"https:\/\/www.nextbike.de\/wiesbaden\/de\/\">https:\/\/www.nextbike.de\/wiesbaden\/de\/<\/a><\/p> <h3>meinRad<\/h3> <p>Das Verleihsystem meinRad der Mainzer Mobilit\u00e4t hat es auch \u00fcber den Rhein geschafft. In AKK (Am\u00f6neburg, Kastel und Kostheim) gibt es einige Stationen, an denen man R\u00e4der ausleihen kann. Die R\u00e4der k\u00f6nnen an jeder beliebigen Station zur\u00fcckgegeben werden und es sind auch Pedelecs verf\u00fcgbar. In Mainz gibt es auch Stationen mit Lastenr\u00e4dern. Weitere Informationen findet Ihr unter <a href=\"https:\/\/www.mainzer-mobilitaet.de\/mehr-mobilitaet\/meinrad\">meinRad<\/a>.<\/p> <h3 title=\"Call a Bike\" data-test-id=\"title\">Call a Bike<strong><br \/><\/strong><\/h3> <p title=\"Call a Bike\" data-test-id=\"title\">Auch die Leih-App der Deutschen Bahn kann in Wiesbaden genutzt werden. Leider gibt es aktuell nur eine Abhol- und R\u00fcckgabestation am Hauptbahnhof. <a href=\"https:\/\/www.callabike.de\/de\/start\">https:\/\/www.callabike.de\/de\/start<\/a><\/p> <h2 title=\"Call a Bike\" data-test-id=\"title\">Gibt es auch Lastenr\u00e4der?<\/h2> <h3>Lilja<\/h3> <p>Der ADFC Wiesbaden betreibt eine Plattform, auf der man sich kostenlos Lastenr\u00e4der ausleihen kann. Informationen dazu findet ihr auf der Website von <a href=\"https:\/\/lilja-wiesbaden.de\/\">Lilja.<\/a><\/p> <h3>Sigo<\/h3> <p>Sigo betreibt einige Stationen, an denen ihr spontan und stundenweise Lastenr\u00e4der ausleihen k\u00f6nnt. Die Ausleihe funktioniert einfach \u00fcber die App an den Ladestationen der R\u00e4der.\u00a0<a href=\"https:\/\/sigo.green\/\">https:\/\/sigo.green\/<\/a><\/p> <p>\u00a0<\/p> <h2>\u00a0<\/h2> <p data-sourcepos=\"9:1-9:15\"><strong>\u00a0<\/strong><\/p>","_links":{"self":[{"href":"https:\/\/www.adfc-wiesbaden.de\/ro\/wp-json\/wp\/v2\/pages\/70072","targetHints":{"allow":["GET"]}}],"collection":[{"href":"https:\/\/www.adfc-wiesbaden.de\/ro\/wp-json\/wp\/v2\/pages"}],"about":[{"href":"https:\/\/www.adfc-wiesbaden.de\/ro\/wp-json\/wp\/v2\/types\/page"}],"author":[{"embeddable":true,"href":"https:\/\/www.adfc-wiesbaden.de\/ro\/wp-json\/wp\/v2\/users\/50"}],"replies":[{"embeddable":true,"href":"https:\/\/www.adfc-wiesbaden.de\/ro\/wp-json\/wp\/v2\/comments?post=70072"}],"version-history":[{"count":35,"href":"https:\/\/www.adfc-wiesbaden.de\/ro\/wp-json\/wp\/v2\/pages\/70072\/revisions"}],"predecessor-version":[{"id":74222,"href":"https:\/\/www.adfc-wiesbaden.de\/ro\/wp-json\/wp\/v2\/pages\/70072\/revisions\/74222"}],"up":[{"embeddable":true,"href":"https:\/\/www.adfc-wiesbaden.de\/ro\/wp-json\/wp\/v2\/pages\/69773"}],"wp:featuredmedia":[{"embeddable":true,"href":"https:\/\/www.adfc-wiesbaden.de\/ro\/wp-json\/wp\/v2\/media\/69530"}],"wp:attachment":[{"href":"https:\/\/www.adfc-wiesbaden.de\/ro\/wp-json\/wp\/v2\/media?parent=70072"}],"wp:term":[{"taxonomy":"post_tag","embeddable":true,"href":"https:\/\/www.adfc-wiesbaden.de\/ro\/wp-json\/wp\/v2\/tags?post=70072"}],"curies":[{"name":"wp","href":"https:\/\/api.w.org\/{rel}","templated":true}]}}