{"id":71640,"date":"2025-03-16T16:26:16","date_gmt":"2025-03-16T15:26:16","guid":{"rendered":"https:\/\/www.adfc-wiesbaden.de\/?page_id=71640"},"modified":"2026-04-19T18:26:03","modified_gmt":"2026-04-19T16:26:03","slug":"teilnahmebedingungen","status":"publish","type":"page","link":"https:\/\/www.adfc-wiesbaden.de\/ro\/radtouren\/tourenprogramm\/teilnahmebedingungen\/","title":{"rendered":"Condi\u021bii de participare"},"content":{"rendered":"<!--themify_builder_content-->\n<div id=\"themify_builder_content-71640\" data-postid=\"71640\" class=\"themify_builder_content themify_builder_content-71640 themify_builder tf_clear\">\n                    <div  data-lazy=\"1\" class=\"module_row themify_builder_row tb_tvvd17 tb_first tf_w\">\n                        <div class=\"row_inner col_align_top tb_col_count_1 tf_box tf_rel\">\n                        <div  data-lazy=\"1\" class=\"module_column tb-column col-full tb_88h517 first\">\n                    <!-- module text -->\n<div  class=\"module module-text tb_2cvr742    tb_gs678604\" data-lazy=\"1\">\n        <div  class=\"tb_text_wrap\">\n        <h1>Tururi cu bicicleta ghidate cu ADFC<\/h1>\n<p>Vrem s\u0103 inspir\u0103m oamenii pentru biciclet\u0103 \u0219i s\u0103 oferim multe excursii cu bicicleta pentru a descoperi \u00eemprejurimile. Tururile cu bicicleta sunt efectuate de ghizi turistici cu experien\u021b\u0103, dintre care mul\u021bi sunt certifica\u021bi ADFC TourGuides. Ghidurile noastre turistice ofer\u0103 o gam\u0103 interesant\u0103 de excursii cu bicicleta: pentru familii, pentru cei mai pu\u021bin experimenta\u021bi, pentru sportivi, pentru bicicli\u0219tii recrea\u021bionali, pentru e-bicicli\u0219ti, pentru bicicli\u0219tii rutieri \u0219i mul\u021bi al\u021bii. Toate tururile de aventur\u0103 pot fi, de asemenea, conduse de e-biciclete. Cu toate acestea, viteza depinde de bicicli\u0219tii care nu au o biciclet\u0103 electric\u0103! <br \/>Cu ajutorul nostru <strong>Tururi cu bicicleta electronic\u0103<\/strong> Nivelul de dificultate indicat se refer\u0103 la participarea cu o biciclet\u0103 electronic\u0103. Bicicli\u0219tii experimenta\u021bi pot participa, de asemenea, la aceste tururi f\u0103r\u0103 o biciclet\u0103 electronic\u0103. Cu condi\u021bia, totu\u0219i, este o condi\u021bie bun\u0103.<\/p>\n<h2>Condi\u021bii de participare \u0219i fapte interesante<\/h2>\n<ul>\n<li>Toate tururile ADFC sunt prevazute cu nivele de dificultate, lungimi de traseu si informatii despre altitudine. Dac\u0103 ave\u021bi \u00eentreb\u0103ri despre tur, v\u0103 rug\u0103m s\u0103 contacta\u021bi ghidul turistic.<\/li>\n<li>Adul\u021bii \u0219i copiii (p\u00e2n\u0103 la 16 ani \u00eenso\u021bi\u021bi de adul\u021bi) pot participa la excursiile de aventur\u0103 ADFC \u00een weekend.<\/li>\n<li>Doar membrii ADFC pot participa la tururile \"cicli\u0219tilor de curs\u0103 ADFC\" \u0219i \"cicli\u0219tilor de miercuri ADFC\" din Wiesbaden! <br \/>Dac\u0103 nu sunte\u021bi \u00eenc\u0103 membru ADFC, sunte\u021bi bineveni\u021bi s\u0103 participa\u021bi la un tur de prob\u0103 gratuit al grupurilor de ciclism respective. Dup\u0103 aceea, totu\u0219i, ar trebui s\u0103 decide\u021bi s\u0103 deveni\u021bi membru al ADFC. Beneficiile pentru membrii ADFC pot fi g\u0103site la adresa: <a href=\"https:\/\/www.adfc.de\/mitgliedschaft\">www.adfc.de<\/a><\/li>\n<li>Toate tururile ADFC ale asocia\u021biei noastre districtuale sunt gratuite. Sunt indicate costurile suplimentare, cum ar fi c\u0103l\u0103toriile cu trenul, admiterea etc.<\/li>\n<li>Participarea la tururi se face pe propriul risc. Se aplic\u0103 regulile de circula\u021bie rutier\u0103.<\/li>\n<li>Pentru siguran\u021ba rutier\u0103 (controlul propriei biciclete, de asemenea, \u00een leg\u0103tur\u0103 cu alcoolul) fiecare:r este responsabil.<\/li>\n<li>V\u0103 recomand\u0103m s\u0103 aduce\u021bi \u00eembr\u0103c\u0103minte rezistent\u0103 la intemperii, b\u0103uturi, provizii, ni\u0219te bani \u0219i un furtun de rezerv\u0103 pentru fiecare tur.<\/li>\n<li>\u00cenregistrarea este necesar\u0103 pentru majoritatea tururilor. V\u0103 rug\u0103m s\u0103 contacta\u021bi ghidul turistic.<\/li>\n<li>\u00cen cazuri individuale, pot exista ajust\u0103ri pe termen scurt sau anularea tururilor. Modific\u0103rile sunt comunicate pe site-urile noastre web.<\/li>\n<li>\u00cen condi\u021bii meteorologice extreme, tururile pot fi, de asemenea, scurtate sau modificate. \u00cen plus, ghidul turistic poate exclude participan\u021bii din tur, dac\u0103 acest lucru pare necesar pentru continuarea \u0219i desf\u0103\u0219urarea \u00een siguran\u021b\u0103 a turului.<\/li>\n<\/ul>\n<h2>Nivelurile noastre de dificultate<\/h2>\n<p>\u2605 \u2013 excursii f\u0103r\u0103 gradien\u021bi semnificativi, pentru familii \u0219i, de asemenea, potrivite pentru \u00eencep\u0103tori.<br \/>\u2605\u2605 \u2013 tururi cu declivit\u0103\u021bi \u0219i, dac\u0103 este necesar, trasee mai lungi.<br \/>\u2605\u2605\u2605 \u2013 Tururi pe distan\u021be lungi \u0219i declivit\u0103\u021bi. Condi\u021bia este necesar\u0103!<br \/>\u2605\u2605\u2605\u2605 - tururi pentru cicli\u0219ti de \u00eenalt\u0103 performan\u021b\u0103, cu diferen\u021be mari de altitudine, distan\u021be lungi \u0219i, dac\u0103 este necesar, vitez\u0103 crescut\u0103.<\/p>    <\/div>\n<\/div>\n<!-- \/module text -->        <\/div>\n                        <\/div>\n        <\/div>\n        <\/div>\n<!--\/themify_builder_content-->","protected":false},"excerpt":{"rendered":"<p>Tururi ghidate cu bicicleta cu ADFC Dorim s\u0103 inspir\u0103m oamenii pentru biciclet\u0103 \u0219i s\u0103 oferim multe tururi cu bicicleta pentru a descoperi \u00eemprejurimile. Tururile cu bicicleta sunt efectuate de ghizi turistici cu experien\u021b\u0103, dintre care mul\u021bi sunt certifica\u021bi ADFC TourGuides. Ghidurile noastre turistice ofer\u0103 o gam\u0103 interesant\u0103 de excursii cu bicicleta: pentru familii, pentru cei mai pu\u021bin experimenta\u021bi, pentru sportivi, pentru cicli\u0219ti recrea\u021bionali, pentru e-bicicli\u0219ti, [\u2026]<\/p>","protected":false},"author":50,"featured_media":0,"parent":69567,"menu_order":0,"comment_status":"closed","ping_status":"closed","template":"","meta":{"footnotes":""},"tags":[],"class_list":["post-71640","page","type-page","status-publish","hentry","has-post-title","has-post-date","has-post-category","has-post-tag","has-post-comment","has-post-author",""],"builder_content":"<h1>Gef\u00fchrte Radtouren mit dem ADFC<\/h1> <p>Wir wollen Menschen f\u00fcr das Fahrrad begeistern und bieten viele Radtouren an, um so die Umgebung zu entdecken. Die Radtouren werden von erfahrenen Tourenleiter:innen durchgef\u00fchrt, viele davon sind zertifizierte ADFC-TourGuides. Unsere Tourenleiter:innen bieten ein interessantes Spektrum von Radtouren an: f\u00fcr Familien, f\u00fcr weniger Ge\u00fcbte, f\u00fcr Sportliche, f\u00fcr Genussradler:innen, f\u00fcr E-Biker:innen, f\u00fcr Rennradler:innen und viele andere. Alle Erlebnistouren k\u00f6nnen auch mit dem E-Bike gefahren werden. Die Geschwindigkeit richtet sich dann aber nach Radlern, die kein E-Bike haben! <br \/>Bei unseren <strong>E-Bike-Touren<\/strong> bezieht sich der angegebene Schwierigkeitsgrad auf die Teilnahme mit einem E-Bike. Ge\u00fcbte Radler:innen k\u00f6nnen aber auch ohne E-Bike an diesen Touren teilnehmen. Vorausgesetzt ist dann aber eine gute Kondition.<\/p> <h2>Teilnahmebedingungen und Wissenswertes<\/h2> <ul> <li>Alle ADFC-Touren sind mit Schwierigkeitsgraden, Streckenl\u00e4ngen und H\u00f6henangaben versehen. Bei Fragen rund um die Tour wenden Sie sich bitte an die Tourenleitung.<\/li> <li>An den ADFC-Erlebnistouren am Wochenende k\u00f6nnen Erwachsene und Kinder (bis 16 J. in Begleitung von Erwachsenen) teilnehmen.<\/li> <li>An den Touren der \u00bbADFC-Rennradler\u00ab und der \u00bbADFC-Mittwochsradler\u00ab in Wiesbaden k\u00f6nnen nur ADFC-Mitglieder teilnehmen! <br \/>Wenn Sie noch kein ADFC-Mitglied sind, k\u00f6nnen Sie aber gerne kostenlos an einer Schnuppertour der entsprechenden Radelgruppen teilnehmen. Danach sollten Sie sich aber f\u00fcr eine Mitgliedschaft im ADFC entscheiden. Die Vorteile f\u00fcr ADFC-Mitglieder finden Sie auf <a href=\"https:\/\/www.adfc.de\/mitgliedschaft\">www.adfc.de<\/a><\/li> <li>Alle ADFC-Touren unseres Kreisverbands sind kostenfrei. Zus\u00e4tzliche Kosten, wie Bahnfahrten, Eintritt etc. werden angegeben.<\/li> <li>Die Teilnahme an den Touren erfolgt auf eigene Gefahr. Es gilt die Stra\u00dfenverkehrsordnung.<\/li> <li>F\u00fcr die Verkehrssicherheit (Beherrschung des eigenen Fahrrads, auch in Verbindung mit Alkohol) ist jede:r selbst verantwortlich.<\/li> <li>Wir empfehlen f\u00fcr jede Tour die Mitnahme wetterfester Kleidung, Getr\u00e4nke, Proviant, etwas Geld und einen Ersatzschlauch.<\/li> <li>Bei den meisten Touren ist eine Anmeldung erforderlich. Bitte kontaktieren Sie hierzu die Tourenleitung.<\/li> <li>In einzelnen F\u00e4llen kann es zu kurzfristigen Anpassungen oder zum Entfall von Touren kommen. \u00c4nderungen werden auf unseren Websites kommuniziert.<\/li> <li>Bei extremen Wetterbedingungen k\u00f6nnen Touren auch verk\u00fcrzt oder abge\u00e4ndert werden. Au\u00dferdem kann die Tourenleitung Teilnehmende von der Tour ausschlie\u00dfen, sofern dies f\u00fcr den weiteren und sicheren Verlauf der Tour notwendig erscheint.<\/li> <\/ul> <h2>Unsere Schwierigkeitsstufen<\/h2> <p>\u2605\u00a0 - Touren ohne nennenswerte Steigungen, familienfreundlich und auch f\u00fcr Anf\u00e4nger:innen geeignet.<br \/>\u2605\u2605\u00a0 - Touren mit Steigungen und ggf. auch l\u00e4ngeren Strecken.<br \/>\u2605\u2605\u2605 \u00a0- Touren mit langen Strecken und Steigungen. Kondition erforderlich!<br \/>\u2605\u2605\u2605\u2605 \u00a0- Touren f\u00fcr konditionsstarke Fahrer:innen, mit gro\u00dfen H\u00f6henunterschieden, langen Strecken und ggf. auch erh\u00f6htem Tempo.<\/p>","_links":{"self":[{"href":"https:\/\/www.adfc-wiesbaden.de\/ro\/wp-json\/wp\/v2\/pages\/71640","targetHints":{"allow":["GET"]}}],"collection":[{"href":"https:\/\/www.adfc-wiesbaden.de\/ro\/wp-json\/wp\/v2\/pages"}],"about":[{"href":"https:\/\/www.adfc-wiesbaden.de\/ro\/wp-json\/wp\/v2\/types\/page"}],"author":[{"embeddable":true,"href":"https:\/\/www.adfc-wiesbaden.de\/ro\/wp-json\/wp\/v2\/users\/50"}],"replies":[{"embeddable":true,"href":"https:\/\/www.adfc-wiesbaden.de\/ro\/wp-json\/wp\/v2\/comments?post=71640"}],"version-history":[{"count":25,"href":"https:\/\/www.adfc-wiesbaden.de\/ro\/wp-json\/wp\/v2\/pages\/71640\/revisions"}],"predecessor-version":[{"id":76135,"href":"https:\/\/www.adfc-wiesbaden.de\/ro\/wp-json\/wp\/v2\/pages\/71640\/revisions\/76135"}],"up":[{"embeddable":true,"href":"https:\/\/www.adfc-wiesbaden.de\/ro\/wp-json\/wp\/v2\/pages\/69567"}],"wp:attachment":[{"href":"https:\/\/www.adfc-wiesbaden.de\/ro\/wp-json\/wp\/v2\/media?parent=71640"}],"wp:term":[{"taxonomy":"post_tag","embeddable":true,"href":"https:\/\/www.adfc-wiesbaden.de\/ro\/wp-json\/wp\/v2\/tags?post=71640"}],"curies":[{"name":"wp","href":"https:\/\/api.w.org\/{rel}","templated":true}]}}