{"id":71914,"date":"2025-04-05T09:43:29","date_gmt":"2025-04-05T07:43:29","guid":{"rendered":"https:\/\/www.adfc-wiesbaden.de\/weiterleitungen\/db-rad-copy\/"},"modified":"2026-03-16T19:15:12","modified_gmt":"2026-03-16T18:15:12","slug":"fahrradreparaturkurs","status":"publish","type":"page","link":"https:\/\/www.adfc-wiesbaden.de\/ro\/service\/fahrradreparaturkurs\/","title":{"rendered":"Cursuri de reparatii biciclete \u00een Wiesbaden \u0219i \u00eemprejurimi"},"content":{"rendered":"<!--themify_builder_content-->\n<div id=\"themify_builder_content-71914\" data-postid=\"71914\" class=\"themify_builder_content themify_builder_content-71914 themify_builder tf_clear\">\n                    <div  data-lazy=\"1\" class=\"module_row themify_builder_row tb_gejo228 tb_first tf_w\">\n                        <div class=\"row_inner col_align_top tb_col_count_1 tf_box tf_rel\">\n                        <div  data-lazy=\"1\" class=\"module_column tb-column col-full tb_ecgh470 first\">\n                    <!-- module image -->\n<div  class=\"module module-image tb_8i6c671 image-top   tf_mw tb_gs2677162d\" data-lazy=\"1\">\n        <div class=\"image-wrap tf_rel tf_mw\">\n            <img loading=\"lazy\" decoding=\"async\" width=\"2048\" height=\"1671\" src=\"https:\/\/www.adfc-wiesbaden.de\/wp-content\/uploads\/2025\/01\/Selbsthilfewerkstatt.jpg\" class=\"wp-post-image wp-image-69176\" title=\"atelier de auto-ajutor Frankfurt | \u00a9 Eckehard Wolf\" alt=\"Imagine a unui atelier de auto-ajutorare cu o biciclet\u0103 \u0219i doi b\u0103rba\u021bi care o repar\u0103.\" srcset=\"https:\/\/www.adfc-wiesbaden.de\/wp-content\/uploads\/2025\/01\/Selbsthilfewerkstatt.jpg 2048w, https:\/\/www.adfc-wiesbaden.de\/wp-content\/uploads\/2025\/01\/Selbsthilfewerkstatt-700x571.jpg 700w, https:\/\/www.adfc-wiesbaden.de\/wp-content\/uploads\/2025\/01\/Selbsthilfewerkstatt-1400x1142.jpg 1400w, https:\/\/www.adfc-wiesbaden.de\/wp-content\/uploads\/2025\/01\/Selbsthilfewerkstatt-200x163.jpg 200w, https:\/\/www.adfc-wiesbaden.de\/wp-content\/uploads\/2025\/01\/Selbsthilfewerkstatt-768x627.jpg 768w, https:\/\/www.adfc-wiesbaden.de\/wp-content\/uploads\/2025\/01\/Selbsthilfewerkstatt-1536x1253.jpg 1536w\" sizes=\"auto, (max-width: 2048px) 100vw, 2048px\" \/>    \n        <\/div>\n    <!-- \/image-wrap -->\n    \n        <div class=\"image-content\">\n                    <h3 class=\"image-title\">\n                                    atelier de auto-ajutor Frankfurt | \u00a9 Eckehard Wolf                            <\/h3>\n                    <\/div>\n    <!-- \/image-content -->\n        <\/div>\n<!-- \/module image --><!-- module text -->\n<div  class=\"module module-text tb_cp7y070    tb_gs678604\" data-lazy=\"1\">\n        <div  class=\"tb_text_wrap\">\n        <h1>Curs de repara\u021bii biciclete a Wiesbaden \u0219i \u00eemprejurimi<\/h1>\n<p>Primim adesea cereri pentru cursuri de repara\u021bii \u0219i controale de biciclete. \u00cen prezent, nu avem capacitatea de a le oferi noi \u00een\u0219ine \u0219i, prin urmare, am creat o colec\u021bie de locuri \u00een Wiesbaden \u0219i \u00een zona \u00eenconjur\u0103toare, unde pute\u021bi lua parte la cursuri de repara\u021bii sau pute\u021bi repara singur bicicleta cu sprijin. <br \/>Dac\u0103 ave\u021bi cuno\u0219tin\u021b\u0103 de alte locuri \u00een care exist\u0103 astfel de oferte?<br \/>V\u0103 rug\u0103m s\u0103 nu ezita\u021bi s\u0103 ne scrie\u021bi c\u00e2teva informa\u021bii <a href=\"\/ro\/&\/#109;&#x61;&#105;&#x6c;&#116;&#x6f;:&#x77;e&#98;&#x74;&#101;&#x61;&#109;&#x40;a&#x64;f&#99;&#x2d;&#119;&#x69;&#101;&#x73;&#98;&#x61;d&#x65;n&#46;&#x64;&#101;\">webteam@adfc-wiesbaden.de<\/a><br \/>Dori\u021bi s\u0103 contribui\u021bi \u0219i v\u0103 pute\u021bi imagina oferind o astfel de ofert\u0103 cu ADFC?<br \/>V\u0103 rug\u0103m s\u0103 nu ezita\u021bi s\u0103 ne contacta\u021bi la <a href=\"\/ro\/m&\/#97;&#105;&#x6c;&#x74;o:&#105;&#110;&#x66;&#x6f;&#64;a&#100;&#102;&#x63;&#x2d;wi&#101;&#x73;&#x62;&#x61;d&#101;&#110;&#x2e;&#x64;&#x65;\">info@adfc-wiesbaden.de<\/a> Veni\u021bi la o \u00eent\u00e2lnire activ\u0103.<\/p>\n<h3>Magazin de mediu Wiesbaden<\/h3>\n<p>Umweltladen Wiesbaden, \u00een cooperare cu \u201eder Radler\u201d \u0219i ADFC Mainz-Bingen, ofer\u0103 cursuri de repara\u021bii pentru \u00eencep\u0103tori \u0219i utilizatori avansa\u021bi. Mai multe informa\u021bii despre aceast\u0103 ofert\u0103 pot fi g\u0103site la adresa: <a href=\"https:\/\/www.wiesbaden.de\/leben-in-wiesbaden\/umwelt-natur-klima\/umweltberatung\/kurse-fahrradreparatur\" target=\"_blank\" rel=\"noopener\">Cursuri de repara\u021bii de la magazinul de mediu.<\/a><\/p>\n<h3>v\u00e2ntul din spate<\/h3>\n<p>\u00cen fiecare vineri, de la ora 15:00, \u00een sezonul cald, asocia\u021bia v\u00e2ntului din spate din Wiesbaden v\u0103 invit\u0103 la atelierul deschis la containerul lor din Kulturparkam Schlachthof. Mai multe informa\u021bii despre aceast\u0103 ofert\u0103 pot fi g\u0103site la adresa: <a href=\"http:\/\/www.rueckenwind-in-wiesbaden.de\/index.php\/fahrradwerkstatt\/\" target=\"_blank\" rel=\"noopener\">V\u00e2nt din spate.<\/a><\/p>\n<h3>Atelierul de lucru Kiezwerkstatt<\/h3>\n<p>\u00cen noul Kiezwerkstatt deschis \u00een aprilie, exist\u0103 posibilitatea de a utiliza infrastructura atelierului pentru o mic\u0103 tax\u0103 pentru a-\u0219i repara propria biciclet\u0103. Mai multe informa\u021bii despre aceast\u0103 ofert\u0103 pot fi g\u0103site la adresa: <a href=\"https:\/\/www.kiezkaufhaus.de\/#preisliste-unserer-mitmachwerkstatt\" target=\"_blank\" rel=\"noopener\">Atelierul de Kiez.<\/a><\/p>\n<h3>E-motion Walluf<\/h3>\n<p>\u00cen Walluf, E-Motion ofer\u0103 ateliere de repara\u021bii pentru biciclete electrice. Exist\u0103, de asemenea, alte oferte care ar putea fi de interes pentru tine. <a href=\"https:\/\/emotion-ebikes.de\/standorte\/he\/wiesbaden\/together?merchantId=12971137\" target=\"_blank\" rel=\"noopener\">https:\/\/emotion-ebikes.de\/standorte\/he\/wiesbaden\/together?merchantId=12971137<\/a><\/p>    <\/div>\n<\/div>\n<!-- \/module text -->        <\/div>\n                        <\/div>\n        <\/div>\n        <\/div>\n<!--\/themify_builder_content-->","protected":false},"excerpt":{"rendered":"<p>Aici ve\u021bi g\u0103si o prezentare general\u0103 a ofertelor cunoscute de noi pentru cursuri de repara\u021bii biciclete \u0219i ateliere de auto-ajutor<\/p>","protected":false},"author":53,"featured_media":69177,"parent":69773,"menu_order":0,"comment_status":"closed","ping_status":"closed","template":"","meta":{"footnotes":""},"tags":[790],"class_list":["post-71914","page","type-page","status-publish","has-post-thumbnail","hentry","tag-tipps","has-post-title","has-post-date","has-post-category","has-post-tag","has-post-comment","has-post-author",""],"builder_content":"<img src=\"https:\/\/www.adfc-wiesbaden.de\/wp-content\/uploads\/2025\/01\/Selbsthilfewerkstatt.jpg\" title=\"Selbsthilfewerkstatt Frankfurt | &copy; Eckehard Wolf\" alt=\"Bild von einer Selbsthilfewerkstatt mit einem Fahrrad und 2 M\u00e4nnern, die dieses reparieren.\" srcset=\"https:\/\/www.adfc-wiesbaden.de\/wp-content\/uploads\/2025\/01\/Selbsthilfewerkstatt.jpg 2048w, https:\/\/www.adfc-wiesbaden.de\/wp-content\/uploads\/2025\/01\/Selbsthilfewerkstatt-700x571.jpg 700w, https:\/\/www.adfc-wiesbaden.de\/wp-content\/uploads\/2025\/01\/Selbsthilfewerkstatt-1400x1142.jpg 1400w, https:\/\/www.adfc-wiesbaden.de\/wp-content\/uploads\/2025\/01\/Selbsthilfewerkstatt-200x163.jpg 200w, https:\/\/www.adfc-wiesbaden.de\/wp-content\/uploads\/2025\/01\/Selbsthilfewerkstatt-768x627.jpg 768w, https:\/\/www.adfc-wiesbaden.de\/wp-content\/uploads\/2025\/01\/Selbsthilfewerkstatt-1536x1253.jpg 1536w\" sizes=\"(max-width: 2048px) 100vw, 2048px\" \/> <h3> Selbsthilfewerkstatt Frankfurt | &copy; Eckehard Wolf <\/h3>\n<h1>Fahrradreparaturkurs ein Wiesbaden und Umgebung<\/h1> <p>Wir bekommen \u00f6fter Anfragen zu Reparaturkursen und Fahrrad-Checkups. Aktuell haben wir keine Kapazit\u00e4ten diese selbst anzubieten und haben daher hier eine Sammlung an Stellen in Wiesbaden und Umgebung erstellt, wo man an Reparaturkursen teilnehmen kann oder mit Unterst\u00fctzung sein Rad selbst reparieren kann. <br \/>Wenn euch weitere Orte bekannt sind, an denen es solche Angebote gibt?<br \/>Schreibt uns gerne ein paar Informationen dazu an <a href=\"mailto:webteam@adfc-wiesbaden.de\">webteam@adfc-wiesbaden.de<\/a><br \/>M\u00f6chtet ihr euch einbringen und k\u00f6nnt euch vorstellen ein solches Angebot mit dem ADFC anzubieten?<br \/>Meldet euch gerne unter <a href=\"mailto:info@adfc-wiesbaden.de\">info@adfc-wiesbaden.de<\/a> oder kommt bei einem Aktiventreffen vorbei.<\/p> <h3>Umweltladen Wiesbaden<\/h3> <p>Der Umweltladen Wiesbaden bietet in Zusammenarbeit mit \"der Radler\" und dem ADFC Mainz-Bingen Reperaturkurs f\u00fcr Anf\u00e4nger und Fortgeschrittene an. Weitere Informationen zu diesem Angebot findet ihr unter <a href=\"https:\/\/www.wiesbaden.de\/leben-in-wiesbaden\/umwelt-natur-klima\/umweltberatung\/kurse-fahrradreparatur\" target=\"_blank\" rel=\"noopener\">Reparaturkurse vom Umweltladen.<\/a><\/p> <h3>R\u00fcckenwind<\/h3> <p>Der Verein R\u00fcckenwind in Wiesbaden l\u00e4dt in der warmen Jahreszeit jeden Freitag ab 15 Uhr zur offenen Werkstatt an ihrem Container im Kulturparkam Schlachthof ein. Weitere Informationen zu diesem Angebot findet ihr unter <a href=\"http:\/\/www.rueckenwind-in-wiesbaden.de\/index.php\/fahrradwerkstatt\/\" target=\"_blank\" rel=\"noopener\">R\u00fcckenwind.<\/a><\/p> <h3>Mitmachwerkstatt Kiezwerkstatt<\/h3> <p>In der im April neu er\u00f6ffneten Kiezwerkstatt gibt es die M\u00f6glichkeit, die Infrastruktur der Werkstatt gegen eine kleine Geb\u00fchr zu nutzen, um sein eigenes Fahrrad zu reparieren. Weitere Informationen zu diesem Angebot findet ihr unter <a href=\"https:\/\/www.kiezkaufhaus.de\/#preisliste-unserer-mitmachwerkstatt\" target=\"_blank\" rel=\"noopener\">Kiezwerkstatt.<\/a><\/p> <h3>E-Motion Walluf<\/h3> <p>In Walluf bietet E-Motion Workshops zur E-Bike-Reperatur an. Hier gibt es ebenfalls andere Angebote, die f\u00fcr euch interessant sein k\u00f6nnten <a href=\"https:\/\/emotion-ebikes.de\/standorte\/he\/wiesbaden\/together?merchantId=12971137\" target=\"_blank\" rel=\"noopener\">https:\/\/emotion-ebikes.de\/standorte\/he\/wiesbaden\/together?merchantId=12971137<\/a><\/p>","_links":{"self":[{"href":"https:\/\/www.adfc-wiesbaden.de\/ro\/wp-json\/wp\/v2\/pages\/71914","targetHints":{"allow":["GET"]}}],"collection":[{"href":"https:\/\/www.adfc-wiesbaden.de\/ro\/wp-json\/wp\/v2\/pages"}],"about":[{"href":"https:\/\/www.adfc-wiesbaden.de\/ro\/wp-json\/wp\/v2\/types\/page"}],"author":[{"embeddable":true,"href":"https:\/\/www.adfc-wiesbaden.de\/ro\/wp-json\/wp\/v2\/users\/53"}],"replies":[{"embeddable":true,"href":"https:\/\/www.adfc-wiesbaden.de\/ro\/wp-json\/wp\/v2\/comments?post=71914"}],"version-history":[{"count":19,"href":"https:\/\/www.adfc-wiesbaden.de\/ro\/wp-json\/wp\/v2\/pages\/71914\/revisions"}],"predecessor-version":[{"id":75641,"href":"https:\/\/www.adfc-wiesbaden.de\/ro\/wp-json\/wp\/v2\/pages\/71914\/revisions\/75641"}],"up":[{"embeddable":true,"href":"https:\/\/www.adfc-wiesbaden.de\/ro\/wp-json\/wp\/v2\/pages\/69773"}],"wp:featuredmedia":[{"embeddable":true,"href":"https:\/\/www.adfc-wiesbaden.de\/ro\/wp-json\/wp\/v2\/media\/69177"}],"wp:attachment":[{"href":"https:\/\/www.adfc-wiesbaden.de\/ro\/wp-json\/wp\/v2\/media?parent=71914"}],"wp:term":[{"taxonomy":"post_tag","embeddable":true,"href":"https:\/\/www.adfc-wiesbaden.de\/ro\/wp-json\/wp\/v2\/tags?post=71914"}],"curies":[{"name":"wp","href":"https:\/\/api.w.org\/{rel}","templated":true}]}}