{"id":73370,"date":"2025-08-30T09:25:46","date_gmt":"2025-08-30T07:25:46","guid":{"rendered":"https:\/\/www.adfc-wiesbaden.de\/?page_id=73370"},"modified":"2025-12-27T10:05:30","modified_gmt":"2025-12-27T09:05:30","slug":"einstiegsmitgliedschaft-im-adfc","status":"publish","type":"page","link":"https:\/\/www.adfc-wiesbaden.de\/ro\/einstiegsmitgliedschaft-im-adfc\/","title":{"rendered":"Calitatea de membru al ADFC la nivel de intrare"},"content":{"rendered":"<!--themify_builder_content-->\n<div id=\"themify_builder_content-73370\" data-postid=\"73370\" class=\"themify_builder_content themify_builder_content-73370 themify_builder tf_clear\">\n                    <div  data-lazy=\"1\" class=\"module_row themify_builder_row tb_r5mf387 tb_first tf_w\">\n                        <div class=\"row_inner col_align_top tb_col_count_1 tf_box tf_rel\">\n                        <div  data-lazy=\"1\" class=\"module_column tb-column col-full tb_dqo1387 first\">\n                    <!-- module image -->\n<div  class=\"module module-image tb_5ly9178 image-top   tf_mw tb_gs2677162d\" data-lazy=\"1\">\n        <div class=\"image-wrap tf_rel tf_mw\">\n            <img loading=\"lazy\" decoding=\"async\" width=\"2048\" height=\"1152\" src=\"https:\/\/www.adfc-wiesbaden.de\/wp-content\/uploads\/2025\/08\/Einstieg-Herbst-24_w2100-2048x1152-1.webp\" class=\"wp-post-image wp-image-73373\" title=\"Deveni\u021bi membru al pre\u021bului promo\u021bional acum!\" alt=\"Deveni\u021bi membru al pre\u021bului promo\u021bional acum!\" srcset=\"https:\/\/www.adfc-wiesbaden.de\/wp-content\/uploads\/2025\/08\/Einstieg-Herbst-24_w2100-2048x1152-1.webp 2048w, https:\/\/www.adfc-wiesbaden.de\/wp-content\/uploads\/2025\/08\/Einstieg-Herbst-24_w2100-2048x1152-1-700x394.webp 700w, https:\/\/www.adfc-wiesbaden.de\/wp-content\/uploads\/2025\/08\/Einstieg-Herbst-24_w2100-2048x1152-1-1400x788.webp 1400w, https:\/\/www.adfc-wiesbaden.de\/wp-content\/uploads\/2025\/08\/Einstieg-Herbst-24_w2100-2048x1152-1-200x113.webp 200w, https:\/\/www.adfc-wiesbaden.de\/wp-content\/uploads\/2025\/08\/Einstieg-Herbst-24_w2100-2048x1152-1-768x432.webp 768w, https:\/\/www.adfc-wiesbaden.de\/wp-content\/uploads\/2025\/08\/Einstieg-Herbst-24_w2100-2048x1152-1-1536x864.webp 1536w\" sizes=\"auto, (max-width: 2048px) 100vw, 2048px\" \/>    \n        <\/div>\n    <!-- \/image-wrap -->\n    \n        <div class=\"image-content\">\n                    <h1 class=\"image-title\">\n                                    Deveni\u021bi membru al pre\u021bului promo\u021bional acum!                            <\/h1>\n                    <\/div>\n    <!-- \/image-content -->\n        <\/div>\n<!-- \/module image -->        <div  data-lazy=\"1\" class=\"module_subrow themify_builder_sub_row tf_w col_align_top tb_col_count_2 tb_mp1p690\">\n                <div  data-lazy=\"1\" class=\"module_column sub_column col4-2 tb_kn9n691 first\">\n                    <!-- module text -->\n<div  class=\"module module-text tb_l55g973    tb_gs678604\" data-lazy=\"1\">\n        <div  class=\"tb_text_wrap\">\n        <h1>\u00cempreun\u0103 pentru tranzi\u021bia \u00een domeniul transporturilor<\/h1>\n<p>Vara se apropie de sf\u00e2r\u0219it, dar distrac\u021bia ciclismului continu\u0103. \u00cencepe\u021bi s\u0103 deveni\u021bi membru acum <b>ADFC<\/b>, Clubul German de Biciclete. \u00cen paralel cu diversele noastre evenimente din septembrie, lans\u0103m o campanie special\u0103: <strong>P\u00e2n\u0103 la 31.10.2025 pute\u021bi profita de calitatea de membru ADFC \u00een 1. Bucura\u021bi-v\u0103 de acest an pentru doar 19 \u20ac \u0219i sprijini\u021bi cea mai important\u0103 asocia\u021bie de lobby \u00een jurul ciclismului.\u00a0<\/strong><\/p>\n<p>ADFC s-a angajat \u00een tranzi\u021bia transporturilor de peste 40 de ani. Deoarece cu c\u00e2t sunt mai mul\u021bi oameni, cu at\u00e2t sunt mai bune condi\u021biile de via\u021b\u0103 pentru toat\u0103 lumea. Mai mult ciclism \u00eenseamn\u0103 mai pu\u021bine ma\u0219ini, mai pu\u021bine ambuteiaje, mai pu\u021bin\u0103 poluare a aerului. \u0218i trasee mai atractive pentru biciclete, intersec\u021bii sigure, parcare bun\u0103 pentru biciclete \u0219i multe altele. Al\u0103tura\u021bi-v\u0103 nou\u0103 chiar acum \u2013 fiecare membru ne face mai puternici!\u00a0<\/p>\n<p>Deveni\u021bi parte a unei comunit\u0103\u021bi puternice la nivel na\u021bional \u0219i \u00een special \u00een Wiesbaden \u0219i Rheingau-Taunus-Kreis.\u00a0<\/p>\n<div class=\"module module-text tb_fmzq444 tb_gs678604\">\n<div class=\"tb_text_wrap\">\n<h5><a href=\"https:\/\/www.adfc.de\/formulare\/beitrittserklaerung-fuer-einstiegsmitglieder\/?aktionscode=60 B21\" data-wplink-url-error=\"true\">Deveni\u021bi membru ADFC acum la un pre\u021b special<\/a><\/h5>\n<\/div>\n<\/div>\n<div class=\"module module-text tb_ssce97 post-absatz-bild-mittel tb_gs678604\">\n<div class=\"tb_text_wrap\">\n<p><strong>Beneficii pentru membrii ADFC<\/strong><\/p>\n<ul>\n<li>asigurare de protec\u021bie juridic\u0103 pentru bicicli\u0219ti \u0219i pietoni<\/li>\n<li>Asisten\u021b\u0103 rutier\u0103 ADFC cu linie telefonic\u0103 de urgen\u021b\u0103 deschis\u0103 24 de ore din 24<\/li>\n<li>Revista ADFC Radwelt<\/li>\n<li>Reduceri la produsele ADFC, excursii cu bicicleta \u0219i excursii cu bicicleta pl\u0103tite ale ADFC Frankfurt<\/li>\n<\/ul>\n<p><a href=\"https:\/\/www.adfc.de\/mitgliedschaft\/adfc-mitgliedschaft-vorteile\">Beneficii pentru membrii ADFC<\/a><\/p>\n<div class=\"module_column tb-column col4-2 tb_0dr6993 first\">\n<div class=\"module module-text tb_ssce97 post-absatz-bild-mittel tb_gs678604\">\n<div class=\"tb_text_wrap\">\n<p>Cotiza\u021bia de membru redus\u0103 de 19,00 Euro \u00een primul an de apartenen\u021b\u0103 la ADFC se aplic\u0103 acestei promov\u0103ri a noului membru al Clubului General German de Biciclete. Dup\u0103 aceea, calitatea dvs. de membru va fi prelungit\u0103 la pre\u021bul normal, dac\u0103 nu este reziliat\u0103 de dvs. \u00een prealabil.\u00a0<b>Prin calitatea dumneavoastr\u0103 de membru ADFC, sprijini\u021bi activitatea Allgemeine Deutscher Fahrrad-Club pe \u00eentreg teritoriul Germaniei \u2013 pentru ora\u0219e locuibile \u0219i o schimbare real\u0103 \u00een domeniul ciclismului.<\/b> Not\u0103: Pute\u021bi utiliza pre\u021bul de intrare redus o singur\u0103 dat\u0103. Dup\u0103 aceea, v\u0103 vom duce cu pl\u0103cere \u00eenapoi la tariful obi\u0219nuit de membru.<\/p>\n<\/div>\n<\/div>\n<\/div>\n<\/div>\n<\/div>\n<p>\u00a0<\/p>    <\/div>\n<\/div>\n<!-- \/module text -->        <\/div>\n                    <div  data-lazy=\"1\" class=\"module_column sub_column col4-2 tb_b2r1691 last\">\n                    <!-- module image -->\n<div  class=\"module module-image tb_k52t600 image-top   tf_mw\" data-lazy=\"1\">\n        <div class=\"image-wrap tf_rel tf_mw\">\n            <a href=\"https:\/\/www.adfc.de\/formulare\/beitrittserklaerung-fuer-einstiegsmitglieder\/?aktionscode=60%20B21\" rel=\"noopener\" target=\"_blank\">\n                   <img loading=\"lazy\" decoding=\"async\" width=\"1212\" height=\"736\" src=\"https:\/\/www.adfc-wiesbaden.de\/wp-content\/uploads\/2025\/08\/csm_Einstiegsmitgliedschaft_19_Euro.gif\" class=\"wp-post-image wp-image-73382\" title=\"csm _Aderare _19 _Euro\" alt=\"csm _Aderare _19 _Euro\">        <\/a>\n    \n        <\/div>\n    <!-- \/image-wrap -->\n    \n        <\/div>\n<!-- \/module image -->        <\/div>\n                    <\/div>\n                <\/div>\n                        <\/div>\n        <\/div>\n        <\/div>\n<!--\/themify_builder_content-->\n\n\n<p><\/p>","protected":false},"excerpt":{"rendered":"<p>Un an la un pre\u021b de baz\u0103 de 19 EUR* \u2013 pentru c\u0103 mersul cu bicicleta te face fericit, chiar \u0219i iarna.<\/p>","protected":false},"author":50,"featured_media":73422,"parent":0,"menu_order":9,"comment_status":"closed","ping_status":"closed","template":"","meta":{"footnotes":""},"tags":[898,806],"class_list":["post-73370","page","type-page","status-publish","has-post-thumbnail","hentry","tag-aktion","tag-verein","has-post-title","has-post-date","has-post-category","has-post-tag","has-post-comment","has-post-author",""],"builder_content":"<img src=\"https:\/\/www.adfc-wiesbaden.de\/wp-content\/uploads\/2025\/08\/Einstieg-Herbst-24_w2100-2048x1152-1.webp\" title=\"Jetzt zum Aktionspreis Mitglied werden!\" alt=\"Jetzt zum Aktionspreis Mitglied werden!\" srcset=\"https:\/\/www.adfc-wiesbaden.de\/wp-content\/uploads\/2025\/08\/Einstieg-Herbst-24_w2100-2048x1152-1.webp 2048w, https:\/\/www.adfc-wiesbaden.de\/wp-content\/uploads\/2025\/08\/Einstieg-Herbst-24_w2100-2048x1152-1-700x394.webp 700w, https:\/\/www.adfc-wiesbaden.de\/wp-content\/uploads\/2025\/08\/Einstieg-Herbst-24_w2100-2048x1152-1-1400x788.webp 1400w, https:\/\/www.adfc-wiesbaden.de\/wp-content\/uploads\/2025\/08\/Einstieg-Herbst-24_w2100-2048x1152-1-200x113.webp 200w, https:\/\/www.adfc-wiesbaden.de\/wp-content\/uploads\/2025\/08\/Einstieg-Herbst-24_w2100-2048x1152-1-768x432.webp 768w, https:\/\/www.adfc-wiesbaden.de\/wp-content\/uploads\/2025\/08\/Einstieg-Herbst-24_w2100-2048x1152-1-1536x864.webp 1536w\" sizes=\"(max-width: 2048px) 100vw, 2048px\" \/> <h1> Jetzt zum Aktionspreis Mitglied werden! <\/h1>\n<h1>Gemeinsam f\u00fcr die Verkehrswende<\/h1> <p>Der Sommer neigt sich dem Ende zu, aber der Spa\u00df am Radfahren geht weiter. Starte jetzt deine Mitgliedschaft beim <b>ADFC<\/b>, dem Allgemeinen Deutschen Fahrrad-Club. Parallel zu unseren vielf\u00e4ltigen Events im September starten wir eine besondere Aktion: <strong>Bis zum 31.10.2025 k\u00f6nnt ihr die Vorteile der ADFC Mitgliedschaft im 1. Jahr f\u00fcr nur 19 \u20ac genie\u00dfen und dabei den wichtigsten Lobbyverband rund ums Radfahren unterst\u00fctzen.\u00a0<\/strong><\/p> <p>Der ADFC setzt sich seit \u00fcber 40 Jahren f\u00fcr die Verkehrswende ein. Denn: Je mehr Menschen Rad fahren, desto besser sind die Lebensbedingungen f\u00fcr alle. Mehr Radverkehr bedeutet weniger Autos, weniger Stau, weniger Luftverschmutzung. Und mehr attraktive Radwege, sichere Kreuzungen, gute Fahrradparkpl\u00e4tze und vieles mehr. Seien auch Sie dabei, gerade jetzt \u2013 jedes Mitglied macht uns st\u00e4rker!\u00a0<\/p> <p>Werde Teil einer starken bundesweiten Gemeinschaft und vor allem in Wiesbaden und dem Rheingau-Taunus-Kreis.\u00a0<\/p>\n<h5><a href=\"https:\/\/www.adfc.de\/formulare\/beitrittserklaerung-fuer-einstiegsmitglieder\/?aktionscode=60 B21\" data-wplink-url-error=\"true\">Jetzt ADFC-Mitglied werden zum Aktionspreis<\/a><\/h5>\n<p><strong>Vorteile f\u00fcr ADFC-Mitglieder<\/strong><\/p> <ul> <li>als Radfahrer und Fu\u00dfg\u00e4nger rechtsschutzversichert<\/li> <li>ADFC-Pannenhilfe mit 24-Stunden-Hotline<\/li> <li>ADFC-Magazin Radwelt<\/li> <li>Rabatte bei ADFC-Produkten, Radreisen und kostenpflichtigen Radtouren des ADFC Frankfurt<\/li> <\/ul> <p><a href=\"https:\/\/www.adfc.de\/mitgliedschaft\/adfc-mitgliedschaft-vorteile\">Vorteile f\u00fcr ADFC Mitglieder<\/a><\/p>\n<p>F\u00fcr diese Neumitglieder-Aktion des Allgemeinen Deutschen Fahrrad-Clubs gilt der verg\u00fcnstigten Mitgliedsbeitrag von 19,00 Euro im ersten Jahr der ADFC-Mitgliedschaft. Danach verl\u00e4ngert sich Ihre Mitgliedschaft zum Normalpreis, wenn sie nicht von Ihnen vorher gek\u00fcndigt wird.\u00a0<b>Mit Ihrer ADFC-Mitgliedschaft unterst\u00fctzen Sie die Arbeit des Allgemeinen Deutschen Fahrrad-Clubs in ganz Deutschland \u2013 f\u00fcr lebenswerte St\u00e4dte und eine echte Verkehrswende mit dem Fahrrad im Mittelpunkt.<\/b> Hinweis: Den verg\u00fcnstigten Einstiegspreis k\u00f6nnen Sie nur einmal in Anspruch nehmen. Danach nehmen wir Sie gerne zum regul\u00e4ren Mitglieder-Tarif erneut auf.<\/p>\n<p>\u00a0<\/p>\n<a href=\"https:\/\/www.adfc.de\/formulare\/beitrittserklaerung-fuer-einstiegsmitglieder\/?aktionscode=60%20B21\" rel=\"noopener\" target=\"_blank\"> <img src=\"https:\/\/www.adfc-wiesbaden.de\/wp-content\/uploads\/2025\/08\/csm_Einstiegsmitgliedschaft_19_Euro.gif\" title=\"csm_Einstiegsmitgliedschaft_19_Euro\" alt=\"csm_Einstiegsmitgliedschaft_19_Euro\"> <\/a>","_links":{"self":[{"href":"https:\/\/www.adfc-wiesbaden.de\/ro\/wp-json\/wp\/v2\/pages\/73370","targetHints":{"allow":["GET"]}}],"collection":[{"href":"https:\/\/www.adfc-wiesbaden.de\/ro\/wp-json\/wp\/v2\/pages"}],"about":[{"href":"https:\/\/www.adfc-wiesbaden.de\/ro\/wp-json\/wp\/v2\/types\/page"}],"author":[{"embeddable":true,"href":"https:\/\/www.adfc-wiesbaden.de\/ro\/wp-json\/wp\/v2\/users\/50"}],"replies":[{"embeddable":true,"href":"https:\/\/www.adfc-wiesbaden.de\/ro\/wp-json\/wp\/v2\/comments?post=73370"}],"version-history":[{"count":24,"href":"https:\/\/www.adfc-wiesbaden.de\/ro\/wp-json\/wp\/v2\/pages\/73370\/revisions"}],"predecessor-version":[{"id":74487,"href":"https:\/\/www.adfc-wiesbaden.de\/ro\/wp-json\/wp\/v2\/pages\/73370\/revisions\/74487"}],"wp:featuredmedia":[{"embeddable":true,"href":"https:\/\/www.adfc-wiesbaden.de\/ro\/wp-json\/wp\/v2\/media\/73422"}],"wp:attachment":[{"href":"https:\/\/www.adfc-wiesbaden.de\/ro\/wp-json\/wp\/v2\/media?parent=73370"}],"wp:term":[{"taxonomy":"post_tag","embeddable":true,"href":"https:\/\/www.adfc-wiesbaden.de\/ro\/wp-json\/wp\/v2\/tags?post=73370"}],"curies":[{"name":"wp","href":"https:\/\/api.w.org\/{rel}","templated":true}]}}