{"id":73469,"date":"2025-09-09T21:33:23","date_gmt":"2025-09-09T19:33:23","guid":{"rendered":"https:\/\/www.adfc-wiesbaden.de\/?page_id=73469"},"modified":"2025-09-09T21:35:12","modified_gmt":"2025-09-09T19:35:12","slug":"dossier-mit-dem-rad-zur-schule","status":"publish","type":"page","link":"https:\/\/www.adfc-wiesbaden.de\/ro\/dossier-mit-dem-rad-zur-schule\/","title":{"rendered":"Dosar: Mersul cu bicicleta la \u0219coal\u0103"},"content":{"rendered":"<!-- wp:themify-builder\/canvas \/-->","protected":false},"excerpt":{"rendered":"<p>P\u0103rin\u021bii consider\u0103 adesea c\u0103 drumul spre \u0219coal\u0103 este nesigur \u0219i \u00ee\u0219i aduc adesea copiii cu ma\u0219ina. Cu toate acestea, acest lucru nu \u00eei ajut\u0103 pe copii s\u0103-\u0219i st\u0103p\u00e2neasc\u0103 propriul drum spre \u0219coal\u0103. Dosarul ADFC arat\u0103 modul \u00een care p\u0103rin\u021bii \u00ee\u0219i pot preg\u0103ti copiii pentru \u0219coal\u0103.<\/p>","protected":false},"author":50,"featured_media":73470,"parent":0,"menu_order":1,"comment_status":"closed","ping_status":"closed","template":"","meta":{"footnotes":""},"tags":[899],"class_list":["post-73469","page","type-page","status-publish","has-post-thumbnail","hentry","tag-schule","has-post-title","has-post-date","has-post-category","has-post-tag","has-post-comment","has-post-author",""],"builder_content":"","_links":{"self":[{"href":"https:\/\/www.adfc-wiesbaden.de\/ro\/wp-json\/wp\/v2\/pages\/73469","targetHints":{"allow":["GET"]}}],"collection":[{"href":"https:\/\/www.adfc-wiesbaden.de\/ro\/wp-json\/wp\/v2\/pages"}],"about":[{"href":"https:\/\/www.adfc-wiesbaden.de\/ro\/wp-json\/wp\/v2\/types\/page"}],"author":[{"embeddable":true,"href":"https:\/\/www.adfc-wiesbaden.de\/ro\/wp-json\/wp\/v2\/users\/50"}],"replies":[{"embeddable":true,"href":"https:\/\/www.adfc-wiesbaden.de\/ro\/wp-json\/wp\/v2\/comments?post=73469"}],"version-history":[{"count":5,"href":"https:\/\/www.adfc-wiesbaden.de\/ro\/wp-json\/wp\/v2\/pages\/73469\/revisions"}],"predecessor-version":[{"id":73475,"href":"https:\/\/www.adfc-wiesbaden.de\/ro\/wp-json\/wp\/v2\/pages\/73469\/revisions\/73475"}],"wp:featuredmedia":[{"embeddable":true,"href":"https:\/\/www.adfc-wiesbaden.de\/ro\/wp-json\/wp\/v2\/media\/73470"}],"wp:attachment":[{"href":"https:\/\/www.adfc-wiesbaden.de\/ro\/wp-json\/wp\/v2\/media?parent=73469"}],"wp:term":[{"taxonomy":"post_tag","embeddable":true,"href":"https:\/\/www.adfc-wiesbaden.de\/ro\/wp-json\/wp\/v2\/tags?post=73469"}],"curies":[{"name":"wp","href":"https:\/\/api.w.org\/{rel}","templated":true}]}}