{"id":74832,"date":"2026-01-07T16:58:00","date_gmt":"2026-01-07T15:58:00","guid":{"rendered":"https:\/\/www.adfc-wiesbaden.de\/?page_id=74832"},"modified":"2026-03-08T10:40:27","modified_gmt":"2026-03-08T09:40:27","slug":"kidical-mass-unterstuetzen","status":"publish","type":"page","link":"https:\/\/www.adfc-wiesbaden.de\/ro\/kidical-mass\/kidical-mass-unterstuetzen\/","title":{"rendered":"Sus\u021binerea masei infantile"},"content":{"rendered":"<!--themify_builder_content-->\n<div id=\"themify_builder_content-74832\" data-postid=\"74832\" class=\"themify_builder_content themify_builder_content-74832 themify_builder tf_clear\">\n                    <div  data-lazy=\"1\" class=\"module_row themify_builder_row tb_shct620 tb_first tf_w\">\n                        <div class=\"row_inner col_align_top tb_col_count_1 tf_box tf_rel\">\n                        <div  data-lazy=\"1\" class=\"module_column tb-column col-full tb_m93a620 first\">\n                    <!-- module image -->\n<div  class=\"module module-image tb_i76z378 image-top   tf_mw tb_gs2677162d\" data-lazy=\"1\">\n        <div class=\"image-wrap tf_rel tf_mw\">\n            <img loading=\"lazy\" decoding=\"async\" width=\"2560\" height=\"1707\" src=\"https:\/\/www.adfc-wiesbaden.de\/wp-content\/uploads\/2025\/09\/2025_adfc_biebricher_fahrradtage_ntannreuther_044-scaled.jpg\" class=\"wp-post-image wp-image-73634\" title=\"Afi\u0219e demonstrative Kidical Mass | \u00a9 Nadine Tannreuther\" alt=\"Afi\u0219e demonstrative Kidical Mass | \u00a9 Nadine Tannreuther\" srcset=\"https:\/\/www.adfc-wiesbaden.de\/wp-content\/uploads\/2025\/09\/2025_adfc_biebricher_fahrradtage_ntannreuther_044-scaled.jpg 2560w, https:\/\/www.adfc-wiesbaden.de\/wp-content\/uploads\/2025\/09\/2025_adfc_biebricher_fahrradtage_ntannreuther_044-700x467.jpg 700w, https:\/\/www.adfc-wiesbaden.de\/wp-content\/uploads\/2025\/09\/2025_adfc_biebricher_fahrradtage_ntannreuther_044-1400x933.jpg 1400w, https:\/\/www.adfc-wiesbaden.de\/wp-content\/uploads\/2025\/09\/2025_adfc_biebricher_fahrradtage_ntannreuther_044-200x133.jpg 200w, https:\/\/www.adfc-wiesbaden.de\/wp-content\/uploads\/2025\/09\/2025_adfc_biebricher_fahrradtage_ntannreuther_044-768x512.jpg 768w, https:\/\/www.adfc-wiesbaden.de\/wp-content\/uploads\/2025\/09\/2025_adfc_biebricher_fahrradtage_ntannreuther_044-1536x1024.jpg 1536w, https:\/\/www.adfc-wiesbaden.de\/wp-content\/uploads\/2025\/09\/2025_adfc_biebricher_fahrradtage_ntannreuther_044-2048x1365.jpg 2048w\" sizes=\"auto, (max-width: 2560px) 100vw, 2560px\" \/>    \n        <\/div>\n    <!-- \/image-wrap -->\n    \n        <div class=\"image-content\">\n                    <h3 class=\"image-title\">\n                                    Afi\u0219e demonstrative Kidical Mass | \u00a9 Nadine Tannreuther                            <\/h3>\n                    <\/div>\n    <!-- \/image-content -->\n        <\/div>\n<!-- \/module image --><!-- module text -->\n<div  class=\"module module-text tb_ug7g869    tb_gs678604\" data-lazy=\"1\">\n        <div  class=\"tb_text_wrap\">\n        <h1>Vrei s\u0103 sus\u021bii Liturghia Kidical? E grozav\u0103!<\/h1>\n<p>Ne-am distrat organiz\u00e2nd un eveniment frumos \u0219i sigur pe biciclet\u0103 pentru copii \u0219i lucr\u00e2nd \u00eempreun\u0103 la un Wiesbaden prietenos cu bicicleta.<\/p>\n<p><strong>Fii un folder \u00een timpul demonstra\u021biei<\/strong><br \/>Ca dosar, asigura\u021bi-v\u0103 c\u0103 sunt respectate regulile demonstra\u021biei \u2013 de exemplu, c\u0103 nimeni nu conduce pe trotuar \u0219i c\u0103 l\u0103\u021bimea benzii de circula\u021bie r\u0103m\u00e2ne liber\u0103 \u00een partea dreapt\u0103. Foldere sunt recunoscute de corpuri ro\u0219ii \u0219i un folder de legare. Dac\u0103 sunte\u021bi interesat, v\u0103 rug\u0103m s\u0103 contacta\u021bi <a href=\"\/ro\/m&\/#97;&#105;&#x6c;&#x74;&#x6f;:&#103;&#117;&#x65;&#x6e;&#x6e;i&#64;&#97;&#x64;&#x66;&#x63;-w&#105;&#101;&#x73;&#x62;&#x61;d&#101;&#110;&#x2e;&#x64;&#x65;\">guenni@adfc-wiesbaden.de<\/a>.<\/p>\n<p><strong>Oferi\u021bi un alimentator<\/strong><br \/>Pentru ca \u0219i mai mul\u021bi copii s\u0103 participe la Liturghia Kidical Wiesbaden, am dori s\u0103 oferim hr\u0103nitori din districte. \u00cen acest proces, conduce\u021bi \u00eempreun\u0103 din districtul dvs. p\u00e2n\u0103 la punctul de plecare al Liturghiei Kidical. Dac\u0103 dori\u021bi s\u0103 ghida\u021bi un astfel de tur, v\u0103 rug\u0103m s\u0103 contacta\u021bi <a href=\"\/ro\/&\/#x6d;&#x61;&#x69;&#x6c;&#116;&#111;:ki&#x64;&#x69;&#x63;&#x61;&#108;&#109;ass&#x40;&#x61;&#x64;&#x66;&#99;&#45;&#119;ie&#x73;&#x62;&#x61;&#x64;&#101;&#110;&#46;de\">kidicalmass@adfc-wiesbaden.de<\/a>.<\/p>\n<p><strong>Deveni\u021bi parte a echipei<\/strong><br \/>Suntem mereu ner\u0103bd\u0103tori s\u0103 cre\u0219tem \u00een echipa de orga. Dac\u0103 sunte\u021bi interesat s\u0103 participa\u021bi la organizarea Liturghiei Kidical sau dori\u021bi doar s\u0103 gusta\u021bi din ea, v\u0103 rug\u0103m s\u0103 contacta\u021bi <a href=\"\/ro\/m&\/#97;&#x69;&#x6c;&#x74;o&#58;&#107;&#x69;&#x64;i&#99;&#97;&#x6c;&#x6d;as&#115;&#x40;&#x61;&#x64;f&#99;&#x2d;&#x77;&#x69;e&#115;&#98;&#x61;&#x64;e&#110;&#46;&#x64;&#x65;\">kidicalmass@adfc-wiesbaden.de<\/a>.<\/p>\n<p><strong>Hai s\u0103 facem din Wiesbaden un ora\u0219 al bicicletelor<\/strong><br \/>V\u0103 sprijinim dac\u0103 dori\u021bi ca \u0219coala copiilor dumneavoastr\u0103 s\u0103 fie mai prietenoas\u0103 cu bicicletele \u2013 de exemplu, dac\u0103 dori\u021bi s\u0103 configura\u021bi un ritm de 30 de minute \u00eenainte de \u0219coal\u0103, dac\u0103 nu exist\u0103 suporturi pentru biciclete, dac\u0103 taxiurile p\u0103rin\u021bilor cauzeaz\u0103 nesiguran\u021b\u0103 diminea\u021ba sau dac\u0103 dori\u021bi s\u0103 configura\u021bi o strad\u0103 \u0219colar\u0103. V\u0103 rug\u0103m s\u0103 nu ezita\u021bi s\u0103 ne contacta\u021bi cu preocup\u0103rile dumneavoastr\u0103 <a href=\"\/ro\/m&\/#97;&#x69;&#x6c;t&#111;&#x3a;&#x6b;i&#100;&#x69;&#x63;a&#108;&#x6d;&#x61;s&#115;&#x40;&#x61;d&#102;&#99;&#x2d;&#x77;i&#101;&#x73;&#x62;a&#100;&#x65;&#x6e;&#46;&#100;&#x65;\">kidicalmass@adfc-wiesbaden.de<\/a>.<\/p>    <\/div>\n<\/div>\n<!-- \/module text -->        <\/div>\n                        <\/div>\n        <\/div>\n        <\/div>\n<!--\/themify_builder_content-->\n\n\n<p><\/p>","protected":false},"excerpt":{"rendered":"<p>Vrei s\u0103 sus\u021bii Liturghia Kidical? E grozav\u0103!<\/p>\n<p>Ne-am distrat organiz\u00e2nd un eveniment frumos \u0219i sigur pe biciclet\u0103 pentru copii \u0219i lucr\u00e2nd \u00eempreun\u0103 la un Wiesbaden prietenos cu bicicleta.<\/p>","protected":false},"author":50,"featured_media":75249,"parent":74799,"menu_order":0,"comment_status":"closed","ping_status":"closed","template":"","meta":{"footnotes":""},"tags":[516,206,807],"class_list":["post-74832","page","type-page","status-publish","has-post-thumbnail","hentry","tag-kidical-mass","tag-radtouren","tag-veranstaltung","has-post-title","has-post-date","has-post-category","has-post-tag","has-post-comment","has-post-author",""],"builder_content":"<img src=\"https:\/\/www.adfc-wiesbaden.de\/wp-content\/uploads\/2025\/09\/2025_adfc_biebricher_fahrradtage_ntannreuther_044-scaled.jpg\" title=\"Demoplakat Kidical Mass | &copy; Nadine Tannreuther\" alt=\"Demoplakat Kidical Mass | &copy; Nadine Tannreuther\" srcset=\"https:\/\/www.adfc-wiesbaden.de\/wp-content\/uploads\/2025\/09\/2025_adfc_biebricher_fahrradtage_ntannreuther_044-scaled.jpg 2560w, https:\/\/www.adfc-wiesbaden.de\/wp-content\/uploads\/2025\/09\/2025_adfc_biebricher_fahrradtage_ntannreuther_044-700x467.jpg 700w, https:\/\/www.adfc-wiesbaden.de\/wp-content\/uploads\/2025\/09\/2025_adfc_biebricher_fahrradtage_ntannreuther_044-1400x933.jpg 1400w, https:\/\/www.adfc-wiesbaden.de\/wp-content\/uploads\/2025\/09\/2025_adfc_biebricher_fahrradtage_ntannreuther_044-200x133.jpg 200w, https:\/\/www.adfc-wiesbaden.de\/wp-content\/uploads\/2025\/09\/2025_adfc_biebricher_fahrradtage_ntannreuther_044-768x512.jpg 768w, https:\/\/www.adfc-wiesbaden.de\/wp-content\/uploads\/2025\/09\/2025_adfc_biebricher_fahrradtage_ntannreuther_044-1536x1024.jpg 1536w, https:\/\/www.adfc-wiesbaden.de\/wp-content\/uploads\/2025\/09\/2025_adfc_biebricher_fahrradtage_ntannreuther_044-2048x1365.jpg 2048w\" sizes=\"(max-width: 2560px) 100vw, 2560px\" \/> <h3> Demoplakat Kidical Mass | &copy; Nadine Tannreuther <\/h3>\n<h1>Du willst die Kidical Mass unterst\u00fctzen? Gro\u00dfartig!<\/h1> <p>Wir haben Spa\u00df daran, einen sch\u00f6nen und sicheren Fahrradevent f\u00fcr Kinder zu organisieren und gemeinsam an einem fahrradfreundlichen Wiesbaden zu arbeiten.<\/p> <p><strong>Sei Ordner w\u00e4hrend der Demonstration<\/strong><br \/>Als Ordner achtest du darauf, dass die Regeln der Demonstration eingehalten werden \u2013 zum Beispiel, dass niemand auf dem Gehweg f\u00e4hrt und rechts etwa eine Radspurbreite frei bleibt. Ordner sind an roten Leibchen und einer Ordnerbinde erkennbar. Bei Interesse melde dich unter <a href=\"mailto:guenni@adfc-wiesbaden.de\">guenni@adfc-wiesbaden.de<\/a>.<\/p> <p><strong>Biete einen Zubringer an<\/strong><br \/>Damit noch mehr Kinder an der Kidical Mass Wiesbaden teilnehmen, m\u00f6chten wir Zubringer aus den Stadtteilen anbieten. Dabei fahrt ihr gemeinsam von eurem Stadtteil aus zum Startpunkt der Kidical Mass. Wenn du eine solche Tour anleiten m\u00f6chtest, melde dich unter <a href=\"mailto:kidicalmass@adfc-wiesbaden.de\">kidicalmass@adfc-wiesbaden.de<\/a>.<\/p> <p><strong>Werde Teil des Teams<\/strong><br \/>Wir freuen uns immer \u00fcber Zuwachs im Orga-Team. Wenn du Interesse hast, bei der Organisation der Kidical Mass mitzuwirken oder einfach einmal reinschnuppern m\u00f6chtest, melde dich unter <a href=\"mailto:kidicalmass@adfc-wiesbaden.de\">kidicalmass@adfc-wiesbaden.de<\/a>.<\/p> <p><strong>Lass uns Wiesbaden zur Fahrradstadt machen<\/strong><br \/>Wir unterst\u00fctzen euch, wenn ihr die Schule eurer Kinder fahrradfreundlicher machen wollt \u2013 zum Beispiel, wenn Tempo 30 vor der Schule eingerichtet werden soll, Fahrradst\u00e4nder fehlen, Eltern-Taxis morgens f\u00fcr Unsicherheit sorgen oder ihr eine Schulstra\u00dfe einrichten m\u00f6chtet. Kommt gerne mit euren Anliegen auf uns zu unter <a href=\"mailto:kidicalmass@adfc-wiesbaden.de\">kidicalmass@adfc-wiesbaden.de<\/a>.<\/p>","_links":{"self":[{"href":"https:\/\/www.adfc-wiesbaden.de\/ro\/wp-json\/wp\/v2\/pages\/74832","targetHints":{"allow":["GET"]}}],"collection":[{"href":"https:\/\/www.adfc-wiesbaden.de\/ro\/wp-json\/wp\/v2\/pages"}],"about":[{"href":"https:\/\/www.adfc-wiesbaden.de\/ro\/wp-json\/wp\/v2\/types\/page"}],"author":[{"embeddable":true,"href":"https:\/\/www.adfc-wiesbaden.de\/ro\/wp-json\/wp\/v2\/users\/50"}],"replies":[{"embeddable":true,"href":"https:\/\/www.adfc-wiesbaden.de\/ro\/wp-json\/wp\/v2\/comments?post=74832"}],"version-history":[{"count":19,"href":"https:\/\/www.adfc-wiesbaden.de\/ro\/wp-json\/wp\/v2\/pages\/74832\/revisions"}],"predecessor-version":[{"id":75604,"href":"https:\/\/www.adfc-wiesbaden.de\/ro\/wp-json\/wp\/v2\/pages\/74832\/revisions\/75604"}],"up":[{"embeddable":true,"href":"https:\/\/www.adfc-wiesbaden.de\/ro\/wp-json\/wp\/v2\/pages\/74799"}],"wp:featuredmedia":[{"embeddable":true,"href":"https:\/\/www.adfc-wiesbaden.de\/ro\/wp-json\/wp\/v2\/media\/75249"}],"wp:attachment":[{"href":"https:\/\/www.adfc-wiesbaden.de\/ro\/wp-json\/wp\/v2\/media?parent=74832"}],"wp:term":[{"taxonomy":"post_tag","embeddable":true,"href":"https:\/\/www.adfc-wiesbaden.de\/ro\/wp-json\/wp\/v2\/tags?post=74832"}],"curies":[{"name":"wp","href":"https:\/\/api.w.org\/{rel}","templated":true}]}}