{"id":69277,"date":"2025-01-29T17:32:59","date_gmt":"2025-01-29T16:32:59","guid":{"rendered":"https:\/\/wi-test.adfc-frankfurt.de\/?page_id=69277"},"modified":"2025-05-23T05:22:31","modified_gmt":"2025-05-23T03:22:31","slug":"presseportal","status":"publish","type":"page","link":"https:\/\/www.adfc-wiesbaden.de\/tr\/ueber-uns\/presseportal\/","title":{"rendered":"Bas\u0131n portal\u0131"},"content":{"rendered":"<!--themify_builder_content-->\n<div id=\"themify_builder_content-69277\" data-postid=\"69277\" class=\"themify_builder_content themify_builder_content-69277 themify_builder tf_clear\">\n                    <div  data-lazy=\"1\" class=\"module_row themify_builder_row tb_v0iz509 tb_first tf_w\">\n                        <div class=\"row_inner col_align_top tb_col_count_1 tf_box tf_rel\">\n                        <div  data-lazy=\"1\" class=\"module_column tb-column col-full tb_uqne509 first\">\n                    <!-- module text -->\n<div  class=\"module module-text tb_n0i9627    tb_gs678604\" data-lazy=\"1\">\n        <div  class=\"tb_text_wrap\">\n        <h1>Bas\u0131n Portal\u0131na Ho\u015f Geldiniz<\/h1>\n<p>Gazeteciler ifadeleri, arka plan bilgilerini, bas\u0131n foto\u011fraflar\u0131n\u0131 bulabilir ve irtibat ki\u015filerimizle ileti\u015fim kurabilirler.<\/p>\n<h2>\u0130rtibat Ki\u015fileri<\/h2>\n<p>ADFC Wiesbaden \/ Rheingau-Taunus e.V. soru\u015fturma i\u00e7in medyaya a\u00e7\u0131kt\u0131r.<\/p>\n<p>L\u00fctfen ileti\u015fime ge\u00e7in:<\/p>\n<p>Mich\u00e9le Fleckenstein<br \/>E-posta adresiniz: presse@adfc-wiesbaden.de<\/p>    <\/div>\n<\/div>\n<!-- \/module text -->        <\/div>\n                        <\/div>\n        <\/div>\n                        <div  data-anchor=\"Pressemitteilungen\" data-lazy=\"1\" class=\"module_row themify_builder_row tb_has_section tb_section-Pressemitteilungen tb_q7oj425 tf_w\">\n                        <div class=\"row_inner col_align_top tb_col_count_1 tf_box tf_rel\">\n                        <div  data-lazy=\"1\" class=\"module_column tb-column col-full tb_wvft425 first\">\n                    <!-- module plain text -->\n<div  class=\"module module-plain-text tb_o6yb973\" data-lazy=\"1\">\n        <div class=\"tb_text_wrap\">\n    <h5 style=\"margin-bottom:15px;\">En son bas\u0131n b\u00fcltenlerimiz:<\/h5>\n\n<div class=\"posts_results_as_tiles\">\n\n<article class=\"menu_as_tiles_post post\"><div class=\"menu_as_tiles_image\"><a href=\"\/tr\/kidical-mass-2026-wiesbaden-macht-platz-fuer-die-naechste-generation\/\"><img decoding=\"async\" src=\"https:\/\/www.adfc-wiesbaden.de\/wp-content\/uploads\/2025\/04\/2025_kidical_Bahnhof_4_3_20220925_martin-kraft-700x525.jpg\" class=\"menu_as_tiles_image\" width=\"300\" srcset=\"https:\/\/www.adfc-wiesbaden.de\/wp-content\/uploads\/2025\/04\/2025_kidical_Bahnhof_4_3_20220925_martin-kraft-700x525.jpg 700w, https:\/\/www.adfc-wiesbaden.de\/wp-content\/uploads\/2025\/04\/2025_kidical_Bahnhof_4_3_20220925_martin-kraft-1400x1050.jpg 1400w, https:\/\/www.adfc-wiesbaden.de\/wp-content\/uploads\/2025\/04\/2025_kidical_Bahnhof_4_3_20220925_martin-kraft-200x150.jpg 200w, https:\/\/www.adfc-wiesbaden.de\/wp-content\/uploads\/2025\/04\/2025_kidical_Bahnhof_4_3_20220925_martin-kraft-768x576.jpg 768w, https:\/\/www.adfc-wiesbaden.de\/wp-content\/uploads\/2025\/04\/2025_kidical_Bahnhof_4_3_20220925_martin-kraft-1536x1152.jpg 1536w, https:\/\/www.adfc-wiesbaden.de\/wp-content\/uploads\/2025\/04\/2025_kidical_Bahnhof_4_3_20220925_martin-kraft-16x12.jpg 16w, https:\/\/www.adfc-wiesbaden.de\/wp-content\/uploads\/2025\/04\/2025_kidical_Bahnhof_4_3_20220925_martin-kraft-1400x1050-400x300.jpg 400w, https:\/\/www.adfc-wiesbaden.de\/wp-content\/uploads\/2025\/04\/2025_kidical_Bahnhof_4_3_20220925_martin-kraft-1400x1050-300x225.jpg 300w, https:\/\/www.adfc-wiesbaden.de\/wp-content\/uploads\/2025\/04\/2025_kidical_Bahnhof_4_3_20220925_martin-kraft.jpg 1600w\" sizes=\"auto, (max-width: 700px) 100vw, 700px\" loading=\"lazy\" \/><\/a><\/div><div class=\"menu_as_tiles_date\">24.04.2026<\/div><h3 class=\"menu_as_tiles_title\">Kidical Mass 2026'da: Wiesbaden gelecek nesillere yer a\u00e7\u0131yor<\/h3><div class=\"menu_as_tiles_details\">  <span class=\"menu_as_tiles_excerpt\">ADFC Wiesbaden sizi renkli bisiklet demo serisine davet ediyor - daha g\u00fcvenli yollar ve kolay hareketlilik i\u00e7in 3 May\u0131s'ta Dernsche Gel\u00e4nde'de ba\u015fl\u0131yor<\/span><\/div><div class=\"menu_as_tiles_button\"><a href=\"\/tr\/kidical-mass-2026-wiesbaden-macht-platz-fuer-die-naechste-generation\/\">Daha fazla oku<\/a><\/div><div class=\"menu_as_tiles_tag_category_container\"> <div class=\"menu_as_tiles_tag\"><a href=\"\/tr\/tag\/fahrraddemo\/\">Bisiklet demosu<\/a><\/div> <div class=\"menu_as_tiles_tag\"><a href=\"\/tr\/tag\/kidical-mass\/\">Kategori: \u00c7ocuk kitlesi<\/a><\/div> <div class=\"menu_as_tiles_tag\"><a href=\"\/tr\/tag\/politik-verkehr\/\">Politika &amp; Ula\u015f\u0131m<\/a><\/div> <div class=\"menu_as_tiles_tag\"><a href=\"\/tr\/tag\/pressemitteilung\/\">Bas\u0131n a\u00e7\u0131klamas\u0131<\/a><\/div> <div class=\"menu_as_tiles_tag\"><a href=\"\/tr\/tag\/veranstaltung\/\">olay<\/a><\/div><\/div><\/article>\n\n<article class=\"menu_as_tiles_post post\"><div class=\"menu_as_tiles_image\"><a href=\"\/tr\/wiesbaden-waehlt-verkehrspolitik-volles-haus-und-spannendes-format\/\"><img decoding=\"async\" src=\"https:\/\/www.adfc-wiesbaden.de\/wp-content\/uploads\/2026\/02\/2026-02-04_MG_3017_web_4x3_ollo-kessler-700x525.jpg\" class=\"menu_as_tiles_image\" width=\"300\" srcset=\"https:\/\/www.adfc-wiesbaden.de\/wp-content\/uploads\/2026\/02\/2026-02-04_MG_3017_web_4x3_ollo-kessler-700x525.jpg 700w, https:\/\/www.adfc-wiesbaden.de\/wp-content\/uploads\/2026\/02\/2026-02-04_MG_3017_web_4x3_ollo-kessler-1400x1050.jpg 1400w, https:\/\/www.adfc-wiesbaden.de\/wp-content\/uploads\/2026\/02\/2026-02-04_MG_3017_web_4x3_ollo-kessler-200x150.jpg 200w, https:\/\/www.adfc-wiesbaden.de\/wp-content\/uploads\/2026\/02\/2026-02-04_MG_3017_web_4x3_ollo-kessler-768x576.jpg 768w, https:\/\/www.adfc-wiesbaden.de\/wp-content\/uploads\/2026\/02\/2026-02-04_MG_3017_web_4x3_ollo-kessler-1536x1152.jpg 1536w, https:\/\/www.adfc-wiesbaden.de\/wp-content\/uploads\/2026\/02\/2026-02-04_MG_3017_web_4x3_ollo-kessler.jpg 1600w\" sizes=\"auto, (max-width: 700px) 100vw, 700px\" loading=\"lazy\" \/><\/a><\/div><div class=\"menu_as_tiles_date\">06.02.2026<\/div><h3 class=\"menu_as_tiles_title\">Wiesbaden ula\u015f\u0131m politikas\u0131n\u0131 se\u00e7er: tam ev ve heyecan verici format\u00a0<\/h3><div class=\"menu_as_tiles_details\">  <span class=\"menu_as_tiles_excerpt\">B\u00fcy\u00fck bir ba\u015far\u0131, 4 \u015eubat'ta Wiesbaden'deki 4 hareketlilik derne\u011finin se\u00e7im arenas\u0131yd\u0131. Yerel se\u00e7imlerden \u00f6nce ama\u00e7, partilerin ula\u015f\u0131m politikas\u0131 pozisyonlar\u0131n\u0131 se\u00e7menler i\u00e7in \u015feffaf hale getirmekti.<\/span><\/div><div class=\"menu_as_tiles_button\"><a href=\"\/tr\/wiesbaden-waehlt-verkehrspolitik-volles-haus-und-spannendes-format\/\">Daha fazla oku<\/a><\/div><div class=\"menu_as_tiles_tag_category_container\"> <div class=\"menu_as_tiles_tag\"><a href=\"\/tr\/tag\/kommunalwahl\/\">Yerel se\u00e7imler<\/a><\/div> <div class=\"menu_as_tiles_tag\"><a href=\"\/tr\/tag\/politik-verkehr\/\">Politika &amp; Ula\u015f\u0131m<\/a><\/div> <div class=\"menu_as_tiles_tag\"><a href=\"\/tr\/tag\/pressemitteilung\/\">Bas\u0131n a\u00e7\u0131klamas\u0131<\/a><\/div><\/div><\/article>\n\n<article class=\"menu_as_tiles_post post\"><div class=\"menu_as_tiles_image\"><a href=\"\/tr\/awahl-o-rad-zur-kommunalwahl-in-wiesbaden\/\"><img decoding=\"async\" src=\"https:\/\/www.adfc-wiesbaden.de\/wp-content\/uploads\/2026\/01\/Wahl-O-Rad_Beitragsbild_4x3-700x525.png\" class=\"menu_as_tiles_image\" width=\"300\" srcset=\"https:\/\/www.adfc-wiesbaden.de\/wp-content\/uploads\/2026\/01\/Wahl-O-Rad_Beitragsbild_4x3-700x525.png 700w, https:\/\/www.adfc-wiesbaden.de\/wp-content\/uploads\/2026\/01\/Wahl-O-Rad_Beitragsbild_4x3-1400x1050.png 1400w, https:\/\/www.adfc-wiesbaden.de\/wp-content\/uploads\/2026\/01\/Wahl-O-Rad_Beitragsbild_4x3-200x150.png 200w, https:\/\/www.adfc-wiesbaden.de\/wp-content\/uploads\/2026\/01\/Wahl-O-Rad_Beitragsbild_4x3-768x576.png 768w, https:\/\/www.adfc-wiesbaden.de\/wp-content\/uploads\/2026\/01\/Wahl-O-Rad_Beitragsbild_4x3-1536x1152.png 1536w, https:\/\/www.adfc-wiesbaden.de\/wp-content\/uploads\/2026\/01\/Wahl-O-Rad_Beitragsbild_4x3.png 2000w\" sizes=\"auto, (max-width: 700px) 100vw, 700px\" loading=\"lazy\" \/><\/a><\/div><div class=\"menu_as_tiles_date\">29.01.2026<\/div><h3 class=\"menu_as_tiles_title\">ADFC Wiesbaden\/Rheingau-Taunus Wiesbaden belediye se\u00e7imleri i\u00e7in se\u00e7im-o-tekerlek yay\u0131nlar<\/h3><div class=\"menu_as_tiles_details\">  <span class=\"menu_as_tiles_excerpt\">15 Mart Pazar g\u00fcn\u00fc Wiesbaden'de belediye meclisi ve yerel dan\u0131\u015fma konseyleri yeniden se\u00e7ilecek. ADFC, karar verme yard\u0131m\u0131 ve taraflar\u0131n hedeflerine ili\u015fkin i\u00e7g\u00f6r\u00fc olarak, Wiesbaden i\u00e7in etkile\u015fimli \"Wahl-o-Rad\" \u0131 yay\u0131nlad\u0131.<\/span><\/div><div class=\"menu_as_tiles_button\"><a href=\"\/tr\/awahl-o-rad-zur-kommunalwahl-in-wiesbaden\/\">Daha fazla oku<\/a><\/div><div class=\"menu_as_tiles_tag_category_container\"> <div class=\"menu_as_tiles_tag\"><a href=\"\/tr\/tag\/kommunalwahl\/\">Yerel se\u00e7imler<\/a><\/div> <div class=\"menu_as_tiles_tag\"><a href=\"\/tr\/tag\/politik-verkehr\/\">Politika &amp; Ula\u015f\u0131m<\/a><\/div> <div class=\"menu_as_tiles_tag\"><a href=\"\/tr\/tag\/pressemitteilung\/\">Bas\u0131n a\u00e7\u0131klamas\u0131<\/a><\/div><\/div><\/article>\n\n<article class=\"menu_as_tiles_post post\"><div class=\"menu_as_tiles_image\"><a href=\"\/tr\/adfc-wiesbaden-rheingau-taunus-fordert-woerthstrasse-in-eltville-muss-fuer-den-radverkehr-in-gegenrichtung-offen-bleiben\/\"><img decoding=\"async\" src=\"https:\/\/www.adfc-wiesbaden.de\/wp-content\/uploads\/2026\/01\/Eltville_Woerthstrasse_2-700x525.jpg\" class=\"menu_as_tiles_image\" width=\"300\" srcset=\"https:\/\/www.adfc-wiesbaden.de\/wp-content\/uploads\/2026\/01\/Eltville_Woerthstrasse_2-700x525.jpg 700w, https:\/\/www.adfc-wiesbaden.de\/wp-content\/uploads\/2026\/01\/Eltville_Woerthstrasse_2-1400x1050.jpg 1400w, https:\/\/www.adfc-wiesbaden.de\/wp-content\/uploads\/2026\/01\/Eltville_Woerthstrasse_2-200x150.jpg 200w, https:\/\/www.adfc-wiesbaden.de\/wp-content\/uploads\/2026\/01\/Eltville_Woerthstrasse_2-768x576.jpg 768w, https:\/\/www.adfc-wiesbaden.de\/wp-content\/uploads\/2026\/01\/Eltville_Woerthstrasse_2-1536x1152.jpg 1536w, https:\/\/www.adfc-wiesbaden.de\/wp-content\/uploads\/2026\/01\/Eltville_Woerthstrasse_2-2048x1536.jpg 2048w\" sizes=\"auto, (max-width: 700px) 100vw, 700px\" loading=\"lazy\" \/><\/a><\/div><div class=\"menu_as_tiles_date\">19.01.2026<\/div><h3 class=\"menu_as_tiles_title\">ADFC Wiesbaden\/Rheingau-Taunus talepleri: Eltville'deki W\u00f6rthstra\u00dfe, ters y\u00f6nde bisiklet s\u00fcrmek i\u00e7in a\u00e7\u0131k kalmal\u0131<\/h3><div class=\"menu_as_tiles_details\">  <span class=\"menu_as_tiles_excerpt\">ADFC Wiesbaden\/Rheingau-Taunus, ters y\u00f6nde bisiklet s\u00fcrmek i\u00e7in W\u00f6rthstra\u00dfe'nin serbest b\u0131rak\u0131lmas\u0131n\u0131n kald\u0131r\u0131lmas\u0131n\u0131 ele\u015ftiriyor ve Eltville kentini \u00f6nlemi derhal tersine \u00e7evirmeye \u00e7a\u011f\u0131r\u0131yor.<\/span><\/div><div class=\"menu_as_tiles_button\"><a href=\"\/tr\/adfc-wiesbaden-rheingau-taunus-fordert-woerthstrasse-in-eltville-muss-fuer-den-radverkehr-in-gegenrichtung-offen-bleiben\/\">Daha fazla oku<\/a><\/div><div class=\"menu_as_tiles_tag_category_container\"> <div class=\"menu_as_tiles_tag\"><a href=\"\/tr\/tag\/politik-verkehr\/\">Politika &amp; Ula\u015f\u0131m<\/a><\/div> <div class=\"menu_as_tiles_tag\"><a href=\"\/tr\/tag\/pressemitteilung\/\">Bas\u0131n a\u00e7\u0131klamas\u0131<\/a><\/div> <div class=\"menu_as_tiles_tag\"><a href=\"\/tr\/tag\/rheingau\/\">Rheingau<\/a><\/div><\/div><\/article>\n<\/div>\n\n<div class=\"button_container\">\n<div class=\"margin_16-16-8-0\"><a class=\"button-secondary\" href=\"\/tr\/tag\/pressemitteilung\/\" target=\"_blank\" rel=\"noopener\">T\u00fcm bas\u0131n b\u00fcltenlerini g\u00f6r\u00fcnt\u00fcle<\/a><\/div>\n<\/div>    <\/div>\n<\/div>\n<!-- \/module plain text -->        <\/div>\n                        <\/div>\n        <\/div>\n        <\/div>\n<!--\/themify_builder_content-->\n\n\n<p><\/p>","protected":false},"excerpt":{"rendered":"","protected":false},"author":18,"featured_media":0,"parent":69915,"menu_order":6,"comment_status":"closed","ping_status":"closed","template":"","meta":{"footnotes":""},"tags":[],"class_list":["post-69277","page","type-page","status-publish","hentry","has-post-title","has-post-date","has-post-category","has-post-tag","has-post-comment","has-post-author",""],"builder_content":"<h1>Herzlich Willkommen im Presseportal<\/h1> <p>Journalistinnen und Journalisten finden hier Stellungnahmen, Hintergrundinformationen, Pressefotos und den Kontakt zu unseren Ansprechpartner:innen.<\/p> <h2>Ansprechpartner<\/h2> <p>Der ADFC Wiesbaden\/Rheingau-Taunus e.V. steht den Medien gern f\u00fcr Anfragen zur Verf\u00fcgung.<\/p> <p>Wenden Sie sich bitte an:<\/p> <p>Mich\u00e9le Fleckenstein<br \/>E-Mail: presse@adfc-wiesbaden.de<\/p>\n<h5 style=\"margin-bottom:15px;\">Unsere aktuellsten Pressemitteilungen:<\/h5> [posts_as_tiles category=\"Pressemitteilung\" numberposts=\"4\"]\n<a href=\"\/tag\/pressemitteilung\/\" target=\"_blank\" rel=\"noopener\">Alle Pressemitteilungen anzeigen<\/a>","_links":{"self":[{"href":"https:\/\/www.adfc-wiesbaden.de\/tr\/wp-json\/wp\/v2\/pages\/69277","targetHints":{"allow":["GET"]}}],"collection":[{"href":"https:\/\/www.adfc-wiesbaden.de\/tr\/wp-json\/wp\/v2\/pages"}],"about":[{"href":"https:\/\/www.adfc-wiesbaden.de\/tr\/wp-json\/wp\/v2\/types\/page"}],"author":[{"embeddable":true,"href":"https:\/\/www.adfc-wiesbaden.de\/tr\/wp-json\/wp\/v2\/users\/18"}],"replies":[{"embeddable":true,"href":"https:\/\/www.adfc-wiesbaden.de\/tr\/wp-json\/wp\/v2\/comments?post=69277"}],"version-history":[{"count":27,"href":"https:\/\/www.adfc-wiesbaden.de\/tr\/wp-json\/wp\/v2\/pages\/69277\/revisions"}],"predecessor-version":[{"id":72527,"href":"https:\/\/www.adfc-wiesbaden.de\/tr\/wp-json\/wp\/v2\/pages\/69277\/revisions\/72527"}],"up":[{"embeddable":true,"href":"https:\/\/www.adfc-wiesbaden.de\/tr\/wp-json\/wp\/v2\/pages\/69915"}],"wp:attachment":[{"href":"https:\/\/www.adfc-wiesbaden.de\/tr\/wp-json\/wp\/v2\/media?parent=69277"}],"wp:term":[{"taxonomy":"post_tag","embeddable":true,"href":"https:\/\/www.adfc-wiesbaden.de\/tr\/wp-json\/wp\/v2\/tags?post=69277"}],"curies":[{"name":"wp","href":"https:\/\/api.w.org\/{rel}","templated":true}]}}