{"id":69440,"date":"2025-02-14T21:38:20","date_gmt":"2025-02-14T20:38:20","guid":{"rendered":"https:\/\/www2.adfc-wiesbaden.de\/?page_id=69440"},"modified":"2025-05-17T07:52:04","modified_gmt":"2025-05-17T05:52:04","slug":"adfc-rennradgruppe","status":"publish","type":"page","link":"https:\/\/www.adfc-wiesbaden.de\/tr\/radtouren\/adfc-rennradgruppe\/","title":{"rendered":"ADFC Yol Bisikleti Grubu"},"content":{"rendered":"<!--themify_builder_content-->\n<div id=\"themify_builder_content-69440\" data-postid=\"69440\" class=\"themify_builder_content themify_builder_content-69440 themify_builder tf_clear\">\n                    <div  data-lazy=\"1\" class=\"module_row themify_builder_row tb_31ds282 tb_first tf_w\">\n                        <div class=\"row_inner col_align_top tb_col_count_1 tf_box tf_rel\">\n                        <div  data-lazy=\"1\" class=\"module_column tb-column col-full tb_qe3j282 first\">\n                    <!-- module image -->\n<div  class=\"module module-image tb_tffq282 image-top   tf_mw\" data-lazy=\"1\">\n        <div class=\"image-wrap tf_rel tf_mw\">\n            <img decoding=\"async\" src=\"\/wp-content\/uploads\/2025\/02\/ennradgruppe_2_w1600.webp\" title=\"ADFC Yol Bisikleti Grubu\" alt=\"ADFC Yol Bisikleti Grubu\">    \n        <\/div>\n    <!-- \/image-wrap -->\n    \n        <\/div>\n<!-- \/module image -->        <div  data-lazy=\"1\" class=\"module_subrow themify_builder_sub_row tf_w col_align_top tb_col_count_3 tb_4b00282\">\n                <div  data-lazy=\"1\" class=\"module_column sub_column col3-1 tb_z7r0282 first\">\n                    <!-- module image -->\n<div  class=\"module module-image tb_olyz282 image-center   tf_mw\" data-lazy=\"1\">\n        <div class=\"image-wrap tf_rel tf_mw\">\n            <img decoding=\"async\" src=\"\/wp-content\/uploads\/2025\/02\/Dreieck_Orange.png\" width=\"44\" title=\"ADFC Yol Bisikleti Grubu\" alt=\"ADFC Yol Bisikleti Grubu\">    \n        <\/div>\n    <!-- \/image-wrap -->\n    \n        <\/div>\n<!-- \/module image -->        <\/div>\n                    <div  data-lazy=\"1\" class=\"module_column sub_column col3-1 tb_z2iv282\">\n                            <\/div>\n                    <div  data-lazy=\"1\" class=\"module_column sub_column col3-1 tb_u5bq282 last\">\n                            <\/div>\n                    <\/div>\n        <!-- module plain text -->\n<div  class=\"module module-plain-text tb_t527282 bild_header_h1 adfc_orange tb_gs4151609\" data-lazy=\"1\">\n        <div class=\"tb_text_wrap\">\n    <span style=\"font-size:28px; line-height:34px;\" >Yol bisikleti grubu<\/span><span style=\"float:right;font-size:14px; line-height:34px;margin-right:5px;\">Ansgar Schiffler taraf\u0131ndan <\/span>    <\/div>\n<\/div>\n<!-- \/module plain text -->        <\/div>\n                        <\/div>\n        <\/div>\n                        <div  data-lazy=\"1\" class=\"module_row themify_builder_row tb_5se3623 tf_w\">\n                        <div class=\"row_inner col_align_top tb_col_count_1 tf_box tf_rel\">\n                        <div  data-lazy=\"1\" class=\"module_column tb-column col-full tb_q1la623 first\">\n                    <!-- module text -->\n<div  class=\"module module-text tb_ugre579\" data-lazy=\"1\">\n        <div  class=\"tb_text_wrap\">\n        <h1 class=\"\">ADFC Yol Bisikleti Grubu<\/h1>    <\/div>\n<\/div>\n<!-- \/module text -->        <\/div>\n                        <\/div>\n        <\/div>\n                        <div  data-lazy=\"1\" class=\"module_row themify_builder_row tb_8qf0372 tf_w\">\n                        <div class=\"row_inner col_align_top tb_col_count_2 tf_box tf_rel\">\n                        <div  data-lazy=\"1\" class=\"module_column tb-column col4-2 tb_olh5372 first\">\n                    <!-- module text -->\n<div  class=\"module module-text tb_763t663\" data-lazy=\"1\">\n        <div  class=\"tb_text_wrap\">\n        <p><b>2014 y\u0131l\u0131ndan bu yana, ADFC il\u00e7e derne\u011fimizde d\u00fczenli olarak s\u00fcrmek i\u00e7in bir araya gelen bir yol bisikleti grubu bulunmaktad\u0131r. ADFC i\u00e7inde, bir yol bisikleti grubu hala \u00f6zel bir \u015feydir. Wiesbaden giri\u015fimimiz \u015fu ana kadar Hessen'deki tek giri\u015fim.<\/b><\/p>\n<h2>Biebrich Ren k\u0131y\u0131s\u0131nda d\u00fczenli yol bisikleti toplant\u0131s\u0131<\/h2>\n<p>Yol bisikleti grubu kar\u015f\u0131lar:<\/p>\n<p style=\"text-align: left;\"><strong>Yaz aylar\u0131nda yar\u0131m y\u0131l genellikle Biebrich Ren k\u0131y\u0131s\u0131nda haftada 1-2 kez (KD iskelesi \/ seviye kulesinde). Tarihler ve rotalar \u00f6nceden e-posta ile da\u011f\u0131t\u0131lacakt\u0131r.<\/strong><\/p>\n<p>Ren Nehri \u00fczerindeki ba\u015flang\u0131\u00e7 noktas\u0131, Mainz'den gelen yol bisikleti merakl\u0131lar\u0131n\u0131 da i\u00e7erecek \u015fekilde se\u00e7ildi. Kural olarak, i\u015f sonras\u0131 turlarda 40 ila 70 kilometre s\u00fcr\u00fcl\u00fcr. Bunu yaparken, \u00e7o\u011funlukla d\u00fcz yollar se\u00e7ilir ve daha b\u00fcy\u00fck e\u011fimlerden ka\u00e7\u0131n\u0131l\u0131r. H\u0131z \u0131l\u0131ml\u0131 ve yol bisikleti yeni ba\u015flayanlar i\u00e7in de uygundur. Bu h\u0131zl\u0131 tekerleklerde e\u011flenceyle ilgili, rekabetle de\u011fil. Pop\u00fcler yerler Rheingau, Ried, Rheinhessen ve Wiesbaden \"L\u00e4ndchen\" dir.<\/p>\n<p>Hafta sonlar\u0131, yaz aylar\u0131nda bazen daha uzun yol bisikleti gezileri d\u00fczenlenmektedir. Bir yandan, yol bisikleti grubundan aktif ki\u015filer taraf\u0131ndan y\u00f6netilen kendi turlar\u0131 sunulmaktad\u0131r. \u00d6te yandan, bisiklet kul\u00fcplerinin bisiklet turlar\u0131na (RTF) ve bisiklet maratonlar\u0131na da kat\u0131lmak istiyoruz.<\/p>\n<p style=\"text-align: left;\"><strong>K\u0131\u015f\u0131n yar\u0131m y\u0131l (uygun hava ko\u015fullar\u0131 ile) daha k\u00fc\u00e7\u00fck yol bisikleti turlar\u0131 s\u00fcr\u00fcl\u00fcr<br \/>Ba\u015flang\u0131\u00e7: Biebricher Rheinufer (KD-Anleger\/Pegelturm'da)<br \/><\/strong><\/p>\n<p>Uygun bir sezon tatili yok.<\/p>\n<h3>\u0130leti\u015fim bilgileri:<\/h3>\n<p>Yol bisikleti grubu ile ilgileniyorsan\u0131z, e-posta posta listemize kay\u0131t olabilirsiniz.<br \/>Sadece bir e-posta g\u00f6nderin:<br \/><strong>E-posta adresiniz:\u00a0 <a href=\"\/tr\/&\/#109;&#x61;i&#x6c;t&#111;&#x3a;&#114;&#x65;n&#110;&#x72;&#97;&#x64;\u200d&#64;&#x61;d&#x66;c&#45;&#x77;&#105;&#x65;s&#98;&#x61;&#100;&#x65;n&#46;&#x64;&#101;\">rennrad (at) adfc-wiesbaden.de (\u0130ngilizce)<\/a><\/strong><\/p>\n<p>Bu distrib\u00fct\u00f6r her tur hakk\u0131nda sizi \u00f6nceden bilgilendirecektir. ADFC'nin yol bisikleti teklifleri hakk\u0131nda daha fazla bilgi arayarak elde edilebilir <strong>Thomas Fuchs (tel. no. 0160\/94837314).<\/strong><\/p>\n<h2>Mainz'da Fort Malakoff'ta d\u00fczenli yol bisikleti toplant\u0131s\u0131<\/h2>\n<p>2019'dan bu yana ikinci bir yol bisikleti toplant\u0131s\u0131 var:<\/p>\n<p style=\"text-align: left;\"><strong> Yaz mevsiminde <\/strong><strong>\u00c7ar\u015fambalar\u0131 saat 18.00'de. <\/strong><strong>Mainz'daki Malakoff Kalesi'nde<\/strong><\/p>\n<p>Bu turlar Heike Lang taraf\u0131ndan sunulmaktad\u0131r. Onunla seyahat etmek isterseniz, l\u00fctfen onunla ileti\u015fime ge\u00e7in:<br \/><strong>E-posta adresiniz: <a href=\"\/tr\/mai&\/#108;&#116;&#111;&#x3a;&#x68;&#x65;&#x69;&#x6b;&#x65;-la&#110;&#103;&#46;&#54;&#x38;\u200d&#x40;&#x74;-on&#108;&#105;&#110;&#x65;&#x2e;&#x64;&#x65;\">* Heike-Lang.68 (\u200cat \u200c) t-online.de (\u0130ngilizce)<\/a> veya tel.: 01578 1798799<\/strong><\/p>    <\/div>\n<\/div>\n<!-- \/module text -->        <\/div>\n                    <div  data-lazy=\"1\" class=\"module_column tb-column col4-2 tb_zy7v353 last\">\n                    <!-- module box -->\n<div  class=\"module module-box tb_qgt6649  tb_gs678604\" data-lazy=\"1\">\n    <div class=\"module-box-content ui  tb_default_color\">\n                <div class=\"tb_text_wrap\"><div class=\"tb_layout_part_wrap tf_w\"><!--themify_builder_content-->\n    <div  class=\"themify_builder_content themify_builder_content-69641 themify_builder not_editable_builder in_the_loop\" data-postid=\"69641\">\n                        <div  data-lazy=\"1\" class=\"module_row themify_builder_row blue_right_menu_box tb_pon9441 tf_w\">\n                        <div class=\"row_inner col_align_top tb_col_count_1 tf_box tf_rel\">\n                        <div  data-lazy=\"1\" class=\"module_column tb-column col-full tb_imf9000 first\">\n                    <!-- module text -->\n<div  class=\"module module-text tb_ozup006\" data-lazy=\"1\">\n        <div  class=\"tb_text_wrap\">\n        <h2>Di\u011fer linkler<\/h2>    <\/div>\n<\/div>\n<!-- \/module text --><!-- module buttons -->\n<div  class=\"module module-buttons tb_7dgc555 buttons-horizontal transparent\" data-lazy=\"1\">\n        <div class=\"module-buttons-item tf_in_flx\">\n                        <a href=\"https:\/\/www.adfc-wiesbaden.de\/tr\/radtouren\/adfc-rennradgruppe\/\" class=\"ui builder_button tf_in_flx tb_default_color\" >\n                                    <em><svg  class=\"tf_fa tf-ti-new-window\" xmlns:xlink=\"http:\/\/www.w3.org\/1999\/xlink\" aria-hidden=\"true\"><use href=\"#tf-ti-new-window\" xlink:href=\"#tf-ti-new-window\"><\/use><\/svg><\/em>                                        Yol bisikleti grubu                                        <\/a>\n                <\/div>\n            <\/div>\n<!-- \/module buttons -->\n        <div  data-lazy=\"1\" class=\"module_subrow themify_builder_sub_row tf_w col_align_top tb_col_count_1 tb_it7n050\">\n                <div  data-lazy=\"1\" class=\"module_column sub_column col-full tb_umat066 first\">\n                    <!-- module divider -->\n<div  class=\"module tf_mw module-divider tb_vly7050 solid\" style=\"border-width: 1px;border-color: #ffffff;margin-top: 1px;margin-bottom: 1px;\" data-lazy=\"1\">\n    <\/div>\n<!-- \/module divider -->\n        <\/div>\n                    <\/div>\n        <!-- module buttons -->\n<div  class=\"module module-buttons tb_qhca060 buttons-horizontal transparent\" data-lazy=\"1\">\n        <div class=\"module-buttons-item tf_in_flx\">\n                        <a href=\"https:\/\/www.adfc-wiesbaden.de\/tr\/radtouren\/die-adfc-mittwochsradler-in-wiesbaden\/\" class=\"ui builder_button tf_in_flx tb_default_color\" >\n                                    <em><svg  class=\"tf_fa tf-ti-new-window\" xmlns:xlink=\"http:\/\/www.w3.org\/1999\/xlink\" aria-hidden=\"true\"><use href=\"#tf-ti-new-window\" xlink:href=\"#tf-ti-new-window\"><\/use><\/svg><\/em>                                        Kategori: \u00c7ar\u015famba bisiklet\u00e7ileri                                        <\/a>\n                <\/div>\n            <\/div>\n<!-- \/module buttons -->\n        <div  data-lazy=\"1\" class=\"module_subrow themify_builder_sub_row tf_w col_align_top tb_col_count_1 tb_625t600\">\n                <div  data-lazy=\"1\" class=\"module_column sub_column col-full tb_fr90130 first\">\n                    <!-- module divider -->\n<div  class=\"module tf_mw module-divider tb_s4pu150 solid\" style=\"border-width: 1px;border-color: #ffffff;margin-top: 1px;margin-bottom: 1px;\" data-lazy=\"1\">\n    <\/div>\n<!-- \/module divider -->\n        <\/div>\n                    <\/div>\n        <!-- module buttons -->\n<div  class=\"module module-buttons tb_e0xb166 buttons-horizontal transparent\" data-lazy=\"1\">\n        <div class=\"module-buttons-item tf_in_flx\">\n                        <a href=\"\/tr\/tag\/radtourenbericht\/\" class=\"ui builder_button tf_in_flx tb_default_color\" >\n                                    <em><svg  class=\"tf_fa tf-ti-new-window\" xmlns:xlink=\"http:\/\/www.w3.org\/1999\/xlink\" aria-hidden=\"true\"><use href=\"#tf-ti-new-window\" xlink:href=\"#tf-ti-new-window\"><\/use><\/svg><\/em>                                        Bisiklet turu raporlar\u0131                                        <\/a>\n                <\/div>\n            <\/div>\n<!-- \/module buttons -->\n        <div  data-lazy=\"1\" class=\"module_subrow themify_builder_sub_row tf_w col_align_top tb_col_count_1 tb_gd7v606\">\n                <div  data-lazy=\"1\" class=\"module_column sub_column col-full tb_owtx005 first\">\n                    <!-- module divider -->\n<div  class=\"module tf_mw module-divider tb_w7u6006 solid\" style=\"border-width: 1px;border-color: #ffffff;margin-top: 1px;margin-bottom: 1px;\" data-lazy=\"1\">\n    <\/div>\n<!-- \/module divider -->\n        <\/div>\n                    <\/div>\n        <!-- module buttons -->\n<div  class=\"module module-buttons tb_n5xl376 buttons-horizontal transparent\" data-lazy=\"1\">\n        <div class=\"module-buttons-item tf_in_flx\">\n                        <a href=\"\/tr\/tourenprogramm\/\" class=\"ui builder_button tf_in_flx tb_default_color\" >\n                                    <em><svg  class=\"tf_fa tf-ti-new-window\" xmlns:xlink=\"http:\/\/www.w3.org\/1999\/xlink\" aria-hidden=\"true\"><use href=\"#tf-ti-new-window\" xlink:href=\"#tf-ti-new-window\"><\/use><\/svg><\/em>                                        Bisiklet turu program\u0131                                        <\/a>\n                <\/div>\n            <\/div>\n<!-- \/module buttons -->\n        <div  data-lazy=\"1\" class=\"module_subrow themify_builder_sub_row tf_w col_align_top tb_col_count_1 tb_jzkx459\">\n                <div  data-lazy=\"1\" class=\"module_column sub_column col-full tb_g1gs459 first\">\n                    <!-- module divider -->\n<div  class=\"module tf_mw module-divider tb_qhro459 solid\" style=\"border-width: 1px;border-color: #ffffff;margin-top: 1px;margin-bottom: 1px;\" data-lazy=\"1\">\n    <\/div>\n<!-- \/module divider -->\n        <\/div>\n                    <\/div>\n        <!-- module buttons -->\n<div  class=\"module module-buttons tb_nvai813 buttons-horizontal transparent\" data-lazy=\"1\">\n        <div class=\"module-buttons-item tf_in_flx\">\n                        <a href=\"https:\/\/www.adfc-wiesbaden.de\/tr\/tourenprogramm-als-pdf\/\" class=\"ui builder_button tf_in_flx tb_default_color\" >\n                                    <em><svg  class=\"tf_fa tf-ti-new-window\" xmlns:xlink=\"http:\/\/www.w3.org\/1999\/xlink\" aria-hidden=\"true\"><use href=\"#tf-ti-new-window\" xlink:href=\"#tf-ti-new-window\"><\/use><\/svg><\/em>                                        Bisiklet turu program\u0131 PDF olarak                                        <\/a>\n                <\/div>\n            <\/div>\n<!-- \/module buttons -->\n        <div  data-lazy=\"1\" class=\"module_subrow themify_builder_sub_row tf_w col_align_top tb_col_count_1 tb_ww1w469\">\n                <div  data-lazy=\"1\" class=\"module_column sub_column col-full tb_xm56469 first\">\n                    <!-- module divider -->\n<div  class=\"module tf_mw module-divider tb_gdt0469 solid\" style=\"border-width: 1px;border-color: #ffffff;margin-top: 1px;margin-bottom: 1px;\" data-lazy=\"1\">\n    <\/div>\n<!-- \/module divider -->\n        <\/div>\n                    <\/div>\n        <!-- module buttons -->\n<div  class=\"module module-buttons tb_367r972 buttons-horizontal transparent\" data-lazy=\"1\">\n        <div class=\"module-buttons-item tf_in_flx\">\n                        <a href=\"https:\/\/www.adfc-wiesbaden.de\/tr\/radtouren\/tourenprogramm\/teilnahmebedingungen\/\" class=\"ui builder_button tf_in_flx tb_default_color\" >\n                                    <em><svg  class=\"tf_fa tf-ti-new-window\" xmlns:xlink=\"http:\/\/www.w3.org\/1999\/xlink\" aria-hidden=\"true\"><use href=\"#tf-ti-new-window\" xlink:href=\"#tf-ti-new-window\"><\/use><\/svg><\/em>                                        Kat\u0131l\u0131m ko\u015fullar\u0131 Bisiklet turlar\u0131                                        <\/a>\n                <\/div>\n            <\/div>\n<!-- \/module buttons -->\n        <div  data-lazy=\"1\" class=\"module_subrow themify_builder_sub_row tf_w col_align_top tb_col_count_1 tb_nrr0578\">\n                <div  data-lazy=\"1\" class=\"module_column sub_column col-full tb_6fo6578 first\">\n                    <!-- module divider -->\n<div  class=\"module tf_mw module-divider tb_yoja578 solid\" style=\"border-width: 1px;border-color: #ffffff;margin-top: 1px;margin-bottom: 1px;\" data-lazy=\"1\">\n    <\/div>\n<!-- \/module divider -->\n        <\/div>\n                    <\/div>\n                <\/div>\n                        <\/div>\n        <\/div>\n            <\/div>\n<!--\/themify_builder_content--><\/div>\n<\/div>\n    <\/div>\n<\/div>\n<!-- \/module box -->\n        <\/div>\n                        <\/div>\n        <\/div>\n        <\/div>\n<!--\/themify_builder_content-->\n\n\n<p><\/p>","protected":false},"excerpt":{"rendered":"<p><b>2014 y\u0131l\u0131ndan bu yana, ADFC il\u00e7e derne\u011fimizde d\u00fczenli olarak s\u00fcrmek i\u00e7in bir araya gelen bir yol bisikleti grubu bulunmaktad\u0131r.<\/b><br \/>\nADFC i\u00e7inde, bir yol bisikleti grubu hala \u00f6zel bir \u015feydir. Wiesbaden giri\u015fimimiz \u015fu ana kadar Hessen'deki tek giri\u015fim.<\/p>","protected":false},"author":18,"featured_media":69668,"parent":69427,"menu_order":7,"comment_status":"closed","ping_status":"closed","template":"","meta":{"footnotes":""},"tags":[762,763],"class_list":["post-69440","page","type-page","status-publish","has-post-thumbnail","hentry","tag-radfahren","tag-rennrad","has-post-title","has-post-date","has-post-category","has-post-tag","has-post-comment","has-post-author",""],"builder_content":"<img src=\"\/wp-content\/uploads\/2025\/02\/ennradgruppe_2_w1600.webp\" title=\"ADFC Rennradgruppe\" alt=\"ADFC Rennradgruppe\">\n<img src=\"\/wp-content\/uploads\/2025\/02\/Dreieck_Orange.png\" width=\"44\" title=\"ADFC Rennradgruppe\" alt=\"ADFC Rennradgruppe\">\nRennradgruppe&copy; Ansgar Schiffler\n<h1>ADFC Rennradgruppe<\/h1>\n<p><b>Seit 2014 gibt es in unserem ADFC-Kreisverband eine Rennradgruppe, die sich regelm\u00e4\u00dfig zu Ausfahrten trifft. Innerhalb des ADFC ist eine Rennradgruppe immer noch etwas Besonderes. Unsere Wiesbadener Initiative ist bislang die einzige in Hessen.<\/b><\/p> <h2>Regelm\u00e4\u00dfiger Rennradtreff am Biebricher Rheinufer<\/h2> <p>Die Rennradgruppe trifft sich:<\/p> <p style=\"text-align: left;\"><strong>Im Sommerhalbjahr in der Regel 1-2 mal pro Woche am Biebricher Rheinufer (am KD-Anleger\/Pegelturm). Termine und Routen werden vorher per E-Mail verteilt.<\/strong><\/p> <p>Der Startort am Rhein wurde auch gew\u00e4hlt, um die Rennradfreunde aus Mainz einzubeziehen. In der Regel werden bei den Feierabendtouren 40 bis 70 Kilometer gefahren. Dabei werden vorwiegend flache Strecken ausgew\u00e4hlt und gr\u00f6\u00dfere Steigungen vermieden. Das Tempo ist moderat und auch f\u00fcr Rennrad-Anf\u00e4nger geeignet. Es geht dabei um Spa\u00df auf flotten R\u00e4dern, nicht um Wettkampf. Beliebte Ziele sind der Rheingau, das Ried, Rheinhessen und das Wiesbadener \u201eL\u00e4ndchen\u201c.<\/p> <p>An den Wochenenden werden im Sommerhalbjahr vereinzelt l\u00e4ngere Rennradausfl\u00fcge veranstaltet. Zum einen werden eigene Touren angeboten, die die von Aktiven aus der Rennradgruppe gef\u00fchrt werden. Zum anderen fahren wir auch gerne bei den Radtourenfahrten (RTF) und Radmarathons der Radsportvereine mit.<\/p> <p style=\"text-align: left;\"><strong>Im Winterhalbjahr (bei geeigneten Witterungsbedingungen) werden kleinere Rennradtouren gefahren<br \/>Start: Biebricher Rheinufer (am KD-Anleger\/Pegelturm)<br \/><\/strong><\/p> <p>Eine richtige Saisonpause gibt es nicht.<\/p> <h3>Kontakt:<\/h3> <p>Wer Interesse an der Rennradgruppe hat, kann sich in unserer E-Mail-Verteiler eintragen lassen.<br \/>Einfach Mail an:<br \/><strong>E-Mail:\u00a0 <a href=\"mailto:rennrad\u200d@adfc-wiesbaden.de\">rennrad\u200d(at)adfc-wiesbaden.de<\/a><\/strong><\/p> <p>\u00dcber diesen Verteiler wird vorab \u00fcber jede Tour informiert. Weitere Informationen zu den Rennrad-Angeboten des ADFC k\u00f6nnen telefonisch erfragt werden bei <strong>Thomas Fuchs (Tel.-Nr. 0160\/94837314).<\/strong><\/p> <h2>Regelm\u00e4\u00dfiger Rennradtreff in Mainz am Fort Malakoff<\/h2> <p>Seit 2019 gibt es einen zweiten Rennradtreff:<\/p> <p style=\"text-align: left;\"><strong> In der Sommerzeit <\/strong><strong>mittwochs um 18 Uhr <\/strong><strong>am Fort Malakoff in Mainz<\/strong><\/p> <p>Diese Touren werden von Heike Lang angeboten. Wenn Du mitfahren m\u00f6chtest, nimm bitte mit ihr Kontakt auf:<br \/><strong>E-Mail: <a href=\"mailto:heike-lang.68\u200d@t-online.de\">Heike-Lang.68\u200d(\u200cat\u200c)\u200dt-online.de<\/a> oder Tel.: 01578 1798799<\/strong><\/p>\n<p>[themify_layout_part id=\"69641\"]<\/p>","_links":{"self":[{"href":"https:\/\/www.adfc-wiesbaden.de\/tr\/wp-json\/wp\/v2\/pages\/69440","targetHints":{"allow":["GET"]}}],"collection":[{"href":"https:\/\/www.adfc-wiesbaden.de\/tr\/wp-json\/wp\/v2\/pages"}],"about":[{"href":"https:\/\/www.adfc-wiesbaden.de\/tr\/wp-json\/wp\/v2\/types\/page"}],"author":[{"embeddable":true,"href":"https:\/\/www.adfc-wiesbaden.de\/tr\/wp-json\/wp\/v2\/users\/18"}],"replies":[{"embeddable":true,"href":"https:\/\/www.adfc-wiesbaden.de\/tr\/wp-json\/wp\/v2\/comments?post=69440"}],"version-history":[{"count":79,"href":"https:\/\/www.adfc-wiesbaden.de\/tr\/wp-json\/wp\/v2\/pages\/69440\/revisions"}],"predecessor-version":[{"id":72504,"href":"https:\/\/www.adfc-wiesbaden.de\/tr\/wp-json\/wp\/v2\/pages\/69440\/revisions\/72504"}],"up":[{"embeddable":true,"href":"https:\/\/www.adfc-wiesbaden.de\/tr\/wp-json\/wp\/v2\/pages\/69427"}],"wp:featuredmedia":[{"embeddable":true,"href":"https:\/\/www.adfc-wiesbaden.de\/tr\/wp-json\/wp\/v2\/media\/69668"}],"wp:attachment":[{"href":"https:\/\/www.adfc-wiesbaden.de\/tr\/wp-json\/wp\/v2\/media?parent=69440"}],"wp:term":[{"taxonomy":"post_tag","embeddable":true,"href":"https:\/\/www.adfc-wiesbaden.de\/tr\/wp-json\/wp\/v2\/tags?post=69440"}],"curies":[{"name":"wp","href":"https:\/\/api.w.org\/{rel}","templated":true}]}}