{"id":69528,"date":"2025-02-15T12:16:57","date_gmt":"2025-02-15T11:16:57","guid":{"rendered":"https:\/\/www2.adfc-wiesbaden.de\/?page_id=69528"},"modified":"2025-10-15T07:53:23","modified_gmt":"2025-10-15T05:53:23","slug":"lilja","status":"publish","type":"page","link":"https:\/\/www.adfc-wiesbaden.de\/tr\/service\/lilja\/","title":{"rendered":"Kargo bisiklet kiralama Lilja"},"content":{"rendered":"<!--themify_builder_content-->\n<div id=\"themify_builder_content-69528\" data-postid=\"69528\" class=\"themify_builder_content themify_builder_content-69528 themify_builder tf_clear\">\n                    <div  data-lazy=\"1\" class=\"module_row themify_builder_row tb_xt4e383 tb_first tf_w\">\n                        <div class=\"row_inner col_align_top tb_col_count_1 tf_box tf_rel\">\n                        <div  data-lazy=\"1\" class=\"module_column tb-column col-full tb_u1b1383 first\">\n                    <!-- module image -->\n<div  class=\"module module-image tb_7k78383 image-top   tf_mw tb_gs2677162d\" data-lazy=\"1\">\n        <div class=\"image-wrap tf_rel tf_mw\">\n            <img decoding=\"async\" src=\"\/wp-content\/uploads\/2025\/02\/Kamilla.jpg\" title=\"Kargo bisiklet kiralama Lilja\" alt=\"Kargo bisiklet kiralama Lilja\">    \n        <\/div>\n    <!-- \/image-wrap -->\n    \n        <\/div>\n<!-- \/module image -->        <div  data-lazy=\"1\" class=\"module_subrow themify_builder_sub_row tf_w col_align_top tb_col_count_3 tb_1qyl383\">\n                <div  data-lazy=\"1\" class=\"module_column sub_column col3-1 tb_y2wt383 first\">\n                    <!-- module image -->\n<div  class=\"module module-image tb_e964453 image-center   tf_mw\" data-lazy=\"1\">\n        <div class=\"image-wrap tf_rel tf_mw\">\n            <img decoding=\"async\" src=\"\/wp-content\/uploads\/2025\/02\/Dreieck_Orange.png\" width=\"44\" title=\"Kargo bisiklet kiralama Lilja\" alt=\"Kargo bisiklet kiralama Lilja\">    \n        <\/div>\n    <!-- \/image-wrap -->\n    \n        <\/div>\n<!-- \/module image -->        <\/div>\n                    <div  data-lazy=\"1\" class=\"module_column sub_column col3-1 tb_fwdm383\">\n                            <\/div>\n                    <div  data-lazy=\"1\" class=\"module_column sub_column col3-1 tb_utjq383 last\">\n                            <\/div>\n                    <\/div>\n        <!-- module plain text -->\n<div  class=\"module module-plain-text tb_kj68383 bild_header_h1 adfc_orange tb_gs4151609\" data-lazy=\"1\">\n        <div class=\"tb_text_wrap\">\n    <span style=\"font-size:28px; line-height:34px;\" >LILJA Kamilla<\/span><span style=\"float:right;font-size:14px; line-height:34px;margin-right:5px;\">Steffen Gleichck taraf\u0131ndan<\/span>    <\/div>\n<\/div>\n<!-- \/module plain text -->        <\/div>\n                        <\/div>\n        <\/div>\n                        <div  data-lazy=\"1\" class=\"module_row themify_builder_row tb_0pue910 tf_w\">\n                        <div class=\"row_inner col_align_top tb_col_count_2 tf_box tf_rel\">\n                        <div  data-lazy=\"1\" class=\"module_column tb-column col4-2 tb_w7ln911 first\">\n                    <!-- module text -->\n<div  class=\"module module-text tb_acuq78    tb_gs678604\" data-lazy=\"1\">\n        <div  class=\"tb_text_wrap\">\n        <h1 class=\"\">LILJA - Wiesbaden i\u00e7in kargo bisikleti<\/h1>\n<p><b>B\u00fcy\u00fck al\u0131mlar\u0131 veya hantal \u015feyleri araba olmadan ta\u015f\u0131mak istiyorsan\u0131z, Wiesbaden'de LILJA ailesinin kargo bisikletlerini \u00fccretsiz olarak kiralayabilirsiniz.<\/b><\/p>\n<p>Kargo bisikletleri, kay\u0131t ve rezervasyondan sonra arka arkaya iki g\u00fcne kadar kiralanabilir.\u00a0<b><a href=\"http:\/\/www.lilja-wiesbaden.de\/\" target=\"_blank\" rel=\"noopener\">www.lilja-wiesbaden.de<\/a>\u00a0<\/b>. Burada fikir, bisikletler, kiralama ve yerler hakk\u0131nda t\u00fcm bilgileri bulacaks\u0131n\u0131z.<\/p>\n<p>ADFC'nin ilk kargo bisikletinin sat\u0131n al\u0131nmas\u0131 ve b\u00f6ylece proje <b>LILJA - Wiesbaden i\u00e7in kargo bisikleti<\/b> Bu, Sparda-Vereint'in mali deste\u011finin yan\u0131 s\u0131ra yerel dan\u0131\u015fma konseyleri Westend ve Rheingauviertel'in finansman\u0131yla m\u00fcmk\u00fcn oldu.<\/p>\n<p>\u0130kinci kargo bisikletinin finansman\u0131\u00a0<b>LILJA Kamilla\u00a0<\/b>Proje ekibi, vatanda\u015flar\u0131n deste\u011fine g\u00fcvendi ve ESWE Versorgungs'tan LH Wiesbaden'in finansman platformu olan Wiesbaden Crowd ile s\u00f6zde bir kitle fonlamas\u0131 ba\u015flatt\u0131. 74 ba\u011f\u0131\u015f\u00e7\u0131 ve ESWE Versorgungs'un s\u00fcbvansiyonu sayesinde, dernekten temel miktara ek olarak 3.000 avrodan fazla para toplanabilir.<\/p>\n<p>Kiralama \u00fccretsizdir, <a href=\"https:\/\/www.adfc-wiesbaden.de\/tr\/den-adfc-unterstuetzen\/spenden\/\">Kategori: Ba\u011f\u0131\u015flar<\/a>, \u00d6rne\u011fin, bak\u0131m ve onar\u0131m i\u00e7in, ancak s\u0131cak kar\u015f\u0131lan\u0131r. LILJA kullan\u0131c\u0131lar\u0131 i\u00e7in de mutluyuz: <a href=\"https:\/\/www2.adfc-wiesbaden.de\/den-adfc-unterstuetzen\/\">Dernek \u00fcyeli\u011fi<\/a> ...destek ver.<\/p>    <\/div>\n<\/div>\n<!-- \/module text -->        <\/div>\n                    <div  data-lazy=\"1\" class=\"module_column tb-column col4-2 tb_ci23719 last\">\n                    <!-- module text -->\n<div  class=\"module module-text tb_ag48964    tb_gs678604\" data-lazy=\"1\">\n        <div  class=\"tb_text_wrap\">\n            <\/div>\n<\/div>\n<!-- \/module text --><!-- module plain text -->\n<div  class=\"module module-plain-text tb_4usk609  tb_gs678604\" data-lazy=\"1\">\n        <div class=\"tb_text_wrap\">\n    <iframe loading=\"lazy\" frameborder=\"0\" marginheight=\"0\" marginwidth=\"0\" src=\"https:\/\/project-widget.betterplace.org\/projects\/158073?l=de\" width=\"100%\" height=\"320\" style=\"border: 0; padding:0; margin:0;\">Bilgilendirin ve ba\u011f\u0131\u015fta bulunun: &lt;a href=&#039;https:\/\/www.betterplace.org\/de\/projects\/158073-lilja-dein-kostenloses-lastenrad-fuer-wiesbaden-rheingau-taunus&#039; target=&#039;_blank&#039;&gt;* &ldquo;LILJA &ndash; Wiesbaden \/ Rheingau-Taunus&rdquo; i&ccedil;in &uuml;cretsiz kargo bisikletiniz&lt;\/a&gt; betterplace.org&#039;da a&ccedil;\u0131n.<\/iframe>    <\/div>\n<\/div>\n<!-- \/module plain text -->        <\/div>\n                        <\/div>\n        <\/div>\n        <\/div>\n<!--\/themify_builder_content-->\n\n\n<p><\/p>","protected":false},"excerpt":{"rendered":"<p>Wiesbaden \u00fccretsiz kargo bisiklet kiralama platformu Lilja hakk\u0131nda bilgi<\/p>","protected":false},"author":50,"featured_media":69530,"parent":69773,"menu_order":0,"comment_status":"closed","ping_status":"closed","template":"","meta":{"footnotes":""},"tags":[],"class_list":["post-69528","page","type-page","status-publish","has-post-thumbnail","hentry","has-post-title","has-post-date","has-post-category","has-post-tag","has-post-comment","has-post-author",""],"builder_content":"<img src=\"\/wp-content\/uploads\/2025\/02\/Kamilla.jpg\" title=\"Lastenradverleih Lilja\" alt=\"Lastenradverleih Lilja\">\n<img src=\"\/wp-content\/uploads\/2025\/02\/Dreieck_Orange.png\" width=\"44\" title=\"Lastenradverleih Lilja\" alt=\"Lastenradverleih Lilja\">\nLILJA Kamilla&copy; Steffen Genauck\n<h1>LILJA - Lastenrad f\u00fcr Wiesbaden<\/h1> <p><b>Wer gro\u00dfe Eink\u00e4ufe oder sperrige Sachen ohne Auto transportieren will, kann sich in Wiesbaden kostenfrei Lastenfahrr\u00e4der der LILJA-Familie ausleihen.<\/b><\/p> <p>Ausleihbar sind die Lastenr\u00e4der f\u00fcr bis zu zwei zusammenh\u00e4ngende Tage nach einer Registrierung und Buchung \u00fcber\u00a0<b><a href=\"http:\/\/www.lilja-wiesbaden.de\/\" target=\"_blank\" rel=\"noopener\">www.lilja-wiesbaden.de<\/a>\u00a0<\/b>. Hier findet ihr alle Informationen zur Idee, den R\u00e4dern, der Leihe und den Standorten.<\/p> <p>Die Anschaffung des ersten Lastenrads des ADFC und damit das Projekt <b>LILJA - Lastenrad f\u00fcr Wiesbaden<\/b> wurde m\u00f6glich durch eine finanzielle Unterst\u00fctzung von Sparda-Vereint sowie Finanzmittel der Ortsbeir\u00e4te Westend und Rheingauviertel.<\/p> <p>Zur Finanzierung des zweiten Lastenrads\u00a0<b>LILJA Kamilla\u00a0<\/b>hat das Projektteam auf Unterst\u00fctzung aus der B\u00fcrgerschaft gesetzt und mit Wiesbaden Crowd, der F\u00f6rderplattform der LH Wiesbaden von ESWE Versorgung, ein sogenanntes Crowdfunding initiiert. Dank 74 Spenderinnen und Spendern plus dem Zuschuss von ESWE Versorgung konnten so \u00fcber 3.000 Euro gesammelt werden, dazu noch der Sockelbetrag vom Verein.<\/p> <p>Der Verleih ist kostenfrei, <a href=\"\/den-adfc-unterstuetzen\/spenden\">Spenden<\/a>, etwa f\u00fcr Wartung und Reparatur, sind aber herzlich willkommen. Wir freuen uns auch, wenn LILJA-Nutzer:innen uns mit einer <a href=\"https:\/\/www2.adfc-wiesbaden.de\/den-adfc-unterstuetzen\/\">Mitgliedschaft im Verein<\/a> unterst\u00fctzen.<\/p>\n\n<iframe loading=\"lazy\" frameborder=\"0\" marginheight=\"0\" marginwidth=\"0\" src=\"https:\/\/project-widget.betterplace.org\/projects\/158073?l=de\" width=\"100%\" height=\"320\" style=\"border: 0; padding:0; margin:0;\">Informieren und spenden: &lt;a href=&#39;https:\/\/www.betterplace.org\/de\/projects\/158073-lilja-dein-kostenloses-lastenrad-fuer-wiesbaden-rheingau-taunus&#39; target=&#39;_blank&#39;&gt;\u201eLILJA - Dein kostenloses Lastenrad f\u00fcr Wiesbaden \/ Rheingau-Taunus\u201c&lt;\/a&gt; auf betterplace.org \u00f6ffnen.<\/iframe>","_links":{"self":[{"href":"https:\/\/www.adfc-wiesbaden.de\/tr\/wp-json\/wp\/v2\/pages\/69528","targetHints":{"allow":["GET"]}}],"collection":[{"href":"https:\/\/www.adfc-wiesbaden.de\/tr\/wp-json\/wp\/v2\/pages"}],"about":[{"href":"https:\/\/www.adfc-wiesbaden.de\/tr\/wp-json\/wp\/v2\/types\/page"}],"author":[{"embeddable":true,"href":"https:\/\/www.adfc-wiesbaden.de\/tr\/wp-json\/wp\/v2\/users\/50"}],"replies":[{"embeddable":true,"href":"https:\/\/www.adfc-wiesbaden.de\/tr\/wp-json\/wp\/v2\/comments?post=69528"}],"version-history":[{"count":20,"href":"https:\/\/www.adfc-wiesbaden.de\/tr\/wp-json\/wp\/v2\/pages\/69528\/revisions"}],"predecessor-version":[{"id":74247,"href":"https:\/\/www.adfc-wiesbaden.de\/tr\/wp-json\/wp\/v2\/pages\/69528\/revisions\/74247"}],"up":[{"embeddable":true,"href":"https:\/\/www.adfc-wiesbaden.de\/tr\/wp-json\/wp\/v2\/pages\/69773"}],"wp:featuredmedia":[{"embeddable":true,"href":"https:\/\/www.adfc-wiesbaden.de\/tr\/wp-json\/wp\/v2\/media\/69530"}],"wp:attachment":[{"href":"https:\/\/www.adfc-wiesbaden.de\/tr\/wp-json\/wp\/v2\/media?parent=69528"}],"wp:term":[{"taxonomy":"post_tag","embeddable":true,"href":"https:\/\/www.adfc-wiesbaden.de\/tr\/wp-json\/wp\/v2\/tags?post=69528"}],"curies":[{"name":"wp","href":"https:\/\/api.w.org\/{rel}","templated":true}]}}