{"id":69543,"date":"2025-02-15T12:18:51","date_gmt":"2025-02-15T11:18:51","guid":{"rendered":"https:\/\/www2.adfc-wiesbaden.de\/?page_id=69543"},"modified":"2026-03-17T06:23:31","modified_gmt":"2026-03-17T05:23:31","slug":"fahrradboersen","status":"publish","type":"page","link":"https:\/\/www.adfc-wiesbaden.de\/tr\/service\/fahrradboersen\/","title":{"rendered":"Bisiklet de\u011fi\u015fimi"},"content":{"rendered":"<!--themify_builder_content-->\n<div id=\"themify_builder_content-69543\" data-postid=\"69543\" class=\"themify_builder_content themify_builder_content-69543 themify_builder tf_clear\">\n                    <div  data-lazy=\"1\" class=\"module_row themify_builder_row tb_vykx741 tb_first tf_w\">\n                        <div class=\"row_inner col_align_top tb_col_count_1 tf_box tf_rel\">\n                        <div  data-lazy=\"1\" class=\"module_column tb-column col-full tb_w16r741 first\">\n                    <!-- module image -->\n<div  class=\"module module-image tb_jgt2741 image-top   tf_mw tb_gs2677162d\" data-lazy=\"1\">\n        <div class=\"image-wrap tf_rel tf_mw\">\n            <img decoding=\"async\" src=\"\/wp-content\/uploads\/2025\/03\/2025-03-10_5923-scaled.jpg\" title=\"Bisiklet de\u011fi\u015fimi\" alt=\"Bisiklet de\u011fi\u015fimi\">    \n        <\/div>\n    <!-- \/image-wrap -->\n    \n        <\/div>\n<!-- \/module image -->        <div  data-lazy=\"1\" class=\"module_subrow themify_builder_sub_row tf_w col_align_top tb_col_count_3 tb_9ml0741\">\n                <div  data-lazy=\"1\" class=\"module_column sub_column col3-1 tb_edyg741 first\">\n                    <!-- module image -->\n<div  class=\"module module-image tb_yins878 image-center   tf_mw\" data-lazy=\"1\">\n        <div class=\"image-wrap tf_rel tf_mw\">\n            <img decoding=\"async\" src=\"\/wp-content\/uploads\/2025\/02\/Dreieck_Orange.png\" width=\"44\" title=\"Bisiklet de\u011fi\u015fimi\" alt=\"Bisiklet de\u011fi\u015fimi\">    \n        <\/div>\n    <!-- \/image-wrap -->\n    \n        <\/div>\n<!-- \/module image -->        <\/div>\n                    <div  data-lazy=\"1\" class=\"module_column sub_column col3-1 tb_fdtf741\">\n                            <\/div>\n                    <div  data-lazy=\"1\" class=\"module_column sub_column col3-1 tb_cops741 last\">\n                            <\/div>\n                    <\/div>\n        <!-- module plain text -->\n<div  class=\"module module-plain-text tb_n012741 bild_header_h1 adfc_orange tb_gs4151609\" data-lazy=\"1\">\n        <div class=\"tb_text_wrap\">\n    <span style=\"font-size:28px;line-height:34px\"> Bicycle Exchange at the Slaughterhouse<\/span><span style=\"float:right;font-size:14px;line-height:34px;margin-right:5px\">Oliver Kessler taraf\u0131ndan<\/span>    <\/div>\n<\/div>\n<!-- \/module plain text --><!-- module text -->\n<div  class=\"module module-text tb_h5jh260    tb_gs678604\" data-lazy=\"1\">\n        <div  class=\"tb_text_wrap\">\n        <h1>ADFC Bisiklet De\u011fi\u015fimi<\/h1>\n<p>Mezbahadaki k\u00fclt\u00fcr park\u0131n\u0131n arazisinde, \u00fc\u00e7 <a href=\"https:\/\/www.adfc-wiesbaden.de\/tr\/2026\/02\/veranstaltungen\/fahrradboersen-termine-2026\/\">Tarihler 2026<\/a> Schlachthof Bit Pazar\u0131'na paralel Wiesbaden Bisiklet Borsas\u0131.<\/p>\n<p>Buna ek olarak, genellikle ADFC'den bir bilgi stand\u0131 sunuyoruz ve <a href=\"https:\/\/www.adfc-wiesbaden.de\/tr\/service\/codierung\/\">Bisiklet kodlar\u0131<\/a> i\u00e7in. - Evet.\u00a0<\/p>\n<p>Sadece \u00f6zel sat\u0131c\u0131lar i\u00e7in bisiklet de\u011fi\u015fiminde herhangi bir \u00fccret al\u0131nmaz ve kay\u0131t gerekmez. Sadece bisikletinizi getirin, bir yer bulun ve bir fiyat etiketi ekleyin.\u00a0<br \/>Al\u0131c\u0131lar kolayca gelebilir, uygun tekerlekler arayabilir, test s\u00fcr\u00fc\u015f\u00fc yapabilir ve ticaret yapabilir. ADFC bilgi stand\u0131m\u0131zda bilgi ve Blanco sat\u0131\u015f s\u00f6zle\u015fmelerimiz bulunmaktad\u0131r.<\/p>\n<p>Kesimhane bit pazar\u0131 i\u00e7in, organizat\u00f6r\u00fcn ko\u015fullar\u0131 ge\u00e7erlidir. <a href=\"https:\/\/schlachthof-wiesbaden.de\/suche\/flohmarkt\">Mezbaha bit pazar\u0131<\/a> ilgili tarihte bulunabilir. \u00dccretler ve kay\u0131t genellikle burada gereklidir!<\/p>\n<p>Bisiklet de\u011fi\u015fimleri, Murnaustra\u00dfe'deki Bouleplatz'da sabah 10'dan ak\u015fam 2'ye kadar ger\u00e7ekle\u015fir.<\/p>    <\/div>\n<\/div>\n<!-- \/module text --><!-- module box -->\n<div  class=\"module module-box tb_fxs5446\" data-lazy=\"1\">\n    <div class=\"module-box-content ui  tb_default_color\">\n                <div class=\"tb_text_wrap\"><p>Burada mezbahadaki ilk bisiklet de\u011fi\u015fimi hakk\u0131nda bir rapor bulabilirsiniz:<br \/>\n<article class=\"menu_as_tiles_post post\"><div class=\"menu_as_tiles_image\"><a href=\"\/tr\/fahrradboerse-erstmals-am-schlachthof-ein-kurzer-rueckblick\/\"><img decoding=\"async\" src=\"https:\/\/www.adfc-wiesbaden.de\/wp-content\/uploads\/2025\/04\/Fahrradboerse_Infostand_mitmachen_2025_4_3-700x525.jpg\" class=\"menu_as_tiles_image\" width=\"300\" srcset=\"https:\/\/www.adfc-wiesbaden.de\/wp-content\/uploads\/2025\/04\/Fahrradboerse_Infostand_mitmachen_2025_4_3-700x525.jpg 700w, https:\/\/www.adfc-wiesbaden.de\/wp-content\/uploads\/2025\/04\/Fahrradboerse_Infostand_mitmachen_2025_4_3-1400x1050.jpg 1400w, https:\/\/www.adfc-wiesbaden.de\/wp-content\/uploads\/2025\/04\/Fahrradboerse_Infostand_mitmachen_2025_4_3-200x150.jpg 200w, https:\/\/www.adfc-wiesbaden.de\/wp-content\/uploads\/2025\/04\/Fahrradboerse_Infostand_mitmachen_2025_4_3-768x576.jpg 768w, https:\/\/www.adfc-wiesbaden.de\/wp-content\/uploads\/2025\/04\/Fahrradboerse_Infostand_mitmachen_2025_4_3-1536x1152.jpg 1536w, https:\/\/www.adfc-wiesbaden.de\/wp-content\/uploads\/2025\/04\/Fahrradboerse_Infostand_mitmachen_2025_4_3-2048x1536.jpg 2048w\" sizes=\"auto, (max-width: 700px) 100vw, 700px\" loading=\"lazy\" \/><\/a><\/div><div class=\"menu_as_tiles_date\">21.04.2025<\/div><h3 class=\"menu_as_tiles_title\">Mezbahada \u0130lk Kez Bisiklet De\u011fi\u015fimi: K\u0131sa Bir \u0130nceleme<\/h3><div class=\"menu_as_tiles_details\">  <span class=\"menu_as_tiles_excerpt\">Bisiklet fuar\u0131 ilk kez mezbaha bit pazar\u0131 ile birlikte mezbahada ger\u00e7ekle\u015fti. \u0130lk deneyimler s\u00fcrekli olarak olumluydu. <\/span><\/div><div class=\"menu_as_tiles_button\"><a href=\"\/tr\/fahrradboerse-erstmals-am-schlachthof-ein-kurzer-rueckblick\/\">Daha fazla oku<\/a><\/div><div class=\"menu_as_tiles_tag_category_container\"> <div class=\"menu_as_tiles_tag\"><a href=\"\/tr\/tag\/codierung\/\">Kodlama (encoding)<\/a><\/div> <div class=\"menu_as_tiles_tag\"><a href=\"\/tr\/tag\/fahrradboerse\/\">Bisiklet de\u011fi\u015fimi<\/a><\/div> <div class=\"menu_as_tiles_tag\"><a href=\"\/tr\/tag\/veranstaltung\/\">olay<\/a><\/div><\/div><\/article>\n<\/p><\/div>\n    <\/div>\n<\/div>\n<!-- \/module box -->\n<!-- module gallery -->\n<div  class=\"module gallery module-gallery tb_p6ig803 layout-grid\" data-lazy=\"1\">\n    <div class=\"module-gallery-grid\" style=\"--gald:4;--galt:4;--galm:4\">\n            <dl class=\"gallery-item\">\n            <dt class=\"gallery-icon\">\n            <a data-title=\"\" title=\"* Bisiklet de\u011fi\u015fiminde bir\u00e7ok bisiklet | \u00a9 Oliver Kessler\" href=\"https:\/\/www.adfc-wiesbaden.de\/wp-content\/uploads\/2025\/04\/2025-04-05_7097-scaled.jpg\" data-rel=\"tb_p6ig803\" class=\"themify_lightbox\"><img loading=\"lazy\" decoding=\"async\" src=\"https:\/\/www.adfc-wiesbaden.de\/wp-content\/uploads\/2025\/04\/2025-04-05_7097-1400x934-300x200.jpg\" width=\"300\" height=\"200\" class=\"wp-post-image wp-image-72145\" title=\"Slaughterhouse&#039;da 2025 Bisiklet De\u011fi\u015fimi\" alt=\"\u00c7e\u015fitli bisikletler ve bilgi ile bisiklet de\u011fi\u015fimi arka planda duruyor\" srcset=\"https:\/\/www.adfc-wiesbaden.de\/wp-content\/uploads\/2025\/04\/2025-04-05_7097-1400x934-300x200.jpg 300w, https:\/\/www.adfc-wiesbaden.de\/wp-content\/uploads\/2025\/04\/2025-04-05_7097-700x467.jpg 700w, https:\/\/www.adfc-wiesbaden.de\/wp-content\/uploads\/2025\/04\/2025-04-05_7097-1400x934.jpg 1400w, https:\/\/www.adfc-wiesbaden.de\/wp-content\/uploads\/2025\/04\/2025-04-05_7097-200x133.jpg 200w, https:\/\/www.adfc-wiesbaden.de\/wp-content\/uploads\/2025\/04\/2025-04-05_7097-768x512.jpg 768w, https:\/\/www.adfc-wiesbaden.de\/wp-content\/uploads\/2025\/04\/2025-04-05_7097-1536x1024.jpg 1536w, https:\/\/www.adfc-wiesbaden.de\/wp-content\/uploads\/2025\/04\/2025-04-05_7097-2048x1366.jpg 2048w\" sizes=\"auto, (max-width: 300px) 100vw, 300px\" \/><\/a>            <\/dt>\n             \n                <dd class=\"wp-caption-text gallery-caption\">\n                                                                <span class=\"themify_image_caption\">* Bisiklet de\u011fi\u015fiminde bir\u00e7ok bisiklet | \u00a9 Oliver Kessler<\/span>\n                                    <\/dd>\n                    <\/dl>\n            <dl class=\"gallery-item\">\n            <dt class=\"gallery-icon\">\n            <a data-title=\"\" title=\"* Bisiklet par\u00e7alar\u0131 ve aksesuarlar\u0131 | \u00a9 Oliver Kessler\" href=\"https:\/\/www.adfc-wiesbaden.de\/wp-content\/uploads\/2025\/04\/2025-04-05_7100-scaled.jpg\" data-rel=\"tb_p6ig803\" class=\"themify_lightbox\"><img loading=\"lazy\" decoding=\"async\" src=\"https:\/\/www.adfc-wiesbaden.de\/wp-content\/uploads\/2025\/04\/2025-04-05_7100-1400x934-300x200.jpg\" width=\"300\" height=\"200\" class=\"wp-post-image wp-image-72144\" title=\"2025 _Bisiklet de\u011fi\u015fimi _Aksesuarlar\" alt=\"Bisikletler i\u00e7in \u00e7e\u015fitli aksesuarlar ve par\u00e7alar\" srcset=\"https:\/\/www.adfc-wiesbaden.de\/wp-content\/uploads\/2025\/04\/2025-04-05_7100-1400x934-300x200.jpg 300w, https:\/\/www.adfc-wiesbaden.de\/wp-content\/uploads\/2025\/04\/2025-04-05_7100-700x467.jpg 700w, https:\/\/www.adfc-wiesbaden.de\/wp-content\/uploads\/2025\/04\/2025-04-05_7100-1400x934.jpg 1400w, https:\/\/www.adfc-wiesbaden.de\/wp-content\/uploads\/2025\/04\/2025-04-05_7100-200x133.jpg 200w, https:\/\/www.adfc-wiesbaden.de\/wp-content\/uploads\/2025\/04\/2025-04-05_7100-768x512.jpg 768w, https:\/\/www.adfc-wiesbaden.de\/wp-content\/uploads\/2025\/04\/2025-04-05_7100-1536x1024.jpg 1536w, https:\/\/www.adfc-wiesbaden.de\/wp-content\/uploads\/2025\/04\/2025-04-05_7100-2048x1366.jpg 2048w\" sizes=\"auto, (max-width: 300px) 100vw, 300px\" \/><\/a>            <\/dt>\n             \n                <dd class=\"wp-caption-text gallery-caption\">\n                                                                <span class=\"themify_image_caption\">* Bisiklet par\u00e7alar\u0131 ve aksesuarlar\u0131 | \u00a9 Oliver Kessler<\/span>\n                                    <\/dd>\n                    <\/dl>\n            <dl class=\"gallery-item\">\n            <dt class=\"gallery-icon\">\n            <a data-title=\"\" title=\"* Lilja am Schlachthof 2025 | (\u0130ngilizce)\" href=\"https:\/\/www.adfc-wiesbaden.de\/wp-content\/uploads\/2025\/04\/2025-04-05_7207-scaled.jpg\" data-rel=\"tb_p6ig803\" class=\"themify_lightbox\"><img loading=\"lazy\" decoding=\"async\" src=\"https:\/\/www.adfc-wiesbaden.de\/wp-content\/uploads\/2025\/04\/2025-04-05_7207-1400x933-300x200.jpg\" width=\"300\" height=\"200\" class=\"wp-post-image wp-image-72140\" title=\"2025 _Lilja _Mezbaha binas\u0131\" alt=\"2025 _Lilja _Mezbaha binas\u0131\" srcset=\"https:\/\/www.adfc-wiesbaden.de\/wp-content\/uploads\/2025\/04\/2025-04-05_7207-1400x933-300x200.jpg 300w, https:\/\/www.adfc-wiesbaden.de\/wp-content\/uploads\/2025\/04\/2025-04-05_7207-700x467.jpg 700w, https:\/\/www.adfc-wiesbaden.de\/wp-content\/uploads\/2025\/04\/2025-04-05_7207-1400x933.jpg 1400w, https:\/\/www.adfc-wiesbaden.de\/wp-content\/uploads\/2025\/04\/2025-04-05_7207-200x133.jpg 200w, https:\/\/www.adfc-wiesbaden.de\/wp-content\/uploads\/2025\/04\/2025-04-05_7207-768x512.jpg 768w, https:\/\/www.adfc-wiesbaden.de\/wp-content\/uploads\/2025\/04\/2025-04-05_7207-1536x1024.jpg 1536w, https:\/\/www.adfc-wiesbaden.de\/wp-content\/uploads\/2025\/04\/2025-04-05_7207-2048x1365.jpg 2048w\" sizes=\"auto, (max-width: 300px) 100vw, 300px\" \/><\/a>            <\/dt>\n             \n                <dd class=\"wp-caption-text gallery-caption\">\n                                                                <span class=\"themify_image_caption\">* Lilja am Schlachthof 2025 | (\u0130ngilizce)<\/span>\n                                    <\/dd>\n                    <\/dl>\n            <dl class=\"gallery-item\">\n            <dt class=\"gallery-icon\">\n            <a data-title=\"\" title=\"* ADFC Infostand | \u00a9 Oliver Kessler taraf\u0131ndan\" href=\"https:\/\/www.adfc-wiesbaden.de\/wp-content\/uploads\/2025\/04\/Fahrradboerse_Infostand_2025_4_3-scaled.jpg\" data-rel=\"tb_p6ig803\" class=\"themify_lightbox\"><img loading=\"lazy\" decoding=\"async\" src=\"https:\/\/www.adfc-wiesbaden.de\/wp-content\/uploads\/2025\/04\/Fahrradboerse_Infostand_2025_4_3-1400x1050-300x200.jpg\" width=\"300\" height=\"200\" class=\"wp-post-image wp-image-72148\" title=\"Bisiklet de\u011fi\u015fimi _Bilgi stand\u0131 _2025 _4 _3\" alt=\"ADFC bilgi stand\u0131 ilgilenen konuklarla\"><\/a>            <\/dt>\n             \n                <dd class=\"wp-caption-text gallery-caption\">\n                                                                <span class=\"themify_image_caption\">* ADFC Infostand | \u00a9 Oliver Kessler taraf\u0131ndan<\/span>\n                                    <\/dd>\n                    <\/dl>\n    <\/div>\n<\/div>\n<!-- \/module gallery --><!-- module image -->\n<div  class=\"module module-image tb_oqql342 image-top   tf_mw tb_gs2677162d\" data-lazy=\"1\">\n        <div class=\"image-wrap tf_rel tf_mw\">\n            <a href=\"https:\/\/schlachthof-wiesbaden.de\/suche\/flohmarkt\">\n                   <img decoding=\"async\" src=\"\/wp-content\/uploads\/2025\/02\/Schlachthof_Flohmarkt.jpg\" title=\"Parkta K\u00fclt\u00fcr - Culture in the Park\" alt=\"Parkta K\u00fclt\u00fcr - Culture in the Park\">        <\/a>\n    \n        <\/div>\n    <!-- \/image-wrap -->\n    \n        <div class=\"image-content\">\n                    <h3 class=\"image-title\">\n                                    <a href=\"https:\/\/schlachthof-wiesbaden.de\/suche\/flohmarkt\">\n                        Parkta K\u00fclt\u00fcr - Culture in the Park                    <\/a>\n                            <\/h3>\n                    <\/div>\n    <!-- \/image-content -->\n        <\/div>\n<!-- \/module image -->        <\/div>\n                        <\/div>\n        <\/div>\n        <\/div>\n<!--\/themify_builder_content-->","protected":false},"excerpt":{"rendered":"<p>Kullan\u0131lm\u0131\u015f bisikletlerin ve amfilerin \u00f6zel al\u0131m ve sat\u0131m\u0131 i\u00e7in bisiklet de\u011fi\u015fimleri; aksesuarlar<\/p>","protected":false},"author":50,"featured_media":71289,"parent":69773,"menu_order":0,"comment_status":"closed","ping_status":"closed","template":"","meta":{"footnotes":""},"tags":[765,853,847,848],"class_list":["post-69543","page","type-page","status-publish","has-post-thumbnail","hentry","tag-codierung","tag-fahrradboerse","tag-flohmarkt","tag-kultur-im-park","has-post-title","has-post-date","has-post-category","has-post-tag","has-post-comment","has-post-author",""],"builder_content":"<img src=\"\/wp-content\/uploads\/2025\/03\/2025-03-10_5923-scaled.jpg\" title=\"Fahrradb\u00f6rsen\" alt=\"Fahrradb\u00f6rsen\">\n<img src=\"\/wp-content\/uploads\/2025\/02\/Dreieck_Orange.png\" width=\"44\" title=\"Fahrradb\u00f6rsen\" alt=\"Fahrradb\u00f6rsen\">\nFahrradb\u00f6rse am Schlachthof&copy; Oliver Kessler\n<h1>ADFC-Fahrradb\u00f6rse<\/h1> <p>Auf dem Gel\u00e4nde des Kulturparks am Schlachthof findet an drei <a href=\"https:\/\/www.adfc-wiesbaden.de\/2026\/02\/veranstaltungen\/fahrradboersen-termine-2026\/\">Terminen in 2026<\/a> die Wiesbadener Fahrradb\u00f6rse parallel zum Schlachthof-Flohmarkt statt.<\/p> <p>Zus\u00e4tzlich bieten wir vom ADFC in der Regel einen Infostand und <a href=\"https:\/\/www.adfc-wiesbaden.de\/service\/codierung\/\">Fahrradcodierungen<\/a> an.\u00a0<\/p> <p>F\u00fcr die ausschlie\u00dflich privaten Verk\u00e4ufer:innen gibt es bei der Fahrradb\u00f6rse keine Geb\u00fchren und es ist keine Anmeldung notwendig. Einfach Fahrrad mitbringen, einen Platz suchen und Preisschild anbringen.\u00a0<br \/>K\u00e4ufer:innen k\u00f6nnen einfach kommen, nach geeigneten R\u00e4dern suchen, Probefahren und handeln. Informationen und Blanco-Kaufvertr\u00e4ge haben wir an unserem Infostand des ADFC.<\/p> <p>F\u00fcr den Schlachthof Flohmarkt gelten die Bedingungen des Veranstalters, die unter <a href=\"https:\/\/schlachthof-wiesbaden.de\/suche\/flohmarkt\">Schlachthof Flohmarkt<\/a> im jeweiligen Termin zu finden sind. Hier sind in der Regel Geb\u00fchren und Anmeldung erforderlich!<\/p> <p>Die Fahrradb\u00f6rsen finden von 10 bis 14 Uhr auf dem Bouleplatz an der Murnaustra\u00dfe statt.<\/p>\n<p>Hier findet ihr einen Bericht zur ersten Fahrradb\u00f6rse am Schlachthof:<br \/>[mat_show_tile postid=\"72248\"]<\/p>\n[gallery ids=\"72145,72144,72140,72148\"]\n<a href=\"https:\/\/schlachthof-wiesbaden.de\/suche\/flohmarkt\"> <img src=\"\/wp-content\/uploads\/2025\/02\/Schlachthof_Flohmarkt.jpg\" title=\"&copy; Kultur im Park\" alt=\"&copy; Kultur im Park\"> <\/a> <h3> <a href=\"https:\/\/schlachthof-wiesbaden.de\/suche\/flohmarkt\"> &copy; Kultur im Park <\/a> <\/h3>","_links":{"self":[{"href":"https:\/\/www.adfc-wiesbaden.de\/tr\/wp-json\/wp\/v2\/pages\/69543","targetHints":{"allow":["GET"]}}],"collection":[{"href":"https:\/\/www.adfc-wiesbaden.de\/tr\/wp-json\/wp\/v2\/pages"}],"about":[{"href":"https:\/\/www.adfc-wiesbaden.de\/tr\/wp-json\/wp\/v2\/types\/page"}],"author":[{"embeddable":true,"href":"https:\/\/www.adfc-wiesbaden.de\/tr\/wp-json\/wp\/v2\/users\/50"}],"replies":[{"embeddable":true,"href":"https:\/\/www.adfc-wiesbaden.de\/tr\/wp-json\/wp\/v2\/comments?post=69543"}],"version-history":[{"count":72,"href":"https:\/\/www.adfc-wiesbaden.de\/tr\/wp-json\/wp\/v2\/pages\/69543\/revisions"}],"predecessor-version":[{"id":75648,"href":"https:\/\/www.adfc-wiesbaden.de\/tr\/wp-json\/wp\/v2\/pages\/69543\/revisions\/75648"}],"up":[{"embeddable":true,"href":"https:\/\/www.adfc-wiesbaden.de\/tr\/wp-json\/wp\/v2\/pages\/69773"}],"wp:featuredmedia":[{"embeddable":true,"href":"https:\/\/www.adfc-wiesbaden.de\/tr\/wp-json\/wp\/v2\/media\/71289"}],"wp:attachment":[{"href":"https:\/\/www.adfc-wiesbaden.de\/tr\/wp-json\/wp\/v2\/media?parent=69543"}],"wp:term":[{"taxonomy":"post_tag","embeddable":true,"href":"https:\/\/www.adfc-wiesbaden.de\/tr\/wp-json\/wp\/v2\/tags?post=69543"}],"curies":[{"name":"wp","href":"https:\/\/api.w.org\/{rel}","templated":true}]}}