{"id":69545,"date":"2025-02-15T12:22:05","date_gmt":"2025-02-15T11:22:05","guid":{"rendered":"https:\/\/www2.adfc-wiesbaden.de\/?page_id=69545"},"modified":"2025-04-06T18:54:28","modified_gmt":"2025-04-06T16:54:28","slug":"radfahrkurse","status":"publish","type":"page","link":"https:\/\/www.adfc-wiesbaden.de\/tr\/service\/radfahrkurse\/","title":{"rendered":"Kategori: Bisiklet kurslar\u0131"},"content":{"rendered":"<!--themify_builder_content-->\n<div id=\"themify_builder_content-69545\" data-postid=\"69545\" class=\"themify_builder_content themify_builder_content-69545 themify_builder tf_clear\">\n                    <div  data-lazy=\"1\" class=\"module_row themify_builder_row tb_fuip376 tb_first tf_w\">\n                        <div class=\"row_inner col_align_top tb_col_count_1 tf_box tf_rel\">\n                        <div  data-lazy=\"1\" class=\"module_column tb-column col-full tb_rup4376 first\">\n                    <!-- module image -->\n<div  class=\"module module-image tb_oeuh376 image-top   tf_mw tb_gs2677162d\" data-lazy=\"1\">\n        <div class=\"image-wrap tf_rel tf_mw\">\n            <img loading=\"lazy\" decoding=\"async\" width=\"2560\" height=\"1920\" src=\"https:\/\/www.adfc-wiesbaden.de\/wp-content\/uploads\/2025\/04\/PedelecKurs4_3-scaled.jpg\" class=\"wp-post-image wp-image-71897\" title=\"PedelecKurs4 _3\" alt=\"G\u00fcne\u015fli bir yar\u0131m daire i\u00e7inde pedelecs ile Reduit avlusunda duran bir grup bisiklet\u00e7i.\" srcset=\"https:\/\/www.adfc-wiesbaden.de\/wp-content\/uploads\/2025\/04\/PedelecKurs4_3-scaled.jpg 2560w, https:\/\/www.adfc-wiesbaden.de\/wp-content\/uploads\/2025\/04\/PedelecKurs4_3-700x525.jpg 700w, https:\/\/www.adfc-wiesbaden.de\/wp-content\/uploads\/2025\/04\/PedelecKurs4_3-1400x1050.jpg 1400w, https:\/\/www.adfc-wiesbaden.de\/wp-content\/uploads\/2025\/04\/PedelecKurs4_3-200x150.jpg 200w, https:\/\/www.adfc-wiesbaden.de\/wp-content\/uploads\/2025\/04\/PedelecKurs4_3-768x576.jpg 768w, https:\/\/www.adfc-wiesbaden.de\/wp-content\/uploads\/2025\/04\/PedelecKurs4_3-1536x1152.jpg 1536w\" sizes=\"auto, (max-width: 2560px) 100vw, 2560px\" \/>    \n        <\/div>\n    <!-- \/image-wrap -->\n    \n        <\/div>\n<!-- \/module image -->        <div  data-lazy=\"1\" class=\"module_subrow themify_builder_sub_row tf_w col_align_top tb_col_count_3 tb_rzxv376\">\n                <div  data-lazy=\"1\" class=\"module_column sub_column col3-1 tb_9fe9376 first\">\n                    <!-- module image -->\n<div  class=\"module module-image tb_3pvk849 image-center   tf_mw\" data-lazy=\"1\">\n        <div class=\"image-wrap tf_rel tf_mw\">\n            <img decoding=\"async\" src=\"\/wp-content\/uploads\/2025\/02\/Dreieck_Orange.png\" width=\"44\" title=\"Kategori: Bisiklet kurslar\u0131\" alt=\"Kategori: Bisiklet kurslar\u0131\">    \n        <\/div>\n    <!-- \/image-wrap -->\n    \n        <\/div>\n<!-- \/module image -->        <\/div>\n                    <div  data-lazy=\"1\" class=\"module_column sub_column col3-1 tb_royb376\">\n                            <\/div>\n                    <div  data-lazy=\"1\" class=\"module_column sub_column col3-1 tb_j6ht376 last\">\n                            <\/div>\n                    <\/div>\n        <!-- module plain text -->\n<div  class=\"module module-plain-text tb_889e376 bild_header_h1 adfc_orange tb_gs4151609\" data-lazy=\"1\">\n        <div class=\"tb_text_wrap\">\n    <span style=\"font-size:28px; line-height:34px;\" >VHS AKK ile i\u015fbirli\u011fi i\u00e7inde Reduit'te Pedelec kursu<\/span><span style=\"float:right;font-size:14px; line-height:34px;margin-right:5px;\">kullan\u0131c\u0131 Andrew Maher<\/span>    <\/div>\n<\/div>\n<!-- \/module plain text --><!-- module text -->\n<div  class=\"module module-text tb_nmzl288    tb_gs678604\" data-lazy=\"1\">\n        <div  class=\"tb_text_wrap\">\n        <h1>ADFC bisiklet kurslar\u0131<\/h1>\n<div class=\"textcontainer-article\">\n<p><b>* \u2013 \u00f6\u011frenmek i\u00e7in ADFC ile bisiklet \u00f6\u011frenmek i\u00e7in asla ge\u00e7 de\u011fildir!<\/b><\/p>\n<p>Ancak, bir\u00e7ok yeti\u015fkin bunu yapamaz veya yeterince iyi yapamaz. \u00c7ocukken bisikletleri yoktu ya da bisikletin yayg\u0131n olmad\u0131\u011f\u0131 k\u00fclt\u00fcrlerden geliyorlard\u0131. Ancak bunu daha \u00f6nce \u00f6\u011frenen bir\u00e7ok ki\u015fi bile, \u00e7ok az s\u00fcr\u00fc\u015f deneyimi ya\u015fad\u0131klar\u0131 veya di\u011fer bir\u00e7ok yol kullan\u0131c\u0131s\u0131n\u0131n bulundu\u011fu durumlarda bunalm\u0131\u015f hissettikleri i\u00e7in genellikle emin de\u011fildir.<\/p>\n<p>Biz \u00e7e\u015fitli vesilelerle sitede bisiklet kurslar\u0131 sunuyoruz, hangi bizim bulunabilir <a href=\"https:\/\/www.adfc-wiesbaden.de\/tr\/termine\/\">Programa genel bak\u0131\u015f.<\/a><\/p>\n<p>Buna ek olarak, ADFC-Hessen yeti\u015fkinler i\u00e7in bisiklet kurslar\u0131 sunmaktad\u0131r. Kurslar\u0131n konsepti, di\u011fer teklifler (pedelec veya trafik kurslar\u0131 gibi) ve ilgili ileti\u015fim bilgileri hakk\u0131nda daha fazla bilgi bisiklet e\u011fitmenlerinin \u0130nternet sayfalar\u0131nda bulunabilir. Orada ayr\u0131ca kurs tarihlerini ve kay\u0131t se\u00e7eneklerini de bulacaks\u0131n\u0131z.<\/p>\n<p><a href=\"https:\/\/www.fahrrad-cr.de\/radfahrschule\/kurstemine\/\">FahrRad'\u0131n Kurs Tarihleri!<\/a><\/p>\n<p><a href=\"https:\/\/radfahrschule-hessen.de\/\">Bisiklet okulu Hesse<\/a><\/p>\n<\/div>\n<p>Ba\u015fka sorular\u0131n\u0131z varsa veya kendiniz bir kurs d\u00fczenlemekle ilgileniyorsan\u0131z, l\u00fctfen bizimle ileti\u015fime ge\u00e7mekten \u00e7ekinmeyin.<a href=\"\/tr\/&\/#x6d;&#97;&#105;l&#x74;&#x6f;&#58;i&#x6e;&#x66;&#111;&#64;&#x61;&#x64;&#102;c&#x2d;&#x77;&#105;e&#x73;&#x62;&#97;d&#x65;&#x6e;&#46;&#100;e\"> info@adfc-wiesbaden.de<\/a>.<\/p>    <\/div>\n<\/div>\n<!-- \/module text -->        <\/div>\n                        <\/div>\n        <\/div>\n        <\/div>\n<!--\/themify_builder_content-->","protected":false},"excerpt":{"rendered":"<p>* \u2013 \u00f6\u011frenmek i\u00e7in ADFC ile bisiklet \u00f6\u011frenmek i\u00e7in asla ge\u00e7 de\u011fildir!<\/p>","protected":false},"author":50,"featured_media":71897,"parent":69773,"menu_order":0,"comment_status":"closed","ping_status":"closed","template":"","meta":{"footnotes":""},"tags":[],"class_list":["post-69545","page","type-page","status-publish","has-post-thumbnail","hentry","has-post-title","has-post-date","has-post-category","has-post-tag","has-post-comment","has-post-author",""],"builder_content":"<img src=\"https:\/\/www.adfc-wiesbaden.de\/wp-content\/uploads\/2025\/04\/PedelecKurs4_3-scaled.jpg\" title=\"PedelecKurs4_3\" alt=\"Eine im Innenhof der Reduit stehende Gruppe Radfahrer mit Pedelecs im Halbkreis bei Sonnenschein.\" srcset=\"https:\/\/www.adfc-wiesbaden.de\/wp-content\/uploads\/2025\/04\/PedelecKurs4_3-scaled.jpg 2560w, https:\/\/www.adfc-wiesbaden.de\/wp-content\/uploads\/2025\/04\/PedelecKurs4_3-700x525.jpg 700w, https:\/\/www.adfc-wiesbaden.de\/wp-content\/uploads\/2025\/04\/PedelecKurs4_3-1400x1050.jpg 1400w, https:\/\/www.adfc-wiesbaden.de\/wp-content\/uploads\/2025\/04\/PedelecKurs4_3-200x150.jpg 200w, https:\/\/www.adfc-wiesbaden.de\/wp-content\/uploads\/2025\/04\/PedelecKurs4_3-768x576.jpg 768w, https:\/\/www.adfc-wiesbaden.de\/wp-content\/uploads\/2025\/04\/PedelecKurs4_3-1536x1152.jpg 1536w\" sizes=\"(max-width: 2560px) 100vw, 2560px\" \/>\n<img src=\"\/wp-content\/uploads\/2025\/02\/Dreieck_Orange.png\" width=\"44\" title=\"Radfahrkurse\" alt=\"Radfahrkurse\">\nPedelec-Kurs in der Reduit in Kooperation mit der VHS AKK&copy; Andrew Maher\n<h1>Radfahrkurse des ADFC<\/h1>\n<p><b>Zum Lernen ist es nie zu sp\u00e4t - Radfahren lernen mit dem ADFC!<\/b><\/p> <p>Viele Erwachsene k\u00f6nnen es aber nicht oder nicht gut genug. Sei es, dass sie als Kind kein Fahrrad zur Verf\u00fcgung hatten oder aus Kulturkreisen kommen, in denen das Radfahren nicht \u00fcblich ist. Aber auch viele, die es fr\u00fcher gelernt haben, sind h\u00e4ufig unsicher, weil sie nur sehr wenig Fahrpraxis hatten oder sich in Situationen mit vielen anderen Verkehrsteilnehmern \u00fcberfordert f\u00fchlen.<\/p> <p>Wir bieten vor Ort zu verschiedenen Gelegenheiten Radfahrkurse an, diese finden sich in unserer <a href=\"https:\/\/www.adfc-wiesbaden.de\/termine\/\">Termin\u00fcbersicht.<\/a><\/p> <p>Zus\u00e4tzlich bietet der ADFC-Hessen Radfahrkurse f\u00fcr Erwachsene an. Weitergehende Informationen \u00fcber das Konzept der Kurse, weitere Angebote (wie z.B. Pedelec- oder Verkehrskurse) und die entsprechenden Kontaktinformationen finden Sie \u00fcber die Internet-Seiten der Radfahrlehrkr\u00e4fte. Dort finden Sie auch die Kurstermine und die Anmeldem\u00f6glichkeiten.<\/p> <p><a href=\"https:\/\/www.fahrrad-cr.de\/radfahrschule\/kurstemine\/\">Kurstermine von FahrRad!<\/a><\/p> <p><a href=\"https:\/\/radfahrschule-hessen.de\/\">Radfahrschule Hessen<\/a><\/p>\n<p>Wenn Sie weitere Fragen oder Interesse haben, selbst einen Kurs zu organisieren, melden Sie sich gerne unter<a href=\"mailto:info@adfc-wiesbaden.de\"> info@adfc-wiesbaden.de<\/a>.<\/p>","_links":{"self":[{"href":"https:\/\/www.adfc-wiesbaden.de\/tr\/wp-json\/wp\/v2\/pages\/69545","targetHints":{"allow":["GET"]}}],"collection":[{"href":"https:\/\/www.adfc-wiesbaden.de\/tr\/wp-json\/wp\/v2\/pages"}],"about":[{"href":"https:\/\/www.adfc-wiesbaden.de\/tr\/wp-json\/wp\/v2\/types\/page"}],"author":[{"embeddable":true,"href":"https:\/\/www.adfc-wiesbaden.de\/tr\/wp-json\/wp\/v2\/users\/50"}],"replies":[{"embeddable":true,"href":"https:\/\/www.adfc-wiesbaden.de\/tr\/wp-json\/wp\/v2\/comments?post=69545"}],"version-history":[{"count":30,"href":"https:\/\/www.adfc-wiesbaden.de\/tr\/wp-json\/wp\/v2\/pages\/69545\/revisions"}],"predecessor-version":[{"id":71927,"href":"https:\/\/www.adfc-wiesbaden.de\/tr\/wp-json\/wp\/v2\/pages\/69545\/revisions\/71927"}],"up":[{"embeddable":true,"href":"https:\/\/www.adfc-wiesbaden.de\/tr\/wp-json\/wp\/v2\/pages\/69773"}],"wp:featuredmedia":[{"embeddable":true,"href":"https:\/\/www.adfc-wiesbaden.de\/tr\/wp-json\/wp\/v2\/media\/71897"}],"wp:attachment":[{"href":"https:\/\/www.adfc-wiesbaden.de\/tr\/wp-json\/wp\/v2\/media?parent=69545"}],"wp:term":[{"taxonomy":"post_tag","embeddable":true,"href":"https:\/\/www.adfc-wiesbaden.de\/tr\/wp-json\/wp\/v2\/tags?post=69545"}],"curies":[{"name":"wp","href":"https:\/\/api.w.org\/{rel}","templated":true}]}}