{"id":69552,"date":"2025-02-15T12:26:32","date_gmt":"2025-02-15T11:26:32","guid":{"rendered":"https:\/\/www2.adfc-wiesbaden.de\/?page_id=69552"},"modified":"2026-04-15T21:33:20","modified_gmt":"2026-04-15T19:33:20","slug":"verleih","status":"publish","type":"page","link":"https:\/\/www.adfc-wiesbaden.de\/tr\/service\/verleih\/","title":{"rendered":"Kiral\u0131k"},"content":{"rendered":"<!--themify_builder_content-->\n<div id=\"themify_builder_content-69552\" data-postid=\"69552\" class=\"themify_builder_content themify_builder_content-69552 themify_builder tf_clear\">\n                    <div  data-lazy=\"1\" class=\"module_row themify_builder_row tb_fuip376 tb_first tf_w\">\n                        <div class=\"row_inner col_align_top tb_col_count_1 tf_box tf_rel\">\n                        <div  data-lazy=\"1\" class=\"module_column tb-column col-full tb_rup4376 first\">\n                    <!-- module image -->\n<div  class=\"module module-image tb_oeuh376 image-top   tf_mw\" data-lazy=\"1\">\n        <div class=\"image-wrap tf_rel tf_mw\">\n            <img decoding=\"async\" src=\"\/wp-content\/uploads\/2025\/02\/Tandem_Goebenstrasse-scaled.jpg\" alt=\"Ofisin \u00f6n\u00fcndeki tandemimiz\">    \n        <\/div>\n    <!-- \/image-wrap -->\n    \n        <\/div>\n<!-- \/module image -->        <div  data-lazy=\"1\" class=\"module_subrow themify_builder_sub_row tf_w col_align_top tb_col_count_3 tb_rzxv376\">\n                <div  data-lazy=\"1\" class=\"module_column sub_column col3-1 tb_9fe9376 first\">\n                    <!-- module image -->\n<div  class=\"module module-image tb_mwa1191 image-center   tf_mw\" data-lazy=\"1\">\n        <div class=\"image-wrap tf_rel tf_mw\">\n            <img decoding=\"async\" src=\"\/wp-content\/uploads\/2025\/02\/Dreieck_Orange.png\" width=\"44\" title=\"Kiral\u0131k\" alt=\"Kiral\u0131k\">    \n        <\/div>\n    <!-- \/image-wrap -->\n    \n        <\/div>\n<!-- \/module image -->        <\/div>\n                    <div  data-lazy=\"1\" class=\"module_column sub_column col3-1 tb_royb376\">\n                            <\/div>\n                    <div  data-lazy=\"1\" class=\"module_column sub_column col3-1 tb_j6ht376 last\">\n                            <\/div>\n                    <\/div>\n        <!-- module plain text -->\n<div  class=\"module module-plain-text tb_889e376 bild_header_h1 adfc_orange tb_gs4151609\" data-lazy=\"1\">\n        <div class=\"tb_text_wrap\">\n    <span style=\"font-size:28px; line-height:34px;\" >Ofisin \u00f6n\u00fcndeki tandemimiz<\/span>\n<span style=\"float:right;font-size:14px; line-height:34px;margin-right:5px;\">Michele Fleckenstein taraf\u0131ndan<\/span>    <\/div>\n<\/div>\n<!-- \/module plain text -->        <\/div>\n                        <\/div>\n        <\/div>\n                        <div  data-lazy=\"1\" class=\"module_row themify_builder_row tb_kp6l556 tf_w\">\n                        <div class=\"row_inner col_align_top tb_col_count_1 tf_box tf_rel\">\n                        <div  data-lazy=\"1\" class=\"module_column tb-column col-full tb_757k556 first\">\n                    <!-- module text -->\n<div  class=\"module module-text tb_dzgl486    tb_gs678604\" data-lazy=\"1\">\n        <div  class=\"tb_text_wrap\">\n        <h1>Tandem kiral\u0131k<\/h1>\n<p><b>\u0130ki ki\u015filik pedal \u00e7evirmek ister misin? ADFC Wiesbaden\/Rheingau-Taunus'un tandeminde sorun yok!<\/b><\/p>\n<p>ADFC tandem ile tandem s\u00fcrmenin ola\u011fan\u00fcst\u00fc deneyimini deneyebilirsiniz. Wiesbaden \u015fehir merkezinden ara\u00e7la alma.<\/p>\n<p><strong>Maliyetler ve maliyetler:<\/strong><\/p>\n<ul>\n<li><b>ADFC \u00fcyeleri i\u00e7in<\/b><br \/>Hafta sonu i\u00e7in g\u00fcnl\u00fck 20 Euro Mo-Fr \/ 40 Euro*<\/li>\n<li><b>\u00dcye olmayanlar i\u00e7in<\/b><br \/>Hafta sonu i\u00e7in g\u00fcnl\u00fck Mo-Fr \/ 70 euro *<br \/><br \/>* Hafta sonu: Cuma \u00f6\u011fleden sonradan pazartesi sabah\u0131na kadar<\/li>\n<\/ul>\n<p>200 Euro depozito yat\u0131r\u0131lmal\u0131d\u0131r.<br \/>Zaman\u0131nda \u00f6n kay\u0131t yapt\u0131rman\u0131z\u0131 \u00f6neririz.<\/p>\n<p>\u0130leti\u015fim bilgileri: <a href=\"\/tr\/&\/#109;&#x61;i&#108;&#x74;o&#58;&#x69;n&#x66;&#x6f;&#64;&#x61;d&#102;&#x63;-&#119;&#x69;e&#x73;&#x62;&#97;&#x64;&#x65;&#110;&#x2e;d&#101;\">info@adfc-wiesbaden.de adresine e-posta g\u00f6nderebilirsiniz.<\/a><\/p>    <\/div>\n<\/div>\n<!-- \/module text -->        <\/div>\n                        <\/div>\n        <\/div>\n                        <div  data-lazy=\"1\" class=\"module_row themify_builder_row tb_3e2x50 tf_w\">\n                        <div class=\"row_inner col_align_top tb_col_count_2 tf_box tf_rel\">\n                        <div  data-lazy=\"1\" class=\"module_column tb-column col4-2 tb_gecn50 first\">\n                    <!-- module text -->\n<div  class=\"module module-text tb_83sk100    tb_gs678604\" data-lazy=\"1\">\n        <div  class=\"tb_text_wrap\">\n        <h1 class=\"\">Paketleme \u00e7antas\u0131 kiralama<\/h1>\n<p><b>Bisiklet turuna \u00e7\u0131k\u0131yorsunuz ve \u00e7antaya m\u0131 ihtiyac\u0131n\u0131z var? Hemen sat\u0131n almak zorunda de\u011filsiniz. ADFC \u00e7antalar\u0131n\u0131 tek tek veya \u00e7ift olarak \u00f6d\u00fcn\u00e7 veriyoruz!<\/b><\/p>\n<p>* Kreisverband Wiesbaden\/Rheingau-Taunus, ORTLIEB \u015firketinden sa\u011flam ve hava ko\u015fullar\u0131na dayan\u0131kl\u0131 \u2013 model BackRoller klasik \u00e7antalar sunar.<br \/><br \/>\u00c7antalar ADFC mavi \/ turuncu renklerdedir, su ge\u00e7irmezdir ve herhangi bir bagaj ta\u015f\u0131y\u0131c\u0131s\u0131na s\u0131\u011far. Daha fazla \u00fcr\u00fcn bilgisi: <a href=\"https:\/\/www.ortlieb.com\/de\/back-roller-classic\" target=\"_blank\" rel=\"noopener\">https:\/\/www.ortlieb.com\/de\/back-roller-classic<\/a><br \/><br \/>\u00c7antalar\u0131 tek tek veya \u00e7ift olarak \u00f6d\u00fcn\u00e7 alabilirsiniz.<\/p>\n<p><strong>Maliyetler ve maliyetler:<\/strong><\/p>\n<ul>\n<li><b>ADFC \u00fcyeleri i\u00e7in<\/b><br \/>G\u00fcnde 2 Euro \/ \u00e7anta ba\u015f\u0131na haftada 5 Euro<\/li>\n<li><b>\u00dcye olmayanlar i\u00e7in<\/b><br \/>G\u00fcnde 4 Euro \/ \u00e7anta ba\u015f\u0131na haftada 8 Euro<\/li>\n<\/ul>\n<p>100 Euro depozito yat\u0131r\u0131lmal\u0131d\u0131r.<br \/>Zaman\u0131nda \u00f6n kay\u0131t yapt\u0131rman\u0131z\u0131 \u00f6neririz.<br \/><br \/>\u0130leti\u015fim bilgileri: <a href=\"\/tr\/&\/#109;&#x61;i&#108;&#x74;o&#x3a;&#x69;&#110;&#x66;o&#64;&#x61;d&#102;&#x63;&#45;&#x77;i&#101;&#x73;b&#97;&#x64;&#101;&#x6e;&#x2e;&#100;&#x65;\">info@adfc-wiesbaden.de adresine e-posta g\u00f6nderebilirsiniz.<\/a><\/p>    <\/div>\n<\/div>\n<!-- \/module text -->        <\/div>\n                    <div  data-lazy=\"1\" class=\"module_column tb-column col4-2 tb_jgdb583 last\">\n                    <!-- module image -->\n<div  class=\"module module-image tb_ux8l583 image-top   tf_mw tb_gs2677162d\" data-lazy=\"1\">\n        <div class=\"image-wrap tf_rel tf_mw\">\n            <img decoding=\"async\" src=\"\/wp-content\/uploads\/2025\/02\/FahrradMitPacktasche.jpg\" title=\"\u00c7antal\u0131 bisiklet \u00a9 Ulla Bai\" alt=\"\u00c7antal\u0131 bisiklet \u00a9 Ulla Bai\">    \n        <\/div>\n    <!-- \/image-wrap -->\n    \n        <div class=\"image-content\">\n                    <h3 class=\"image-title\">\n                                    \u00c7antal\u0131 bisiklet \u00a9 Ulla Bai                            <\/h3>\n                    <\/div>\n    <!-- \/image-content -->\n        <\/div>\n<!-- \/module image -->        <\/div>\n                        <\/div>\n        <\/div>\n        <\/div>\n<!--\/themify_builder_content-->","protected":false},"excerpt":{"rendered":"<p>\u00c7anta ve tandem kiralama hakk\u0131nda bilgiler G\u00f6nderen ADFC Wiesbaden <\/p>","protected":false},"author":50,"featured_media":69554,"parent":69773,"menu_order":0,"comment_status":"closed","ping_status":"closed","template":"","meta":{"footnotes":""},"tags":[],"class_list":["post-69552","page","type-page","status-publish","has-post-thumbnail","hentry","has-post-title","has-post-date","has-post-category","has-post-tag","has-post-comment","has-post-author",""],"builder_content":"<img src=\"\/wp-content\/uploads\/2025\/02\/Tandem_Goebenstrasse-scaled.jpg\" alt=\"Unser Tandem vor der Gesch\u00e4ftsstelle\">\n<img src=\"\/wp-content\/uploads\/2025\/02\/Dreieck_Orange.png\" width=\"44\" title=\"Verleih\" alt=\"Verleih\">\nUnser Tandem vor der Gesch\u00e4ftsstelle \u00a9 Michele Fleckenstein\n<h1>Tandem-Verleih<\/h1> <p><b>Lust, mal zu zweit synchron in die Pedale zu treten? Mit dem Tandem des ADFC Wiesbaden\/Rheingau-Taunus kein Problem!<\/b><\/p> <p>Das au\u00dfergew\u00f6hnliche Erlebnis, mal Tandem zu fahren, k\u00f6nnen Sie mit dem ADFC-Tandem ausprobieren. Abholung in der Innenstadt von Wiesbaden.<\/p> <p><strong>Kosten:<\/strong><\/p> <ul> <li><b>f\u00fcr ADFC-Mitglieder<\/b><br \/>20 Euro pro Tag Mo\u2013Fr\u00a0 \u00a0\/\u00a0 40 Euro f\u00fcr das Wochenende*<\/li> <li><b>f\u00fcr Nicht-Mitglieder<\/b><br \/>40 Euro pro Tag Mo\u2013Fr\u00a0 \u00a0\/\u00a0 70 Euro f\u00fcr das Wochenende*<br \/><br \/>*Wochenende: Freitag Nachmittag bis Montag Vormittag<\/li> <\/ul> <p>Hinterlegt werden muss eine Kaution von 200 Euro.<br \/>Wir empfehlen rechtzeitige Voranmeldung.<\/p> <p>Kontakt: <a href=\"mailto:info@adfc-wiesbaden.de\">info\u200d@adfc-wiesbaden.de<\/a><\/p>\n<h1>Packtaschen-Verleih<\/h1> <p><b>Sie gehen auf eine Radtour und ben\u00f6tigen Packtaschen? Die m\u00fcssen Sie sich nicht gleich kaufen. Wir verleihen ADFC-Packtaschen, einzeln oder als Paar!<\/b><\/p> <p>Der Kreisverband Wiesbaden\/Rheingau-Taunus verleiht robuste und wetterfeste Packtaschen - Modell BackRoller classic von der Firma ORTLIEB.<br \/><br \/>Die Packtaschen sind in den ADFC-Farben blau\/orange, sie sind wasserdicht und passen auf jeden Gep\u00e4cktr\u00e4ger. Mehr Produktinfos: <a href=\"https:\/\/www.ortlieb.com\/de\/back-roller-classic\" target=\"_blank\" rel=\"noopener\">https:\/\/www.ortlieb.com\/de\/back-roller-classic<\/a><br \/><br \/>Sie k\u00f6nnen die Packtaschen einzeln oder als Paar leihen.<\/p> <p><strong>Kosten:<\/strong><\/p> <ul> <li><b>f\u00fcr ADFC-Mitglieder<\/b><br \/>2 Euro pro Tag\u00a0 \/\u00a0 5 Euro pro Woche je Tasche<\/li> <li><b>f\u00fcr Nicht-Mitglieder<\/b><br \/>4 Euro pro Tag\u00a0 \/\u00a0 8 Euro pro Woche je Tasche<\/li> <\/ul> <p>Hinterlegt werden muss eine Kaution von 100 Euro.<br \/>Wir empfehlen rechtzeitige Voranmeldung.<br \/><br \/>Kontakt: <a href=\"mailto:info@adfc-wiesbaden.de\">info\u200d@adfc-wiesbaden.de<\/a><\/p>\n<img src=\"\/wp-content\/uploads\/2025\/02\/FahrradMitPacktasche.jpg\" title=\"Fahrrad mit Packtaschen &copy; Ulla Bai\" alt=\"Fahrrad mit Packtaschen &copy; Ulla Bai\"> <h3> Fahrrad mit Packtaschen &copy; Ulla Bai <\/h3>","_links":{"self":[{"href":"https:\/\/www.adfc-wiesbaden.de\/tr\/wp-json\/wp\/v2\/pages\/69552","targetHints":{"allow":["GET"]}}],"collection":[{"href":"https:\/\/www.adfc-wiesbaden.de\/tr\/wp-json\/wp\/v2\/pages"}],"about":[{"href":"https:\/\/www.adfc-wiesbaden.de\/tr\/wp-json\/wp\/v2\/types\/page"}],"author":[{"embeddable":true,"href":"https:\/\/www.adfc-wiesbaden.de\/tr\/wp-json\/wp\/v2\/users\/50"}],"replies":[{"embeddable":true,"href":"https:\/\/www.adfc-wiesbaden.de\/tr\/wp-json\/wp\/v2\/comments?post=69552"}],"version-history":[{"count":39,"href":"https:\/\/www.adfc-wiesbaden.de\/tr\/wp-json\/wp\/v2\/pages\/69552\/revisions"}],"predecessor-version":[{"id":75868,"href":"https:\/\/www.adfc-wiesbaden.de\/tr\/wp-json\/wp\/v2\/pages\/69552\/revisions\/75868"}],"up":[{"embeddable":true,"href":"https:\/\/www.adfc-wiesbaden.de\/tr\/wp-json\/wp\/v2\/pages\/69773"}],"wp:featuredmedia":[{"embeddable":true,"href":"https:\/\/www.adfc-wiesbaden.de\/tr\/wp-json\/wp\/v2\/media\/69554"}],"wp:attachment":[{"href":"https:\/\/www.adfc-wiesbaden.de\/tr\/wp-json\/wp\/v2\/media?parent=69552"}],"wp:term":[{"taxonomy":"post_tag","embeddable":true,"href":"https:\/\/www.adfc-wiesbaden.de\/tr\/wp-json\/wp\/v2\/tags?post=69552"}],"curies":[{"name":"wp","href":"https:\/\/api.w.org\/{rel}","templated":true}]}}