{"id":69915,"date":"2025-02-17T19:18:43","date_gmt":"2025-02-17T18:18:43","guid":{"rendered":"https:\/\/www2.adfc-wiesbaden.de\/?page_id=69915"},"modified":"2026-02-02T10:34:30","modified_gmt":"2026-02-02T09:34:30","slug":"ueber-uns","status":"publish","type":"page","link":"https:\/\/www.adfc-wiesbaden.de\/tr\/ueber-uns\/","title":{"rendered":"Hakk\u0131m\u0131zda"},"content":{"rendered":"<!--themify_builder_content-->\n<div id=\"themify_builder_content-69915\" data-postid=\"69915\" class=\"themify_builder_content themify_builder_content-69915 themify_builder tf_clear\">\n                    <div  data-lazy=\"1\" class=\"module_row themify_builder_row tb_r5mf387 tb_first tf_w\">\n                        <div class=\"row_inner col_align_top tb_col_count_1 tf_box tf_rel\">\n                        <div  data-lazy=\"1\" class=\"module_column tb-column col-full tb_dqo1387 first\">\n                    <!-- module image -->\n<div  class=\"module module-image tb_5ly9178 image-top   tf_mw tb_gs2677162d\" data-lazy=\"1\">\n        <div class=\"image-wrap tf_rel tf_mw\">\n            <img decoding=\"async\" src=\"https:\/\/www.adfc-wiesbaden.de\/wp-content\/uploads\/2025\/02\/Logo_banner.png.jpeg\" title=\"Felix Maucher taraf\u0131ndan\" alt=\"Felix Maucher taraf\u0131ndan\">    \n        <\/div>\n    <!-- \/image-wrap -->\n    \n        <div class=\"image-content\">\n                    <h3 class=\"image-title\">\n                                    Felix Maucher taraf\u0131ndan                            <\/h3>\n                    <\/div>\n    <!-- \/image-content -->\n        <\/div>\n<!-- \/module image --><!-- module text -->\n<div  class=\"module module-text tb_l55g973    tb_gs678604\" data-lazy=\"1\">\n        <div  class=\"tb_text_wrap\">\n        <h1>* Biz kimiz ve ne istiyoruz \u2026<\/h1>\n<p>Aktif \u00fcyelerimiz, bo\u015f zamanlar\u0131n ve g\u00fcnl\u00fck bisiklet\u00e7ilerin \u00e7\u0131karlar\u0131na ba\u011fl\u0131d\u0131r. \u00d6zellikle bu alanda, \u00f6rne\u011fin belediyelerdeki yol a\u011flar\u0131n\u0131n tamamen geni\u015fletilmesi veya iyi tan\u0131nan bisiklet yolu y\u00f6nleri ile ilgili olarak hala elde edilecek \u00e7ok \u015fey var.\u00a0<strong>Her ya\u015ftan bisiklet\u00e7iler i\u00e7in g\u00fcvenli ve konforlu bisiklet altyap\u0131s\u0131 talep ediyoruz.<\/strong><\/p>    <\/div>\n<\/div>\n<!-- \/module text -->        <div  data-lazy=\"1\" class=\"module_subrow themify_builder_sub_row tf_w col_align_top tb_col_count_2 tb_ueiz460\">\n                <div  data-lazy=\"1\" class=\"module_column sub_column col4-2 tb_9c4z460 first\">\n                    <!-- module text -->\n<div  class=\"module module-text tb_8tzn229    tb_gs678604\" data-lazy=\"1\">\n        <div  class=\"tb_text_wrap\">\n        <p>Hedefinize g\u00fcnl\u00fck rotalar\u0131n\u0131zda ve tatilinizde iyi bir \u015fekilde ula\u015fman\u0131z\u0131 sa\u011flamak i\u00e7in, bisiklet i\u00e7in, sahada ve \u00fclke \u00e7ap\u0131nda lobi yap\u0131yoruz. ADFC'nin \u00e7al\u0131\u015fmalar\u0131, belediye binas\u0131nda lobicilikten hafta sonu bisiklet turuna, uzman komitelerdeki tart\u0131\u015fmalara kadar uzan\u0131r: her zaman bisiklet\u00e7ilerin \u00e7\u0131kar\u0131na.<\/p>\n<p>Sahada, yerel politikalarla ve \u00e7evre koruma ve ula\u015f\u0131m sekt\u00f6r\u00fcnden di\u011fer kurulu\u015flarla yak\u0131n bir \u015fekilde \u00e7al\u0131\u015f\u0131yoruz.<\/p>\n<h3>Biz e\u011flenceli bisiklet var<\/h3>\n<p>* Her y\u0131l, ADFC Wiesbaden \/ Rheingau \u2013 Taunus, Mainz'den kom\u015fu derne\u011fimizle birlikte kapsaml\u0131 bir tur program\u0131 sunmaktad\u0131r. Buna ek olarak, yaz yar\u0131y\u0131l\u0131nda haftal\u0131k geziler yapan tur gruplar\u0131m\u0131z var. * Ofisimizde veya etkinliklerde, kendi organize gitmek isteyen herkes i\u00e7in bisiklet \u2018 taraf\u0131ndan g\u00fcncel bask\u0131 \u2019Discover Almanya var.\u00a0<\/p>\n<h3>Hizmet ve bilgi sunuyoruz<\/h3>\n<ul>\n<li>Lilja ile kargo bisikletleri i\u00e7in \u00fccretsiz bir teklifimiz var<\/li>\n<li>H\u0131rs\u0131zl\u0131\u011f\u0131 \u00f6nlemek i\u00e7in bisiklet kodlar\u0131 sunuyoruz<\/li>\n<li>Bisiklet de\u011fi\u015fimleri d\u00fczenliyoruz<\/li>\n<\/ul>\n<h3>ADFC'nin bir par\u00e7as\u0131y\u0131z<\/h3>\n<p>Ba\u011f\u0131ms\u0131z, kar amac\u0131 g\u00fctmeyen, 1.400 \u00fcyeli kay\u0131tl\u0131 bir dernek olarak, ADFC Hessen'in bir alt b\u00f6l\u00fcm\u00fcy\u00fcz.<\/p>\n<p>ADFC kar amac\u0131 g\u00fctmeyen bir dernektir. Derne\u011fin \u00e7al\u0131\u015fmalar\u0131n\u0131n \u00e7o\u011fu g\u00f6n\u00fcll\u00fcl\u00fck esas\u0131na g\u00f6re yap\u0131l\u0131r. \u00dcyelerimiz bo\u015f zamanlar\u0131n\u0131 zevk ald\u0131klar\u0131 i\u00e7in kullan\u0131rlar ve ba\u015fkalar\u0131yla birlikte bisiklet s\u00fcrmeyi te\u015fvik etmek onlar i\u00e7in \u00f6nemlidir. T\u00fcm bisiklet\u00e7ilerin \u00e7\u0131karlar\u0131n\u0131 temsil ediyoruz ve bunlar\u0131 iddia etmeye kararl\u0131y\u0131z. ADFC sayesinde art\u0131k \u00e7o\u011fu trende yan\u0131n\u0131zda bisiklet g\u00f6t\u00fcrmek m\u00fcmk\u00fcn. ADFC ayr\u0131ca mevcut karayolu trafik d\u00fczenlemelerinin revizyonuna do\u011frudan kat\u0131l\u0131r ve fikirlerine katk\u0131da bulunur.\u00a0<\/p>\n<p>ADFC \u00fcyeleri bu \u00e7al\u0131\u015fmay\u0131 \u00fcyelik \u00fccretleri ile desteklemektedir. * Bu ama\u00e7la bisikletle seyahat ediyorlarsa \u2018Radwelt\u2019 dergisini ve yasal koruma sigortas\u0131n\u0131 \u00fccretsiz al\u0131rlar.<\/p>\n<p>\u00dcye olmak buna de\u011fer!<\/p>\n<div class=\"button_container\">\n<div class=\"margin_0-16-8-0\"><a class=\"button1\" href=\"https:\/\/www.adfc.de\/mitgliedschaft\" target=\"_blank\" rel=\"noopener\"> \u00dcye Olun<\/a><\/div>\n<div class=\"margin_0-16-8-0\"><a class=\"button1\" href=\"https:\/\/www.adfc-hessen.de\/\" target=\"_blank\" rel=\"noopener\">ADFC Hesse<\/a><\/div>\n<div class=\"margin_0-16-8-0\"><a class=\"button1\" href=\"https:\/\/www.adfc.de\/\" target=\"_blank\" rel=\"noopener\">ADFC Federal Birli\u011fi<\/a><\/div>\n<\/div>    <\/div>\n<\/div>\n<!-- \/module text -->        <\/div>\n                    <div  data-lazy=\"1\" class=\"module_column sub_column col4-2 tb_y8fz460 last\">\n                    <!-- module image -->\n<div  class=\"module module-image tb_iucr534 image-top   tf_mw tb_gs2677162d\" data-lazy=\"1\">\n        <div class=\"image-wrap tf_rel tf_mw\">\n            <img loading=\"lazy\" decoding=\"async\" width=\"1707\" height=\"2560\" src=\"https:\/\/www.adfc-wiesbaden.de\/wp-content\/uploads\/2025\/02\/2025-02-21_5661-scaled.jpg\" class=\"wp-post-image wp-image-70865\" title=\"Oliver Kessler taraf\u0131ndan\" alt=\"Oliver Kessler taraf\u0131ndan\" srcset=\"https:\/\/www.adfc-wiesbaden.de\/wp-content\/uploads\/2025\/02\/2025-02-21_5661-scaled.jpg 1707w, https:\/\/www.adfc-wiesbaden.de\/wp-content\/uploads\/2025\/02\/2025-02-21_5661-700x1050.jpg 700w, https:\/\/www.adfc-wiesbaden.de\/wp-content\/uploads\/2025\/02\/2025-02-21_5661-1400x2099.jpg 1400w, https:\/\/www.adfc-wiesbaden.de\/wp-content\/uploads\/2025\/02\/2025-02-21_5661-200x300.jpg 200w, https:\/\/www.adfc-wiesbaden.de\/wp-content\/uploads\/2025\/02\/2025-02-21_5661-768x1152.jpg 768w, https:\/\/www.adfc-wiesbaden.de\/wp-content\/uploads\/2025\/02\/2025-02-21_5661-1024x1536.jpg 1024w, https:\/\/www.adfc-wiesbaden.de\/wp-content\/uploads\/2025\/02\/2025-02-21_5661-1366x2048.jpg 1366w\" sizes=\"auto, (max-width: 1707px) 100vw, 1707px\" \/>    \n        <\/div>\n    <!-- \/image-wrap -->\n    \n        <div class=\"image-content\">\n                    <h3 class=\"image-title\">\n                                    Oliver Kessler taraf\u0131ndan                            <\/h3>\n                    <\/div>\n    <!-- \/image-content -->\n        <\/div>\n<!-- \/module image -->        <\/div>\n                    <\/div>\n                <\/div>\n                        <\/div>\n        <\/div>\n        <\/div>\n<!--\/themify_builder_content-->\n\n\n<p><\/p>","protected":false},"excerpt":{"rendered":"","protected":false},"author":53,"featured_media":69954,"parent":0,"menu_order":9,"comment_status":"closed","ping_status":"closed","template":"","meta":{"footnotes":""},"tags":[],"class_list":["post-69915","page","type-page","status-publish","has-post-thumbnail","hentry","has-post-title","has-post-date","has-post-category","has-post-tag","has-post-comment","has-post-author",""],"builder_content":"<img src=\"https:\/\/www.adfc-wiesbaden.de\/wp-content\/uploads\/2025\/02\/Logo_banner.png.jpeg\" title=\"&copy; Felix Maucher\" alt=\"&copy; Felix Maucher\"> <h3> &copy; Felix Maucher <\/h3>\n<h1>Wer wir sind und was wir wollen...<\/h1> <p>Unsere Aktiven engagieren sich f\u00fcr die Interessen der Freizeit- und Alltagsradfahrenden. Gerade in diesem Bereich gibt es noch viel zu erreichen, z.B. im Hinblick auf den l\u00fcckenlosen Ausbau der Wegenetze in den Gemeinden oder gut erkennbarer Fahrradwegweisungen.\u00a0<strong>Wir fordern sichere und komfortable Radverkehrs-Infrastruktur f\u00fcr Radlerinnen und Radler jeden Alters.<\/strong><\/p>\n<p>Damit ihr auf euren t\u00e4glichen Wegen und im Urlaub gut ans Ziel kommen, leisten wir\u00a0Lobbyarbeit f\u00fcr das Rad, vor Ort und bundesweit. Die Arbeit des ADFC reicht vom Lobbying im Rathaus \u00fcber die Radtour am Wochenende bis zu Gespr\u00e4chen in Fachgremien: immer im Interesse der Radfahrerinnen und Radfahrer.<\/p> <p>Vor Ort arbeiten wir vom Kreisverband Wiesbaden \/ Rheingau-Taunus daf\u00fcr eng mit der hiesigen Politik sowie mit anderen Organisationen aus dem Umweltschutz- und Verkehrsbereich zusammen.<\/p> <h3>Wir haben Spa\u00df am Radfahren<\/h3> <p>Jedes Jahr bietet der ADFC Wiesbaden \/ Rheingau - Taunus gemeinsam mit unserem Nachbarverband aus Mainz ein umfangreiches Tourenprogramm an. Zus\u00e4tzlich haben wir Tourengruppen, die im Sommerhalbjahr w\u00f6chentlich gemeinsam Ausfahrten unternehmen. In unserer Gesch\u00e4ftsstelle oder bei Veranstaltungen gibt es die aktuelle Ausgabe \"Deutschland per Rad entdecken\" f\u00fcr alle, die gerne selbst organisiert losziehen m\u00f6chten.\u00a0<\/p> <h3>Wir bieten Service und Informationen<\/h3> <ul> <li>Mit Lilja haben wir ein kostenloses Angebot f\u00fcr Lastenr\u00e4der<\/li> <li>Wir bieten Fahrradcodierungen zur Diebstahlpr\u00e4vention an<\/li> <li>Wir organisieren Fahrradb\u00f6rsen<\/li> <\/ul> <h3>Wir sind Teil des ADFC<\/h3> <p>Als selbst\u00e4ndiger, gemeinn\u00fctziger, eingetragener Verein mit 1.400 Mitgliedern sind wir eine Untergliederung des ADFC Hessen.<\/p> <p>Der ADFC ist ein gemeinn\u00fctziger Verein. Die Vereinsarbeit wird \u00fcberwiegend ehrenamtlich geleistet. Unsere Mitglieder verwenden ihre Freizeit, weil sie Spa\u00df daran haben und es ihnen wichtig ist, gemeinsam mit anderen den Radverkehr voranzubringen. Wir vertreten die Interessen aller Radfahrenden und engagieren uns, diese durchzusetzen. So ist es dem ADFC zu verdanken, dass man heute wieder in den meisten Z\u00fcgen Fahrr\u00e4der mitnehmen kann. Auch bei der \u00dcberarbeitung der aktuellen Stra\u00dfenverkehrsordnung ist der ADFC direkt beteiligt und bringt seine Vorstellungen ein.\u00a0<\/p> <p>Mitglieder im ADFC unterst\u00fctzen mit ihrem Mitgliedsbeitrag diese Arbeit. Daf\u00fcr erhalten sie kostenlos die Zeitschrift \"Radwelt\" und eine Rechtschutzversicherung, wenn sie mit dem Fahrrad unterwegs sind.<\/p> <p>Mitglied werden lohnt sich also!<\/p>\n<a href=\"https:\/\/www.adfc.de\/mitgliedschaft\" target=\"_blank\" rel=\"noopener\"> Mitglied werden<\/a> <a href=\"https:\/\/www.adfc-hessen.de\/\" target=\"_blank\" rel=\"noopener\">ADFC Hessen<\/a> <a href=\"https:\/\/www.adfc.de\/\" target=\"_blank\" rel=\"noopener\">ADFC Bundesverband<\/a>\n<img src=\"https:\/\/www.adfc-wiesbaden.de\/wp-content\/uploads\/2025\/02\/2025-02-21_5661-scaled.jpg\" title=\"&copy; Oliver Kessler\" alt=\"&copy; Oliver Kessler\" srcset=\"https:\/\/www.adfc-wiesbaden.de\/wp-content\/uploads\/2025\/02\/2025-02-21_5661-scaled.jpg 1707w, https:\/\/www.adfc-wiesbaden.de\/wp-content\/uploads\/2025\/02\/2025-02-21_5661-700x1050.jpg 700w, https:\/\/www.adfc-wiesbaden.de\/wp-content\/uploads\/2025\/02\/2025-02-21_5661-1400x2099.jpg 1400w, https:\/\/www.adfc-wiesbaden.de\/wp-content\/uploads\/2025\/02\/2025-02-21_5661-200x300.jpg 200w, https:\/\/www.adfc-wiesbaden.de\/wp-content\/uploads\/2025\/02\/2025-02-21_5661-768x1152.jpg 768w, https:\/\/www.adfc-wiesbaden.de\/wp-content\/uploads\/2025\/02\/2025-02-21_5661-1024x1536.jpg 1024w, https:\/\/www.adfc-wiesbaden.de\/wp-content\/uploads\/2025\/02\/2025-02-21_5661-1366x2048.jpg 1366w\" sizes=\"(max-width: 1707px) 100vw, 1707px\" \/> <h3> &copy; Oliver Kessler <\/h3>","_links":{"self":[{"href":"https:\/\/www.adfc-wiesbaden.de\/tr\/wp-json\/wp\/v2\/pages\/69915","targetHints":{"allow":["GET"]}}],"collection":[{"href":"https:\/\/www.adfc-wiesbaden.de\/tr\/wp-json\/wp\/v2\/pages"}],"about":[{"href":"https:\/\/www.adfc-wiesbaden.de\/tr\/wp-json\/wp\/v2\/types\/page"}],"author":[{"embeddable":true,"href":"https:\/\/www.adfc-wiesbaden.de\/tr\/wp-json\/wp\/v2\/users\/53"}],"replies":[{"embeddable":true,"href":"https:\/\/www.adfc-wiesbaden.de\/tr\/wp-json\/wp\/v2\/comments?post=69915"}],"version-history":[{"count":54,"href":"https:\/\/www.adfc-wiesbaden.de\/tr\/wp-json\/wp\/v2\/pages\/69915\/revisions"}],"predecessor-version":[{"id":74862,"href":"https:\/\/www.adfc-wiesbaden.de\/tr\/wp-json\/wp\/v2\/pages\/69915\/revisions\/74862"}],"wp:featuredmedia":[{"embeddable":true,"href":"https:\/\/www.adfc-wiesbaden.de\/tr\/wp-json\/wp\/v2\/media\/69954"}],"wp:attachment":[{"href":"https:\/\/www.adfc-wiesbaden.de\/tr\/wp-json\/wp\/v2\/media?parent=69915"}],"wp:term":[{"taxonomy":"post_tag","embeddable":true,"href":"https:\/\/www.adfc-wiesbaden.de\/tr\/wp-json\/wp\/v2\/tags?post=69915"}],"curies":[{"name":"wp","href":"https:\/\/api.w.org\/{rel}","templated":true}]}}