{"id":70024,"date":"2025-02-18T13:58:29","date_gmt":"2025-02-18T12:58:29","guid":{"rendered":"https:\/\/www2.adfc-wiesbaden.de\/?page_id=70024"},"modified":"2026-04-29T21:44:44","modified_gmt":"2026-04-29T19:44:44","slug":"mitmachen-im-adfc","status":"publish","type":"page","link":"https:\/\/www.adfc-wiesbaden.de\/tr\/ueber-uns\/mitmachen-im-adfc\/","title":{"rendered":"ADFC'ye kat\u0131l\u0131n"},"content":{"rendered":"<!--themify_builder_content-->\n<div id=\"themify_builder_content-70024\" data-postid=\"70024\" class=\"themify_builder_content themify_builder_content-70024 themify_builder tf_clear\">\n                    <div  data-lazy=\"1\" class=\"module_row themify_builder_row tb_mkyj406 tb_first tf_w\">\n                        <div class=\"row_inner col_align_top tb_col_count_1 tf_box tf_rel\">\n                        <div  data-lazy=\"1\" class=\"module_column tb-column col-full tb_wn4a406 first\">\n                    <!-- module text -->\n<div  class=\"module module-text tb_2tji64    tb_gs678604\" data-lazy=\"1\">\n        <div  class=\"tb_text_wrap\">\n        <h1>* ADFC \u2013'a kat\u0131l\u0131n, burada fark yaratabilirim!<\/h1>\n<h2>ADFC Wiesbaden \/ Rheingau-Taunus'taki g\u00f6n\u00fcll\u00fcler i\u00e7in projeler<\/h2>\n<p>Bisiklete binme konusunda tutkulusunuz ve giderek daha fazla insan\u0131n bu co\u015fkuyu sizinle payla\u015fmas\u0131ndan mutlu musunuz?<br \/>Yava\u015f yava\u015f bir bisiklet \u00fclkesine d\u00f6n\u00fc\u015fmemizden ho\u015flan\u0131yorsunuz ve her yerdeki bisiklet\u00e7ilerin yolda iyi ve mutlu olabilece\u011fi ger\u00e7e\u011fine nas\u0131l katk\u0131da bulunabilece\u011finizi merak ediyorsunuz? O zaman sizi ADFC Wiesbaden \/ Rheingau-Taunus'ta g\u00f6n\u00fcll\u00fc olmaya davet ediyoruz!<\/p>\n<p>\u0130\u015fbirli\u011finizin kapsam\u0131n\u0131 kendiniz belirlersiniz. * Kal\u0131c\u0131 olarak veya sadece k\u00fc\u00e7\u00fck, zaman s\u0131n\u0131rl\u0131 bir projede yer alabilirsiniz \u2013 herkes sadece istedi\u011fi kadar katk\u0131da bulunur.<\/p>\n<p>G\u00fcvenli bisiklet s\u00fcrme, bisiklete binme e\u011flencesi, iyi i\u015fleyen teknoloji veya pen\u00e7eleri \u00f6nleme olsun, ADFC bisikletle \u00e7evre dostu, sa\u011fl\u0131kl\u0131 ve g\u00fcvenli mobilite anlam\u0131na gelir. T\u00fcm bunlar, Wiesbaden ve Rheingau-Taunus b\u00f6lgesindeki d\u00fczinelerce aktif ADFC \u00fcyesinin taahh\u00fcd\u00fc ile desteklenmektedir. Bu g\u00f6n\u00fcll\u00fc i\u015fbirli\u011finin temelini geni\u015fletmek istiyoruz ve g\u00f6n\u00fcll\u00fc olarak kat\u0131l\u0131m\u0131n\u0131z\u0131 d\u00f6rt g\u00f6zle bekliyoruz!<\/p>\n<p>\u00c7e\u015fitli konulardaki ileti\u015fim bilgilerine buradan ula\u015fabilirsiniz:\u00a0<a href=\"https:\/\/www.adfc-wiesbaden.de\/tr\/ueber-uns\/kontakt\/\">https:\/\/www.adfc-wiesbaden.de\/ueber-uns\/kontakt\/<\/a><\/p>    <\/div>\n<\/div>\n<!-- \/module text -->        <\/div>\n                        <\/div>\n        <\/div>\n                        <div  data-lazy=\"1\" class=\"module_row themify_builder_row tb_l6yg929 tf_w\">\n                        <div class=\"row_inner col_align_top tb_col_count_2 tf_box tf_rel\">\n                        <div  data-lazy=\"1\" class=\"module_column tb-column col4-2 tb_umy3930 first\">\n                    <!-- module text -->\n<div  class=\"module module-text tb_rqg4560    tb_gs678604\" data-lazy=\"1\">\n        <div  class=\"tb_text_wrap\">\n        <h3>Aktif toplant\u0131 1'de. Ay\u0131n pazartesi g\u00fcn\u00fc.<\/h3>\n<p>ADFC'deki aktif ki\u015filerin neler yapt\u0131\u011f\u0131n\u0131 \u00f6\u011frenmek istiyorsan\u0131z, ayl\u0131k aktif toplant\u0131 en iyi yerdir. Aktif toplant\u0131dan \u00f6nce, d\u00fczenli olarak Open-Door'da kul\u00fcp binas\u0131 a\u00e7\u0131yoruz ve bilgi, bisiklet sohbetleri veya \u00e7e\u015fitli promosyonlar sunuyoruz. <a href=\"https:\/\/www.adfc-wiesbaden.de\/tr\/termine\/\">Tarihlere genel bak\u0131\u015f<\/a>. \u0130lgilenenler, \u00fcye olsun ya da olmas\u0131n, ho\u015f geldiniz!<\/p>\n<p>D\u00fczenli toplant\u0131lar, g\u00fcncel konular hakk\u0131nda bilgi al\u0131\u015fveri\u015finde bulunmaya, Y\u00f6netim Kurulu'ndan bilgi almaya ve gelecek eylemleri planlamaya hizmet eder.\u00a0<\/p>\n<p>Bir sonraki toplant\u0131lar a\u015fa\u011f\u0131da\u00a0<b><a href=\"https:\/\/www.adfc-wiesbaden.de\/tr\/termine\/\">Kategori: Randevular<\/a>\u00a0<\/b>ilan edilmi\u015ftir. Toplant\u0131lar Goebenstra\u00dfe 1 adresindeki ofisimizde ger\u00e7ekle\u015ftirilmektedir.<br \/><br \/><br \/><\/p>    <\/div>\n<\/div>\n<!-- \/module text -->        <\/div>\n                    <div  data-lazy=\"1\" class=\"module_column tb-column col4-2 tb_oapl955 last\">\n                    <!-- module image -->\n<div  class=\"module module-image tb_m9od588 image-top   tf_mw tb_gs2677162d\" data-lazy=\"1\">\n        <div class=\"image-wrap tf_rel tf_mw\">\n            <img loading=\"lazy\" decoding=\"async\" width=\"2560\" height=\"1920\" src=\"https:\/\/www.adfc-wiesbaden.de\/wp-content\/uploads\/2025\/04\/Fahrradboerse_Infostand_mitmachen_2025_4_3-scaled.jpg\" class=\"wp-post-image wp-image-72147\" title=\"* | bisiklet de\u011fi\u015fiminde ADFC bilgi stand\u0131 \u00a9 Oliver Kessler\" alt=\"ADFC bilgi stand\u0131 bisiklet de\u011fi\u015fimi ile 4 yard\u0131mc\u0131 insanlar\" srcset=\"https:\/\/www.adfc-wiesbaden.de\/wp-content\/uploads\/2025\/04\/Fahrradboerse_Infostand_mitmachen_2025_4_3-scaled.jpg 2560w, https:\/\/www.adfc-wiesbaden.de\/wp-content\/uploads\/2025\/04\/Fahrradboerse_Infostand_mitmachen_2025_4_3-700x525.jpg 700w, https:\/\/www.adfc-wiesbaden.de\/wp-content\/uploads\/2025\/04\/Fahrradboerse_Infostand_mitmachen_2025_4_3-1400x1050.jpg 1400w, https:\/\/www.adfc-wiesbaden.de\/wp-content\/uploads\/2025\/04\/Fahrradboerse_Infostand_mitmachen_2025_4_3-200x150.jpg 200w, https:\/\/www.adfc-wiesbaden.de\/wp-content\/uploads\/2025\/04\/Fahrradboerse_Infostand_mitmachen_2025_4_3-768x576.jpg 768w, https:\/\/www.adfc-wiesbaden.de\/wp-content\/uploads\/2025\/04\/Fahrradboerse_Infostand_mitmachen_2025_4_3-1536x1152.jpg 1536w, https:\/\/www.adfc-wiesbaden.de\/wp-content\/uploads\/2025\/04\/Fahrradboerse_Infostand_mitmachen_2025_4_3-2048x1536.jpg 2048w\" sizes=\"auto, (max-width: 2560px) 100vw, 2560px\" \/>    \n        <\/div>\n    <!-- \/image-wrap -->\n    \n        <div class=\"image-content\">\n                    <h3 class=\"image-title\">\n                                    * | bisiklet de\u011fi\u015fiminde ADFC bilgi stand\u0131 \u00a9 Oliver Kessler                            <\/h3>\n                    <\/div>\n    <!-- \/image-content -->\n        <\/div>\n<!-- \/module image -->        <\/div>\n                        <\/div>\n        <\/div>\n                        <div  data-lazy=\"1\" class=\"module_row themify_builder_row tb_4k4t714 tf_w\">\n                        <div class=\"row_inner col_align_top tb_col_count_1 tf_box tf_rel\">\n                        <div  data-lazy=\"1\" class=\"module_column tb-column col-full tb_uwlo714 first\">\n                    <!-- module text -->\n<div  class=\"module module-text tb_hnau432\" data-lazy=\"1\">\n        <div  class=\"tb_text_wrap\">\n        <h3>Kat\u0131lmak i\u00e7in iyi bir neden<\/h3>    <\/div>\n<\/div>\n<!-- \/module text -->        <div  data-lazy=\"1\" class=\"module_subrow themify_builder_sub_row tf_w fill-column-content col_align_top gutter-narrow tb_col_count_3 tb_4270703\">\n                <div  data-lazy=\"1\" class=\"module_column sub_column col3-1 tb_wjqy703 first\">\n                    <!-- module image -->\n<div  class=\"module module-image tb_6vih703 image-card-layout   tf_mw\" data-lazy=\"1\">\n        <div class=\"image-wrap tf_rel tf_mw\">\n            <img loading=\"lazy\" decoding=\"async\" width=\"1600\" height=\"1200\" src=\"https:\/\/www.adfc-wiesbaden.de\/wp-content\/uploads\/2025\/06\/ADFC-Wiesbaden-Mainz_Sternfahrt-Schiersteiner-Bruecke-zum-Welttag-des-Fahrrads_beitragsbild.jpg\" class=\"wp-post-image wp-image-72699\" title=\"ADFC Wiesbaden-Mainz _Sternfahrt-Schiersteiner-Bruecke-zum-Welttag-des-Bisikletler-3-6-2025\" alt=\"* Schierstein K\u00f6pr\u00fcs\u00fc - Bisiklet G\u00fcn\u00fc | \u00a9 Karoline Dei\u00dfnerBenzer d\u00fc\u015f\u00fcnen insanlar\u0131 tan\u0131rs\u0131n\u0131z\" srcset=\"https:\/\/www.adfc-wiesbaden.de\/wp-content\/uploads\/2025\/06\/ADFC-Wiesbaden-Mainz_Sternfahrt-Schiersteiner-Bruecke-zum-Welttag-des-Fahrrads_beitragsbild.jpg 1600w, https:\/\/www.adfc-wiesbaden.de\/wp-content\/uploads\/2025\/06\/ADFC-Wiesbaden-Mainz_Sternfahrt-Schiersteiner-Bruecke-zum-Welttag-des-Fahrrads_beitragsbild-700x525.jpg 700w, https:\/\/www.adfc-wiesbaden.de\/wp-content\/uploads\/2025\/06\/ADFC-Wiesbaden-Mainz_Sternfahrt-Schiersteiner-Bruecke-zum-Welttag-des-Fahrrads_beitragsbild-1400x1050.jpg 1400w, https:\/\/www.adfc-wiesbaden.de\/wp-content\/uploads\/2025\/06\/ADFC-Wiesbaden-Mainz_Sternfahrt-Schiersteiner-Bruecke-zum-Welttag-des-Fahrrads_beitragsbild-200x150.jpg 200w, https:\/\/www.adfc-wiesbaden.de\/wp-content\/uploads\/2025\/06\/ADFC-Wiesbaden-Mainz_Sternfahrt-Schiersteiner-Bruecke-zum-Welttag-des-Fahrrads_beitragsbild-768x576.jpg 768w, https:\/\/www.adfc-wiesbaden.de\/wp-content\/uploads\/2025\/06\/ADFC-Wiesbaden-Mainz_Sternfahrt-Schiersteiner-Bruecke-zum-Welttag-des-Fahrrads_beitragsbild-1536x1152.jpg 1536w\" sizes=\"auto, (max-width: 1600px) 100vw, 1600px\" \/>    \n        <\/div>\n    <!-- \/image-wrap -->\n    \n        <div class=\"image-content\">\n                        <div class=\"image-caption tb_text_wrap\">\n            <p style=\"font-size: 10px\">* Schierstein K\u00f6pr\u00fcs\u00fc - Bisiklet G\u00fcn\u00fc | \u00a9 Karoline Dei\u00dfner<\/p>\n<p style=\"font-size: 25px\">Benzer d\u00fc\u015f\u00fcnen insanlarla tan\u0131\u015f\u0131rs\u0131n<\/p>        <\/div>\n        <!-- \/image-caption -->\n            <\/div>\n    <!-- \/image-content -->\n        <\/div>\n<!-- \/module image -->        <\/div>\n                    <div  data-lazy=\"1\" class=\"module_column sub_column col3-1 tb_gvsk703\">\n                    <!-- module image -->\n<div  class=\"module module-image tb_wvtu703 image-card-layout   tf_mw\" data-lazy=\"1\">\n        <div class=\"image-wrap tf_rel tf_mw\">\n            <img loading=\"lazy\" decoding=\"async\" width=\"1576\" height=\"1182\" src=\"https:\/\/www.adfc-wiesbaden.de\/wp-content\/uploads\/2025\/10\/20250927_162105.jpg\" class=\"wp-post-image wp-image-74141\" title=\"20250927_162105\" alt=\"* \u015eehir festivalinde bisiklet gard\u0131ropu | \u00a9 Oliver KesslerDi\u011fer bisiklet\u00e7ilere yard\u0131mc\u0131 olabilirsiniz\" srcset=\"https:\/\/www.adfc-wiesbaden.de\/wp-content\/uploads\/2025\/10\/20250927_162105.jpg 1576w, https:\/\/www.adfc-wiesbaden.de\/wp-content\/uploads\/2025\/10\/20250927_162105-700x525.jpg 700w, https:\/\/www.adfc-wiesbaden.de\/wp-content\/uploads\/2025\/10\/20250927_162105-1400x1050.jpg 1400w, https:\/\/www.adfc-wiesbaden.de\/wp-content\/uploads\/2025\/10\/20250927_162105-200x150.jpg 200w, https:\/\/www.adfc-wiesbaden.de\/wp-content\/uploads\/2025\/10\/20250927_162105-768x576.jpg 768w, https:\/\/www.adfc-wiesbaden.de\/wp-content\/uploads\/2025\/10\/20250927_162105-1536x1152.jpg 1536w\" sizes=\"auto, (max-width: 1576px) 100vw, 1576px\" \/>    \n        <\/div>\n    <!-- \/image-wrap -->\n    \n        <div class=\"image-content\">\n                        <div class=\"image-caption tb_text_wrap\">\n            <p style=\"font-size: 10px\">* | \u015fehir festivalinde bisiklet gard\u0131ropu \u00a9 Oliver Kessler<\/p>\n<p style=\"font-size: 25px\">Di\u011fer bisiklet\u00e7ilere yard\u0131m edebilirsiniz.<\/p>        <\/div>\n        <!-- \/image-caption -->\n            <\/div>\n    <!-- \/image-content -->\n        <\/div>\n<!-- \/module image -->        <\/div>\n                    <div  data-lazy=\"1\" class=\"module_column sub_column col3-1 tb_0w3b703 last\">\n                    <!-- module image -->\n<div  class=\"module module-image tb_70q7703 image-card-layout   tf_mw\" data-lazy=\"1\">\n        <div class=\"image-wrap tf_rel tf_mw\">\n            <img loading=\"lazy\" decoding=\"async\" width=\"1920\" height=\"1438\" src=\"https:\/\/www.adfc-wiesbaden.de\/wp-content\/uploads\/2025\/06\/2025_06_Mosbacher_Strasse_43.jpg\" class=\"wp-post-image wp-image-72749\" title=\"Mosbacher Stra\u00dfe\" alt=\"* Bisiklet Rotas\u0131 Mosbacher Stra\u00dfe | \u00a9 Oliver KesslerYa\u015fanabilir \u015fehirler i\u00e7in hareket ediyorsunuz\" srcset=\"https:\/\/www.adfc-wiesbaden.de\/wp-content\/uploads\/2025\/06\/2025_06_Mosbacher_Strasse_43.jpg 1920w, https:\/\/www.adfc-wiesbaden.de\/wp-content\/uploads\/2025\/06\/2025_06_Mosbacher_Strasse_43-700x524.jpg 700w, https:\/\/www.adfc-wiesbaden.de\/wp-content\/uploads\/2025\/06\/2025_06_Mosbacher_Strasse_43-1400x1049.jpg 1400w, https:\/\/www.adfc-wiesbaden.de\/wp-content\/uploads\/2025\/06\/2025_06_Mosbacher_Strasse_43-200x150.jpg 200w, https:\/\/www.adfc-wiesbaden.de\/wp-content\/uploads\/2025\/06\/2025_06_Mosbacher_Strasse_43-768x575.jpg 768w, https:\/\/www.adfc-wiesbaden.de\/wp-content\/uploads\/2025\/06\/2025_06_Mosbacher_Strasse_43-1536x1150.jpg 1536w\" sizes=\"auto, (max-width: 1920px) 100vw, 1920px\" \/>    \n        <\/div>\n    <!-- \/image-wrap -->\n    \n        <div class=\"image-content\">\n                        <div class=\"image-caption tb_text_wrap\">\n            <p style=\"font-size: 10px\"> * Bisiklet yolu Mosbacher Stra\u00dfe | \u00a9 Oliver Kessler<\/p>\n<p style=\"font-size: 25px\">Ya\u015fanabilir \u015fehirler i\u00e7in bir \u015feyler ta\u015f\u0131yorsun<\/p>        <\/div>\n        <!-- \/image-caption -->\n            <\/div>\n    <!-- \/image-content -->\n        <\/div>\n<!-- \/module image -->        <\/div>\n                    <\/div>\n                <\/div>\n                        <\/div>\n        <\/div>\n        <\/div>\n<!--\/themify_builder_content-->","protected":false},"excerpt":{"rendered":"<p>* ADFC \u2013'a kat\u0131l\u0131n, burada fark yaratabilirim! &amp; nbsp; ADFC Wiesbaden \/ Rheingau-Taunus'taki g\u00f6n\u00fcll\u00fcler i\u00e7in projeler Bisiklete binme konusunda tutkulusunuz ve giderek daha fazla insan\u0131n bu co\u015fkuyu sizinle payla\u015fmas\u0131 konusunda heyecanl\u0131s\u0131n\u0131z?<\/p>","protected":false},"author":53,"featured_media":69215,"parent":69915,"menu_order":3,"comment_status":"closed","ping_status":"closed","template":"","meta":{"footnotes":""},"tags":[],"class_list":["post-70024","page","type-page","status-publish","has-post-thumbnail","hentry","has-post-title","has-post-date","has-post-category","has-post-tag","has-post-comment","has-post-author",""],"builder_content":"<h1>Mitmachen im ADFC - Hier kann ich was bewegen!<\/h1> <h2>Projekte f\u00fcr Freiwillige im ADFC Wiesbaden \/ Rheingau-Taunus<\/h2> <p>Du f\u00e4hrst leidenschaftlich gerne Rad und freust dich dar\u00fcber, dass immer mehr Menschen diese Begeisterung mit Dir teilen?<br \/>Du findest es gut, dass wir uns allm\u00e4hlich zum Fahrradland entwickeln und fragst dich, wie Du dazu beitragen kannst, dass Radfahrer:innen \u00fcberall gut und gerne unterwegs sein k\u00f6nnen? Dann m\u00f6chten wir Dich zur freiwilligen Mitarbeit im ADFC Wiesbaden \/ Rheingau-Taunus einladen!<\/p> <p>Den Umfang deiner Mitarbeit bestimmst Du dabei selbst. Du kannst Dich dauerhaft engagieren oder auch einfach in einem kleinen, zeitlich begrenzten Projekt \u2013 alle bringen sich nur so viel ein, wie sie m\u00f6chten.<\/p> <p>Ganz gleich, ob es um gefahrloses Radfahren, den Spa\u00df bei Radtouren, gut funktionierende Technik oder die Verhinderung von Fahrradklau geht \u2013 der ADFC steht f\u00fcr umweltfreundliche, gesunde und sichere Mobilit\u00e4t mit dem Fahrrad. Getragen wird all das vom Engagement dutzender aktiver ADFC-Mitglieder in Wiesbaden und dem Rheingau-Taunus Kreis. Wir m\u00f6chten die Basis dieser freiwilligen Mitarbeit gerne verbreitern und freuen uns, wenn Ihr als ehrenamtliche Aktive mit dabei seid!<\/p> <p>Kontakte zu verschiedenen Themen findest Du hier:\u00a0<a href=\"https:\/\/www.adfc-wiesbaden.de\/ueber-uns\/kontakt\/\">https:\/\/www.adfc-wiesbaden.de\/ueber-uns\/kontakt\/<\/a><\/p>\n<h3>Aktiventreffen am 1. Montag im Monat.<\/h3> <p>Falls Du gerne reinschnuppern m\u00f6chtest, was die Aktiven im ADFC so tun, ist das monatliche Aktiventreffen der beste Ort. Vor dem Aktiventreffen \u00f6ffnen wir bei Open-Door regelm\u00e4\u00dfig das Clubhaus und bieten dort Informationen, Radplausch oder verschiedene Aktionen an. die Termine stehen in der <a href=\"https:\/\/www.adfc-wiesbaden.de\/termine\/\">Termin\u00fcbersicht<\/a>. Jede:r Interessierte - ob Mitglied oder nicht - ist herzlich willkommen, vorbeizukommen!<\/p> <p>Die regelm\u00e4\u00dfigen Treffen dienen zum Austausch \u00fcber aktuelle Themen, Informationen des Vorstands und zum Planen anstehender Aktionen.\u00a0<\/p> <p>Die n\u00e4chsten Treffen sind unter\u00a0<b><a href=\"\/termine\">Termine<\/a>\u00a0<\/b>angek\u00fcndigt. Die Treffen finden in unserer Gesch\u00e4ftsstelle in der Goebenstra\u00dfe 1 statt.<br \/><br \/><br \/><\/p>\n<img src=\"https:\/\/www.adfc-wiesbaden.de\/wp-content\/uploads\/2025\/04\/Fahrradboerse_Infostand_mitmachen_2025_4_3-scaled.jpg\" title=\"ADFC Infostand an der Fahrradb\u00f6rse | &copy; Oliver Kessler\" alt=\"ADFC Infostand an der Fahrradb\u00f6rse mit 4 helfenden Personen\" srcset=\"https:\/\/www.adfc-wiesbaden.de\/wp-content\/uploads\/2025\/04\/Fahrradboerse_Infostand_mitmachen_2025_4_3-scaled.jpg 2560w, https:\/\/www.adfc-wiesbaden.de\/wp-content\/uploads\/2025\/04\/Fahrradboerse_Infostand_mitmachen_2025_4_3-700x525.jpg 700w, https:\/\/www.adfc-wiesbaden.de\/wp-content\/uploads\/2025\/04\/Fahrradboerse_Infostand_mitmachen_2025_4_3-1400x1050.jpg 1400w, https:\/\/www.adfc-wiesbaden.de\/wp-content\/uploads\/2025\/04\/Fahrradboerse_Infostand_mitmachen_2025_4_3-200x150.jpg 200w, https:\/\/www.adfc-wiesbaden.de\/wp-content\/uploads\/2025\/04\/Fahrradboerse_Infostand_mitmachen_2025_4_3-768x576.jpg 768w, https:\/\/www.adfc-wiesbaden.de\/wp-content\/uploads\/2025\/04\/Fahrradboerse_Infostand_mitmachen_2025_4_3-1536x1152.jpg 1536w, https:\/\/www.adfc-wiesbaden.de\/wp-content\/uploads\/2025\/04\/Fahrradboerse_Infostand_mitmachen_2025_4_3-2048x1536.jpg 2048w\" sizes=\"(max-width: 2560px) 100vw, 2560px\" \/> <h3> ADFC Infostand an der Fahrradb\u00f6rse | &copy; Oliver Kessler <\/h3>\n<h3>Gute Grunde f\u00fcrs Mitmachen<\/h3>\n<img src=\"https:\/\/www.adfc-wiesbaden.de\/wp-content\/uploads\/2025\/06\/ADFC-Wiesbaden-Mainz_Sternfahrt-Schiersteiner-Bruecke-zum-Welttag-des-Fahrrads_beitragsbild.jpg\" title=\"ADFC-Wiesbaden-Mainz_Sternfahrt-Schiersteiner-Bruecke-zum-Welttag-des-Fahrrads-3-6-2025\" alt=\"Schiersteiner Br\u00fccke - Tag des Fahrrads | &copy; Karoline Dei\u00dfner Du lernst Gleichgesinnte kennen\" srcset=\"https:\/\/www.adfc-wiesbaden.de\/wp-content\/uploads\/2025\/06\/ADFC-Wiesbaden-Mainz_Sternfahrt-Schiersteiner-Bruecke-zum-Welttag-des-Fahrrads_beitragsbild.jpg 1600w, https:\/\/www.adfc-wiesbaden.de\/wp-content\/uploads\/2025\/06\/ADFC-Wiesbaden-Mainz_Sternfahrt-Schiersteiner-Bruecke-zum-Welttag-des-Fahrrads_beitragsbild-700x525.jpg 700w, https:\/\/www.adfc-wiesbaden.de\/wp-content\/uploads\/2025\/06\/ADFC-Wiesbaden-Mainz_Sternfahrt-Schiersteiner-Bruecke-zum-Welttag-des-Fahrrads_beitragsbild-1400x1050.jpg 1400w, https:\/\/www.adfc-wiesbaden.de\/wp-content\/uploads\/2025\/06\/ADFC-Wiesbaden-Mainz_Sternfahrt-Schiersteiner-Bruecke-zum-Welttag-des-Fahrrads_beitragsbild-200x150.jpg 200w, https:\/\/www.adfc-wiesbaden.de\/wp-content\/uploads\/2025\/06\/ADFC-Wiesbaden-Mainz_Sternfahrt-Schiersteiner-Bruecke-zum-Welttag-des-Fahrrads_beitragsbild-768x576.jpg 768w, https:\/\/www.adfc-wiesbaden.de\/wp-content\/uploads\/2025\/06\/ADFC-Wiesbaden-Mainz_Sternfahrt-Schiersteiner-Bruecke-zum-Welttag-des-Fahrrads_beitragsbild-1536x1152.jpg 1536w\" sizes=\"(max-width: 1600px) 100vw, 1600px\" \/> <p style=\"font-size: 10px\">Schiersteiner Br\u00fccke - Tag des Fahrrads | &copy; Karoline Dei\u00dfner<\/p> <p style=\"font-size: 25px\">Du lernst Gleichgesinnte kennen<\/p>\n<img src=\"https:\/\/www.adfc-wiesbaden.de\/wp-content\/uploads\/2025\/10\/20250927_162105.jpg\" title=\"20250927_162105\" alt=\"Fahrradgarderobe am Stadtfest | &copy; Oliver Kessler Du kannst anderen Radelnden helfen\" srcset=\"https:\/\/www.adfc-wiesbaden.de\/wp-content\/uploads\/2025\/10\/20250927_162105.jpg 1576w, https:\/\/www.adfc-wiesbaden.de\/wp-content\/uploads\/2025\/10\/20250927_162105-700x525.jpg 700w, https:\/\/www.adfc-wiesbaden.de\/wp-content\/uploads\/2025\/10\/20250927_162105-1400x1050.jpg 1400w, https:\/\/www.adfc-wiesbaden.de\/wp-content\/uploads\/2025\/10\/20250927_162105-200x150.jpg 200w, https:\/\/www.adfc-wiesbaden.de\/wp-content\/uploads\/2025\/10\/20250927_162105-768x576.jpg 768w, https:\/\/www.adfc-wiesbaden.de\/wp-content\/uploads\/2025\/10\/20250927_162105-1536x1152.jpg 1536w\" sizes=\"(max-width: 1576px) 100vw, 1576px\" \/> <p style=\"font-size: 10px\">Fahrradgarderobe am Stadtfest | &copy; Oliver Kessler<\/p> <p style=\"font-size: 25px\">Du kannst anderen Radelnden helfen<\/p>\n<img src=\"https:\/\/www.adfc-wiesbaden.de\/wp-content\/uploads\/2025\/06\/2025_06_Mosbacher_Strasse_43.jpg\" title=\"Mosbacher Stra\u00dfe\" alt=\"Fahrradstra\u00dfe Mosbacher Stra\u00dfe | &copy; Oliver Kessler Du bewegst etwas f\u00fcr lebenswerte St\u00e4dte\" srcset=\"https:\/\/www.adfc-wiesbaden.de\/wp-content\/uploads\/2025\/06\/2025_06_Mosbacher_Strasse_43.jpg 1920w, https:\/\/www.adfc-wiesbaden.de\/wp-content\/uploads\/2025\/06\/2025_06_Mosbacher_Strasse_43-700x524.jpg 700w, https:\/\/www.adfc-wiesbaden.de\/wp-content\/uploads\/2025\/06\/2025_06_Mosbacher_Strasse_43-1400x1049.jpg 1400w, https:\/\/www.adfc-wiesbaden.de\/wp-content\/uploads\/2025\/06\/2025_06_Mosbacher_Strasse_43-200x150.jpg 200w, https:\/\/www.adfc-wiesbaden.de\/wp-content\/uploads\/2025\/06\/2025_06_Mosbacher_Strasse_43-768x575.jpg 768w, https:\/\/www.adfc-wiesbaden.de\/wp-content\/uploads\/2025\/06\/2025_06_Mosbacher_Strasse_43-1536x1150.jpg 1536w\" sizes=\"(max-width: 1920px) 100vw, 1920px\" \/> <p style=\"font-size: 10px\"> Fahrradstra\u00dfe Mosbacher Stra\u00dfe | &copy; Oliver Kessler<\/p> <p style=\"font-size: 25px\">Du bewegst etwas f\u00fcr lebenswerte St\u00e4dte<\/p>\n<h2>Kontaktbox<\/h2> <p>Du willst dich bei uns einbringen? Dann f\u00fclle doch gerne diese Kontaktbox aus. Wir freuen uns auf Deine Nachricht und melden uns bei Dir.<\/p> [contact-form-7 id=\"ab7daa0\" title=\"Mitmachen im ADFC Wiesbaden\"]\n","_links":{"self":[{"href":"https:\/\/www.adfc-wiesbaden.de\/tr\/wp-json\/wp\/v2\/pages\/70024","targetHints":{"allow":["GET"]}}],"collection":[{"href":"https:\/\/www.adfc-wiesbaden.de\/tr\/wp-json\/wp\/v2\/pages"}],"about":[{"href":"https:\/\/www.adfc-wiesbaden.de\/tr\/wp-json\/wp\/v2\/types\/page"}],"author":[{"embeddable":true,"href":"https:\/\/www.adfc-wiesbaden.de\/tr\/wp-json\/wp\/v2\/users\/53"}],"replies":[{"embeddable":true,"href":"https:\/\/www.adfc-wiesbaden.de\/tr\/wp-json\/wp\/v2\/comments?post=70024"}],"version-history":[{"count":79,"href":"https:\/\/www.adfc-wiesbaden.de\/tr\/wp-json\/wp\/v2\/pages\/70024\/revisions"}],"predecessor-version":[{"id":76666,"href":"https:\/\/www.adfc-wiesbaden.de\/tr\/wp-json\/wp\/v2\/pages\/70024\/revisions\/76666"}],"up":[{"embeddable":true,"href":"https:\/\/www.adfc-wiesbaden.de\/tr\/wp-json\/wp\/v2\/pages\/69915"}],"wp:featuredmedia":[{"embeddable":true,"href":"https:\/\/www.adfc-wiesbaden.de\/tr\/wp-json\/wp\/v2\/media\/69215"}],"wp:attachment":[{"href":"https:\/\/www.adfc-wiesbaden.de\/tr\/wp-json\/wp\/v2\/media?parent=70024"}],"wp:term":[{"taxonomy":"post_tag","embeddable":true,"href":"https:\/\/www.adfc-wiesbaden.de\/tr\/wp-json\/wp\/v2\/tags?post=70024"}],"curies":[{"name":"wp","href":"https:\/\/api.w.org\/{rel}","templated":true}]}}