{"id":71914,"date":"2025-04-05T09:43:29","date_gmt":"2025-04-05T07:43:29","guid":{"rendered":"https:\/\/www.adfc-wiesbaden.de\/weiterleitungen\/db-rad-copy\/"},"modified":"2026-03-16T19:15:12","modified_gmt":"2026-03-16T18:15:12","slug":"fahrradreparaturkurs","status":"publish","type":"page","link":"https:\/\/www.adfc-wiesbaden.de\/tr\/service\/fahrradreparaturkurs\/","title":{"rendered":"Wiesbaden ve \u00e7evresinde bisiklet tamir kurslar\u0131"},"content":{"rendered":"<!--themify_builder_content-->\n<div id=\"themify_builder_content-71914\" data-postid=\"71914\" class=\"themify_builder_content themify_builder_content-71914 themify_builder tf_clear\">\n                    <div  data-lazy=\"1\" class=\"module_row themify_builder_row tb_gejo228 tb_first tf_w\">\n                        <div class=\"row_inner col_align_top tb_col_count_1 tf_box tf_rel\">\n                        <div  data-lazy=\"1\" class=\"module_column tb-column col-full tb_ecgh470 first\">\n                    <!-- module image -->\n<div  class=\"module module-image tb_8i6c671 image-top   tf_mw tb_gs2677162d\" data-lazy=\"1\">\n        <div class=\"image-wrap tf_rel tf_mw\">\n            <img loading=\"lazy\" decoding=\"async\" width=\"2048\" height=\"1671\" src=\"https:\/\/www.adfc-wiesbaden.de\/wp-content\/uploads\/2025\/01\/Selbsthilfewerkstatt.jpg\" class=\"wp-post-image wp-image-69176\" title=\"* Kendi kendine yard\u0131m at\u00f6lyesi Frankfurt | \u00a9 Eckehard Wolf\" alt=\"Bir bisiklet ve tamir eden 2 erkekle kendi kendine yard\u0131m at\u00f6lyesinin resmi.\" srcset=\"https:\/\/www.adfc-wiesbaden.de\/wp-content\/uploads\/2025\/01\/Selbsthilfewerkstatt.jpg 2048w, https:\/\/www.adfc-wiesbaden.de\/wp-content\/uploads\/2025\/01\/Selbsthilfewerkstatt-700x571.jpg 700w, https:\/\/www.adfc-wiesbaden.de\/wp-content\/uploads\/2025\/01\/Selbsthilfewerkstatt-1400x1142.jpg 1400w, https:\/\/www.adfc-wiesbaden.de\/wp-content\/uploads\/2025\/01\/Selbsthilfewerkstatt-200x163.jpg 200w, https:\/\/www.adfc-wiesbaden.de\/wp-content\/uploads\/2025\/01\/Selbsthilfewerkstatt-768x627.jpg 768w, https:\/\/www.adfc-wiesbaden.de\/wp-content\/uploads\/2025\/01\/Selbsthilfewerkstatt-1536x1253.jpg 1536w\" sizes=\"auto, (max-width: 2048px) 100vw, 2048px\" \/>    \n        <\/div>\n    <!-- \/image-wrap -->\n    \n        <div class=\"image-content\">\n                    <h3 class=\"image-title\">\n                                    * Kendi kendine yard\u0131m at\u00f6lyesi Frankfurt | \u00a9 Eckehard Wolf                            <\/h3>\n                    <\/div>\n    <!-- \/image-content -->\n        <\/div>\n<!-- \/module image --><!-- module text -->\n<div  class=\"module module-text tb_cp7y070    tb_gs678604\" data-lazy=\"1\">\n        <div  class=\"tb_text_wrap\">\n        <h1>Bisiklet tamir kursu bir Wiesbaden ve \u00e7evresi<\/h1>\n<p>Genellikle onar\u0131m kurslar\u0131 ve bisiklet kontrolleri i\u00e7in talepler al\u0131yoruz. \u015eu anda bunlar\u0131 kendimiz sunma kapasitesine sahip de\u011filiz ve bu nedenle Wiesbaden ve \u00e7evresinde onar\u0131m kurslar\u0131na kat\u0131labilece\u011finiz veya bisikletinizi kendiniz destekle onarabilece\u011finiz bir dizi yer olu\u015fturduk. <br \/>Bu t\u00fcr tekliflerin oldu\u011fu ba\u015fka yerlerden haberdarsan\u0131z?<br \/>L\u00fctfen bize biraz bilgi yazmaktan \u00e7ekinmeyin <a href=\"\/tr\/&\/#109;&#x61;&#x69;l&#116;&#x6f;&#x3a;w&#101;&#x62;t&#101;&#x61;&#x6d;&#64;&#97;&#x64;f&#99;&#x2d;&#x77;i&#101;&#x73;&#x62;&#97;&#x64;&#x65;n&#46;&#x64;&#x65;\">webteam@adfc-wiesbaden.de<\/a><br \/>Katk\u0131da bulunmak ister misiniz ve ADFC ile b\u00f6yle bir teklif sunmay\u0131 hayal edebiliyor musunuz?<br \/>bizimle temas kurmaktan \u00e7ekinmeyin l\u00fctfen at <a href=\"\/tr\/&\/#109;&#x61;&#105;&#x6c;t&#x6f;:&#105;&#x6e;&#102;&#x6f;&#64;&#x61;d&#102;&#x63;&#45;&#x77;i&#x65;s&#98;&#x61;&#100;&#x65;n&#x2e;d&#101;\">info@adfc-wiesbaden.de<\/a> Ya da aktif bir toplant\u0131ya kat\u0131l\u0131n.<\/p>\n<h3>\u00c7evre ma\u011fazas\u0131 Wiesbaden<\/h3>\n<p>* Umweltladen Wiesbaden, \u2018der Radler\u2019 ve ADFC Mainz-Bingen ile i\u015fbirli\u011fi i\u00e7inde, yeni ba\u015flayanlar ve ileri d\u00fczey kullan\u0131c\u0131lar i\u00e7in onar\u0131m kurslar\u0131 sunmaktad\u0131r. Bu teklif hakk\u0131nda daha fazla bilgiyi \u015fu adreste bulabilirsiniz: <a href=\"https:\/\/www.wiesbaden.de\/leben-in-wiesbaden\/umwelt-natur-klima\/umweltberatung\/kurse-fahrradreparatur\" target=\"_blank\" rel=\"noopener\">\u00c7evre ma\u011fazas\u0131ndan tamir kurslar\u0131.<\/a><\/p>\n<h3>kuyruk r\u00fczgar\u0131<\/h3>\n<p>S\u0131cak mevsimde her Cuma saat 3'ten itibaren Wiesbaden'deki tailwind derne\u011fi sizi Kulturparkam Schlachthof'taki konteynerlerindeki a\u00e7\u0131k at\u00f6lyeye davet ediyor. Bu teklif hakk\u0131nda daha fazla bilgiyi \u015fu adreste bulabilirsiniz: <a href=\"http:\/\/www.rueckenwind-in-wiesbaden.de\/index.php\/fahrradwerkstatt\/\" target=\"_blank\" rel=\"noopener\">Kuyruk r\u00fczgar\u0131 m\u0131?<\/a><\/p>\n<h3>Uygulamal\u0131 at\u00f6lye Kiezwerkstatt<\/h3>\n<p>Nisan ay\u0131nda yeni a\u00e7\u0131lan Kiezwerkstatt'ta, at\u00f6lyenin altyap\u0131s\u0131n\u0131 kendi bisikletini onarmak i\u00e7in k\u00fc\u00e7\u00fck bir \u00fccret kar\u015f\u0131l\u0131\u011f\u0131nda kullanma imkan\u0131 var. Bu teklif hakk\u0131nda daha fazla bilgiyi \u015fu adreste bulabilirsiniz: <a href=\"https:\/\/www.kiezkaufhaus.de\/#preisliste-unserer-mitmachwerkstatt\" target=\"_blank\" rel=\"noopener\">Kiez at\u00f6lyesinde.<\/a><\/p>\n<h3>E-hareket Walluf<\/h3>\n<p>Walluf'ta E-Motion, e-bisiklet onar\u0131m\u0131 \u00fczerine at\u00f6lyeler sunmaktad\u0131r. \u0130lginizi \u00e7ekebilecek ba\u015fka teklifler de var. <a href=\"https:\/\/emotion-ebikes.de\/standorte\/he\/wiesbaden\/together?merchantId=12971137\" target=\"_blank\" rel=\"noopener\">https:\/\/emotion-ebikes.de\/standorte\/he\/wiesbaden\/together?merchantId=12971137<\/a><\/p>    <\/div>\n<\/div>\n<!-- \/module text -->        <\/div>\n                        <\/div>\n        <\/div>\n        <\/div>\n<!--\/themify_builder_content-->","protected":false},"excerpt":{"rendered":"<p>Burada bisiklet tamir kurslar\u0131 ve kendi kendine yard\u0131m at\u00f6lyeleri i\u00e7in bize bilinen tekliflere genel bir bak\u0131\u015f bulacaks\u0131n\u0131z.<\/p>","protected":false},"author":53,"featured_media":69177,"parent":69773,"menu_order":0,"comment_status":"closed","ping_status":"closed","template":"","meta":{"footnotes":""},"tags":[790],"class_list":["post-71914","page","type-page","status-publish","has-post-thumbnail","hentry","tag-tipps","has-post-title","has-post-date","has-post-category","has-post-tag","has-post-comment","has-post-author",""],"builder_content":"<img src=\"https:\/\/www.adfc-wiesbaden.de\/wp-content\/uploads\/2025\/01\/Selbsthilfewerkstatt.jpg\" title=\"Selbsthilfewerkstatt Frankfurt | &copy; Eckehard Wolf\" alt=\"Bild von einer Selbsthilfewerkstatt mit einem Fahrrad und 2 M\u00e4nnern, die dieses reparieren.\" srcset=\"https:\/\/www.adfc-wiesbaden.de\/wp-content\/uploads\/2025\/01\/Selbsthilfewerkstatt.jpg 2048w, https:\/\/www.adfc-wiesbaden.de\/wp-content\/uploads\/2025\/01\/Selbsthilfewerkstatt-700x571.jpg 700w, https:\/\/www.adfc-wiesbaden.de\/wp-content\/uploads\/2025\/01\/Selbsthilfewerkstatt-1400x1142.jpg 1400w, https:\/\/www.adfc-wiesbaden.de\/wp-content\/uploads\/2025\/01\/Selbsthilfewerkstatt-200x163.jpg 200w, https:\/\/www.adfc-wiesbaden.de\/wp-content\/uploads\/2025\/01\/Selbsthilfewerkstatt-768x627.jpg 768w, https:\/\/www.adfc-wiesbaden.de\/wp-content\/uploads\/2025\/01\/Selbsthilfewerkstatt-1536x1253.jpg 1536w\" sizes=\"(max-width: 2048px) 100vw, 2048px\" \/> <h3> Selbsthilfewerkstatt Frankfurt | &copy; Eckehard Wolf <\/h3>\n<h1>Fahrradreparaturkurs ein Wiesbaden und Umgebung<\/h1> <p>Wir bekommen \u00f6fter Anfragen zu Reparaturkursen und Fahrrad-Checkups. Aktuell haben wir keine Kapazit\u00e4ten diese selbst anzubieten und haben daher hier eine Sammlung an Stellen in Wiesbaden und Umgebung erstellt, wo man an Reparaturkursen teilnehmen kann oder mit Unterst\u00fctzung sein Rad selbst reparieren kann. <br \/>Wenn euch weitere Orte bekannt sind, an denen es solche Angebote gibt?<br \/>Schreibt uns gerne ein paar Informationen dazu an <a href=\"mailto:webteam@adfc-wiesbaden.de\">webteam@adfc-wiesbaden.de<\/a><br \/>M\u00f6chtet ihr euch einbringen und k\u00f6nnt euch vorstellen ein solches Angebot mit dem ADFC anzubieten?<br \/>Meldet euch gerne unter <a href=\"mailto:info@adfc-wiesbaden.de\">info@adfc-wiesbaden.de<\/a> oder kommt bei einem Aktiventreffen vorbei.<\/p> <h3>Umweltladen Wiesbaden<\/h3> <p>Der Umweltladen Wiesbaden bietet in Zusammenarbeit mit \"der Radler\" und dem ADFC Mainz-Bingen Reperaturkurs f\u00fcr Anf\u00e4nger und Fortgeschrittene an. Weitere Informationen zu diesem Angebot findet ihr unter <a href=\"https:\/\/www.wiesbaden.de\/leben-in-wiesbaden\/umwelt-natur-klima\/umweltberatung\/kurse-fahrradreparatur\" target=\"_blank\" rel=\"noopener\">Reparaturkurse vom Umweltladen.<\/a><\/p> <h3>R\u00fcckenwind<\/h3> <p>Der Verein R\u00fcckenwind in Wiesbaden l\u00e4dt in der warmen Jahreszeit jeden Freitag ab 15 Uhr zur offenen Werkstatt an ihrem Container im Kulturparkam Schlachthof ein. Weitere Informationen zu diesem Angebot findet ihr unter <a href=\"http:\/\/www.rueckenwind-in-wiesbaden.de\/index.php\/fahrradwerkstatt\/\" target=\"_blank\" rel=\"noopener\">R\u00fcckenwind.<\/a><\/p> <h3>Mitmachwerkstatt Kiezwerkstatt<\/h3> <p>In der im April neu er\u00f6ffneten Kiezwerkstatt gibt es die M\u00f6glichkeit, die Infrastruktur der Werkstatt gegen eine kleine Geb\u00fchr zu nutzen, um sein eigenes Fahrrad zu reparieren. Weitere Informationen zu diesem Angebot findet ihr unter <a href=\"https:\/\/www.kiezkaufhaus.de\/#preisliste-unserer-mitmachwerkstatt\" target=\"_blank\" rel=\"noopener\">Kiezwerkstatt.<\/a><\/p> <h3>E-Motion Walluf<\/h3> <p>In Walluf bietet E-Motion Workshops zur E-Bike-Reperatur an. Hier gibt es ebenfalls andere Angebote, die f\u00fcr euch interessant sein k\u00f6nnten <a href=\"https:\/\/emotion-ebikes.de\/standorte\/he\/wiesbaden\/together?merchantId=12971137\" target=\"_blank\" rel=\"noopener\">https:\/\/emotion-ebikes.de\/standorte\/he\/wiesbaden\/together?merchantId=12971137<\/a><\/p>","_links":{"self":[{"href":"https:\/\/www.adfc-wiesbaden.de\/tr\/wp-json\/wp\/v2\/pages\/71914","targetHints":{"allow":["GET"]}}],"collection":[{"href":"https:\/\/www.adfc-wiesbaden.de\/tr\/wp-json\/wp\/v2\/pages"}],"about":[{"href":"https:\/\/www.adfc-wiesbaden.de\/tr\/wp-json\/wp\/v2\/types\/page"}],"author":[{"embeddable":true,"href":"https:\/\/www.adfc-wiesbaden.de\/tr\/wp-json\/wp\/v2\/users\/53"}],"replies":[{"embeddable":true,"href":"https:\/\/www.adfc-wiesbaden.de\/tr\/wp-json\/wp\/v2\/comments?post=71914"}],"version-history":[{"count":19,"href":"https:\/\/www.adfc-wiesbaden.de\/tr\/wp-json\/wp\/v2\/pages\/71914\/revisions"}],"predecessor-version":[{"id":75641,"href":"https:\/\/www.adfc-wiesbaden.de\/tr\/wp-json\/wp\/v2\/pages\/71914\/revisions\/75641"}],"up":[{"embeddable":true,"href":"https:\/\/www.adfc-wiesbaden.de\/tr\/wp-json\/wp\/v2\/pages\/69773"}],"wp:featuredmedia":[{"embeddable":true,"href":"https:\/\/www.adfc-wiesbaden.de\/tr\/wp-json\/wp\/v2\/media\/69177"}],"wp:attachment":[{"href":"https:\/\/www.adfc-wiesbaden.de\/tr\/wp-json\/wp\/v2\/media?parent=71914"}],"wp:term":[{"taxonomy":"post_tag","embeddable":true,"href":"https:\/\/www.adfc-wiesbaden.de\/tr\/wp-json\/wp\/v2\/tags?post=71914"}],"curies":[{"name":"wp","href":"https:\/\/api.w.org\/{rel}","templated":true}]}}