{"id":73469,"date":"2025-09-09T21:33:23","date_gmt":"2025-09-09T19:33:23","guid":{"rendered":"https:\/\/www.adfc-wiesbaden.de\/?page_id=73469"},"modified":"2025-09-09T21:35:12","modified_gmt":"2025-09-09T19:35:12","slug":"dossier-mit-dem-rad-zur-schule","status":"publish","type":"page","link":"https:\/\/www.adfc-wiesbaden.de\/tr\/dossier-mit-dem-rad-zur-schule\/","title":{"rendered":"Dosya: Okula bisiklete binme"},"content":{"rendered":"<!-- wp:themify-builder\/canvas \/-->","protected":false},"excerpt":{"rendered":"<p>Ebeveynler genellikle okula giden yolun g\u00fcvensiz oldu\u011funu d\u00fc\u015f\u00fcn\u00fcr ve \u00e7ocuklar\u0131n\u0131 araba ile getirirler. Ancak bu, \u00e7ocuklar\u0131n okula kendi yollar\u0131nda ustala\u015fmalar\u0131na yard\u0131mc\u0131 olmaz. ADFC dosyas\u0131, ebeveynlerin \u00e7ocuklar\u0131n\u0131 okula nas\u0131l haz\u0131rlayabilece\u011fini g\u00f6sterir.<\/p>","protected":false},"author":50,"featured_media":73470,"parent":0,"menu_order":1,"comment_status":"closed","ping_status":"closed","template":"","meta":{"footnotes":""},"tags":[899],"class_list":["post-73469","page","type-page","status-publish","has-post-thumbnail","hentry","tag-schule","has-post-title","has-post-date","has-post-category","has-post-tag","has-post-comment","has-post-author",""],"builder_content":"","_links":{"self":[{"href":"https:\/\/www.adfc-wiesbaden.de\/tr\/wp-json\/wp\/v2\/pages\/73469","targetHints":{"allow":["GET"]}}],"collection":[{"href":"https:\/\/www.adfc-wiesbaden.de\/tr\/wp-json\/wp\/v2\/pages"}],"about":[{"href":"https:\/\/www.adfc-wiesbaden.de\/tr\/wp-json\/wp\/v2\/types\/page"}],"author":[{"embeddable":true,"href":"https:\/\/www.adfc-wiesbaden.de\/tr\/wp-json\/wp\/v2\/users\/50"}],"replies":[{"embeddable":true,"href":"https:\/\/www.adfc-wiesbaden.de\/tr\/wp-json\/wp\/v2\/comments?post=73469"}],"version-history":[{"count":5,"href":"https:\/\/www.adfc-wiesbaden.de\/tr\/wp-json\/wp\/v2\/pages\/73469\/revisions"}],"predecessor-version":[{"id":73475,"href":"https:\/\/www.adfc-wiesbaden.de\/tr\/wp-json\/wp\/v2\/pages\/73469\/revisions\/73475"}],"wp:featuredmedia":[{"embeddable":true,"href":"https:\/\/www.adfc-wiesbaden.de\/tr\/wp-json\/wp\/v2\/media\/73470"}],"wp:attachment":[{"href":"https:\/\/www.adfc-wiesbaden.de\/tr\/wp-json\/wp\/v2\/media?parent=73469"}],"wp:term":[{"taxonomy":"post_tag","embeddable":true,"href":"https:\/\/www.adfc-wiesbaden.de\/tr\/wp-json\/wp\/v2\/tags?post=73469"}],"curies":[{"name":"wp","href":"https:\/\/api.w.org\/{rel}","templated":true}]}}