{"id":74832,"date":"2026-01-07T16:58:00","date_gmt":"2026-01-07T15:58:00","guid":{"rendered":"https:\/\/www.adfc-wiesbaden.de\/?page_id=74832"},"modified":"2026-03-08T10:40:27","modified_gmt":"2026-03-08T09:40:27","slug":"kidical-mass-unterstuetzen","status":"publish","type":"page","link":"https:\/\/www.adfc-wiesbaden.de\/tr\/kidical-mass\/kidical-mass-unterstuetzen\/","title":{"rendered":"destek Kidical K\u00fctle"},"content":{"rendered":"<!--themify_builder_content-->\n<div id=\"themify_builder_content-74832\" data-postid=\"74832\" class=\"themify_builder_content themify_builder_content-74832 themify_builder tf_clear\">\n                    <div  data-lazy=\"1\" class=\"module_row themify_builder_row tb_shct620 tb_first tf_w\">\n                        <div class=\"row_inner col_align_top tb_col_count_1 tf_box tf_rel\">\n                        <div  data-lazy=\"1\" class=\"module_column tb-column col-full tb_m93a620 first\">\n                    <!-- module image -->\n<div  class=\"module module-image tb_i76z378 image-top   tf_mw tb_gs2677162d\" data-lazy=\"1\">\n        <div class=\"image-wrap tf_rel tf_mw\">\n            <img loading=\"lazy\" decoding=\"async\" width=\"2560\" height=\"1707\" src=\"https:\/\/www.adfc-wiesbaden.de\/wp-content\/uploads\/2025\/09\/2025_adfc_biebricher_fahrradtage_ntannreuther_044-scaled.jpg\" class=\"wp-post-image wp-image-73634\" title=\"* Kidical Mass | - Nadine Tannreuther =&gt; Dinlemek i\u00e7in\/\u0130ndir\" alt=\"* Kidical Mass | - Nadine Tannreuther =&gt; Dinlemek i\u00e7in\/\u0130ndir\" srcset=\"https:\/\/www.adfc-wiesbaden.de\/wp-content\/uploads\/2025\/09\/2025_adfc_biebricher_fahrradtage_ntannreuther_044-scaled.jpg 2560w, https:\/\/www.adfc-wiesbaden.de\/wp-content\/uploads\/2025\/09\/2025_adfc_biebricher_fahrradtage_ntannreuther_044-700x467.jpg 700w, https:\/\/www.adfc-wiesbaden.de\/wp-content\/uploads\/2025\/09\/2025_adfc_biebricher_fahrradtage_ntannreuther_044-1400x933.jpg 1400w, https:\/\/www.adfc-wiesbaden.de\/wp-content\/uploads\/2025\/09\/2025_adfc_biebricher_fahrradtage_ntannreuther_044-200x133.jpg 200w, https:\/\/www.adfc-wiesbaden.de\/wp-content\/uploads\/2025\/09\/2025_adfc_biebricher_fahrradtage_ntannreuther_044-768x512.jpg 768w, https:\/\/www.adfc-wiesbaden.de\/wp-content\/uploads\/2025\/09\/2025_adfc_biebricher_fahrradtage_ntannreuther_044-1536x1024.jpg 1536w, https:\/\/www.adfc-wiesbaden.de\/wp-content\/uploads\/2025\/09\/2025_adfc_biebricher_fahrradtage_ntannreuther_044-2048x1365.jpg 2048w\" sizes=\"auto, (max-width: 2560px) 100vw, 2560px\" \/>    \n        <\/div>\n    <!-- \/image-wrap -->\n    \n        <div class=\"image-content\">\n                    <h3 class=\"image-title\">\n                                    * Kidical Mass | - Nadine Tannreuther =&gt; Dinlemek i\u00e7in\/\u0130ndir                            <\/h3>\n                    <\/div>\n    <!-- \/image-content -->\n        <\/div>\n<!-- \/module image --><!-- module text -->\n<div  class=\"module module-text tb_ug7g869    tb_gs678604\" data-lazy=\"1\">\n        <div  class=\"tb_text_wrap\">\n        <h1>Kidical Mass'i desteklemek mi istiyorsun? Bu harika bir \u015fey!<\/h1>\n<p>\u00c7ocuklar i\u00e7in g\u00fczel ve g\u00fcvenli bir bisiklet etkinli\u011fi d\u00fczenleyerek ve bisiklet dostu bir Wiesbaden \u00fczerinde birlikte \u00e7al\u0131\u015farak e\u011fleniyoruz.<\/p>\n<p><strong>G\u00f6steri s\u0131ras\u0131nda bir klas\u00f6r olun<\/strong><br \/>* Bir klas\u00f6r olarak, g\u00f6steri kurallar\u0131na uyuldu\u011fundan emin olun, \u00f6rne\u011fin \u2013, kimsenin kald\u0131r\u0131mda s\u00fcrmedi\u011finden ve bir tekerlek \u015feridi geni\u015fli\u011finin sa\u011fda serbest kald\u0131\u011f\u0131ndan emin olun. Klas\u00f6rler k\u0131rm\u0131z\u0131 g\u00f6vdeler ve bir klas\u00f6r ba\u011flama taraf\u0131ndan tan\u0131nabilir. E\u011fer ilgileniyorsan\u0131z, l\u00fctfen ileti\u015fime ge\u00e7in <a href=\"\/tr\/&\/#x6d;&#x61;&#x69;&#x6c;&#x74;&#x6f;&#x3a;&#x67;&#x75;&#x65;&#x6e;&#x6e;&#x69;&#x40;&#x61;&#x64;&#x66;&#x63;&#x2d;&#x77;&#x69;&#x65;&#x73;&#x62;&#x61;&#x64;&#x65;&#x6e;&#x2e;&#x64;&#x65;\">guenni@adfc-wiesbaden.de<\/a>.<\/p>\n<p><strong>Bir besleyici sunun<\/strong><br \/>Daha fazla \u00e7ocu\u011fun Kidical Mass Wiesbaden'e kat\u0131labilmesi i\u00e7in il\u00e7elerden besleyiciler sunmak istiyoruz. Bu s\u00fcre\u00e7te, b\u00f6lgenizden Kidical Mass'\u0131n ba\u015flang\u0131\u00e7 noktas\u0131na kadar birlikte s\u00fcr\u00fcyorsunuz. B\u00f6yle bir tura rehberlik etmek isterseniz, l\u00fctfen bizimle ileti\u015fime ge\u00e7in. <a href=\"\/tr\/&\/#109;a&#x69;l&#x74;&#111;&#x3a;&#107;&#x69;&#100;i&#x63;a&#x6c;&#109;&#x61;&#115;&#x73;&#64;&#x61;&#100;f&#x63;-&#x77;&#105;&#x65;&#115;&#x62;&#97;d&#x65;n&#x2e;&#100;&#x65;\">kidicalmass@adfc-wiesbaden.de<\/a>.<\/p>\n<p><strong>Ekibin bir par\u00e7as\u0131 olun<\/strong><br \/>Orga ekibinde b\u00fcy\u00fcmeyi her zaman d\u00f6rt g\u00f6zle bekliyoruz. Kidical Mass organizasyonuna kat\u0131lmakla ilgileniyorsan\u0131z veya sadece tad\u0131na bakmak istiyorsan\u0131z, l\u00fctfen bizimle ileti\u015fime ge\u00e7in. <a href=\"\/tr\/&\/#x6d;&#97;i&#x6c;&#x74;&#111;:&#x6b;&#x69;&#100;i&#x63;&#97;l&#x6d;&#x61;&#115;s&#x40;&#x61;&#100;f&#x63;&#45;&#119;&#x69;&#x65;&#115;b&#x61;&#x64;&#101;n&#x2e;&#100;&#101;\">kidicalmass@adfc-wiesbaden.de<\/a>.<\/p>\n<p><strong>Wiesbaden'i bir bisiklet \u015fehri yapal\u0131m<\/strong><br \/>* \u00c7ocuklar\u0131n\u0131z\u0131n \u2019 okulunu daha bisiklet dostu hale getirmek istiyorsan\u0131z, \u00f6rne\u011fin okuldan \u00f6nce 30 dakikal\u0131k bir tempo ayarlamak istiyorsan\u0131z, bisiklet raf\u0131 yoksa, ebeveynler varsa size destek oluyoruz.\u2013 taksileri sabah g\u00fcvensizli\u011fe neden olur veya bir okul soka\u011f\u0131 kurmak istiyorsan\u0131z. L\u00fctfen endi\u015feleriniz i\u00e7in bizimle ileti\u015fime ge\u00e7mekten \u00e7ekinmeyin <a href=\"\/tr\/mai&\/#108;&#116;&#111;&#58;&#x6b;&#x69;&#x64;&#x69;&#x63;&#x61;&#x6c;mas&#115;&#64;&#97;&#100;&#102;&#x63;&#x2d;&#x77;&#x69;&#x65;&#x73;bade&#110;&#46;&#100;&#101;\">kidicalmass@adfc-wiesbaden.de<\/a>.<\/p>    <\/div>\n<\/div>\n<!-- \/module text -->        <\/div>\n                        <\/div>\n        <\/div>\n        <\/div>\n<!--\/themify_builder_content-->\n\n\n<p><\/p>","protected":false},"excerpt":{"rendered":"<p>Kidical Mass'i desteklemek mi istiyorsun? Bu harika bir \u015fey!<\/p>\n<p>\u00c7ocuklar i\u00e7in g\u00fczel ve g\u00fcvenli bir bisiklet etkinli\u011fi d\u00fczenleyerek ve bisiklet dostu bir Wiesbaden \u00fczerinde birlikte \u00e7al\u0131\u015farak e\u011fleniyoruz.<\/p>","protected":false},"author":50,"featured_media":75249,"parent":74799,"menu_order":0,"comment_status":"closed","ping_status":"closed","template":"","meta":{"footnotes":""},"tags":[516,206,807],"class_list":["post-74832","page","type-page","status-publish","has-post-thumbnail","hentry","tag-kidical-mass","tag-radtouren","tag-veranstaltung","has-post-title","has-post-date","has-post-category","has-post-tag","has-post-comment","has-post-author",""],"builder_content":"<img src=\"https:\/\/www.adfc-wiesbaden.de\/wp-content\/uploads\/2025\/09\/2025_adfc_biebricher_fahrradtage_ntannreuther_044-scaled.jpg\" title=\"Demoplakat Kidical Mass | &copy; Nadine Tannreuther\" alt=\"Demoplakat Kidical Mass | &copy; Nadine Tannreuther\" srcset=\"https:\/\/www.adfc-wiesbaden.de\/wp-content\/uploads\/2025\/09\/2025_adfc_biebricher_fahrradtage_ntannreuther_044-scaled.jpg 2560w, https:\/\/www.adfc-wiesbaden.de\/wp-content\/uploads\/2025\/09\/2025_adfc_biebricher_fahrradtage_ntannreuther_044-700x467.jpg 700w, https:\/\/www.adfc-wiesbaden.de\/wp-content\/uploads\/2025\/09\/2025_adfc_biebricher_fahrradtage_ntannreuther_044-1400x933.jpg 1400w, https:\/\/www.adfc-wiesbaden.de\/wp-content\/uploads\/2025\/09\/2025_adfc_biebricher_fahrradtage_ntannreuther_044-200x133.jpg 200w, https:\/\/www.adfc-wiesbaden.de\/wp-content\/uploads\/2025\/09\/2025_adfc_biebricher_fahrradtage_ntannreuther_044-768x512.jpg 768w, https:\/\/www.adfc-wiesbaden.de\/wp-content\/uploads\/2025\/09\/2025_adfc_biebricher_fahrradtage_ntannreuther_044-1536x1024.jpg 1536w, https:\/\/www.adfc-wiesbaden.de\/wp-content\/uploads\/2025\/09\/2025_adfc_biebricher_fahrradtage_ntannreuther_044-2048x1365.jpg 2048w\" sizes=\"(max-width: 2560px) 100vw, 2560px\" \/> <h3> Demoplakat Kidical Mass | &copy; Nadine Tannreuther <\/h3>\n<h1>Du willst die Kidical Mass unterst\u00fctzen? Gro\u00dfartig!<\/h1> <p>Wir haben Spa\u00df daran, einen sch\u00f6nen und sicheren Fahrradevent f\u00fcr Kinder zu organisieren und gemeinsam an einem fahrradfreundlichen Wiesbaden zu arbeiten.<\/p> <p><strong>Sei Ordner w\u00e4hrend der Demonstration<\/strong><br \/>Als Ordner achtest du darauf, dass die Regeln der Demonstration eingehalten werden \u2013 zum Beispiel, dass niemand auf dem Gehweg f\u00e4hrt und rechts etwa eine Radspurbreite frei bleibt. Ordner sind an roten Leibchen und einer Ordnerbinde erkennbar. Bei Interesse melde dich unter <a href=\"mailto:guenni@adfc-wiesbaden.de\">guenni@adfc-wiesbaden.de<\/a>.<\/p> <p><strong>Biete einen Zubringer an<\/strong><br \/>Damit noch mehr Kinder an der Kidical Mass Wiesbaden teilnehmen, m\u00f6chten wir Zubringer aus den Stadtteilen anbieten. Dabei fahrt ihr gemeinsam von eurem Stadtteil aus zum Startpunkt der Kidical Mass. Wenn du eine solche Tour anleiten m\u00f6chtest, melde dich unter <a href=\"mailto:kidicalmass@adfc-wiesbaden.de\">kidicalmass@adfc-wiesbaden.de<\/a>.<\/p> <p><strong>Werde Teil des Teams<\/strong><br \/>Wir freuen uns immer \u00fcber Zuwachs im Orga-Team. Wenn du Interesse hast, bei der Organisation der Kidical Mass mitzuwirken oder einfach einmal reinschnuppern m\u00f6chtest, melde dich unter <a href=\"mailto:kidicalmass@adfc-wiesbaden.de\">kidicalmass@adfc-wiesbaden.de<\/a>.<\/p> <p><strong>Lass uns Wiesbaden zur Fahrradstadt machen<\/strong><br \/>Wir unterst\u00fctzen euch, wenn ihr die Schule eurer Kinder fahrradfreundlicher machen wollt \u2013 zum Beispiel, wenn Tempo 30 vor der Schule eingerichtet werden soll, Fahrradst\u00e4nder fehlen, Eltern-Taxis morgens f\u00fcr Unsicherheit sorgen oder ihr eine Schulstra\u00dfe einrichten m\u00f6chtet. Kommt gerne mit euren Anliegen auf uns zu unter <a href=\"mailto:kidicalmass@adfc-wiesbaden.de\">kidicalmass@adfc-wiesbaden.de<\/a>.<\/p>","_links":{"self":[{"href":"https:\/\/www.adfc-wiesbaden.de\/tr\/wp-json\/wp\/v2\/pages\/74832","targetHints":{"allow":["GET"]}}],"collection":[{"href":"https:\/\/www.adfc-wiesbaden.de\/tr\/wp-json\/wp\/v2\/pages"}],"about":[{"href":"https:\/\/www.adfc-wiesbaden.de\/tr\/wp-json\/wp\/v2\/types\/page"}],"author":[{"embeddable":true,"href":"https:\/\/www.adfc-wiesbaden.de\/tr\/wp-json\/wp\/v2\/users\/50"}],"replies":[{"embeddable":true,"href":"https:\/\/www.adfc-wiesbaden.de\/tr\/wp-json\/wp\/v2\/comments?post=74832"}],"version-history":[{"count":19,"href":"https:\/\/www.adfc-wiesbaden.de\/tr\/wp-json\/wp\/v2\/pages\/74832\/revisions"}],"predecessor-version":[{"id":75604,"href":"https:\/\/www.adfc-wiesbaden.de\/tr\/wp-json\/wp\/v2\/pages\/74832\/revisions\/75604"}],"up":[{"embeddable":true,"href":"https:\/\/www.adfc-wiesbaden.de\/tr\/wp-json\/wp\/v2\/pages\/74799"}],"wp:featuredmedia":[{"embeddable":true,"href":"https:\/\/www.adfc-wiesbaden.de\/tr\/wp-json\/wp\/v2\/media\/75249"}],"wp:attachment":[{"href":"https:\/\/www.adfc-wiesbaden.de\/tr\/wp-json\/wp\/v2\/media?parent=74832"}],"wp:term":[{"taxonomy":"post_tag","embeddable":true,"href":"https:\/\/www.adfc-wiesbaden.de\/tr\/wp-json\/wp\/v2\/tags?post=74832"}],"curies":[{"name":"wp","href":"https:\/\/api.w.org\/{rel}","templated":true}]}}