{"id":75117,"date":"2026-01-07T17:01:00","date_gmt":"2026-01-07T16:01:00","guid":{"rendered":"https:\/\/www.adfc-wiesbaden.de\/?page_id=75117"},"modified":"2026-03-08T10:37:20","modified_gmt":"2026-03-08T09:37:20","slug":"team-kidical-mass","status":"publish","type":"page","link":"https:\/\/www.adfc-wiesbaden.de\/tr\/kidical-mass\/team-kidical-mass\/","title":{"rendered":"Kidical Mass tak\u0131m\u0131"},"content":{"rendered":"<!--themify_builder_content-->\n<div id=\"themify_builder_content-75117\" data-postid=\"75117\" class=\"themify_builder_content themify_builder_content-75117 themify_builder tf_clear\">\n                    <div  data-lazy=\"1\" class=\"module_row themify_builder_row tb_shct620 tb_first tf_w\">\n                        <div class=\"row_inner col_align_top tb_col_count_1 tf_box tf_rel\">\n                        <div  data-lazy=\"1\" class=\"module_column tb-column col-full tb_m93a620 first\">\n                    <!-- module image -->\n<div  class=\"module module-image tb_i76z378 image-top   tf_mw tb_gs2677162d\" data-lazy=\"1\">\n        <div class=\"image-wrap tf_rel tf_mw\">\n            <img loading=\"lazy\" decoding=\"async\" width=\"1600\" height=\"640\" src=\"https:\/\/www.adfc-wiesbaden.de\/wp-content\/uploads\/2026\/02\/kidical-mass-team-juni-2025_quer.jpg\" class=\"wp-post-image wp-image-75244\" title=\"* Tak\u0131m Kidical Mass | \u00a9 Karoline Dei\u00dfner\" alt=\"* Tak\u0131m Kidical Mass | \u00a9 Karoline Dei\u00dfner\" srcset=\"https:\/\/www.adfc-wiesbaden.de\/wp-content\/uploads\/2026\/02\/kidical-mass-team-juni-2025_quer.jpg 1600w, https:\/\/www.adfc-wiesbaden.de\/wp-content\/uploads\/2026\/02\/kidical-mass-team-juni-2025_quer-700x280.jpg 700w, https:\/\/www.adfc-wiesbaden.de\/wp-content\/uploads\/2026\/02\/kidical-mass-team-juni-2025_quer-1400x560.jpg 1400w, https:\/\/www.adfc-wiesbaden.de\/wp-content\/uploads\/2026\/02\/kidical-mass-team-juni-2025_quer-200x80.jpg 200w, https:\/\/www.adfc-wiesbaden.de\/wp-content\/uploads\/2026\/02\/kidical-mass-team-juni-2025_quer-768x307.jpg 768w, https:\/\/www.adfc-wiesbaden.de\/wp-content\/uploads\/2026\/02\/kidical-mass-team-juni-2025_quer-1536x614.jpg 1536w\" sizes=\"auto, (max-width: 1600px) 100vw, 1600px\" \/>    \n        <\/div>\n    <!-- \/image-wrap -->\n    \n        <div class=\"image-content\">\n                    <h3 class=\"image-title\">\n                                    * Tak\u0131m Kidical Mass | \u00a9 Karoline Dei\u00dfner                            <\/h3>\n                    <\/div>\n    <!-- \/image-content -->\n        <\/div>\n<!-- \/module image --><!-- module text -->\n<div  class=\"module module-text tb_ug7g869    tb_gs678604\" data-lazy=\"1\">\n        <div  class=\"tb_text_wrap\">\n        <h1>Kidical Mass tak\u0131m\u0131<\/h1>\n<p>Kidical Mass Wiesbaden'deki ekip, kararl\u0131, bisiklet seven ebeveynlerden olu\u015fuyor. Aram\u0131zda \u00f6\u011frenciler ve profesyoneller var. Hepimiz bisikleti \u015fehirde pratik bir ula\u015f\u0131m arac\u0131 olarak takdir ediyoruz, bu da park yeri aramay\u0131 azalt\u0131yor ve ba\u015fkalar\u0131n\u0131n trafik s\u0131k\u0131\u015f\u0131kl\u0131\u011f\u0131nda ge\u00e7irdi\u011fi zamandan tasarruf sa\u011fl\u0131yor. * Baz\u0131lar\u0131m\u0131z bisikleti al\u0131\u015fveri\u015f, g\u00fcnl\u00fck bak\u0131m ve okula giden g\u00fcnl\u00fck rotalar i\u00e7in \u2018 aile arabas\u0131 olarak kullan\u0131yor. Yine de di\u011ferleri her g\u00fcn \u00e7al\u0131\u015fmak i\u00e7in bisiklet veya e-bisikletle kilometrelerce gidip geliyor ve baz\u0131lar\u0131m\u0131z bo\u015f zamanlar\u0131m\u0131zda sportif binmeyi seviyor.<br \/>Ayr\u0131ca g\u00fcnl\u00fck ya\u015famda aktif hareketlilik konusundaki co\u015fkumuzu \u00e7ocuklar\u0131m\u0131za iletmek istiyoruz. Ne yaz\u0131k ki, \u00e7ok fazla araba \u015fehirden \u00e7ok h\u0131zl\u0131 ge\u00e7iyor, b\u00f6ylece \u00e7ocuk okula tek ba\u015f\u0131na kolayca gidemiyor.<\/p>\n<h2>Kat\u0131l\u0131mc\u0131 olun<\/h2>\n<p>\u00c7al\u0131\u015fmalar\u0131m\u0131z\u0131 payla\u015fmaktan mutluluk duyuyoruz ve yeni fikirleri d\u00f6rt g\u00f6zle bekliyoruz.<br \/>Her y\u0131l farkl\u0131 il\u00e7elerden ilkokullardan bir\u00e7ok besleyici turlar\u0131 ile \u00fc\u00e7 ne\u015feli \u00e7ocuk bisikleti korsosu planl\u0131yoruz. Bunun i\u00e7in hala bisiklet\u00e7ilere ihtiyac\u0131m\u0131z var.<br \/>\u0130lgileniyorsan\u0131z bize yaz\u0131n\u00a0<a href=\"\/tr\/&\/#x6d;&#x61;&#x69;&#x6c;&#116;&#111;&#58;&#107;idi&#x63;&#x61;&#x6c;&#x6d;&#x61;&#115;&#115;&#64;adf&#x63;&#x2d;&#x77;&#x69;&#x65;&#115;&#98;&#97;den&#x2e;&#x64;&#x65;\">kidicalmass@adfc-wiesbaden.de<\/a><\/p>    <\/div>\n<\/div>\n<!-- \/module text -->        <\/div>\n                        <\/div>\n        <\/div>\n                        <div  data-lazy=\"1\" class=\"module_row themify_builder_row tb_xkpz284 tf_w\">\n                        <div class=\"row_inner col_align_top tb_col_count_1 tf_box tf_rel\">\n                        <div  data-lazy=\"1\" class=\"module_column tb-column col-full tb_2zxs284 first\">\n                    <!-- module plain text -->\n<div  class=\"module module-plain-text tb_g16n284\" data-lazy=\"1\">\n        <div class=\"tb_text_wrap\">\n    <div class=\"tb_layout_part_wrap tf_w\"><!--themify_builder_content-->\n    <div  class=\"themify_builder_content themify_builder_content-75393 themify_builder not_editable_builder in_the_loop\" data-postid=\"75393\">\n                        <div  data-css_id=\"ya26861\" data-lazy=\"1\" class=\"module_row themify_builder_row fullwidth tb_ya26861 tf_w\">\n                        <div class=\"row_inner col_align_top tb_col_count_1 tf_box tf_rel\">\n                        <div  data-lazy=\"1\" class=\"module_column tb-column col-full tb_hp60861 leitseite-banner first\">\n                    <!-- module plain text -->\n<div  class=\"module module-plain-text tb_4ow0861\" data-lazy=\"1\">\n        <div class=\"tb_text_wrap\">\n    <a href=\"https:\/\/www.adfc-wiesbaden.de\/tr\/kidical-newsletter\/\" style=\"color:white;text-decoration: none !Important\" target=\"_blank\">\n<div class=\"banner_image-container\">\n\t\n<img decoding=\"async\" class=\"banner_image\" src=\"https:\/\/www.adfc-wiesbaden.de\/wp-content\/uploads\/2022\/02\/Bildschirmfoto_2022-02-26_01-33-56.png\" alt=\"Kidical Mass logosu\" >\n\t\n<\/div>\n<div class=\"banner_text-container\">\n<div style=\"font-size:32px;line-height:39px;font-weight:100;margin-bottom: 10px;text-decoration: none !Important\"><b>\u015eimdi kaydolun:<\/b><br>Kidical Mass Wiesbaden b\u00fclteni i\u00e7in<\/div>\n\n<div style=\"font-size:24px;line-height:29px;font-weight:300;margin-bottom:2%\">Wiesbaden ve \u00e7evresindeki Kidical Mass hakk\u0131nda d\u00fczenli bilgi<\/div>\n<div class=\"button_container\">\n<div class=\"margin_16-16-16-0\"><a class=\"button1_blau\" href=\"https:\/\/www.adfc-wiesbaden.de\/tr\/kidical-newsletter\/\" target=\"_blank\">B\u00fclten aboneli\u011fine<\/a><\/div>\n<\/div>\t\n<\/div>\n<\/a>\n\n\n\n\n    <\/div>\n<\/div>\n<!-- \/module plain text -->        <\/div>\n                        <\/div>\n        <\/div>\n            <\/div>\n<!--\/themify_builder_content--><\/div>\n    <\/div>\n<\/div>\n<!-- \/module plain text -->        <\/div>\n                        <\/div>\n        <\/div>\n        <\/div>\n<!--\/themify_builder_content-->","protected":false},"excerpt":{"rendered":"<p>Kidical Mass Wiesbaden'deki ekip, kararl\u0131, bisiklet seven ebeveynlerden olu\u015fuyor.<\/p>","protected":false},"author":53,"featured_media":75241,"parent":74799,"menu_order":0,"comment_status":"closed","ping_status":"closed","template":"","meta":{"footnotes":""},"tags":[516,206,807],"class_list":["post-75117","page","type-page","status-publish","has-post-thumbnail","hentry","tag-kidical-mass","tag-radtouren","tag-veranstaltung","has-post-title","has-post-date","has-post-category","has-post-tag","has-post-comment","has-post-author",""],"builder_content":"<img src=\"https:\/\/www.adfc-wiesbaden.de\/wp-content\/uploads\/2026\/02\/kidical-mass-team-juni-2025_quer.jpg\" title=\"Team Kidical Mass | &copy; Karoline Dei\u00dfner\" alt=\"Team Kidical Mass | &copy; Karoline Dei\u00dfner\" srcset=\"https:\/\/www.adfc-wiesbaden.de\/wp-content\/uploads\/2026\/02\/kidical-mass-team-juni-2025_quer.jpg 1600w, https:\/\/www.adfc-wiesbaden.de\/wp-content\/uploads\/2026\/02\/kidical-mass-team-juni-2025_quer-700x280.jpg 700w, https:\/\/www.adfc-wiesbaden.de\/wp-content\/uploads\/2026\/02\/kidical-mass-team-juni-2025_quer-1400x560.jpg 1400w, https:\/\/www.adfc-wiesbaden.de\/wp-content\/uploads\/2026\/02\/kidical-mass-team-juni-2025_quer-200x80.jpg 200w, https:\/\/www.adfc-wiesbaden.de\/wp-content\/uploads\/2026\/02\/kidical-mass-team-juni-2025_quer-768x307.jpg 768w, https:\/\/www.adfc-wiesbaden.de\/wp-content\/uploads\/2026\/02\/kidical-mass-team-juni-2025_quer-1536x614.jpg 1536w\" sizes=\"(max-width: 1600px) 100vw, 1600px\" \/> <h3> Team Kidical Mass | &copy; Karoline Dei\u00dfner <\/h3>\n<h1>Team Kidical Mass<\/h1> <p>Das Team der Kidical Mass Wiesbaden besteht aus engagierten, radliebenden Eltern. Unter uns sind Studierende und Berufst\u00e4tige. Alle von uns sch\u00e4tzen das Fahrrad als praktisches Verkehrsmittel in der Stadt, das einem die Parkplatzsuche abnimmt und Zeit spart, die andere im Stau verbringen. Manche von uns benutzen das Rad als \u201eFamilienkutsche\u201c f\u00fcr die allt\u00e4glichen Wege zum Einkaufen, zur Kita und zur Schule. Wiederum andere pendeln t\u00e4glich viele Kilometer mit dem Rad oder E-Bike zur Arbeit, und manche von uns fahren einfach gerne sportlich in der Freizeit.<br \/>Unsere Begeisterung bei der aktiven Mobilit\u00e4t im Alltag wollen wir unseren Kindern ebenfalls vermitteln. Nur leider fahren zu viele Autos, zu schnell durch die Stadt, so dass die Kind nicht problemlos alleine zur Schule fahren k\u00f6nnen.<\/p> <h2>Mitmachen<\/h2> <p>Wir teilen gerne unsere Arbeit auf und freuen uns \u00fcber neue Ideen.<br \/>Wir planen j\u00e4hrlich drei fr\u00f6hliche Kinder-Fahrrad-Korsos mit vielen Zubringertouren von den Grundschulen aus den unterschiedlichen Stadtteilen. Daf\u00fcr ben\u00f6tigen wir noch Radfahrende vor Ort.<br \/>Bei Interesse schreibe uns\u00a0<a href=\"mailto:kidicalmass@adfc-wiesbaden.de\">kidicalmass@adfc-wiesbaden.de<\/a><\/p>\n[themify_layout_part id=\"75393\"]","_links":{"self":[{"href":"https:\/\/www.adfc-wiesbaden.de\/tr\/wp-json\/wp\/v2\/pages\/75117","targetHints":{"allow":["GET"]}}],"collection":[{"href":"https:\/\/www.adfc-wiesbaden.de\/tr\/wp-json\/wp\/v2\/pages"}],"about":[{"href":"https:\/\/www.adfc-wiesbaden.de\/tr\/wp-json\/wp\/v2\/types\/page"}],"author":[{"embeddable":true,"href":"https:\/\/www.adfc-wiesbaden.de\/tr\/wp-json\/wp\/v2\/users\/53"}],"replies":[{"embeddable":true,"href":"https:\/\/www.adfc-wiesbaden.de\/tr\/wp-json\/wp\/v2\/comments?post=75117"}],"version-history":[{"count":13,"href":"https:\/\/www.adfc-wiesbaden.de\/tr\/wp-json\/wp\/v2\/pages\/75117\/revisions"}],"predecessor-version":[{"id":75406,"href":"https:\/\/www.adfc-wiesbaden.de\/tr\/wp-json\/wp\/v2\/pages\/75117\/revisions\/75406"}],"up":[{"embeddable":true,"href":"https:\/\/www.adfc-wiesbaden.de\/tr\/wp-json\/wp\/v2\/pages\/74799"}],"wp:featuredmedia":[{"embeddable":true,"href":"https:\/\/www.adfc-wiesbaden.de\/tr\/wp-json\/wp\/v2\/media\/75241"}],"wp:attachment":[{"href":"https:\/\/www.adfc-wiesbaden.de\/tr\/wp-json\/wp\/v2\/media?parent=75117"}],"wp:term":[{"taxonomy":"post_tag","embeddable":true,"href":"https:\/\/www.adfc-wiesbaden.de\/tr\/wp-json\/wp\/v2\/tags?post=75117"}],"curies":[{"name":"wp","href":"https:\/\/api.w.org\/{rel}","templated":true}]}}