{"id":76735,"date":"2026-05-05T11:57:08","date_gmt":"2026-05-05T09:57:08","guid":{"rendered":"https:\/\/www.adfc-wiesbaden.de\/?page_id=76735"},"modified":"2026-05-05T11:58:40","modified_gmt":"2026-05-05T09:58:40","slug":"fahr-zur-aar","status":"publish","type":"page","link":"https:\/\/www.adfc-wiesbaden.de\/tr\/weiterleitungen\/fahr-zur-aar\/","title":{"rendered":"Aar'a do\u011fru s\u00fcr"},"content":{"rendered":"<!-- wp:themify-builder\/canvas \/-->\n\n\n<p><\/p>","protected":false},"excerpt":{"rendered":"<p>Aar'a gitmek geri d\u00f6nd\u00fc!<br \/>\n31.05'te B54, Taunusstein ve Diez aras\u0131nda sabah 10 ile ak\u015fam 6 aras\u0131nda arabas\u0131z!<br \/>\nEtkinlikte \u00e7ok \u00e7e\u015fitli bir program var!<\/p>","protected":false},"author":50,"featured_media":76736,"parent":69913,"menu_order":0,"comment_status":"closed","ping_status":"closed","template":"","meta":{"footnotes":""},"tags":[206,858,807],"class_list":["post-76735","page","type-page","status-publish","has-post-thumbnail","hentry","tag-radtouren","tag-taunus","tag-veranstaltung","has-post-title","has-post-date","has-post-category","has-post-tag","has-post-comment","has-post-author",""],"builder_content":"","_links":{"self":[{"href":"https:\/\/www.adfc-wiesbaden.de\/tr\/wp-json\/wp\/v2\/pages\/76735","targetHints":{"allow":["GET"]}}],"collection":[{"href":"https:\/\/www.adfc-wiesbaden.de\/tr\/wp-json\/wp\/v2\/pages"}],"about":[{"href":"https:\/\/www.adfc-wiesbaden.de\/tr\/wp-json\/wp\/v2\/types\/page"}],"author":[{"embeddable":true,"href":"https:\/\/www.adfc-wiesbaden.de\/tr\/wp-json\/wp\/v2\/users\/50"}],"replies":[{"embeddable":true,"href":"https:\/\/www.adfc-wiesbaden.de\/tr\/wp-json\/wp\/v2\/comments?post=76735"}],"version-history":[{"count":7,"href":"https:\/\/www.adfc-wiesbaden.de\/tr\/wp-json\/wp\/v2\/pages\/76735\/revisions"}],"predecessor-version":[{"id":76743,"href":"https:\/\/www.adfc-wiesbaden.de\/tr\/wp-json\/wp\/v2\/pages\/76735\/revisions\/76743"}],"up":[{"embeddable":true,"href":"https:\/\/www.adfc-wiesbaden.de\/tr\/wp-json\/wp\/v2\/pages\/69913"}],"wp:featuredmedia":[{"embeddable":true,"href":"https:\/\/www.adfc-wiesbaden.de\/tr\/wp-json\/wp\/v2\/media\/76736"}],"wp:attachment":[{"href":"https:\/\/www.adfc-wiesbaden.de\/tr\/wp-json\/wp\/v2\/media?parent=76735"}],"wp:term":[{"taxonomy":"post_tag","embeddable":true,"href":"https:\/\/www.adfc-wiesbaden.de\/tr\/wp-json\/wp\/v2\/tags?post=76735"}],"curies":[{"name":"wp","href":"https:\/\/api.w.org\/{rel}","templated":true}]}}