{"id":69516,"date":"2025-02-15T11:53:51","date_gmt":"2025-02-15T10:53:51","guid":{"rendered":"https:\/\/www2.adfc-wiesbaden.de\/?page_id=69516"},"modified":"2025-03-14T14:34:05","modified_gmt":"2025-03-14T13:34:05","slug":"geschaeftsstelle","status":"publish","type":"page","link":"https:\/\/www.adfc-wiesbaden.de\/uk\/ueber-uns\/geschaeftsstelle\/","title":{"rendered":"\u043e\u0444\u0456\u0441"},"content":{"rendered":"<!--themify_builder_content-->\n<div id=\"themify_builder_content-69516\" data-postid=\"69516\" class=\"themify_builder_content themify_builder_content-69516 themify_builder tf_clear\">\n                    <div  data-lazy=\"1\" class=\"module_row themify_builder_row tb_a6sz702 tb_first tf_w\">\n                        <div class=\"row_inner col_align_top tb_col_count_1 tf_box tf_rel\">\n                        <div  data-lazy=\"1\" class=\"module_column tb-column col-full tb_cv8d702 first\">\n                    <!-- module image -->\n<div  class=\"module module-image tb_0kqh702 image-top   tf_mw\" data-lazy=\"1\">\n        <div class=\"image-wrap tf_rel tf_mw\">\n            <img decoding=\"async\" src=\"\/wp-content\/uploads\/2024\/12\/Leuchtreklame_4_3-scaled.jpg\" title=\"\u043e\u0444\u0456\u0441\" alt=\"\u043e\u0444\u0456\u0441\">    \n        <\/div>\n    <!-- \/image-wrap -->\n    \n        <\/div>\n<!-- \/module image -->        <div  data-lazy=\"1\" class=\"module_subrow themify_builder_sub_row tf_w col_align_top tb_col_count_3 tb_mur4702\">\n                <div  data-lazy=\"1\" class=\"module_column sub_column col3-1 tb_qwjb702 first\">\n                    <!-- module image -->\n<div  class=\"module module-image tb_c1f1319 image-center   tf_mw\" data-lazy=\"1\">\n        <div class=\"image-wrap tf_rel tf_mw\">\n            <img decoding=\"async\" src=\"\/wp-content\/uploads\/2025\/02\/Dreieck_Orange.png\" width=\"44\" title=\"\u043e\u0444\u0456\u0441\" alt=\"\u043e\u0444\u0456\u0441\">    \n        <\/div>\n    <!-- \/image-wrap -->\n    \n        <\/div>\n<!-- \/module image -->        <\/div>\n                    <div  data-lazy=\"1\" class=\"module_column sub_column col3-1 tb_h61v702\">\n                            <\/div>\n                    <div  data-lazy=\"1\" class=\"module_column sub_column col3-1 tb_0j6h702 last\">\n                            <\/div>\n                    <\/div>\n        <!-- module plain text -->\n<div  class=\"module module-plain-text tb_paab702 bild_header_h1 adfc_orange tb_gs4151609\" data-lazy=\"1\">\n        <div class=\"tb_text_wrap\">\n    <span style=\"font-size:28px; line-height:34px;\" >\u041e\u0444\u0456\u0441 ADFC \u043d\u0430 \u0432\u0435\u043b\u043e\u0441\u0438\u043f\u0435\u0434\u043d\u0456\u0439 \u0432\u0443\u043b\u0438\u0446\u0456<\/span><span style=\"float:right;font-size:14px; line-height:34px;margin-right:5px;\">\u00a9 \u041e\u043b\u0456\u0432\u0435\u0440 \u041a\u0435\u0441\u0441\u043b\u0435\u0440<\/span>    <\/div>\n<\/div>\n<!-- \/module plain text --><!-- module text -->\n<div  class=\"module module-text tb_gk9o426\" data-lazy=\"1\">\n        <div  class=\"tb_text_wrap\">\n        <h1>\u043e\u0444\u0456\u0441<\/h1>\n<p>ADFC Wiesbaden\/Rheingau-Taunus \u043a\u0435\u0440\u0443\u0454 \u043e\u0444\u0456\u0441\u043e\u043c \u044f\u043a \u0446\u0435\u043d\u0442\u0440\u0430\u043b\u044c\u043d\u0438\u043c \u043c\u0456\u0441\u0446\u0435\u043c \u0440\u043e\u0431\u043e\u0442\u0438 \u0430\u0441\u043e\u0446\u0456\u0430\u0446\u0456\u0457. \u0412\u0456\u043d \u043d\u0430\u0434\u0430\u0454 \u043e\u0444\u0456\u0441\u043d\u0456 \u043f\u0440\u0438\u043c\u0456\u0449\u0435\u043d\u043d\u044f \u0456 \u0454 \u0430\u0433\u0456\u0442\u0430\u0446\u0456\u0439\u043d\u043e\u044e \u0431\u0430\u0437\u043e\u044e. \u0421\u0430\u043c\u0435 \u0442\u0443\u0442 \u0433\u043e\u0442\u0443\u044e\u0442\u044c\u0441\u044f \u043d\u0430\u0448\u0456 \u0440\u043e\u0431\u043e\u0447\u0456 \u0433\u0440\u0443\u043f\u0438 \u0442\u0430 \u0437\u0430\u0445\u043e\u0434\u0438.\u00a0<\/p>    <\/div>\n<\/div>\n<!-- \/module text -->        <\/div>\n                        <\/div>\n        <\/div>\n                        <div  data-lazy=\"1\" class=\"module_row themify_builder_row tb_nvxw454 tf_w\">\n                        <div class=\"row_inner col_align_top tb_col_count_2 tf_box tf_rel\">\n                        <div  data-lazy=\"1\" class=\"module_column tb-column col4-2 tb_eo54454 first\">\n                            <div  data-lazy=\"1\" class=\"module_subrow themify_builder_sub_row tf_w col_align_top tb_col_count_2 tb_zl7y849\">\n                <div  data-lazy=\"1\" class=\"module_column sub_column col4-2 tb_uk2t849 first\">\n                    <!-- module text -->\n<div  class=\"module module-text tb_topf499    tb_gs678604\" data-lazy=\"1\">\n        <div  class=\"tb_text_wrap\">\n        <p><strong>\u0430\u0434\u0440\u0435\u0441\u0430 \u0435\u043b\u0435\u043a\u0442\u0440\u043e\u043d\u043d\u043e\u0457 \u043f\u043e\u0448\u0442\u0438<\/strong><\/p>    <\/div>\n<\/div>\n<!-- \/module text -->        <\/div>\n                    <div  data-lazy=\"1\" class=\"module_column sub_column col4-2 tb_pxe4849 last\">\n                    <!-- module text -->\n<div  class=\"module module-text tb_17hf698    tb_gs678604\" data-lazy=\"1\">\n        <div  class=\"tb_text_wrap\">\n        <p>ADFC Wiesbaden\/Rheingau-Taunus e.V.<br \/>\u0413\u0435\u0431\u0435\u043d\u0448\u0442\u0440\u0430\u0441\u0441\u0435 1<br \/>65195 \u0412\u0456\u0441\u0431\u0430\u0434\u0435\u043d<\/p>    <\/div>\n<\/div>\n<!-- \/module text -->        <\/div>\n                    <\/div>\n                <div  data-lazy=\"1\" class=\"module_subrow themify_builder_sub_row tf_w col_align_top tb_col_count_2 tb_buqf75\">\n                <div  data-lazy=\"1\" class=\"module_column sub_column col4-2 tb_mcym75 first\">\n                    <!-- module text -->\n<div  class=\"module module-text tb_0i32602    tb_gs678604\" data-lazy=\"1\">\n        <div  class=\"tb_text_wrap\">\n        <p><strong>\u0415\u043b\u0435\u043a\u0442\u0440\u043e\u043d\u043d\u0430 \u043f\u043e\u0448\u0442\u0430<\/strong><\/p>    <\/div>\n<\/div>\n<!-- \/module text -->        <\/div>\n                    <div  data-lazy=\"1\" class=\"module_column sub_column col4-2 tb_g9n375 last\">\n                    <!-- module text -->\n<div  class=\"module module-text tb_g3p9602    tb_gs678604\" data-lazy=\"1\">\n        <div  class=\"tb_text_wrap\">\n        <p>info@adfc-wiesbaden.de<\/p>    <\/div>\n<\/div>\n<!-- \/module text -->        <\/div>\n                    <\/div>\n                <div  data-lazy=\"1\" class=\"module_subrow themify_builder_sub_row tf_w col_align_top tb_col_count_2 tb_r4lj142\">\n                <div  data-lazy=\"1\" class=\"module_column sub_column col4-2 tb_zqkh142 first\">\n                    <!-- module text -->\n<div  class=\"module module-text tb_gof9649    tb_gs678604\" data-lazy=\"1\">\n        <div  class=\"tb_text_wrap\">\n        <div class=\"module_column sub_column tb_d41a164 first\">\n<div class=\"module module-plain-text tb_g4s8164 tb_gs678604\">\n<div class=\"tb_text_wrap\"><strong>\u0412\u043e\u043d\u0438 \u043a\u0430\u0436\u0443\u0442\u044c \u043d\u0430\u043c:<\/strong><\/div>\n<\/div>\n<\/div>    <\/div>\n<\/div>\n<!-- \/module text -->        <\/div>\n                    <div  data-lazy=\"1\" class=\"module_column sub_column col4-2 tb_a8ai142 last\">\n                    <!-- module text -->\n<div  class=\"module module-text tb_9p7a649    tb_gs678604\" data-lazy=\"1\">\n        <div  class=\"tb_text_wrap\">\n        <p><b>\u041d\u0430 \u0432\u0435\u043b\u043e\u0441\u0438\u043f\u0435\u0434\u0456, \u0437\u0432\u0438\u0447\u0430\u0439\u043d\u043e!<br \/>\u0410 \u0442\u0430\u043a\u043e\u0436 \u0433\u0440\u043e\u043c\u0430\u0434\u0441\u044c\u043a\u0438\u043c \u0442\u0440\u0430\u043d\u0441\u043f\u043e\u0440\u0442\u043e\u043c:<\/b><br \/>\u0412\u0456\u0437\u044c\u043c\u0456\u0442\u044c \u043b\u0456\u043d\u0456\u0457 4, 17, 18, 23, 24, 27 \u0456 45 \u0434\u043e \u0437\u0443\u043f\u0438\u043d\u043a\u0438 Dreiweidenstra\u00dfe \/ Eltviller Stra\u00dfe<br \/>\u041f\u0440\u043e\u0439\u0434\u0456\u0442\u044c \u043b\u0456\u043d\u0456\u0457 1 \u0456 14 \u0434\u043e \u0437\u0443\u043f\u0438\u043d\u043a\u0438 Bleichstra\u00dfe<\/p>    <\/div>\n<\/div>\n<!-- \/module text -->        <\/div>\n                    <\/div>\n                <\/div>\n                    <div  data-lazy=\"1\" class=\"module_column tb-column col4-2 tb_2x57454 last\">\n                    <!-- module plain text -->\n<div  class=\"module module-plain-text tb_l7z6916\" data-lazy=\"1\">\n        <div class=\"tb_text_wrap\">\n    <iframe loading=\"lazy\" width=\"425\" height=\"350\" src=\"https:\/\/www.openstreetmap.org\/export\/embed.html?bbox=8.221989870071413%2C50.07658012048094%2C8.236151933670046%2C50.08247363643105&amp;layer=mapnik&amp;marker=50.07952696901827%2C8.229070901870728\" style=\"border: 1px solid black\"><\/iframe><br\/><small><a href=\"https:\/\/www.openstreetmap.org\/?mlat=50.079527&amp;mlon=8.229071#map=17\/50.079527\/8.229071\">\u041f\u043e\u043a\u0430\u0437\u0430\u0442\u0438 \u0437\u0431\u0456\u043b\u044c\u0448\u0435\u043d\u0443 \u043a\u0430\u0440\u0442\u0443<\/a><\/small>    <\/div>\n<\/div>\n<!-- \/module plain text -->        <\/div>\n                        <\/div>\n        <\/div>\n        <\/div>\n<!--\/themify_builder_content-->\n\n\n<p><\/p>","protected":false},"excerpt":{"rendered":"<p>\u0406\u043d\u0444\u043e\u0440\u043c\u0430\u0446\u0456\u044f \u043f\u0440\u043e \u043d\u0430\u0448 \u043e\u0444\u0456\u0441 \u0437\u0430 \u0430\u0434\u0440\u0435\u0441\u043e\u044e Goebenstra\u00dfe 1 \u0443 \u0412\u0456\u0441\u0431\u0430\u0434\u0435\u043d\u0456.<\/p>","protected":false},"author":50,"featured_media":69851,"parent":69915,"menu_order":6,"comment_status":"closed","ping_status":"closed","template":"","meta":{"footnotes":""},"tags":[],"class_list":["post-69516","page","type-page","status-publish","has-post-thumbnail","hentry","has-post-title","has-post-date","has-post-category","has-post-tag","has-post-comment","has-post-author",""],"builder_content":"<img src=\"\/wp-content\/uploads\/2024\/12\/Leuchtreklame_4_3-scaled.jpg\" title=\"Gesch\u00e4ftsstelle\" alt=\"Gesch\u00e4ftsstelle\">\n<img src=\"\/wp-content\/uploads\/2025\/02\/Dreieck_Orange.png\" width=\"44\" title=\"Gesch\u00e4ftsstelle\" alt=\"Gesch\u00e4ftsstelle\">\nDie ADFC Gesch\u00e4ftsstelle in der Fahrradstra\u00dfe&copy; Oliver Kessler\n<h1>Gesch\u00e4ftsstelle<\/h1> <p>Der ADFC Wiesbaden\/Rheingau-Taunus betreibt die Gesch\u00e4ftsstelle als zentralen Ort der Vereinsarbeit. Sie stellt B\u00fcroraum bereit und ist Kampagnen-St\u00fctzpunkt. Hier tagen unsere Arbeitsgruppen und Veranstaltungen werden vorbereitet.\u00a0<\/p>\n<p><strong>Adresse<\/strong><\/p>\n<p>ADFC Wiesbaden\/Rheingau-Taunus e.V.<br \/>Goebenstra\u00dfe 1<br \/>65195 Wiesbaden<\/p>\n<p><strong>E-Mail<\/strong><\/p>\n<p>info@adfc-wiesbaden.de<\/p>\n<strong>Sie errei\u00adchen uns:<\/strong>\n<p><b>Nat\u00fcrlich mit dem Fahrrad!<br \/>Aber auch per \u00d6PNV:<\/b><br \/>Mit den Linien 4, 17, 18, 23, 24, 27 und 45 zur Haltestelle Dreiweidenstra\u00dfe\/Eltviller Stra\u00dfe<br \/>Mit den Linien 1 und 14 zur Haltestelle Bleichstra\u00dfe<\/p>\n<iframe loading=\"lazy\" width=\"425\" height=\"350\" src=\"https:\/\/www.openstreetmap.org\/export\/embed.html?bbox=8.221989870071413%2C50.07658012048094%2C8.236151933670046%2C50.08247363643105&amp;layer=mapnik&amp;marker=50.07952696901827%2C8.229070901870728\" style=\"border: 1px solid black\"><\/iframe><br\/><small><a href=\"https:\/\/www.openstreetmap.org\/?mlat=50.079527&amp;mlon=8.229071#map=17\/50.079527\/8.229071\">Gr\u00f6\u00dfere Karte anzeigen<\/a><\/small>","_links":{"self":[{"href":"https:\/\/www.adfc-wiesbaden.de\/uk\/wp-json\/wp\/v2\/pages\/69516","targetHints":{"allow":["GET"]}}],"collection":[{"href":"https:\/\/www.adfc-wiesbaden.de\/uk\/wp-json\/wp\/v2\/pages"}],"about":[{"href":"https:\/\/www.adfc-wiesbaden.de\/uk\/wp-json\/wp\/v2\/types\/page"}],"author":[{"embeddable":true,"href":"https:\/\/www.adfc-wiesbaden.de\/uk\/wp-json\/wp\/v2\/users\/50"}],"replies":[{"embeddable":true,"href":"https:\/\/www.adfc-wiesbaden.de\/uk\/wp-json\/wp\/v2\/comments?post=69516"}],"version-history":[{"count":47,"href":"https:\/\/www.adfc-wiesbaden.de\/uk\/wp-json\/wp\/v2\/pages\/69516\/revisions"}],"predecessor-version":[{"id":71520,"href":"https:\/\/www.adfc-wiesbaden.de\/uk\/wp-json\/wp\/v2\/pages\/69516\/revisions\/71520"}],"up":[{"embeddable":true,"href":"https:\/\/www.adfc-wiesbaden.de\/uk\/wp-json\/wp\/v2\/pages\/69915"}],"wp:featuredmedia":[{"embeddable":true,"href":"https:\/\/www.adfc-wiesbaden.de\/uk\/wp-json\/wp\/v2\/media\/69851"}],"wp:attachment":[{"href":"https:\/\/www.adfc-wiesbaden.de\/uk\/wp-json\/wp\/v2\/media?parent=69516"}],"wp:term":[{"taxonomy":"post_tag","embeddable":true,"href":"https:\/\/www.adfc-wiesbaden.de\/uk\/wp-json\/wp\/v2\/tags?post=69516"}],"curies":[{"name":"wp","href":"https:\/\/api.w.org\/{rel}","templated":true}]}}