{"id":69543,"date":"2025-02-15T12:18:51","date_gmt":"2025-02-15T11:18:51","guid":{"rendered":"https:\/\/www2.adfc-wiesbaden.de\/?page_id=69543"},"modified":"2026-03-17T06:23:31","modified_gmt":"2026-03-17T05:23:31","slug":"fahrradboersen","status":"publish","type":"page","link":"https:\/\/www.adfc-wiesbaden.de\/uk\/service\/fahrradboersen\/","title":{"rendered":"\u0411\u0456\u0440\u0436\u0456 \u0434\u043b\u044f \u0432\u0435\u043b\u043e\u0441\u0438\u043f\u0435\u0434\u0438\u0441\u0442\u0456\u0432"},"content":{"rendered":"<!--themify_builder_content-->\n<div id=\"themify_builder_content-69543\" data-postid=\"69543\" class=\"themify_builder_content themify_builder_content-69543 themify_builder tf_clear\">\n                    <div  data-lazy=\"1\" class=\"module_row themify_builder_row tb_vykx741 tb_first tf_w\">\n                        <div class=\"row_inner col_align_top tb_col_count_1 tf_box tf_rel\">\n                        <div  data-lazy=\"1\" class=\"module_column tb-column col-full tb_w16r741 first\">\n                    <!-- module image -->\n<div  class=\"module module-image tb_jgt2741 image-top   tf_mw tb_gs2677162d\" data-lazy=\"1\">\n        <div class=\"image-wrap tf_rel tf_mw\">\n            <img decoding=\"async\" src=\"\/wp-content\/uploads\/2025\/03\/2025-03-10_5923-scaled.jpg\" title=\"\u0411\u0456\u0440\u0436\u0456 \u0434\u043b\u044f \u0432\u0435\u043b\u043e\u0441\u0438\u043f\u0435\u0434\u0438\u0441\u0442\u0456\u0432\" alt=\"\u0411\u0456\u0440\u0436\u0456 \u0434\u043b\u044f \u0432\u0435\u043b\u043e\u0441\u0438\u043f\u0435\u0434\u0438\u0441\u0442\u0456\u0432\">    \n        <\/div>\n    <!-- \/image-wrap -->\n    \n        <\/div>\n<!-- \/module image -->        <div  data-lazy=\"1\" class=\"module_subrow themify_builder_sub_row tf_w col_align_top tb_col_count_3 tb_9ml0741\">\n                <div  data-lazy=\"1\" class=\"module_column sub_column col3-1 tb_edyg741 first\">\n                    <!-- module image -->\n<div  class=\"module module-image tb_yins878 image-center   tf_mw\" data-lazy=\"1\">\n        <div class=\"image-wrap tf_rel tf_mw\">\n            <img decoding=\"async\" src=\"\/wp-content\/uploads\/2025\/02\/Dreieck_Orange.png\" width=\"44\" title=\"\u0411\u0456\u0440\u0436\u0456 \u0434\u043b\u044f \u0432\u0435\u043b\u043e\u0441\u0438\u043f\u0435\u0434\u0438\u0441\u0442\u0456\u0432\" alt=\"\u0411\u0456\u0440\u0436\u0456 \u0434\u043b\u044f \u0432\u0435\u043b\u043e\u0441\u0438\u043f\u0435\u0434\u0438\u0441\u0442\u0456\u0432\">    \n        <\/div>\n    <!-- \/image-wrap -->\n    \n        <\/div>\n<!-- \/module image -->        <\/div>\n                    <div  data-lazy=\"1\" class=\"module_column sub_column col3-1 tb_fdtf741\">\n                            <\/div>\n                    <div  data-lazy=\"1\" class=\"module_column sub_column col3-1 tb_cops741 last\">\n                            <\/div>\n                    <\/div>\n        <!-- module plain text -->\n<div  class=\"module module-plain-text tb_n012741 bild_header_h1 adfc_orange tb_gs4151609\" data-lazy=\"1\">\n        <div class=\"tb_text_wrap\">\n    <span style=\"font-size:28px;line-height:34px\"> \u0411\u0456\u0440\u0436\u0430 \u0432\u0435\u043b\u043e\u0441\u0438\u043f\u0435\u0434\u0456\u0432 \u0443 \u0411\u0456\u0439\u043d\u0456<\/span><span style=\"float:right;font-size:14px;line-height:34px;margin-right:5px\">\u00a9 \u041e\u043b\u0456\u0432\u0435\u0440 \u041a\u0435\u0441\u0441\u043b\u0435\u0440<\/span>    <\/div>\n<\/div>\n<!-- \/module plain text --><!-- module text -->\n<div  class=\"module module-text tb_h5jh260    tb_gs678604\" data-lazy=\"1\">\n        <div  class=\"tb_text_wrap\">\n        <h1>\u0411\u0456\u0440\u0436\u0430 \u0432\u0435\u043b\u043e\u0441\u0438\u043f\u0435\u0434\u0456\u0432 ADFC<\/h1>\n<p>\u041d\u0430 \u0442\u0435\u0440\u0438\u0442\u043e\u0440\u0456\u0457 \u043a\u0443\u043b\u044c\u0442\u0443\u0440\u043d\u043e\u0433\u043e \u043f\u0430\u0440\u043a\u0443 \u043d\u0430 \u0431\u043e\u0439\u043d\u0456, \u0442\u0440\u0438 <a href=\"https:\/\/www.adfc-wiesbaden.de\/uk\/2026\/02\/veranstaltungen\/fahrradboersen-termine-2026\/\">\u0414\u0430\u0442\u0438 \u0432 2026 \u0440\u043e\u0446\u0456<\/a> \u0412\u0456\u0441\u0431\u0430\u0434\u0435\u043d\u0441\u044c\u043a\u0430 \u0432\u0435\u043b\u043e\u0441\u0438\u043f\u0435\u0434\u043d\u0430 \u0431\u0456\u0440\u0436\u0430 \u043f\u0430\u0440\u0430\u043b\u0435\u043b\u044c\u043d\u043e \u0431\u043b\u043e\u0448\u0438\u043d\u043e\u043c\u0443 \u0440\u0438\u043d\u043a\u0443 \u0428\u043b\u0430\u0445\u0442\u0433\u043e\u0444.<\/p>\n<p>\u041a\u0440\u0456\u043c \u0442\u043e\u0433\u043e, \u043c\u0438 \u0437\u0430\u0437\u0432\u0438\u0447\u0430\u0439 \u043f\u0440\u043e\u043f\u043e\u043d\u0443\u0454\u043c\u043e \u0456\u043d\u0444\u043e\u0440\u043c\u0430\u0446\u0456\u0439\u043d\u0438\u0439 \u0441\u0442\u0435\u043d\u0434 \u0432\u0456\u0434 ADFC \u0456 <a href=\"https:\/\/www.adfc-wiesbaden.de\/uk\/service\/codierung\/\">\u041a\u043e\u0434\u0438 \u0432\u0435\u043b\u043e\u0441\u0438\u043f\u0435\u0434\u0456\u0432<\/a> \u0412 \u0442\u043e\u043c\u0443 \u0447\u0438\u0441\u043b\u0456.\u00a0<\/p>\n<p>\u0414\u043b\u044f \u0432\u0438\u043a\u043b\u044e\u0447\u043d\u043e \u043f\u0440\u0438\u0432\u0430\u0442\u043d\u0438\u0445 \u043f\u0440\u043e\u0434\u0430\u0432\u0446\u0456\u0432 \u043f\u043b\u0430\u0442\u0430 \u043d\u0430 \u0432\u0435\u043b\u043e\u0441\u0438\u043f\u0435\u0434\u043d\u0456\u0439 \u0431\u0456\u0440\u0436\u0456 \u043d\u0435 \u0441\u0442\u044f\u0433\u0443\u0454\u0442\u044c\u0441\u044f, \u0430 \u0440\u0435\u0454\u0441\u0442\u0440\u0430\u0446\u0456\u044f \u043d\u0435 \u043f\u043e\u0442\u0440\u0456\u0431\u043d\u0430. \u041f\u0440\u043e\u0441\u0442\u043e \u0432\u0456\u0437\u044c\u043c\u0456\u0442\u044c \u0437 \u0441\u043e\u0431\u043e\u044e \u0432\u0435\u043b\u043e\u0441\u0438\u043f\u0435\u0434, \u0437\u043d\u0430\u0439\u0434\u0456\u0442\u044c \u043c\u0456\u0441\u0446\u0435 \u0456 \u043f\u0440\u0438\u043a\u0440\u0456\u043f\u0456\u0442\u044c \u0446\u0456\u043d\u043d\u0438\u043a.\u00a0<br \/>\u041f\u043e\u043a\u0443\u043f\u0446\u0456 \u043c\u043e\u0436\u0443\u0442\u044c \u043b\u0435\u0433\u043a\u043e \u043f\u0440\u0438\u0439\u0442\u0438, \u0448\u0443\u043a\u0430\u0442\u0438 \u043f\u0456\u0434\u0445\u043e\u0434\u044f\u0449\u0456 \u043a\u043e\u043b\u0435\u0441\u0430, \u0442\u0435\u0441\u0442-\u0434\u0440\u0430\u0439\u0432 \u0456 \u0442\u043e\u0440\u0433\u0443\u0432\u0430\u0442\u0438. \u0423 \u043d\u0430\u0441 \u0454 \u0456\u043d\u0444\u043e\u0440\u043c\u0430\u0446\u0456\u044f \u0442\u0430 \u043a\u043e\u043d\u0442\u0440\u0430\u043a\u0442\u0438 \u0437 \u043f\u0440\u043e\u0434\u0430\u0436\u0443 Blanco \u043d\u0430 \u043d\u0430\u0448\u043e\u043c\u0443 \u0456\u043d\u0444\u043e\u0440\u043c\u0430\u0446\u0456\u0439\u043d\u043e\u043c\u0443 \u0441\u0442\u0435\u043d\u0434\u0456 ADFC.<\/p>\n<p>\u0414\u043b\u044f \u0437\u0430\u0431\u0456\u0439\u043d\u043e\u0433\u043e \u0431\u043b\u043e\u0448\u0438\u043d\u043e\u0433\u043e \u0440\u0438\u043d\u043a\u0443 \u0437\u0430\u0441\u0442\u043e\u0441\u043e\u0432\u0443\u044e\u0442\u044c\u0441\u044f \u0443\u043c\u043e\u0432\u0438 \u043e\u0440\u0433\u0430\u043d\u0456\u0437\u0430\u0442\u043e\u0440\u0430, \u044f\u043a\u0456 <a href=\"https:\/\/schlachthof-wiesbaden.de\/suche\/flohmarkt\">\u0411\u043b\u043e\u0448\u0438\u043d\u0438\u0439 \u0431\u043b\u043e\u0448\u0438\u043d\u0438\u0439 \u0440\u0438\u043d\u043e\u043a<\/a> \u043c\u043e\u0436\u043d\u0430 \u0437\u043d\u0430\u0439\u0442\u0438 \u0443 \u0432\u0456\u0434\u043f\u043e\u0432\u0456\u0434\u043d\u0456\u0439 \u0434\u0430\u0442\u0456. \u0422\u0430\u0440\u0438\u0444\u0438 \u0442\u0430 \u0440\u0435\u0454\u0441\u0442\u0440\u0430\u0446\u0456\u044f, \u044f\u043a \u043f\u0440\u0430\u0432\u0438\u043b\u043e, \u0442\u0443\u0442 \u043f\u043e\u0442\u0440\u0456\u0431\u043d\u0456!<\/p>\n<p>\u041e\u0431\u043c\u0456\u043d \u0432\u0435\u043b\u043e\u0441\u0438\u043f\u0435\u0434\u0430\u043c\u0438 \u0432\u0456\u0434\u0431\u0443\u0432\u0430\u0454\u0442\u044c\u0441\u044f \u0437 10:00 \u0434\u043e 14:00 \u043d\u0430 \u0431\u0443\u043b\u044c\u0432\u0430\u0440\u0456 \u041c\u0443\u0440\u043d\u0430\u0443\u0448\u0442\u0440\u0430\u0441\u0441\u0435.<\/p>    <\/div>\n<\/div>\n<!-- \/module text --><!-- module box -->\n<div  class=\"module module-box tb_fxs5446\" data-lazy=\"1\">\n    <div class=\"module-box-content ui  tb_default_color\">\n                <div class=\"tb_text_wrap\"><p>\u0422\u0443\u0442 \u0432\u0438 \u043c\u043e\u0436\u0435\u0442\u0435 \u0437\u043d\u0430\u0439\u0442\u0438 \u0437\u0432\u0456\u0442 \u043f\u0440\u043e \u043f\u0435\u0440\u0448\u0443 \u0432\u0435\u043b\u043e\u0441\u0438\u043f\u0435\u0434\u043d\u0443 \u0431\u0456\u0440\u0436\u0443 \u043d\u0430 \u0431\u043e\u0439\u043d\u0456:<br \/>\n<article class=\"menu_as_tiles_post post\"><div class=\"menu_as_tiles_image\"><a href=\"\/uk\/fahrradboerse-erstmals-am-schlachthof-ein-kurzer-rueckblick\/\"><img decoding=\"async\" src=\"https:\/\/www.adfc-wiesbaden.de\/wp-content\/uploads\/2025\/04\/Fahrradboerse_Infostand_mitmachen_2025_4_3-700x525.jpg\" class=\"menu_as_tiles_image\" width=\"300\" srcset=\"https:\/\/www.adfc-wiesbaden.de\/wp-content\/uploads\/2025\/04\/Fahrradboerse_Infostand_mitmachen_2025_4_3-700x525.jpg 700w, https:\/\/www.adfc-wiesbaden.de\/wp-content\/uploads\/2025\/04\/Fahrradboerse_Infostand_mitmachen_2025_4_3-1400x1050.jpg 1400w, https:\/\/www.adfc-wiesbaden.de\/wp-content\/uploads\/2025\/04\/Fahrradboerse_Infostand_mitmachen_2025_4_3-200x150.jpg 200w, https:\/\/www.adfc-wiesbaden.de\/wp-content\/uploads\/2025\/04\/Fahrradboerse_Infostand_mitmachen_2025_4_3-768x576.jpg 768w, https:\/\/www.adfc-wiesbaden.de\/wp-content\/uploads\/2025\/04\/Fahrradboerse_Infostand_mitmachen_2025_4_3-1536x1152.jpg 1536w, https:\/\/www.adfc-wiesbaden.de\/wp-content\/uploads\/2025\/04\/Fahrradboerse_Infostand_mitmachen_2025_4_3-2048x1536.jpg 2048w\" sizes=\"auto, (max-width: 700px) 100vw, 700px\" loading=\"lazy\" \/><\/a><\/div><div class=\"menu_as_tiles_date\">21.04.2025<\/div><h3 class=\"menu_as_tiles_title\">\u0411\u0456\u0440\u0436\u0430 \u0432\u0435\u043b\u043e\u0441\u0438\u043f\u0435\u0434\u0456\u0432 \u0443 \u0411\u0456\u0439\u043d\u0456 \u0432\u043f\u0435\u0440\u0448\u0435: \u043a\u043e\u0440\u043e\u0442\u043a\u0438\u0439 \u043e\u0433\u043b\u044f\u0434<\/h3><div class=\"menu_as_tiles_details\">  <span class=\"menu_as_tiles_excerpt\">\u0412\u0435\u043b\u043e\u0441\u0438\u043f\u0435\u0434\u043d\u0438\u0439 \u044f\u0440\u043c\u0430\u0440\u043e\u043a \u0432\u043f\u0435\u0440\u0448\u0435 \u0432\u0456\u0434\u0431\u0443\u0432\u0441\u044f \u043d\u0430 \u0431\u043e\u0439\u043d\u0456 \u0440\u0430\u0437\u043e\u043c \u0456\u0437 \u0431\u043b\u043e\u0448\u0438\u043d\u0438\u043c \u0440\u0438\u043d\u043a\u043e\u043c \u0431\u043e\u0439\u043d\u0456. \u041f\u0435\u0440\u0448\u0456 \u0432\u0440\u0430\u0436\u0435\u043d\u043d\u044f \u0431\u0443\u043b\u0438 \u043d\u0435\u0437\u043c\u0456\u043d\u043d\u043e \u043f\u043e\u0437\u0438\u0442\u0438\u0432\u043d\u0438\u043c\u0438. <\/span><\/div><div class=\"menu_as_tiles_button\"><a href=\"\/uk\/fahrradboerse-erstmals-am-schlachthof-ein-kurzer-rueckblick\/\">\u0414\u0435\u0442\u0430\u043b\u044c\u043d\u0456\u0448\u0435<\/a><\/div><div class=\"menu_as_tiles_tag_category_container\"> <div class=\"menu_as_tiles_tag\"><a href=\"\/uk\/tag\/codierung\/\">\u043a\u043e\u0434\u0443\u0432\u0430\u043d\u043d\u044f<\/a><\/div> <div class=\"menu_as_tiles_tag\"><a href=\"\/uk\/tag\/fahrradboerse\/\">\u0411\u0456\u0440\u0436\u0430 \u0432\u0435\u043b\u043e\u0441\u0438\u043f\u0435\u0434\u0456\u0432<\/a><\/div> <div class=\"menu_as_tiles_tag\"><a href=\"\/uk\/tag\/veranstaltung\/\">\u043f\u043e\u0434\u0456\u044f<\/a><\/div><\/div><\/article>\n<\/p><\/div>\n    <\/div>\n<\/div>\n<!-- \/module box -->\n<!-- module gallery -->\n<div  class=\"module gallery module-gallery tb_p6ig803 layout-grid\" data-lazy=\"1\">\n    <div class=\"module-gallery-grid\" style=\"--gald:4;--galt:4;--galm:4\">\n            <dl class=\"gallery-item\">\n            <dt class=\"gallery-icon\">\n            <a data-title=\"\" title=\"* \u0411\u0430\u0433\u0430\u0442\u043e \u0432\u0435\u043b\u043e\u0441\u0438\u043f\u0435\u0434\u0456\u0432 \u043d\u0430 \u0432\u0435\u043b\u043e\u0441\u0438\u043f\u0435\u0434\u043d\u0456\u0439 \u0431\u0456\u0440\u0436\u0456 | \u00a9 Oliver Kessler\" href=\"https:\/\/www.adfc-wiesbaden.de\/wp-content\/uploads\/2025\/04\/2025-04-05_7097-scaled.jpg\" data-rel=\"tb_p6ig803\" class=\"themify_lightbox\"><img loading=\"lazy\" decoding=\"async\" src=\"https:\/\/www.adfc-wiesbaden.de\/wp-content\/uploads\/2025\/04\/2025-04-05_7097-1400x934-300x200.jpg\" width=\"300\" height=\"200\" class=\"wp-post-image wp-image-72145\" title=\"\u0411\u0456\u0440\u0436\u0430 \u0432\u0435\u043b\u043e\u0441\u0438\u043f\u0435\u0434\u0456\u0432 2025 \u0440\u043e\u043a\u0443 \u043d\u0430 \u0411\u0456\u0439\u043d\u0456\" alt=\"\u0412\u0435\u043b\u043e\u043e\u0431\u043c\u0456\u043d \u0437 \u0440\u0456\u0437\u043d\u0438\u043c\u0438 \u0432\u0435\u043b\u043e\u0441\u0438\u043f\u0435\u0434\u0430\u043c\u0438 \u0442\u0430 \u0456\u043d\u0444\u043e\u0440\u043c\u0430\u0446\u0456\u0439\u043d\u0438\u043c\u0438 \u0441\u0442\u0435\u043d\u0434\u0430\u043c\u0438 \u043d\u0430 \u0437\u0430\u0434\u043d\u044c\u043e\u043c\u0443 \u043f\u043b\u0430\u043d\u0456\" srcset=\"https:\/\/www.adfc-wiesbaden.de\/wp-content\/uploads\/2025\/04\/2025-04-05_7097-1400x934-300x200.jpg 300w, https:\/\/www.adfc-wiesbaden.de\/wp-content\/uploads\/2025\/04\/2025-04-05_7097-700x467.jpg 700w, https:\/\/www.adfc-wiesbaden.de\/wp-content\/uploads\/2025\/04\/2025-04-05_7097-1400x934.jpg 1400w, https:\/\/www.adfc-wiesbaden.de\/wp-content\/uploads\/2025\/04\/2025-04-05_7097-200x133.jpg 200w, https:\/\/www.adfc-wiesbaden.de\/wp-content\/uploads\/2025\/04\/2025-04-05_7097-768x512.jpg 768w, https:\/\/www.adfc-wiesbaden.de\/wp-content\/uploads\/2025\/04\/2025-04-05_7097-1536x1024.jpg 1536w, https:\/\/www.adfc-wiesbaden.de\/wp-content\/uploads\/2025\/04\/2025-04-05_7097-2048x1366.jpg 2048w\" sizes=\"auto, (max-width: 300px) 100vw, 300px\" \/><\/a>            <\/dt>\n             \n                <dd class=\"wp-caption-text gallery-caption\">\n                                                                <span class=\"themify_image_caption\">* \u0411\u0430\u0433\u0430\u0442\u043e \u0432\u0435\u043b\u043e\u0441\u0438\u043f\u0435\u0434\u0456\u0432 \u043d\u0430 \u0432\u0435\u043b\u043e\u0441\u0438\u043f\u0435\u0434\u043d\u0456\u0439 \u0431\u0456\u0440\u0436\u0456 | \u00a9 Oliver Kessler<\/span>\n                                    <\/dd>\n                    <\/dl>\n            <dl class=\"gallery-item\">\n            <dt class=\"gallery-icon\">\n            <a data-title=\"\" title=\"* \u0412\u0435\u043b\u043e\u0441\u0438\u043f\u0435\u0434\u043d\u0456 \u0437\u0430\u043f\u0447\u0430\u0441\u0442\u0438\u043d\u0438 \u0442\u0430 \u0430\u043a\u0441\u0435\u0441\u0443\u0430\u0440\u0438 | \u00a9 Oliver Kessler\" href=\"https:\/\/www.adfc-wiesbaden.de\/wp-content\/uploads\/2025\/04\/2025-04-05_7100-scaled.jpg\" data-rel=\"tb_p6ig803\" class=\"themify_lightbox\"><img loading=\"lazy\" decoding=\"async\" src=\"https:\/\/www.adfc-wiesbaden.de\/wp-content\/uploads\/2025\/04\/2025-04-05_7100-1400x934-300x200.jpg\" width=\"300\" height=\"200\" class=\"wp-post-image wp-image-72144\" title=\"2025 _\u0412\u0435\u043b\u043e\u0441\u0438\u043f\u0435\u0434\u043d\u0438\u0439 \u043e\u0431\u043c\u0456\u043d _\u0410\u043a\u0441\u0435\u0441\u0443\u0430\u0440\u0438\" alt=\"\u0406\u043d\u0448\u0456 \u0430\u043a\u0441\u0435\u0441\u0443\u0430\u0440\u0438 \u0442\u0430 \u0434\u0435\u0442\u0430\u043b\u0456 \u0434\u043b\u044f \u0432\u0435\u043b\u043e\u0441\u0438\u043f\u0435\u0434\u0456\u0432\" srcset=\"https:\/\/www.adfc-wiesbaden.de\/wp-content\/uploads\/2025\/04\/2025-04-05_7100-1400x934-300x200.jpg 300w, https:\/\/www.adfc-wiesbaden.de\/wp-content\/uploads\/2025\/04\/2025-04-05_7100-700x467.jpg 700w, https:\/\/www.adfc-wiesbaden.de\/wp-content\/uploads\/2025\/04\/2025-04-05_7100-1400x934.jpg 1400w, https:\/\/www.adfc-wiesbaden.de\/wp-content\/uploads\/2025\/04\/2025-04-05_7100-200x133.jpg 200w, https:\/\/www.adfc-wiesbaden.de\/wp-content\/uploads\/2025\/04\/2025-04-05_7100-768x512.jpg 768w, https:\/\/www.adfc-wiesbaden.de\/wp-content\/uploads\/2025\/04\/2025-04-05_7100-1536x1024.jpg 1536w, https:\/\/www.adfc-wiesbaden.de\/wp-content\/uploads\/2025\/04\/2025-04-05_7100-2048x1366.jpg 2048w\" sizes=\"auto, (max-width: 300px) 100vw, 300px\" \/><\/a>            <\/dt>\n             \n                <dd class=\"wp-caption-text gallery-caption\">\n                                                                <span class=\"themify_image_caption\">* \u0412\u0435\u043b\u043e\u0441\u0438\u043f\u0435\u0434\u043d\u0456 \u0437\u0430\u043f\u0447\u0430\u0441\u0442\u0438\u043d\u0438 \u0442\u0430 \u0430\u043a\u0441\u0435\u0441\u0443\u0430\u0440\u0438 | \u00a9 Oliver Kessler<\/span>\n                                    <\/dd>\n                    <\/dl>\n            <dl class=\"gallery-item\">\n            <dt class=\"gallery-icon\">\n            <a data-title=\"\" title=\"Lilja am Schlachthof 2025 | \u00a9 Oliver Kessler\" href=\"https:\/\/www.adfc-wiesbaden.de\/wp-content\/uploads\/2025\/04\/2025-04-05_7207-scaled.jpg\" data-rel=\"tb_p6ig803\" class=\"themify_lightbox\"><img loading=\"lazy\" decoding=\"async\" src=\"https:\/\/www.adfc-wiesbaden.de\/wp-content\/uploads\/2025\/04\/2025-04-05_7207-1400x933-300x200.jpg\" width=\"300\" height=\"200\" class=\"wp-post-image wp-image-72140\" title=\"2025 _Lilja _\u0411\u043e\u0439\u043d\u044f\" alt=\"2025 _Lilja _\u0411\u043e\u0439\u043d\u044f\" srcset=\"https:\/\/www.adfc-wiesbaden.de\/wp-content\/uploads\/2025\/04\/2025-04-05_7207-1400x933-300x200.jpg 300w, https:\/\/www.adfc-wiesbaden.de\/wp-content\/uploads\/2025\/04\/2025-04-05_7207-700x467.jpg 700w, https:\/\/www.adfc-wiesbaden.de\/wp-content\/uploads\/2025\/04\/2025-04-05_7207-1400x933.jpg 1400w, https:\/\/www.adfc-wiesbaden.de\/wp-content\/uploads\/2025\/04\/2025-04-05_7207-200x133.jpg 200w, https:\/\/www.adfc-wiesbaden.de\/wp-content\/uploads\/2025\/04\/2025-04-05_7207-768x512.jpg 768w, https:\/\/www.adfc-wiesbaden.de\/wp-content\/uploads\/2025\/04\/2025-04-05_7207-1536x1024.jpg 1536w, https:\/\/www.adfc-wiesbaden.de\/wp-content\/uploads\/2025\/04\/2025-04-05_7207-2048x1365.jpg 2048w\" sizes=\"auto, (max-width: 300px) 100vw, 300px\" \/><\/a>            <\/dt>\n             \n                <dd class=\"wp-caption-text gallery-caption\">\n                                                                <span class=\"themify_image_caption\">Lilja am Schlachthof 2025 | \u00a9 Oliver Kessler<\/span>\n                                    <\/dd>\n                    <\/dl>\n            <dl class=\"gallery-item\">\n            <dt class=\"gallery-icon\">\n            <a data-title=\"\" title=\"&amp; lt;p &amp; gt; ADFC Infostand | \u00a9 \u041e\u043b\u0456\u0432\u0435\u0440 \u041a\u0435\u0441\u0441\u043b\u0435\u0440\" href=\"https:\/\/www.adfc-wiesbaden.de\/wp-content\/uploads\/2025\/04\/Fahrradboerse_Infostand_2025_4_3-scaled.jpg\" data-rel=\"tb_p6ig803\" class=\"themify_lightbox\"><img loading=\"lazy\" decoding=\"async\" src=\"https:\/\/www.adfc-wiesbaden.de\/wp-content\/uploads\/2025\/04\/Fahrradboerse_Infostand_2025_4_3-1400x1050-300x200.jpg\" width=\"300\" height=\"200\" class=\"wp-post-image wp-image-72148\" title=\"\u0411\u0456\u0440\u0436\u0430 \u0432\u0435\u043b\u043e\u0441\u0438\u043f\u0435\u0434\u0456\u0432 _Infostand _2025 _4 _3\" alt=\"\u0406\u043d\u0444\u043e\u0440\u043c\u0430\u0446\u0456\u0439\u043d\u0438\u0439 \u0441\u0442\u0435\u043d\u0434 ADFC \u0456\u0437 \u0437\u0430\u0446\u0456\u043a\u0430\u0432\u043b\u0435\u043d\u0438\u043c\u0438 \u0433\u043e\u0441\u0442\u044f\u043c\u0438\"><\/a>            <\/dt>\n             \n                <dd class=\"wp-caption-text gallery-caption\">\n                                                                <span class=\"themify_image_caption\">&amp; lt;p &amp; gt; ADFC Infostand | \u00a9 \u041e\u043b\u0456\u0432\u0435\u0440 \u041a\u0435\u0441\u0441\u043b\u0435\u0440<\/span>\n                                    <\/dd>\n                    <\/dl>\n    <\/div>\n<\/div>\n<!-- \/module gallery --><!-- module image -->\n<div  class=\"module module-image tb_oqql342 image-top   tf_mw tb_gs2677162d\" data-lazy=\"1\">\n        <div class=\"image-wrap tf_rel tf_mw\">\n            <a href=\"https:\/\/schlachthof-wiesbaden.de\/suche\/flohmarkt\">\n                   <img decoding=\"async\" src=\"\/wp-content\/uploads\/2025\/02\/Schlachthof_Flohmarkt.jpg\" title=\"\u00a9 \u041a\u0443\u043b\u044c\u0442\u0443\u0440\u0430 \u0432 \u043f\u0430\u0440\u043a\u0443\" alt=\"\u00a9 \u041a\u0443\u043b\u044c\u0442\u0443\u0440\u0430 \u0432 \u043f\u0430\u0440\u043a\u0443\">        <\/a>\n    \n        <\/div>\n    <!-- \/image-wrap -->\n    \n        <div class=\"image-content\">\n                    <h3 class=\"image-title\">\n                                    <a href=\"https:\/\/schlachthof-wiesbaden.de\/suche\/flohmarkt\">\n                        \u00a9 \u041a\u0443\u043b\u044c\u0442\u0443\u0440\u0430 \u0432 \u043f\u0430\u0440\u043a\u0443                    <\/a>\n                            <\/h3>\n                    <\/div>\n    <!-- \/image-content -->\n        <\/div>\n<!-- \/module image -->        <\/div>\n                        <\/div>\n        <\/div>\n        <\/div>\n<!--\/themify_builder_content-->","protected":false},"excerpt":{"rendered":"<p>\u0411\u0456\u0440\u0436\u0456 \u0432\u0435\u043b\u043e\u0441\u0438\u043f\u0435\u0434\u0456\u0432 \u0434\u043b\u044f \u043f\u0440\u0438\u0432\u0430\u0442\u043d\u043e\u0457 \u043a\u0443\u043f\u0456\u0432\u043b\u0456-\u043f\u0440\u043e\u0434\u0430\u0436\u0443 \u0432\u0436\u0438\u0432\u0430\u043d\u0438\u0445 \u0432\u0435\u043b\u043e\u0441\u0438\u043f\u0435\u0434\u0456\u0432 &amp; \u0430\u043a\u0441\u0435\u0441\u0443\u0430\u0440\u0438<\/p>","protected":false},"author":50,"featured_media":71289,"parent":69773,"menu_order":0,"comment_status":"closed","ping_status":"closed","template":"","meta":{"footnotes":""},"tags":[765,853,847,848],"class_list":["post-69543","page","type-page","status-publish","has-post-thumbnail","hentry","tag-codierung","tag-fahrradboerse","tag-flohmarkt","tag-kultur-im-park","has-post-title","has-post-date","has-post-category","has-post-tag","has-post-comment","has-post-author",""],"builder_content":"<img src=\"\/wp-content\/uploads\/2025\/03\/2025-03-10_5923-scaled.jpg\" title=\"Fahrradb\u00f6rsen\" alt=\"Fahrradb\u00f6rsen\">\n<img src=\"\/wp-content\/uploads\/2025\/02\/Dreieck_Orange.png\" width=\"44\" title=\"Fahrradb\u00f6rsen\" alt=\"Fahrradb\u00f6rsen\">\nFahrradb\u00f6rse am Schlachthof&copy; Oliver Kessler\n<h1>ADFC-Fahrradb\u00f6rse<\/h1> <p>Auf dem Gel\u00e4nde des Kulturparks am Schlachthof findet an drei <a href=\"https:\/\/www.adfc-wiesbaden.de\/2026\/02\/veranstaltungen\/fahrradboersen-termine-2026\/\">Terminen in 2026<\/a> die Wiesbadener Fahrradb\u00f6rse parallel zum Schlachthof-Flohmarkt statt.<\/p> <p>Zus\u00e4tzlich bieten wir vom ADFC in der Regel einen Infostand und <a href=\"https:\/\/www.adfc-wiesbaden.de\/service\/codierung\/\">Fahrradcodierungen<\/a> an.\u00a0<\/p> <p>F\u00fcr die ausschlie\u00dflich privaten Verk\u00e4ufer:innen gibt es bei der Fahrradb\u00f6rse keine Geb\u00fchren und es ist keine Anmeldung notwendig. Einfach Fahrrad mitbringen, einen Platz suchen und Preisschild anbringen.\u00a0<br \/>K\u00e4ufer:innen k\u00f6nnen einfach kommen, nach geeigneten R\u00e4dern suchen, Probefahren und handeln. Informationen und Blanco-Kaufvertr\u00e4ge haben wir an unserem Infostand des ADFC.<\/p> <p>F\u00fcr den Schlachthof Flohmarkt gelten die Bedingungen des Veranstalters, die unter <a href=\"https:\/\/schlachthof-wiesbaden.de\/suche\/flohmarkt\">Schlachthof Flohmarkt<\/a> im jeweiligen Termin zu finden sind. Hier sind in der Regel Geb\u00fchren und Anmeldung erforderlich!<\/p> <p>Die Fahrradb\u00f6rsen finden von 10 bis 14 Uhr auf dem Bouleplatz an der Murnaustra\u00dfe statt.<\/p>\n<p>Hier findet ihr einen Bericht zur ersten Fahrradb\u00f6rse am Schlachthof:<br \/>[mat_show_tile postid=\"72248\"]<\/p>\n[gallery ids=\"72145,72144,72140,72148\"]\n<a href=\"https:\/\/schlachthof-wiesbaden.de\/suche\/flohmarkt\"> <img src=\"\/wp-content\/uploads\/2025\/02\/Schlachthof_Flohmarkt.jpg\" title=\"&copy; Kultur im Park\" alt=\"&copy; Kultur im Park\"> <\/a> <h3> <a href=\"https:\/\/schlachthof-wiesbaden.de\/suche\/flohmarkt\"> &copy; Kultur im Park <\/a> <\/h3>","_links":{"self":[{"href":"https:\/\/www.adfc-wiesbaden.de\/uk\/wp-json\/wp\/v2\/pages\/69543","targetHints":{"allow":["GET"]}}],"collection":[{"href":"https:\/\/www.adfc-wiesbaden.de\/uk\/wp-json\/wp\/v2\/pages"}],"about":[{"href":"https:\/\/www.adfc-wiesbaden.de\/uk\/wp-json\/wp\/v2\/types\/page"}],"author":[{"embeddable":true,"href":"https:\/\/www.adfc-wiesbaden.de\/uk\/wp-json\/wp\/v2\/users\/50"}],"replies":[{"embeddable":true,"href":"https:\/\/www.adfc-wiesbaden.de\/uk\/wp-json\/wp\/v2\/comments?post=69543"}],"version-history":[{"count":72,"href":"https:\/\/www.adfc-wiesbaden.de\/uk\/wp-json\/wp\/v2\/pages\/69543\/revisions"}],"predecessor-version":[{"id":75648,"href":"https:\/\/www.adfc-wiesbaden.de\/uk\/wp-json\/wp\/v2\/pages\/69543\/revisions\/75648"}],"up":[{"embeddable":true,"href":"https:\/\/www.adfc-wiesbaden.de\/uk\/wp-json\/wp\/v2\/pages\/69773"}],"wp:featuredmedia":[{"embeddable":true,"href":"https:\/\/www.adfc-wiesbaden.de\/uk\/wp-json\/wp\/v2\/media\/71289"}],"wp:attachment":[{"href":"https:\/\/www.adfc-wiesbaden.de\/uk\/wp-json\/wp\/v2\/media?parent=69543"}],"wp:term":[{"taxonomy":"post_tag","embeddable":true,"href":"https:\/\/www.adfc-wiesbaden.de\/uk\/wp-json\/wp\/v2\/tags?post=69543"}],"curies":[{"name":"wp","href":"https:\/\/api.w.org\/{rel}","templated":true}]}}