{"id":69545,"date":"2025-02-15T12:22:05","date_gmt":"2025-02-15T11:22:05","guid":{"rendered":"https:\/\/www2.adfc-wiesbaden.de\/?page_id=69545"},"modified":"2025-04-06T18:54:28","modified_gmt":"2025-04-06T16:54:28","slug":"radfahrkurse","status":"publish","type":"page","link":"https:\/\/www.adfc-wiesbaden.de\/uk\/service\/radfahrkurse\/","title":{"rendered":"\u0412\u0435\u043b\u043e\u0441\u0438\u043f\u0435\u0434\u043d\u0456 \u043a\u0443\u0440\u0441\u0438"},"content":{"rendered":"<!--themify_builder_content-->\n<div id=\"themify_builder_content-69545\" data-postid=\"69545\" class=\"themify_builder_content themify_builder_content-69545 themify_builder tf_clear\">\n                    <div  data-lazy=\"1\" class=\"module_row themify_builder_row tb_fuip376 tb_first tf_w\">\n                        <div class=\"row_inner col_align_top tb_col_count_1 tf_box tf_rel\">\n                        <div  data-lazy=\"1\" class=\"module_column tb-column col-full tb_rup4376 first\">\n                    <!-- module image -->\n<div  class=\"module module-image tb_oeuh376 image-top   tf_mw tb_gs2677162d\" data-lazy=\"1\">\n        <div class=\"image-wrap tf_rel tf_mw\">\n            <img loading=\"lazy\" decoding=\"async\" width=\"2560\" height=\"1920\" src=\"https:\/\/www.adfc-wiesbaden.de\/wp-content\/uploads\/2025\/04\/PedelecKurs4_3-scaled.jpg\" class=\"wp-post-image wp-image-71897\" title=\"PedelecCourse4 _3\" alt=\"\u0413\u0440\u0443\u043f\u0430 \u0432\u0435\u043b\u043e\u0441\u0438\u043f\u0435\u0434\u0438\u0441\u0442\u0456\u0432, \u0449\u043e \u0441\u0442\u043e\u044f\u0442\u044c \u0443 \u0434\u0432\u043e\u0440\u0456 Reduit \u0437 pedelecs \u0432 \u043f\u0456\u0432\u043a\u043e\u043b\u0456 \u043d\u0430 \u0441\u043e\u043d\u0446\u0456.\" srcset=\"https:\/\/www.adfc-wiesbaden.de\/wp-content\/uploads\/2025\/04\/PedelecKurs4_3-scaled.jpg 2560w, https:\/\/www.adfc-wiesbaden.de\/wp-content\/uploads\/2025\/04\/PedelecKurs4_3-700x525.jpg 700w, https:\/\/www.adfc-wiesbaden.de\/wp-content\/uploads\/2025\/04\/PedelecKurs4_3-1400x1050.jpg 1400w, https:\/\/www.adfc-wiesbaden.de\/wp-content\/uploads\/2025\/04\/PedelecKurs4_3-200x150.jpg 200w, https:\/\/www.adfc-wiesbaden.de\/wp-content\/uploads\/2025\/04\/PedelecKurs4_3-768x576.jpg 768w, https:\/\/www.adfc-wiesbaden.de\/wp-content\/uploads\/2025\/04\/PedelecKurs4_3-1536x1152.jpg 1536w\" sizes=\"auto, (max-width: 2560px) 100vw, 2560px\" \/>    \n        <\/div>\n    <!-- \/image-wrap -->\n    \n        <\/div>\n<!-- \/module image -->        <div  data-lazy=\"1\" class=\"module_subrow themify_builder_sub_row tf_w col_align_top tb_col_count_3 tb_rzxv376\">\n                <div  data-lazy=\"1\" class=\"module_column sub_column col3-1 tb_9fe9376 first\">\n                    <!-- module image -->\n<div  class=\"module module-image tb_3pvk849 image-center   tf_mw\" data-lazy=\"1\">\n        <div class=\"image-wrap tf_rel tf_mw\">\n            <img decoding=\"async\" src=\"\/wp-content\/uploads\/2025\/02\/Dreieck_Orange.png\" width=\"44\" title=\"\u0412\u0435\u043b\u043e\u0441\u0438\u043f\u0435\u0434\u043d\u0456 \u043a\u0443\u0440\u0441\u0438\" alt=\"\u0412\u0435\u043b\u043e\u0441\u0438\u043f\u0435\u0434\u043d\u0456 \u043a\u0443\u0440\u0441\u0438\">    \n        <\/div>\n    <!-- \/image-wrap -->\n    \n        <\/div>\n<!-- \/module image -->        <\/div>\n                    <div  data-lazy=\"1\" class=\"module_column sub_column col3-1 tb_royb376\">\n                            <\/div>\n                    <div  data-lazy=\"1\" class=\"module_column sub_column col3-1 tb_j6ht376 last\">\n                            <\/div>\n                    <\/div>\n        <!-- module plain text -->\n<div  class=\"module module-plain-text tb_889e376 bild_header_h1 adfc_orange tb_gs4151609\" data-lazy=\"1\">\n        <div class=\"tb_text_wrap\">\n    <span style=\"font-size:28px; line-height:34px;\" >\u041a\u0443\u0440\u0441 Pedelec \u0432 Reduit \u0443 \u0441\u043f\u0456\u0432\u043f\u0440\u0430\u0446\u0456 \u0437 VHS AKK<\/span><span style=\"float:right;font-size:14px; line-height:34px;margin-right:5px;\">\u00a9 \u0415\u043d\u0434\u0440\u044e \u041c\u0430\u0445\u0435\u0440 (Andrew Maher)<\/span>    <\/div>\n<\/div>\n<!-- \/module plain text --><!-- module text -->\n<div  class=\"module module-text tb_nmzl288    tb_gs678604\" data-lazy=\"1\">\n        <div  class=\"tb_text_wrap\">\n        <h1>\u0412\u0435\u043b\u043e\u0441\u0438\u043f\u0435\u0434\u043d\u0456 \u043a\u0443\u0440\u0441\u0438 ADFC<\/h1>\n<div class=\"textcontainer-article\">\n<p><b>* \u041d\u0456\u043a\u043e\u043b\u0438 \u043d\u0435 \u043f\u0456\u0437\u043d\u043e \u0432\u0438\u0432\u0447\u0438\u0442\u0438 \u2013 \u043d\u0430\u0432\u0447\u0438\u0442\u0438\u0441\u044f \u0457\u0437\u0434\u0438\u0442\u0438 \u043d\u0430 \u0432\u0435\u043b\u043e\u0441\u0438\u043f\u0435\u0434\u0456 \u0437 ADFC!<\/b><\/p>\n<p>\u041e\u0434\u043d\u0430\u043a \u0431\u0430\u0433\u0430\u0442\u043e \u0434\u043e\u0440\u043e\u0441\u043b\u0438\u0445 \u043d\u0435 \u043c\u043e\u0436\u0443\u0442\u044c \u0437\u0440\u043e\u0431\u0438\u0442\u0438 \u0446\u0435 \u0430\u0431\u043e \u043d\u0435 \u0440\u043e\u0431\u043b\u044f\u0442\u044c \u0446\u0435 \u0434\u043e\u0441\u0438\u0442\u044c \u0434\u043e\u0431\u0440\u0435. \u0411\u0443\u0434\u044c \u0442\u043e \u0442\u0435, \u0449\u043e \u0432 \u0434\u0438\u0442\u0438\u043d\u0441\u0442\u0432\u0456 \u0443 \u043d\u0438\u0445 \u043d\u0435 \u0431\u0443\u043b\u043e \u0432\u0435\u043b\u043e\u0441\u0438\u043f\u0435\u0434\u0430 \u0430\u0431\u043e \u0432\u043e\u043d\u0438 \u043f\u043e\u0445\u043e\u0434\u044f\u0442\u044c \u0437 \u043a\u0443\u043b\u044c\u0442\u0443\u0440, \u0434\u0435 \u0457\u0437\u0434\u0430 \u043d\u0430 \u0432\u0435\u043b\u043e\u0441\u0438\u043f\u0435\u0434\u0456 \u043d\u0435 \u0454 \u043f\u043e\u0448\u0438\u0440\u0435\u043d\u043e\u044e. \u0410\u043b\u0435 \u043d\u0430\u0432\u0456\u0442\u044c \u0431\u0430\u0433\u0430\u0442\u043e \u0445\u0442\u043e, \u0445\u0442\u043e \u0434\u0456\u0437\u043d\u0430\u0432\u0441\u044f \u0446\u0435 \u0440\u0430\u043d\u0456\u0448\u0435, \u0447\u0430\u0441\u0442\u043e \u043d\u0435 \u0432\u043f\u0435\u0432\u043d\u0435\u043d\u0456, \u0442\u043e\u043c\u0443 \u0449\u043e \u0443 \u043d\u0438\u0445 \u0431\u0443\u043b\u043e \u0434\u0443\u0436\u0435 \u043c\u0430\u043b\u043e \u0434\u043e\u0441\u0432\u0456\u0434\u0443 \u0432\u043e\u0434\u0456\u043d\u043d\u044f \u0430\u0431\u043e \u0432\u043e\u043d\u0438 \u0432\u0456\u0434\u0447\u0443\u0432\u0430\u044e\u0442\u044c \u0441\u0435\u0431\u0435 \u043f\u0435\u0440\u0435\u0432\u0430\u043d\u0442\u0430\u0436\u0435\u043d\u0438\u043c\u0438 \u0432 \u0441\u0438\u0442\u0443\u0430\u0446\u0456\u044f\u0445 \u0437 \u0431\u0430\u0433\u0430\u0442\u044c\u043c\u0430 \u0456\u043d\u0448\u0438\u043c\u0438 \u0443\u0447\u0430\u0441\u043d\u0438\u043a\u0430\u043c\u0438 \u0434\u043e\u0440\u043e\u0436\u043d\u044c\u043e\u0433\u043e \u0440\u0443\u0445\u0443.<\/p>\n<p>\u041c\u0438 \u043f\u0440\u043e\u043f\u043e\u043d\u0443\u0454\u043c\u043e \u0432\u0435\u043b\u043e\u0441\u0438\u043f\u0435\u0434\u043d\u0456 \u043a\u0443\u0440\u0441\u0438 \u043d\u0430 \u043c\u0456\u0441\u0446\u0456 \u0432 \u0440\u0456\u0437\u043d\u0438\u0445 \u0432\u0438\u043f\u0430\u0434\u043a\u0430\u0445, \u044f\u043a\u0456 \u043c\u043e\u0436\u043d\u0430 \u0437\u043d\u0430\u0439\u0442\u0438 \u0432 \u043d\u0430\u0448\u043e\u043c\u0443 <a href=\"https:\/\/www.adfc-wiesbaden.de\/uk\/termine\/\">\u041e\u0433\u043b\u044f\u0434 \u0440\u043e\u0437\u043a\u043b\u0430\u0434\u0443.<\/a><\/p>\n<p>\u041a\u0440\u0456\u043c \u0442\u043e\u0433\u043e, ADFC-Hessen \u043f\u0440\u043e\u043f\u043e\u043d\u0443\u0454 \u0432\u0435\u043b\u043e\u0441\u0438\u043f\u0435\u0434\u043d\u0456 \u043a\u0443\u0440\u0441\u0438 \u0434\u043b\u044f \u0434\u043e\u0440\u043e\u0441\u043b\u0438\u0445. \u0414\u043e\u0434\u0430\u0442\u043a\u043e\u0432\u0443 \u0456\u043d\u0444\u043e\u0440\u043c\u0430\u0446\u0456\u044e \u043f\u0440\u043e \u043a\u043e\u043d\u0446\u0435\u043f\u0446\u0456\u044e \u043a\u0443\u0440\u0441\u0456\u0432, \u0456\u043d\u0448\u0456 \u043f\u0440\u043e\u043f\u043e\u0437\u0438\u0446\u0456\u0457 (\u043d\u0430\u043f\u0440\u0438\u043a\u043b\u0430\u0434, \u043f\u0435\u0434\u0435\u043b\u0435\u043a \u0430\u0431\u043e \u043a\u0443\u0440\u0441\u0438 \u0434\u043e\u0440\u043e\u0436\u043d\u044c\u043e\u0433\u043e \u0440\u0443\u0445\u0443) \u0442\u0430 \u0432\u0456\u0434\u043f\u043e\u0432\u0456\u0434\u043d\u0443 \u043a\u043e\u043d\u0442\u0430\u043a\u0442\u043d\u0443 \u0456\u043d\u0444\u043e\u0440\u043c\u0430\u0446\u0456\u044e \u043c\u043e\u0436\u043d\u0430 \u0437\u043d\u0430\u0439\u0442\u0438 \u043d\u0430 \u0456\u043d\u0442\u0435\u0440\u043d\u0435\u0442-\u0441\u0442\u043e\u0440\u0456\u043d\u043a\u0430\u0445 \u0456\u043d\u0441\u0442\u0440\u0443\u043a\u0442\u043e\u0440\u0456\u0432 \u0437 \u0432\u0435\u043b\u043e\u0441\u043f\u043e\u0440\u0442\u0443. \u0422\u0430\u043c \u0432\u0438 \u0442\u0430\u043a\u043e\u0436 \u0437\u043d\u0430\u0439\u0434\u0435\u0442\u0435 \u0434\u0430\u0442\u0438 \u043a\u0443\u0440\u0441\u0443 \u0442\u0430 \u0432\u0430\u0440\u0456\u0430\u043d\u0442\u0438 \u0440\u0435\u0454\u0441\u0442\u0440\u0430\u0446\u0456\u0457.<\/p>\n<p><a href=\"https:\/\/www.fahrrad-cr.de\/radfahrschule\/kurstemine\/\">\u0414\u0430\u0442\u0438 \u043a\u0443\u0440\u0441\u0456\u0432 FahrRad!<\/a><\/p>\n<p><a href=\"https:\/\/radfahrschule-hessen.de\/\">\u0412\u0435\u043b\u043e\u0441\u0438\u043f\u0435\u0434\u043d\u0430 \u0448\u043a\u043e\u043b\u0430 \u0413\u0435\u0441\u0441\u0435\u043d<\/a><\/p>\n<\/div>\n<p>\u042f\u043a\u0449\u043e \u0443 \u0432\u0430\u0441 \u0432\u0438\u043d\u0438\u043a\u043b\u0438 \u0434\u043e\u0434\u0430\u0442\u043a\u043e\u0432\u0456 \u0437\u0430\u043f\u0438\u0442\u0430\u043d\u043d\u044f \u0430\u0431\u043e \u0432\u0438 \u0437\u0430\u0446\u0456\u043a\u0430\u0432\u043b\u0435\u043d\u0456 \u0432 \u043e\u0440\u0433\u0430\u043d\u0456\u0437\u0430\u0446\u0456\u0457 \u043a\u0443\u0440\u0441\u0443 \u0441\u0430\u043c\u043e\u0441\u0442\u0456\u0439\u043d\u043e, \u0431\u0443\u0434\u044c \u043b\u0430\u0441\u043a\u0430, \u0437\u0432'\u044f\u0436\u0456\u0442\u044c\u0441\u044f \u0437 \u043d\u0430\u043c\u0438 \u0437\u0430 \u0430\u0434\u0440\u0435\u0441\u043e\u044e<a href=\"\/uk\/m&\/#97;&#x69;&#x6c;&#x74;o&#58;&#x69;&#x6e;&#x66;o&#64;&#x61;&#x64;&#x66;c&#45;&#x77;&#x69;&#x65;s&#98;&#x61;&#x64;&#x65;n&#46;&#x64;&#x65;\"> info@adfc-wiesbaden.de<\/a>.<\/p>    <\/div>\n<\/div>\n<!-- \/module text -->        <\/div>\n                        <\/div>\n        <\/div>\n        <\/div>\n<!--\/themify_builder_content-->","protected":false},"excerpt":{"rendered":"<p>* \u041d\u0456\u043a\u043e\u043b\u0438 \u043d\u0435 \u043f\u0456\u0437\u043d\u043e \u0432\u0438\u0432\u0447\u0438\u0442\u0438 \u2013 \u043d\u0430\u0432\u0447\u0438\u0442\u0438\u0441\u044f \u0457\u0437\u0434\u0438\u0442\u0438 \u043d\u0430 \u0432\u0435\u043b\u043e\u0441\u0438\u043f\u0435\u0434\u0456 \u0437 ADFC!<\/p>","protected":false},"author":50,"featured_media":71897,"parent":69773,"menu_order":0,"comment_status":"closed","ping_status":"closed","template":"","meta":{"footnotes":""},"tags":[],"class_list":["post-69545","page","type-page","status-publish","has-post-thumbnail","hentry","has-post-title","has-post-date","has-post-category","has-post-tag","has-post-comment","has-post-author",""],"builder_content":"<img src=\"https:\/\/www.adfc-wiesbaden.de\/wp-content\/uploads\/2025\/04\/PedelecKurs4_3-scaled.jpg\" title=\"PedelecKurs4_3\" alt=\"Eine im Innenhof der Reduit stehende Gruppe Radfahrer mit Pedelecs im Halbkreis bei Sonnenschein.\" srcset=\"https:\/\/www.adfc-wiesbaden.de\/wp-content\/uploads\/2025\/04\/PedelecKurs4_3-scaled.jpg 2560w, https:\/\/www.adfc-wiesbaden.de\/wp-content\/uploads\/2025\/04\/PedelecKurs4_3-700x525.jpg 700w, https:\/\/www.adfc-wiesbaden.de\/wp-content\/uploads\/2025\/04\/PedelecKurs4_3-1400x1050.jpg 1400w, https:\/\/www.adfc-wiesbaden.de\/wp-content\/uploads\/2025\/04\/PedelecKurs4_3-200x150.jpg 200w, https:\/\/www.adfc-wiesbaden.de\/wp-content\/uploads\/2025\/04\/PedelecKurs4_3-768x576.jpg 768w, https:\/\/www.adfc-wiesbaden.de\/wp-content\/uploads\/2025\/04\/PedelecKurs4_3-1536x1152.jpg 1536w\" sizes=\"(max-width: 2560px) 100vw, 2560px\" \/>\n<img src=\"\/wp-content\/uploads\/2025\/02\/Dreieck_Orange.png\" width=\"44\" title=\"Radfahrkurse\" alt=\"Radfahrkurse\">\nPedelec-Kurs in der Reduit in Kooperation mit der VHS AKK&copy; Andrew Maher\n<h1>Radfahrkurse des ADFC<\/h1>\n<p><b>Zum Lernen ist es nie zu sp\u00e4t - Radfahren lernen mit dem ADFC!<\/b><\/p> <p>Viele Erwachsene k\u00f6nnen es aber nicht oder nicht gut genug. Sei es, dass sie als Kind kein Fahrrad zur Verf\u00fcgung hatten oder aus Kulturkreisen kommen, in denen das Radfahren nicht \u00fcblich ist. Aber auch viele, die es fr\u00fcher gelernt haben, sind h\u00e4ufig unsicher, weil sie nur sehr wenig Fahrpraxis hatten oder sich in Situationen mit vielen anderen Verkehrsteilnehmern \u00fcberfordert f\u00fchlen.<\/p> <p>Wir bieten vor Ort zu verschiedenen Gelegenheiten Radfahrkurse an, diese finden sich in unserer <a href=\"https:\/\/www.adfc-wiesbaden.de\/termine\/\">Termin\u00fcbersicht.<\/a><\/p> <p>Zus\u00e4tzlich bietet der ADFC-Hessen Radfahrkurse f\u00fcr Erwachsene an. Weitergehende Informationen \u00fcber das Konzept der Kurse, weitere Angebote (wie z.B. Pedelec- oder Verkehrskurse) und die entsprechenden Kontaktinformationen finden Sie \u00fcber die Internet-Seiten der Radfahrlehrkr\u00e4fte. Dort finden Sie auch die Kurstermine und die Anmeldem\u00f6glichkeiten.<\/p> <p><a href=\"https:\/\/www.fahrrad-cr.de\/radfahrschule\/kurstemine\/\">Kurstermine von FahrRad!<\/a><\/p> <p><a href=\"https:\/\/radfahrschule-hessen.de\/\">Radfahrschule Hessen<\/a><\/p>\n<p>Wenn Sie weitere Fragen oder Interesse haben, selbst einen Kurs zu organisieren, melden Sie sich gerne unter<a href=\"mailto:info@adfc-wiesbaden.de\"> info@adfc-wiesbaden.de<\/a>.<\/p>","_links":{"self":[{"href":"https:\/\/www.adfc-wiesbaden.de\/uk\/wp-json\/wp\/v2\/pages\/69545","targetHints":{"allow":["GET"]}}],"collection":[{"href":"https:\/\/www.adfc-wiesbaden.de\/uk\/wp-json\/wp\/v2\/pages"}],"about":[{"href":"https:\/\/www.adfc-wiesbaden.de\/uk\/wp-json\/wp\/v2\/types\/page"}],"author":[{"embeddable":true,"href":"https:\/\/www.adfc-wiesbaden.de\/uk\/wp-json\/wp\/v2\/users\/50"}],"replies":[{"embeddable":true,"href":"https:\/\/www.adfc-wiesbaden.de\/uk\/wp-json\/wp\/v2\/comments?post=69545"}],"version-history":[{"count":30,"href":"https:\/\/www.adfc-wiesbaden.de\/uk\/wp-json\/wp\/v2\/pages\/69545\/revisions"}],"predecessor-version":[{"id":71927,"href":"https:\/\/www.adfc-wiesbaden.de\/uk\/wp-json\/wp\/v2\/pages\/69545\/revisions\/71927"}],"up":[{"embeddable":true,"href":"https:\/\/www.adfc-wiesbaden.de\/uk\/wp-json\/wp\/v2\/pages\/69773"}],"wp:featuredmedia":[{"embeddable":true,"href":"https:\/\/www.adfc-wiesbaden.de\/uk\/wp-json\/wp\/v2\/media\/71897"}],"wp:attachment":[{"href":"https:\/\/www.adfc-wiesbaden.de\/uk\/wp-json\/wp\/v2\/media?parent=69545"}],"wp:term":[{"taxonomy":"post_tag","embeddable":true,"href":"https:\/\/www.adfc-wiesbaden.de\/uk\/wp-json\/wp\/v2\/tags?post=69545"}],"curies":[{"name":"wp","href":"https:\/\/api.w.org\/{rel}","templated":true}]}}