{"id":69552,"date":"2025-02-15T12:26:32","date_gmt":"2025-02-15T11:26:32","guid":{"rendered":"https:\/\/www2.adfc-wiesbaden.de\/?page_id=69552"},"modified":"2026-04-15T21:33:20","modified_gmt":"2026-04-15T19:33:20","slug":"verleih","status":"publish","type":"page","link":"https:\/\/www.adfc-wiesbaden.de\/uk\/service\/verleih\/","title":{"rendered":"\u043d\u0430\u0439\u043d\u044f\u0442\u0438"},"content":{"rendered":"<!--themify_builder_content-->\n<div id=\"themify_builder_content-69552\" data-postid=\"69552\" class=\"themify_builder_content themify_builder_content-69552 themify_builder tf_clear\">\n                    <div  data-lazy=\"1\" class=\"module_row themify_builder_row tb_fuip376 tb_first tf_w\">\n                        <div class=\"row_inner col_align_top tb_col_count_1 tf_box tf_rel\">\n                        <div  data-lazy=\"1\" class=\"module_column tb-column col-full tb_rup4376 first\">\n                    <!-- module image -->\n<div  class=\"module module-image tb_oeuh376 image-top   tf_mw\" data-lazy=\"1\">\n        <div class=\"image-wrap tf_rel tf_mw\">\n            <img decoding=\"async\" src=\"\/wp-content\/uploads\/2025\/02\/Tandem_Goebenstrasse-scaled.jpg\" alt=\"\u041d\u0430\u0448 \u0442\u0430\u043d\u0434\u0435\u043c \u043f\u0435\u0440\u0435\u0434 \u043e\u0444\u0456\u0441\u043e\u043c\">    \n        <\/div>\n    <!-- \/image-wrap -->\n    \n        <\/div>\n<!-- \/module image -->        <div  data-lazy=\"1\" class=\"module_subrow themify_builder_sub_row tf_w col_align_top tb_col_count_3 tb_rzxv376\">\n                <div  data-lazy=\"1\" class=\"module_column sub_column col3-1 tb_9fe9376 first\">\n                    <!-- module image -->\n<div  class=\"module module-image tb_mwa1191 image-center   tf_mw\" data-lazy=\"1\">\n        <div class=\"image-wrap tf_rel tf_mw\">\n            <img decoding=\"async\" src=\"\/wp-content\/uploads\/2025\/02\/Dreieck_Orange.png\" width=\"44\" title=\"\u043d\u0430\u0439\u043d\u044f\u0442\u0438\" alt=\"\u043d\u0430\u0439\u043d\u044f\u0442\u0438\">    \n        <\/div>\n    <!-- \/image-wrap -->\n    \n        <\/div>\n<!-- \/module image -->        <\/div>\n                    <div  data-lazy=\"1\" class=\"module_column sub_column col3-1 tb_royb376\">\n                            <\/div>\n                    <div  data-lazy=\"1\" class=\"module_column sub_column col3-1 tb_j6ht376 last\">\n                            <\/div>\n                    <\/div>\n        <!-- module plain text -->\n<div  class=\"module module-plain-text tb_889e376 bild_header_h1 adfc_orange tb_gs4151609\" data-lazy=\"1\">\n        <div class=\"tb_text_wrap\">\n    <span style=\"font-size:28px; line-height:34px;\" >\u041d\u0430\u0448 \u0442\u0430\u043d\u0434\u0435\u043c \u043f\u0435\u0440\u0435\u0434 \u043e\u0444\u0456\u0441\u043e\u043c<\/span>\n<span style=\"float:right;font-size:14px; line-height:34px;margin-right:5px;\">\u041c\u0456\u0448\u0435\u043b\u044c \u0424\u043b\u0435\u043a\u0435\u043d\u0448\u0442\u0430\u0439\u043d (Michelle Fleckenstein)<\/span>    <\/div>\n<\/div>\n<!-- \/module plain text -->        <\/div>\n                        <\/div>\n        <\/div>\n                        <div  data-lazy=\"1\" class=\"module_row themify_builder_row tb_kp6l556 tf_w\">\n                        <div class=\"row_inner col_align_top tb_col_count_1 tf_box tf_rel\">\n                        <div  data-lazy=\"1\" class=\"module_column tb-column col-full tb_757k556 first\">\n                    <!-- module text -->\n<div  class=\"module module-text tb_dzgl486    tb_gs678604\" data-lazy=\"1\">\n        <div  class=\"tb_text_wrap\">\n        <h1>\u0422\u0430\u043d\u0434\u0435\u043c \u043f\u0440\u043e\u043a\u0430\u0442 \u0430\u0432\u0442\u043e\u043c\u043e\u0431\u0456\u043b\u0456\u0432<\/h1>\n<p><b>\u0425\u043e\u0442\u0456\u043b\u0438 \u0431 \u0432\u0438 \u043f\u0435\u0434\u0430\u043b\u0456 \u0432 \u0441\u0438\u043d\u0445\u0440\u043e\u043d\u0456\u0437\u0430\u0446\u0456\u0457 \u0434\u043b\u044f \u0434\u0432\u043e\u0445? \u041d\u0435\u043c\u0430\u0454 \u043f\u0440\u043e\u0431\u043b\u0435\u043c \u0437 \u0442\u0430\u043d\u0434\u0435\u043c\u043e\u043c ADFC Wiesbaden\/Rheingau-Taunus!<\/b><\/p>\n<p>\u0412\u0438 \u043c\u043e\u0436\u0435\u0442\u0435 \u0432\u0438\u043f\u0440\u043e\u0431\u0443\u0432\u0430\u0442\u0438 \u043d\u0430\u0434\u0437\u0432\u0438\u0447\u0430\u0439\u043d\u0438\u0439 \u0434\u043e\u0441\u0432\u0456\u0434 \u043a\u0430\u0442\u0430\u043d\u043d\u044f \u0442\u0430\u043d\u0434\u0435\u043c \u0437 ADFC \u0442\u0430\u043d\u0434\u0435\u043c. \u0417\u0443\u0441\u0442\u0440\u0456\u0447 \u0443 \u0446\u0435\u043d\u0442\u0440\u0456 \u0412\u0456\u0441\u0431\u0430\u0434\u0435\u043d\u0430.<\/p>\n<p><strong>\u0412\u0430\u0440\u0442\u0456\u0441\u0442\u044c:<\/strong><\/p>\n<ul>\n<li><b>\u0434\u043b\u044f \u0447\u043b\u0435\u043d\u0456\u0432 ADFC<\/b><br \/>20 \u0454\u0432\u0440\u043e \u043d\u0430 \u0434\u0435\u043d\u044c \u041f\u043d-\u041f\u0442 \/ 40 \u0454\u0432\u0440\u043e \u043d\u0430 \u0432\u0438\u0445\u0456\u0434\u043d\u0456*<\/li>\n<li><b>\u0434\u043b\u044f \u043d\u0435 \u0447\u043b\u0435\u043d\u0456\u0432<\/b><br \/>40 \u0454\u0432\u0440\u043e \u043d\u0430 \u0434\u0435\u043d\u044c \u041f\u043d-\u041f\u0442 \/ 70 \u0454\u0432\u0440\u043e \u043d\u0430 \u0432\u0438\u0445\u0456\u0434\u043d\u0456*<br \/><br \/>* \u0432\u0438\u0445\u0456\u0434\u043d\u0456 \u0434\u043d\u0456: \u041f'\u044f\u0442\u043d\u0438\u0446\u044f \u043f\u0456\u0441\u043b\u044f \u043e\u0431\u0456\u0434\u0443 \u0434\u043e \u0440\u0430\u043d\u043a\u0443 \u043f\u043e\u043d\u0435\u0434\u0456\u043b\u043a\u0430<\/li>\n<\/ul>\n<p>\u041d\u0435\u043e\u0431\u0445\u0456\u0434\u043d\u043e \u0432\u043d\u0435\u0441\u0442\u0438 \u0434\u0435\u043f\u043e\u0437\u0438\u0442 \u0443 \u0440\u043e\u0437\u043c\u0456\u0440\u0456 200 \u0454\u0432\u0440\u043e.<br \/>\u041c\u0438 \u0440\u0435\u043a\u043e\u043c\u0435\u043d\u0434\u0443\u0454\u043c\u043e \u0441\u0432\u043e\u0454\u0447\u0430\u0441\u043d\u0443 \u043f\u043e\u043f\u0435\u0440\u0435\u0434\u043d\u044e \u0440\u0435\u0454\u0441\u0442\u0440\u0430\u0446\u0456\u044e.<\/p>\n<p>\u0417\u0432'\u044f\u0437\u0430\u0442\u0438\u0441\u044f \u0437 \u043d\u0430\u043c\u0438: <a href=\"\/uk\/&\/#109;&#x61;i&#108;&#x74;o&#58;&#x69;n&#102;&#x6f;&#64;&#97;&#x64;f&#99;&#x2d;w&#105;&#x65;s&#98;&#x61;d&#101;&#x6e;&#46;&#100;&#x65;\">info@adfc-wiesbaden.de<\/a><\/p>    <\/div>\n<\/div>\n<!-- \/module text -->        <\/div>\n                        <\/div>\n        <\/div>\n                        <div  data-lazy=\"1\" class=\"module_row themify_builder_row tb_3e2x50 tf_w\">\n                        <div class=\"row_inner col_align_top tb_col_count_2 tf_box tf_rel\">\n                        <div  data-lazy=\"1\" class=\"module_column tb-column col4-2 tb_gecn50 first\">\n                    <!-- module text -->\n<div  class=\"module module-text tb_83sk100    tb_gs678604\" data-lazy=\"1\">\n        <div  class=\"tb_text_wrap\">\n        <h1 class=\"\">\u041f\u0440\u043e\u043a\u0430\u0442 \u043f\u0430\u043a\u0443\u0432\u0430\u043b\u044c\u043d\u043e\u0457 \u0441\u0443\u043c\u043a\u0438<\/h1>\n<p><b>\u0412\u0438 \u0457\u0434\u0435\u0442\u0435 \u043d\u0430 \u0432\u0435\u043b\u043e\u0441\u0438\u043f\u0435\u0434\u043d\u0438\u0439 \u0442\u0443\u0440 \u0456 \u043f\u043e\u0442\u0440\u0456\u0431\u043d\u0456 \u0441\u0443\u043c\u043a\u0438? \u0412\u0430\u043c \u043d\u0435 \u043f\u043e\u0442\u0440\u0456\u0431\u043d\u043e \u043a\u0443\u043f\u0443\u0432\u0430\u0442\u0438 \u0457\u0445 \u0432\u0456\u0434\u0440\u0430\u0437\u0443. \u041c\u0438 \u043f\u043e\u0437\u0438\u0447\u0430\u0454\u043c\u043e \u0441\u0443\u043c\u043a\u0438 ADFC, \u0456\u043d\u0434\u0438\u0432\u0456\u0434\u0443\u0430\u043b\u044c\u043d\u043e \u0430\u0431\u043e \u0432 \u043f\u0430\u0440\u0456!<\/b><\/p>\n<p>* Kreisverband Wiesbaden\/Rheingau-Taunus \u043d\u0430\u0434\u0430\u0454 \u043d\u0430\u0434\u0456\u0439\u043d\u0456 \u0442\u0430 \u0430\u0442\u043c\u043e\u0441\u0444\u0435\u0440\u043e\u0441\u0442\u0456\u0439\u043a\u0456 \u0441\u0443\u043c\u043a\u0438 \u2013 \u043c\u043e\u0434\u0435\u043b\u0456 BackRoller classic \u0432\u0456\u0434 \u043a\u043e\u043c\u043f\u0430\u043d\u0456\u0457 ORTLIEB.<br \/><br \/>\u0421\u0443\u043c\u043a\u0438 \u0432 \u043a\u043e\u043b\u044c\u043e\u0440\u0430\u0445 ADFC \u0441\u0438\u043d\u0456\u0439\/\u043e\u0440\u0430\u043d\u0436\u0435\u0432\u0438\u0439, \u0432\u043e\u043d\u0438 \u0432\u043e\u0434\u043e\u043d\u0435\u043f\u0440\u043e\u043d\u0438\u043a\u043d\u0456 \u0456 \u043f\u043e\u043c\u0456\u0449\u0430\u044e\u0442\u044c\u0441\u044f \u043d\u0430 \u0431\u0443\u0434\u044c-\u044f\u043a\u043e\u043c\u0443 \u0431\u0430\u0433\u0430\u0436\u043d\u0438\u043a\u0443. \u0411\u0456\u043b\u044c\u0448\u0435 \u0456\u043d\u0444\u043e\u0440\u043c\u0430\u0446\u0456\u0457 \u043f\u0440\u043e \u043f\u0440\u043e\u0434\u0443\u043a\u0442: <a href=\"https:\/\/www.ortlieb.com\/de\/back-roller-classic\" target=\"_blank\" rel=\"noopener\">https:\/\/www.ortlieb.com\/de\/back-roller-classic<\/a><br \/><br \/>\u0412\u0438 \u043c\u043e\u0436\u0435\u0442\u0435 \u043f\u043e\u0437\u0438\u0447\u0438\u0442\u0438 \u0441\u0443\u043c\u043a\u0438 \u043e\u043a\u0440\u0435\u043c\u043e \u0430\u0431\u043e \u0432 \u043f\u0430\u0440\u0456.<\/p>\n<p><strong>\u0412\u0430\u0440\u0442\u0456\u0441\u0442\u044c:<\/strong><\/p>\n<ul>\n<li><b>\u0434\u043b\u044f \u0447\u043b\u0435\u043d\u0456\u0432 ADFC<\/b><br \/>2 \u0454\u0432\u0440\u043e \u043d\u0430 \u0434\u0435\u043d\u044c \/ 5 \u0454\u0432\u0440\u043e \u043d\u0430 \u0442\u0438\u0436\u0434\u0435\u043d\u044c \u0437\u0430 \u043c\u0456\u0448\u043e\u043a<\/li>\n<li><b>\u0434\u043b\u044f \u043d\u0435 \u0447\u043b\u0435\u043d\u0456\u0432<\/b><br \/>4 \u0454\u0432\u0440\u043e \u043d\u0430 \u0434\u0435\u043d\u044c \/ 8 \u0454\u0432\u0440\u043e \u043d\u0430 \u0442\u0438\u0436\u0434\u0435\u043d\u044c \u0437\u0430 \u0441\u0443\u043c\u043a\u0443<\/li>\n<\/ul>\n<p>\u041d\u0435\u043e\u0431\u0445\u0456\u0434\u043d\u043e \u0432\u043d\u0435\u0441\u0442\u0438 \u0434\u0435\u043f\u043e\u0437\u0438\u0442 \u0443 \u0440\u043e\u0437\u043c\u0456\u0440\u0456 100 \u0454\u0432\u0440\u043e.<br \/>\u041c\u0438 \u0440\u0435\u043a\u043e\u043c\u0435\u043d\u0434\u0443\u0454\u043c\u043e \u0441\u0432\u043e\u0454\u0447\u0430\u0441\u043d\u0443 \u043f\u043e\u043f\u0435\u0440\u0435\u0434\u043d\u044e \u0440\u0435\u0454\u0441\u0442\u0440\u0430\u0446\u0456\u044e.<br \/><br \/>\u0417\u0432'\u044f\u0437\u0430\u0442\u0438\u0441\u044f \u0437 \u043d\u0430\u043c\u0438: <a href=\"\/uk\/&\/#x6d;&#x61;&#x69;&#x6c;&#x74;&#x6f;&#x3a;&#x69;&#110;&#102;&#111;&#64;&#97;&#100;&#102;c-wi&#x65;&#x73;&#x62;&#x61;&#x64;&#x65;&#x6e;&#x2e;&#x64;&#101;\">info@adfc-wiesbaden.de<\/a><\/p>    <\/div>\n<\/div>\n<!-- \/module text -->        <\/div>\n                    <div  data-lazy=\"1\" class=\"module_column tb-column col4-2 tb_jgdb583 last\">\n                    <!-- module image -->\n<div  class=\"module module-image tb_ux8l583 image-top   tf_mw tb_gs2677162d\" data-lazy=\"1\">\n        <div class=\"image-wrap tf_rel tf_mw\">\n            <img decoding=\"async\" src=\"\/wp-content\/uploads\/2025\/02\/FahrradMitPacktasche.jpg\" title=\"\u0412\u0435\u043b\u043e\u0441\u0438\u043f\u0435\u0434 \u0437 \u0441\u0443\u043c\u043a\u0430\u043c\u0438 \u00a9 Ulla Bai\" alt=\"\u0412\u0435\u043b\u043e\u0441\u0438\u043f\u0435\u0434 \u0437 \u0441\u0443\u043c\u043a\u0430\u043c\u0438 \u00a9 Ulla Bai\">    \n        <\/div>\n    <!-- \/image-wrap -->\n    \n        <div class=\"image-content\">\n                    <h3 class=\"image-title\">\n                                    \u0412\u0435\u043b\u043e\u0441\u0438\u043f\u0435\u0434 \u0437 \u0441\u0443\u043c\u043a\u0430\u043c\u0438 \u00a9 Ulla Bai                            <\/h3>\n                    <\/div>\n    <!-- \/image-content -->\n        <\/div>\n<!-- \/module image -->        <\/div>\n                        <\/div>\n        <\/div>\n        <\/div>\n<!--\/themify_builder_content-->","protected":false},"excerpt":{"rendered":"<p>\u0406\u043d\u0444\u043e\u0440\u043c\u0430\u0446\u0456\u044f \u043f\u0440\u043e \u043f\u0440\u043e\u043a\u0430\u0442 \u0441\u0443\u043c\u043e\u043a \u0456 \u0442\u0430\u043d\u0434\u0435\u043c\u0456\u0432 \u0432\u0456\u0434 ADFC Wiesbaden <\/p>","protected":false},"author":50,"featured_media":69554,"parent":69773,"menu_order":0,"comment_status":"closed","ping_status":"closed","template":"","meta":{"footnotes":""},"tags":[],"class_list":["post-69552","page","type-page","status-publish","has-post-thumbnail","hentry","has-post-title","has-post-date","has-post-category","has-post-tag","has-post-comment","has-post-author",""],"builder_content":"<img src=\"\/wp-content\/uploads\/2025\/02\/Tandem_Goebenstrasse-scaled.jpg\" alt=\"Unser Tandem vor der Gesch\u00e4ftsstelle\">\n<img src=\"\/wp-content\/uploads\/2025\/02\/Dreieck_Orange.png\" width=\"44\" title=\"Verleih\" alt=\"Verleih\">\nUnser Tandem vor der Gesch\u00e4ftsstelle \u00a9 Michele Fleckenstein\n<h1>Tandem-Verleih<\/h1> <p><b>Lust, mal zu zweit synchron in die Pedale zu treten? Mit dem Tandem des ADFC Wiesbaden\/Rheingau-Taunus kein Problem!<\/b><\/p> <p>Das au\u00dfergew\u00f6hnliche Erlebnis, mal Tandem zu fahren, k\u00f6nnen Sie mit dem ADFC-Tandem ausprobieren. Abholung in der Innenstadt von Wiesbaden.<\/p> <p><strong>Kosten:<\/strong><\/p> <ul> <li><b>f\u00fcr ADFC-Mitglieder<\/b><br \/>20 Euro pro Tag Mo\u2013Fr\u00a0 \u00a0\/\u00a0 40 Euro f\u00fcr das Wochenende*<\/li> <li><b>f\u00fcr Nicht-Mitglieder<\/b><br \/>40 Euro pro Tag Mo\u2013Fr\u00a0 \u00a0\/\u00a0 70 Euro f\u00fcr das Wochenende*<br \/><br \/>*Wochenende: Freitag Nachmittag bis Montag Vormittag<\/li> <\/ul> <p>Hinterlegt werden muss eine Kaution von 200 Euro.<br \/>Wir empfehlen rechtzeitige Voranmeldung.<\/p> <p>Kontakt: <a href=\"mailto:info@adfc-wiesbaden.de\">info\u200d@adfc-wiesbaden.de<\/a><\/p>\n<h1>Packtaschen-Verleih<\/h1> <p><b>Sie gehen auf eine Radtour und ben\u00f6tigen Packtaschen? Die m\u00fcssen Sie sich nicht gleich kaufen. Wir verleihen ADFC-Packtaschen, einzeln oder als Paar!<\/b><\/p> <p>Der Kreisverband Wiesbaden\/Rheingau-Taunus verleiht robuste und wetterfeste Packtaschen - Modell BackRoller classic von der Firma ORTLIEB.<br \/><br \/>Die Packtaschen sind in den ADFC-Farben blau\/orange, sie sind wasserdicht und passen auf jeden Gep\u00e4cktr\u00e4ger. Mehr Produktinfos: <a href=\"https:\/\/www.ortlieb.com\/de\/back-roller-classic\" target=\"_blank\" rel=\"noopener\">https:\/\/www.ortlieb.com\/de\/back-roller-classic<\/a><br \/><br \/>Sie k\u00f6nnen die Packtaschen einzeln oder als Paar leihen.<\/p> <p><strong>Kosten:<\/strong><\/p> <ul> <li><b>f\u00fcr ADFC-Mitglieder<\/b><br \/>2 Euro pro Tag\u00a0 \/\u00a0 5 Euro pro Woche je Tasche<\/li> <li><b>f\u00fcr Nicht-Mitglieder<\/b><br \/>4 Euro pro Tag\u00a0 \/\u00a0 8 Euro pro Woche je Tasche<\/li> <\/ul> <p>Hinterlegt werden muss eine Kaution von 100 Euro.<br \/>Wir empfehlen rechtzeitige Voranmeldung.<br \/><br \/>Kontakt: <a href=\"mailto:info@adfc-wiesbaden.de\">info\u200d@adfc-wiesbaden.de<\/a><\/p>\n<img src=\"\/wp-content\/uploads\/2025\/02\/FahrradMitPacktasche.jpg\" title=\"Fahrrad mit Packtaschen &copy; Ulla Bai\" alt=\"Fahrrad mit Packtaschen &copy; Ulla Bai\"> <h3> Fahrrad mit Packtaschen &copy; Ulla Bai <\/h3>","_links":{"self":[{"href":"https:\/\/www.adfc-wiesbaden.de\/uk\/wp-json\/wp\/v2\/pages\/69552","targetHints":{"allow":["GET"]}}],"collection":[{"href":"https:\/\/www.adfc-wiesbaden.de\/uk\/wp-json\/wp\/v2\/pages"}],"about":[{"href":"https:\/\/www.adfc-wiesbaden.de\/uk\/wp-json\/wp\/v2\/types\/page"}],"author":[{"embeddable":true,"href":"https:\/\/www.adfc-wiesbaden.de\/uk\/wp-json\/wp\/v2\/users\/50"}],"replies":[{"embeddable":true,"href":"https:\/\/www.adfc-wiesbaden.de\/uk\/wp-json\/wp\/v2\/comments?post=69552"}],"version-history":[{"count":39,"href":"https:\/\/www.adfc-wiesbaden.de\/uk\/wp-json\/wp\/v2\/pages\/69552\/revisions"}],"predecessor-version":[{"id":75868,"href":"https:\/\/www.adfc-wiesbaden.de\/uk\/wp-json\/wp\/v2\/pages\/69552\/revisions\/75868"}],"up":[{"embeddable":true,"href":"https:\/\/www.adfc-wiesbaden.de\/uk\/wp-json\/wp\/v2\/pages\/69773"}],"wp:featuredmedia":[{"embeddable":true,"href":"https:\/\/www.adfc-wiesbaden.de\/uk\/wp-json\/wp\/v2\/media\/69554"}],"wp:attachment":[{"href":"https:\/\/www.adfc-wiesbaden.de\/uk\/wp-json\/wp\/v2\/media?parent=69552"}],"wp:term":[{"taxonomy":"post_tag","embeddable":true,"href":"https:\/\/www.adfc-wiesbaden.de\/uk\/wp-json\/wp\/v2\/tags?post=69552"}],"curies":[{"name":"wp","href":"https:\/\/api.w.org\/{rel}","templated":true}]}}