{"id":69915,"date":"2025-02-17T19:18:43","date_gmt":"2025-02-17T18:18:43","guid":{"rendered":"https:\/\/www2.adfc-wiesbaden.de\/?page_id=69915"},"modified":"2026-02-02T10:34:30","modified_gmt":"2026-02-02T09:34:30","slug":"ueber-uns","status":"publish","type":"page","link":"https:\/\/www.adfc-wiesbaden.de\/uk\/ueber-uns\/","title":{"rendered":"\u041f\u0440\u043e \u043d\u0430\u0441"},"content":{"rendered":"<!--themify_builder_content-->\n<div id=\"themify_builder_content-69915\" data-postid=\"69915\" class=\"themify_builder_content themify_builder_content-69915 themify_builder tf_clear\">\n                    <div  data-lazy=\"1\" class=\"module_row themify_builder_row tb_r5mf387 tb_first tf_w\">\n                        <div class=\"row_inner col_align_top tb_col_count_1 tf_box tf_rel\">\n                        <div  data-lazy=\"1\" class=\"module_column tb-column col-full tb_dqo1387 first\">\n                    <!-- module image -->\n<div  class=\"module module-image tb_5ly9178 image-top   tf_mw tb_gs2677162d\" data-lazy=\"1\">\n        <div class=\"image-wrap tf_rel tf_mw\">\n            <img decoding=\"async\" src=\"https:\/\/www.adfc-wiesbaden.de\/wp-content\/uploads\/2025\/02\/Logo_banner.png.jpeg\" title=\"\u00a9 \u0424\u0435\u043b\u0456\u043a\u0441 \u041c\u043e\u0448\u0435\" alt=\"\u00a9 \u0424\u0435\u043b\u0456\u043a\u0441 \u041c\u043e\u0448\u0435\">    \n        <\/div>\n    <!-- \/image-wrap -->\n    \n        <div class=\"image-content\">\n                    <h3 class=\"image-title\">\n                                    \u00a9 \u0424\u0435\u043b\u0456\u043a\u0441 \u041c\u043e\u0448\u0435                            <\/h3>\n                    <\/div>\n    <!-- \/image-content -->\n        <\/div>\n<!-- \/module image --><!-- module text -->\n<div  class=\"module module-text tb_l55g973    tb_gs678604\" data-lazy=\"1\">\n        <div  class=\"tb_text_wrap\">\n        <h1>&amp; lt;p &amp; gt; \u0425\u0442\u043e \u043c\u0438 \u0456 \u0449\u043e \u043c\u0438 \u0445\u043e\u0447\u0435\u043c\u043e \u2026<\/h1>\n<p>\u041d\u0430\u0448\u0456 \u0430\u043a\u0442\u0438\u0432\u043d\u0456 \u0443\u0447\u0430\u0441\u043d\u0438\u043a\u0438 \u0432\u0456\u0434\u0434\u0430\u043d\u0456 \u0456\u043d\u0442\u0435\u0440\u0435\u0441\u0430\u043c \u0434\u043e\u0437\u0432\u0456\u043b\u043b\u044f \u0442\u0430 \u043f\u043e\u0432\u0441\u044f\u043a\u0434\u0435\u043d\u043d\u0438\u0445 \u0432\u0435\u043b\u043e\u0441\u0438\u043f\u0435\u0434\u0438\u0441\u0442\u0456\u0432. \u041e\u0441\u043e\u0431\u043b\u0438\u0432\u043e \u0432 \u0446\u0456\u0439 \u0441\u0444\u0435\u0440\u0456 \u0449\u0435 \u0431\u0430\u0433\u0430\u0442\u043e \u0447\u043e\u0433\u043e \u043d\u0430\u043b\u0435\u0436\u0438\u0442\u044c \u0434\u043e\u0441\u044f\u0433\u0442\u0438, \u043d\u0430\u043f\u0440\u0438\u043a\u043b\u0430\u0434, \u0449\u043e\u0434\u043e \u043f\u043e\u0432\u043d\u043e\u0433\u043e \u0440\u043e\u0437\u0448\u0438\u0440\u0435\u043d\u043d\u044f \u0434\u043e\u0440\u043e\u0436\u043d\u0456\u0445 \u043c\u0435\u0440\u0435\u0436 \u0443 \u043c\u0443\u043d\u0456\u0446\u0438\u043f\u0430\u043b\u0456\u0442\u0435\u0442\u0430\u0445 \u0430\u0431\u043e \u0434\u043e\u0431\u0440\u0435 \u0432\u043f\u0456\u0437\u043d\u0430\u0432\u0430\u043d\u0438\u0445 \u043d\u0430\u043f\u0440\u044f\u043c\u043a\u0456\u0432 \u0432\u0435\u043b\u043e\u0441\u0438\u043f\u0435\u0434\u043d\u0438\u0445 \u0434\u043e\u0440\u0456\u0436\u043e\u043a.\u00a0<strong>\u041c\u0438 \u0432\u0438\u043c\u0430\u0433\u0430\u0454\u043c\u043e \u0431\u0435\u0437\u043f\u0435\u0447\u043d\u043e\u0457 \u0442\u0430 \u043a\u043e\u043c\u0444\u043e\u0440\u0442\u043d\u043e\u0457 \u0432\u0435\u043b\u043e\u0441\u0438\u043f\u0435\u0434\u043d\u043e\u0457 \u0456\u043d\u0444\u0440\u0430\u0441\u0442\u0440\u0443\u043a\u0442\u0443\u0440\u0438 \u0434\u043b\u044f \u0432\u0435\u043b\u043e\u0441\u0438\u043f\u0435\u0434\u0438\u0441\u0442\u0456\u0432 \u0431\u0443\u0434\u044c-\u044f\u043a\u043e\u0433\u043e \u0432\u0456\u043a\u0443.<\/strong><\/p>    <\/div>\n<\/div>\n<!-- \/module text -->        <div  data-lazy=\"1\" class=\"module_subrow themify_builder_sub_row tf_w col_align_top tb_col_count_2 tb_ueiz460\">\n                <div  data-lazy=\"1\" class=\"module_column sub_column col4-2 tb_9c4z460 first\">\n                    <!-- module text -->\n<div  class=\"module module-text tb_8tzn229    tb_gs678604\" data-lazy=\"1\">\n        <div  class=\"tb_text_wrap\">\n        <p>\u0414\u043b\u044f \u0442\u043e\u0433\u043e, \u0449\u043e\u0431 \u0432\u0438 \u0434\u043e\u0431\u0440\u0435 \u0434\u0456\u0441\u0442\u0430\u043b\u0438\u0441\u044f \u0434\u043e \u043c\u0456\u0441\u0446\u044f \u043f\u0440\u0438\u0437\u043d\u0430\u0447\u0435\u043d\u043d\u044f \u043d\u0430 \u0449\u043e\u0434\u0435\u043d\u043d\u0438\u0445 \u043c\u0430\u0440\u0448\u0440\u0443\u0442\u0430\u0445 \u0442\u0430 \u0443 \u0432\u0456\u0434\u043f\u0443\u0441\u0442\u0446\u0456, \u043c\u0438 \u043b\u043e\u0431\u0456\u044e\u0454\u043c\u043e \u0432\u0435\u043b\u043e\u0441\u0438\u043f\u0435\u0434, \u043d\u0430 \u043c\u0456\u0441\u0446\u0456 \u0442\u0430 \u043f\u043e \u0432\u0441\u0456\u0439 \u043a\u0440\u0430\u0457\u043d\u0456. \u0420\u043e\u0431\u043e\u0442\u0430 ADFC \u0432\u0430\u0440\u0456\u044e\u0454\u0442\u044c\u0441\u044f \u0432\u0456\u0434 \u043b\u043e\u0431\u0456\u044e\u0432\u0430\u043d\u043d\u044f \u0432 \u0440\u0430\u0442\u0443\u0448\u0456 \u0434\u043e \u0432\u0435\u043b\u043e\u0441\u0438\u043f\u0435\u0434\u043d\u043e\u0433\u043e \u0442\u0443\u0440\u0443 \u0432\u0438\u0445\u0456\u0434\u043d\u043e\u0433\u043e \u0434\u043d\u044f \u0434\u043e \u0434\u0438\u0441\u043a\u0443\u0441\u0456\u0439 \u0432 \u0435\u043a\u0441\u043f\u0435\u0440\u0442\u043d\u0438\u0445 \u043a\u043e\u043c\u0456\u0442\u0435\u0442\u0430\u0445: \u0437\u0430\u0432\u0436\u0434\u0438 \u0432 \u0456\u043d\u0442\u0435\u0440\u0435\u0441\u0430\u0445 \u0432\u0435\u043b\u043e\u0441\u0438\u043f\u0435\u0434\u0438\u0441\u0442\u0456\u0432.<\/p>\n<p>\u041d\u0430 \u043c\u0456\u0441\u0446\u0456 \u043c\u0438 \u0442\u0456\u0441\u043d\u043e \u0441\u043f\u0456\u0432\u043f\u0440\u0430\u0446\u044e\u0454\u043c\u043e \u0437 \u043c\u0456\u0441\u0446\u0435\u0432\u043e\u044e \u043f\u043e\u043b\u0456\u0442\u0438\u043a\u043e\u044e, \u0430 \u0442\u0430\u043a\u043e\u0436 \u0437 \u0456\u043d\u0448\u0438\u043c\u0438 \u043e\u0440\u0433\u0430\u043d\u0456\u0437\u0430\u0446\u0456\u044f\u043c\u0438 \u0437 \u043e\u0445\u043e\u0440\u043e\u043d\u0438 \u043d\u0430\u0432\u043a\u043e\u043b\u0438\u0448\u043d\u044c\u043e\u0433\u043e \u0441\u0435\u0440\u0435\u0434\u043e\u0432\u0438\u0449\u0430 \u0442\u0430 \u0442\u0440\u0430\u043d\u0441\u043f\u043e\u0440\u0442\u043d\u043e\u0433\u043e \u0441\u0435\u043a\u0442\u043e\u0440\u0430.<\/p>\n<h3>\u0420\u043e\u0437\u0432\u0430\u0436\u0430\u0454\u043c\u043e\u0441\u044f \u043d\u0430 \u0432\u0435\u043b\u043e\u0441\u0438\u043f\u0435\u0434\u0456<\/h3>\n<p>* \u0429\u043e\u0440\u043e\u043a\u0443 ADFC Wiesbaden \/ Rheingau \u2013 Taunus \u0440\u0430\u0437\u043e\u043c \u0437 \u043d\u0430\u0448\u043e\u044e \u0441\u0443\u0441\u0456\u0434\u043d\u044c\u043e\u044e \u0430\u0441\u043e\u0446\u0456\u0430\u0446\u0456\u0454\u044e \u0437 \u041c\u0430\u0439\u043d\u0446\u0430 \u043f\u0440\u043e\u043f\u043e\u043d\u0443\u0454 \u0432\u0435\u043b\u0438\u043a\u0443 \u043f\u0440\u043e\u0433\u0440\u0430\u043c\u0443 \u0442\u0443\u0440\u0456\u0432. \u041a\u0440\u0456\u043c \u0442\u043e\u0433\u043e, \u0443 \u043d\u0430\u0441 \u0454 \u0442\u0443\u0440\u0438\u0441\u0442\u0438\u0447\u043d\u0456 \u0433\u0440\u0443\u043f\u0438, \u044f\u043a\u0456 \u0431\u0435\u0440\u0443\u0442\u044c \u0449\u043e\u0442\u0438\u0436\u043d\u0435\u0432\u0456 \u043f\u043e\u0457\u0437\u0434\u043a\u0438 \u0440\u0430\u0437\u043e\u043c \u0443 \u043b\u0456\u0442\u043d\u044c\u043e\u043c\u0443 \u043f\u0456\u0432\u0440\u0456\u0447\u0447\u0456. * \u0423 \u043d\u0430\u0448\u043e\u043c\u0443 \u043e\u0444\u0456\u0441\u0456 \u0430\u0431\u043e \u043d\u0430 \u0437\u0430\u0445\u043e\u0434\u0430\u0445 \u0456\u0441\u043d\u0443\u0454 \u043f\u043e\u0442\u043e\u0447\u043d\u0435 \u0432\u0438\u0434\u0430\u043d\u043d\u044f \u2018Discover Germany by bike\u2019 \u0434\u043b\u044f \u0432\u0441\u0456\u0445 \u0442\u0438\u0445, \u0445\u0442\u043e \u0445\u043e\u0442\u0456\u0432 \u0431\u0438 \u043f\u043e\u0457\u0445\u0430\u0442\u0438 \u0441\u0430\u043c\u043e\u0441\u0442\u0456\u0439\u043d\u043e \u043e\u0440\u0433\u0430\u043d\u0456\u0437\u043e\u0432\u0430\u043d\u0438\u043c.\u00a0<\/p>\n<h3>\u041c\u0438 \u043f\u0440\u043e\u043f\u043e\u043d\u0443\u0454\u043c\u043e \u043f\u043e\u0441\u043b\u0443\u0433\u0438 \u0442\u0430 \u0456\u043d\u0444\u043e\u0440\u043c\u0430\u0446\u0456\u044e<\/h3>\n<ul>\n<li>\u0417 Lilja \u0443 \u043d\u0430\u0441 \u0454 \u0431\u0435\u0437\u043a\u043e\u0448\u0442\u043e\u0432\u043d\u0430 \u043f\u0440\u043e\u043f\u043e\u0437\u0438\u0446\u0456\u044f \u0434\u043b\u044f \u0432\u0430\u043d\u0442\u0430\u0436\u043d\u0438\u0445 \u0432\u0435\u043b\u043e\u0441\u0438\u043f\u0435\u0434\u0456\u0432<\/li>\n<li>\u041c\u0438 \u043f\u0440\u043e\u043f\u043e\u043d\u0443\u0454\u043c\u043e \u043a\u043e\u0434\u0438 \u0432\u0435\u043b\u043e\u0441\u0438\u043f\u0435\u0434\u0456\u0432 \u0434\u043b\u044f \u0437\u0430\u043f\u043e\u0431\u0456\u0433\u0430\u043d\u043d\u044f \u043a\u0440\u0430\u0434\u0456\u0436\u043e\u043a<\/li>\n<li>\u041e\u0440\u0433\u0430\u043d\u0456\u0437\u043e\u0432\u0443\u0454\u043c\u043e \u0432\u0435\u043b\u043e\u0441\u0438\u043f\u0435\u0434\u043d\u0456 \u043e\u0431\u043c\u0456\u043d\u0438<\/li>\n<\/ul>\n<h3>\u041c\u0438 \u0454 \u0447\u0430\u0441\u0442\u0438\u043d\u043e\u044e ADFC<\/h3>\n<p>\u042f\u043a \u043d\u0435\u0437\u0430\u043b\u0435\u0436\u043d\u0430, \u043d\u0435\u043a\u043e\u043c\u0435\u0440\u0446\u0456\u0439\u043d\u0430, \u0437\u0430\u0440\u0435\u0454\u0441\u0442\u0440\u043e\u0432\u0430\u043d\u0430 \u0430\u0441\u043e\u0446\u0456\u0430\u0446\u0456\u044f \u0437 1400 \u0447\u043b\u0435\u043d\u0430\u043c\u0438, \u043c\u0438 \u0454 \u043f\u0456\u0434\u0440\u043e\u0437\u0434\u0456\u043b\u043e\u043c ADFC Hessen.<\/p>\n<p>ADFC \u0454 \u043d\u0435\u043a\u043e\u043c\u0435\u0440\u0446\u0456\u0439\u043d\u043e\u044e \u0430\u0441\u043e\u0446\u0456\u0430\u0446\u0456\u0454\u044e. \u0411\u0456\u043b\u044c\u0448\u0430 \u0447\u0430\u0441\u0442\u0438\u043d\u0430 \u0440\u043e\u0431\u043e\u0442\u0438 \u0430\u0441\u043e\u0446\u0456\u0430\u0446\u0456\u0457 \u0437\u0434\u0456\u0439\u0441\u043d\u044e\u0454\u0442\u044c\u0441\u044f \u043d\u0430 \u0434\u043e\u0431\u0440\u043e\u0432\u0456\u043b\u044c\u043d\u0438\u0445 \u0437\u0430\u0441\u0430\u0434\u0430\u0445. \u041d\u0430\u0448\u0456 \u0443\u0447\u0430\u0441\u043d\u0438\u043a\u0438 \u0432\u0438\u043a\u043e\u0440\u0438\u0441\u0442\u043e\u0432\u0443\u044e\u0442\u044c \u0441\u0432\u0456\u0439 \u0432\u0456\u043b\u044c\u043d\u0438\u0439 \u0447\u0430\u0441, \u0442\u043e\u043c\u0443 \u0449\u043e \u0457\u043c \u0446\u0435 \u043f\u043e\u0434\u043e\u0431\u0430\u0454\u0442\u044c\u0441\u044f, \u0456 \u0457\u043c \u0432\u0430\u0436\u043b\u0438\u0432\u043e \u043f\u0440\u043e\u0441\u0443\u0432\u0430\u0442\u0438 \u0432\u0435\u043b\u043e\u0441\u0438\u043f\u0435\u0434 \u0440\u0430\u0437\u043e\u043c \u0437 \u0456\u043d\u0448\u0438\u043c\u0438. \u041c\u0438 \u043f\u0440\u0435\u0434\u0441\u0442\u0430\u0432\u043b\u044f\u0454\u043c\u043e \u0456\u043d\u0442\u0435\u0440\u0435\u0441\u0438 \u0432\u0441\u0456\u0445 \u0432\u0435\u043b\u043e\u0441\u0438\u043f\u0435\u0434\u0438\u0441\u0442\u0456\u0432 \u0456 \u0437\u043e\u0431\u043e\u0432'\u044f\u0437\u0443\u0454\u043c\u043e\u0441\u044f \u0457\u0445 \u0432\u0456\u0434\u0441\u0442\u043e\u044e\u0432\u0430\u0442\u0438. \u0417\u0430\u0432\u0434\u044f\u043a\u0438 ADFC \u0442\u0435\u043f\u0435\u0440 \u043c\u043e\u0436\u043d\u0430 \u0431\u0440\u0430\u0442\u0438 \u0432\u0435\u043b\u043e\u0441\u0438\u043f\u0435\u0434\u0438 \u0437 \u0441\u043e\u0431\u043e\u044e \u043d\u0430 \u0431\u0456\u043b\u044c\u0448\u043e\u0441\u0442\u0456 \u043f\u043e\u0457\u0437\u0434\u0456\u0432. ADFC \u0442\u0430\u043a\u043e\u0436 \u0431\u0435\u0440\u0435 \u0431\u0435\u0437\u043f\u043e\u0441\u0435\u0440\u0435\u0434\u043d\u044e \u0443\u0447\u0430\u0441\u0442\u044c \u0443 \u043f\u0435\u0440\u0435\u0433\u043b\u044f\u0434\u0456 \u0447\u0438\u043d\u043d\u0438\u0445 \u043f\u0440\u0430\u0432\u0438\u043b \u0434\u043e\u0440\u043e\u0436\u043d\u044c\u043e\u0433\u043e \u0440\u0443\u0445\u0443 \u0442\u0430 \u0432\u043d\u043e\u0441\u0438\u0442\u044c \u0441\u0432\u043e\u0457 \u0456\u0434\u0435\u0457.\u00a0<\/p>\n<p>\u0427\u043b\u0435\u043d\u0438 ADFC \u043f\u0456\u0434\u0442\u0440\u0438\u043c\u0443\u044e\u0442\u044c \u0446\u044e \u0440\u043e\u0431\u043e\u0442\u0443 \u0441\u0432\u043e\u0457\u043c \u0447\u043b\u0435\u043d\u0441\u044c\u043a\u0438\u043c \u0432\u043d\u0435\u0441\u043a\u043e\u043c. * \u0414\u043b\u044f \u0446\u044c\u043e\u0433\u043e \u0432\u043e\u043d\u0438 \u0431\u0435\u0437\u043a\u043e\u0448\u0442\u043e\u0432\u043d\u043e \u043e\u0442\u0440\u0438\u043c\u0443\u044e\u0442\u044c \u0436\u0443\u0440\u043d\u0430\u043b \u2018Radwelt\u2019 \u0442\u0430 \u0441\u0442\u0440\u0430\u0445\u043e\u0432\u043a\u0443 \u043f\u0440\u0430\u0432\u043e\u0432\u043e\u0433\u043e \u0437\u0430\u0445\u0438\u0441\u0442\u0443, \u044f\u043a\u0449\u043e \u0432\u043e\u043d\u0438 \u043f\u043e\u0434\u043e\u0440\u043e\u0436\u0443\u044e\u0442\u044c \u043d\u0430 \u0432\u0435\u043b\u043e\u0441\u0438\u043f\u0435\u0434\u0456.<\/p>\n<p>\u0421\u0442\u0430\u0442\u0438 \u0447\u043b\u0435\u043d\u043e\u043c \u0432\u0430\u0440\u0442\u043e!<\/p>\n<div class=\"button_container\">\n<div class=\"margin_0-16-8-0\"><a class=\"button1\" href=\"https:\/\/www.adfc.de\/mitgliedschaft\" target=\"_blank\" rel=\"noopener\"> \u0421\u0442\u0430\u0442\u0438 \u0447\u043b\u0435\u043d\u043e\u043c<\/a><\/div>\n<div class=\"margin_0-16-8-0\"><a class=\"button1\" href=\"https:\/\/www.adfc-hessen.de\/\" target=\"_blank\" rel=\"noopener\">ADFC \u0413\u0435\u0441\u0441\u0435\u043d<\/a><\/div>\n<div class=\"margin_0-16-8-0\"><a class=\"button1\" href=\"https:\/\/www.adfc.de\/\" target=\"_blank\" rel=\"noopener\">\u0424\u0435\u0434\u0435\u0440\u0430\u043b\u044c\u043d\u0430 \u0430\u0441\u043e\u0446\u0456\u0430\u0446\u0456\u044f ADFC<\/a><\/div>\n<\/div>    <\/div>\n<\/div>\n<!-- \/module text -->        <\/div>\n                    <div  data-lazy=\"1\" class=\"module_column sub_column col4-2 tb_y8fz460 last\">\n                    <!-- module image -->\n<div  class=\"module module-image tb_iucr534 image-top   tf_mw tb_gs2677162d\" data-lazy=\"1\">\n        <div class=\"image-wrap tf_rel tf_mw\">\n            <img loading=\"lazy\" decoding=\"async\" width=\"1707\" height=\"2560\" src=\"https:\/\/www.adfc-wiesbaden.de\/wp-content\/uploads\/2025\/02\/2025-02-21_5661-scaled.jpg\" class=\"wp-post-image wp-image-70865\" title=\"\u00a9 \u041e\u043b\u0456\u0432\u0435\u0440 \u041a\u0435\u0441\u0441\u043b\u0435\u0440\" alt=\"\u00a9 \u041e\u043b\u0456\u0432\u0435\u0440 \u041a\u0435\u0441\u0441\u043b\u0435\u0440\" srcset=\"https:\/\/www.adfc-wiesbaden.de\/wp-content\/uploads\/2025\/02\/2025-02-21_5661-scaled.jpg 1707w, https:\/\/www.adfc-wiesbaden.de\/wp-content\/uploads\/2025\/02\/2025-02-21_5661-700x1050.jpg 700w, https:\/\/www.adfc-wiesbaden.de\/wp-content\/uploads\/2025\/02\/2025-02-21_5661-1400x2099.jpg 1400w, https:\/\/www.adfc-wiesbaden.de\/wp-content\/uploads\/2025\/02\/2025-02-21_5661-200x300.jpg 200w, https:\/\/www.adfc-wiesbaden.de\/wp-content\/uploads\/2025\/02\/2025-02-21_5661-768x1152.jpg 768w, https:\/\/www.adfc-wiesbaden.de\/wp-content\/uploads\/2025\/02\/2025-02-21_5661-1024x1536.jpg 1024w, https:\/\/www.adfc-wiesbaden.de\/wp-content\/uploads\/2025\/02\/2025-02-21_5661-1366x2048.jpg 1366w\" sizes=\"auto, (max-width: 1707px) 100vw, 1707px\" \/>    \n        <\/div>\n    <!-- \/image-wrap -->\n    \n        <div class=\"image-content\">\n                    <h3 class=\"image-title\">\n                                    \u00a9 \u041e\u043b\u0456\u0432\u0435\u0440 \u041a\u0435\u0441\u0441\u043b\u0435\u0440                            <\/h3>\n                    <\/div>\n    <!-- \/image-content -->\n        <\/div>\n<!-- \/module image -->        <\/div>\n                    <\/div>\n                <\/div>\n                        <\/div>\n        <\/div>\n        <\/div>\n<!--\/themify_builder_content-->\n\n\n<p><\/p>","protected":false},"excerpt":{"rendered":"","protected":false},"author":53,"featured_media":69954,"parent":0,"menu_order":9,"comment_status":"closed","ping_status":"closed","template":"","meta":{"footnotes":""},"tags":[],"class_list":["post-69915","page","type-page","status-publish","has-post-thumbnail","hentry","has-post-title","has-post-date","has-post-category","has-post-tag","has-post-comment","has-post-author",""],"builder_content":"<img src=\"https:\/\/www.adfc-wiesbaden.de\/wp-content\/uploads\/2025\/02\/Logo_banner.png.jpeg\" title=\"&copy; Felix Maucher\" alt=\"&copy; Felix Maucher\"> <h3> &copy; Felix Maucher <\/h3>\n<h1>Wer wir sind und was wir wollen...<\/h1> <p>Unsere Aktiven engagieren sich f\u00fcr die Interessen der Freizeit- und Alltagsradfahrenden. Gerade in diesem Bereich gibt es noch viel zu erreichen, z.B. im Hinblick auf den l\u00fcckenlosen Ausbau der Wegenetze in den Gemeinden oder gut erkennbarer Fahrradwegweisungen.\u00a0<strong>Wir fordern sichere und komfortable Radverkehrs-Infrastruktur f\u00fcr Radlerinnen und Radler jeden Alters.<\/strong><\/p>\n<p>Damit ihr auf euren t\u00e4glichen Wegen und im Urlaub gut ans Ziel kommen, leisten wir\u00a0Lobbyarbeit f\u00fcr das Rad, vor Ort und bundesweit. Die Arbeit des ADFC reicht vom Lobbying im Rathaus \u00fcber die Radtour am Wochenende bis zu Gespr\u00e4chen in Fachgremien: immer im Interesse der Radfahrerinnen und Radfahrer.<\/p> <p>Vor Ort arbeiten wir vom Kreisverband Wiesbaden \/ Rheingau-Taunus daf\u00fcr eng mit der hiesigen Politik sowie mit anderen Organisationen aus dem Umweltschutz- und Verkehrsbereich zusammen.<\/p> <h3>Wir haben Spa\u00df am Radfahren<\/h3> <p>Jedes Jahr bietet der ADFC Wiesbaden \/ Rheingau - Taunus gemeinsam mit unserem Nachbarverband aus Mainz ein umfangreiches Tourenprogramm an. Zus\u00e4tzlich haben wir Tourengruppen, die im Sommerhalbjahr w\u00f6chentlich gemeinsam Ausfahrten unternehmen. In unserer Gesch\u00e4ftsstelle oder bei Veranstaltungen gibt es die aktuelle Ausgabe \"Deutschland per Rad entdecken\" f\u00fcr alle, die gerne selbst organisiert losziehen m\u00f6chten.\u00a0<\/p> <h3>Wir bieten Service und Informationen<\/h3> <ul> <li>Mit Lilja haben wir ein kostenloses Angebot f\u00fcr Lastenr\u00e4der<\/li> <li>Wir bieten Fahrradcodierungen zur Diebstahlpr\u00e4vention an<\/li> <li>Wir organisieren Fahrradb\u00f6rsen<\/li> <\/ul> <h3>Wir sind Teil des ADFC<\/h3> <p>Als selbst\u00e4ndiger, gemeinn\u00fctziger, eingetragener Verein mit 1.400 Mitgliedern sind wir eine Untergliederung des ADFC Hessen.<\/p> <p>Der ADFC ist ein gemeinn\u00fctziger Verein. Die Vereinsarbeit wird \u00fcberwiegend ehrenamtlich geleistet. Unsere Mitglieder verwenden ihre Freizeit, weil sie Spa\u00df daran haben und es ihnen wichtig ist, gemeinsam mit anderen den Radverkehr voranzubringen. Wir vertreten die Interessen aller Radfahrenden und engagieren uns, diese durchzusetzen. So ist es dem ADFC zu verdanken, dass man heute wieder in den meisten Z\u00fcgen Fahrr\u00e4der mitnehmen kann. Auch bei der \u00dcberarbeitung der aktuellen Stra\u00dfenverkehrsordnung ist der ADFC direkt beteiligt und bringt seine Vorstellungen ein.\u00a0<\/p> <p>Mitglieder im ADFC unterst\u00fctzen mit ihrem Mitgliedsbeitrag diese Arbeit. Daf\u00fcr erhalten sie kostenlos die Zeitschrift \"Radwelt\" und eine Rechtschutzversicherung, wenn sie mit dem Fahrrad unterwegs sind.<\/p> <p>Mitglied werden lohnt sich also!<\/p>\n<a href=\"https:\/\/www.adfc.de\/mitgliedschaft\" target=\"_blank\" rel=\"noopener\"> Mitglied werden<\/a> <a href=\"https:\/\/www.adfc-hessen.de\/\" target=\"_blank\" rel=\"noopener\">ADFC Hessen<\/a> <a href=\"https:\/\/www.adfc.de\/\" target=\"_blank\" rel=\"noopener\">ADFC Bundesverband<\/a>\n<img src=\"https:\/\/www.adfc-wiesbaden.de\/wp-content\/uploads\/2025\/02\/2025-02-21_5661-scaled.jpg\" title=\"&copy; Oliver Kessler\" alt=\"&copy; Oliver Kessler\" srcset=\"https:\/\/www.adfc-wiesbaden.de\/wp-content\/uploads\/2025\/02\/2025-02-21_5661-scaled.jpg 1707w, https:\/\/www.adfc-wiesbaden.de\/wp-content\/uploads\/2025\/02\/2025-02-21_5661-700x1050.jpg 700w, https:\/\/www.adfc-wiesbaden.de\/wp-content\/uploads\/2025\/02\/2025-02-21_5661-1400x2099.jpg 1400w, https:\/\/www.adfc-wiesbaden.de\/wp-content\/uploads\/2025\/02\/2025-02-21_5661-200x300.jpg 200w, https:\/\/www.adfc-wiesbaden.de\/wp-content\/uploads\/2025\/02\/2025-02-21_5661-768x1152.jpg 768w, https:\/\/www.adfc-wiesbaden.de\/wp-content\/uploads\/2025\/02\/2025-02-21_5661-1024x1536.jpg 1024w, https:\/\/www.adfc-wiesbaden.de\/wp-content\/uploads\/2025\/02\/2025-02-21_5661-1366x2048.jpg 1366w\" sizes=\"(max-width: 1707px) 100vw, 1707px\" \/> <h3> &copy; Oliver Kessler <\/h3>","_links":{"self":[{"href":"https:\/\/www.adfc-wiesbaden.de\/uk\/wp-json\/wp\/v2\/pages\/69915","targetHints":{"allow":["GET"]}}],"collection":[{"href":"https:\/\/www.adfc-wiesbaden.de\/uk\/wp-json\/wp\/v2\/pages"}],"about":[{"href":"https:\/\/www.adfc-wiesbaden.de\/uk\/wp-json\/wp\/v2\/types\/page"}],"author":[{"embeddable":true,"href":"https:\/\/www.adfc-wiesbaden.de\/uk\/wp-json\/wp\/v2\/users\/53"}],"replies":[{"embeddable":true,"href":"https:\/\/www.adfc-wiesbaden.de\/uk\/wp-json\/wp\/v2\/comments?post=69915"}],"version-history":[{"count":54,"href":"https:\/\/www.adfc-wiesbaden.de\/uk\/wp-json\/wp\/v2\/pages\/69915\/revisions"}],"predecessor-version":[{"id":74862,"href":"https:\/\/www.adfc-wiesbaden.de\/uk\/wp-json\/wp\/v2\/pages\/69915\/revisions\/74862"}],"wp:featuredmedia":[{"embeddable":true,"href":"https:\/\/www.adfc-wiesbaden.de\/uk\/wp-json\/wp\/v2\/media\/69954"}],"wp:attachment":[{"href":"https:\/\/www.adfc-wiesbaden.de\/uk\/wp-json\/wp\/v2\/media?parent=69915"}],"wp:term":[{"taxonomy":"post_tag","embeddable":true,"href":"https:\/\/www.adfc-wiesbaden.de\/uk\/wp-json\/wp\/v2\/tags?post=69915"}],"curies":[{"name":"wp","href":"https:\/\/api.w.org\/{rel}","templated":true}]}}