{"id":70147,"date":"2025-02-19T12:02:17","date_gmt":"2025-02-19T11:02:17","guid":{"rendered":"https:\/\/www2.adfc-wiesbaden.de\/?page_id=70147"},"modified":"2025-10-15T09:24:15","modified_gmt":"2025-10-15T07:24:15","slug":"spenden","status":"publish","type":"page","link":"https:\/\/www.adfc-wiesbaden.de\/uk\/den-adfc-unterstuetzen\/spenden\/","title":{"rendered":"\u041f\u043e\u0436\u0435\u0440\u0442\u0432\u0443\u0432\u0430\u043d\u043d\u044f"},"content":{"rendered":"<!--themify_builder_content-->\n<div id=\"themify_builder_content-70147\" data-postid=\"70147\" class=\"themify_builder_content themify_builder_content-70147 themify_builder tf_clear\">\n                    <div  data-lazy=\"1\" class=\"module_row themify_builder_row tb_xb3p997 tb_first tf_w\">\n                        <div class=\"row_inner col_align_top tb_col_count_2 tf_box tf_rel\">\n                        <div  data-lazy=\"1\" class=\"module_column tb-column col4-2 tb_jzsh998 first\">\n                    <!-- module text -->\n<div  class=\"module module-text tb_hvxn663    tb_gs678604\" data-lazy=\"1\">\n        <div  class=\"tb_text_wrap\">\n        <h1>* \u0412\u0430\u0448\u0430 \u043f\u043e\u0436\u0435\u0440\u0442\u0432\u0430 \u0432 ADFC \u2013 \u0433\u043e\u043b\u043e\u0441 \u0432\u0441\u0456\u0445 \u0432\u0435\u043b\u043e\u0441\u0438\u043f\u0435\u0434\u0438\u0441\u0442\u0456\u0432 \u0432 \u0442\u0440\u0430\u043d\u0441\u043f\u043e\u0440\u0442\u043d\u0456\u0439 \u043f\u043e\u043b\u0456\u0442\u0438\u0446\u0456<\/h1>\n<p>\u0420\u0430\u0437\u043e\u043c \u043c\u0438 \u0432\u0441\u0442\u0430\u043d\u043e\u0432\u043b\u044e\u0454\u043c\u043e \u043a\u0443\u0440\u0441 \u043d\u0430 \u043c\u0430\u0439\u0431\u0443\u0442\u043d\u0454: \u0432\u0435\u043b\u043e\u0441\u0438\u043f\u0435\u0434 \u043f\u043e\u0432\u0438\u043d\u0435\u043d \u043d\u0430\u0440\u0435\u0448\u0442\u0456 \u0441\u0442\u0430\u0442\u0438 \u0446\u0435\u043d\u0442\u0440\u043e\u043c \u0442\u0440\u0430\u043d\u0441\u043f\u043e\u0440\u0442\u043d\u043e\u0457 \u043f\u043e\u043b\u0456\u0442\u0438\u043a\u0438, \u0442\u043e\u043c\u0443 \u0449\u043e<strong>\u00a0\u0411\u0435\u0437 \u0432\u0435\u043b\u043e\u0441\u0438\u043f\u0435\u0434\u0430 \u043c\u0438 \u043d\u0435 \u043c\u043e\u0436\u0435\u043c\u043e \u0437\u043c\u0456\u043d\u0438\u0442\u0438 \u0442\u0440\u0430\u0444\u0456\u043a.<\/strong>. \u041d\u0430\u043c \u043f\u043e\u0442\u0440\u0456\u0431\u043d\u043e \u0431\u0456\u043b\u044c\u0448\u0435 \u043f\u0440\u043e\u0441\u0442\u043e\u0440\u0443 \u0456 \u0431\u0456\u043b\u044c\u0448\u0435 \u0431\u0435\u0437\u043f\u0435\u043a\u0438 \u0434\u043b\u044f \u0441\u0435\u0431\u0435 \u0456 \u0441\u0432\u043e\u0457\u0445 \u0434\u0456\u0442\u0435\u0439! \u0417\u0430\u0432\u0434\u044f\u043a\u0438 \u0432\u0430\u0448\u0456\u0439 \u043f\u043e\u0436\u0435\u0440\u0442\u0432\u0456 \u043c\u0438 \u043f\u0440\u043e\u0441\u0443\u0432\u0430\u0454\u043c\u043e \u0442\u0440\u0430\u043d\u0441\u043f\u043e\u0440\u0442\u043d\u0443 \u0440\u0435\u0432\u043e\u043b\u044e\u0446\u0456\u044e!<\/p>\n<p><strong>\u0417 \u0432\u0430\u0448\u043e\u0457 \u043f\u043e\u0436\u0435\u0440\u0442\u0432\u0438, ADFC \u0441\u0442\u043e\u0457\u0442\u044c \u0437\u0430<\/strong><\/p>\n<ul class=\"listicon2\">\n<li>\u043d\u0430\u0431\u0430\u0433\u0430\u0442\u043e \u0431\u0456\u043b\u044c\u0448\u0435 \u0456 \u043a\u0440\u0430\u0449\u0435 \u0432\u0435\u043b\u043e\u0441\u0438\u043f\u0435\u0434\u043d\u0456 \u0434\u043e\u0440\u0456\u0436\u043a\u0438<\/li>\n<li>\u043f\u0440\u043e\u0441\u0442\u0430 \u0437\u043c\u0456\u043d\u0430 \u0432\u0456\u0434 \u0432\u0435\u043b\u043e\u0441\u0438\u043f\u0435\u0434\u0430 \u0434\u043e \u0430\u0432\u0442\u043e\u0431\u0443\u0441\u0430 \u0430\u0431\u043e \u043f\u043e\u0457\u0437\u0434\u0430<\/li>\n<li>\u0431\u0435\u0437\u043f\u0435\u0447\u043d\u043e\u0457 \u0457\u0437\u0434\u0438 \u043d\u0430 \u0432\u0435\u043b\u043e\u0441\u0438\u043f\u0435\u0434\u0456 \u0456<\/li>\n<li>\u0416\u0438\u0442\u043b\u043e\u0432\u0456 \u043c\u0456\u0441\u0446\u044f, \u0434\u0435 \u043b\u044e\u0434\u0438 \u043b\u044e\u0431\u043b\u044f\u0442\u044c \u0437\u0443\u043f\u0438\u043d\u044f\u0442\u0438\u0441\u044f<\/li>\n<\/ul>\n<p>ADFC \u043f\u043e\u0442\u0440\u0435\u0431\u0443\u0454 \u0444\u043b\u0430\u0454\u0440\u0456\u0432 \u0442\u0430 \u0431\u0440\u043e\u0448\u0443\u0440 \u0434\u043b\u044f \u0441\u0432\u043e\u0454\u0457 \u0440\u043e\u0431\u043e\u0442\u0438, \u0444\u0456\u043b\u0456\u0457 \u0442\u0430 \u043f\u0456\u0434\u0442\u0440\u0438\u043c\u0443\u0454 \u0440\u0435\u043a\u043b\u0430\u043c\u043d\u0456 \u043a\u0430\u043c\u043f\u0430\u043d\u0456\u0457 \u043c\u0430\u0442\u0435\u0440\u0456\u0430\u043b\u0430\u043c\u0438. \u041d\u0435\u0437\u0432\u0430\u0436\u0430\u044e\u0447\u0438 \u043d\u0430 \u0442\u0435, \u0449\u043e \u0431\u0456\u043b\u044c\u0448\u0443 \u0447\u0430\u0441\u0442\u0438\u043d\u0443 \u0440\u043e\u0431\u043e\u0442\u0438 \u0432\u0438\u043a\u043e\u043d\u0443\u044e\u0442\u044c \u0432\u043e\u043b\u043e\u043d\u0442\u0435\u0440\u0438, \u043c\u0438 \u0437\u0430\u043b\u0435\u0436\u0438\u043c\u043e \u0432\u0456\u0434 \u043f\u043e\u0436\u0435\u0440\u0442\u0432\u0443\u0432\u0430\u043d\u044c \u043d\u0430 \u0446\u0456 \u0432\u0438\u0442\u0440\u0430\u0442\u0438.<\/p>\n<p><strong>\u0414\u044f\u043a\u0443\u0454\u043c\u043e \u0437\u0430 \u043f\u0456\u0434\u0442\u0440\u0438\u043c\u043a\u0443!<\/strong><\/p>\n<p>\u00a0<\/p>\n<div class=\"textcontainer\">\n<h3>\u042f\u043a \u044f \u043c\u043e\u0436\u0443 \u043f\u043e\u0436\u0435\u0440\u0442\u0432\u0443\u0432\u0430\u0442\u0438?\u00a0<\/h3>\n<p>\u041e\u0434\u0435\u0440\u0436\u0443\u0432\u0430\u0447: ADFC Wiesbaden\/Reingau-Taunus e.V.<br \/>IBAN: DE56 5109 0000 0037 3117 07<br \/>BIC: WIBADE5W (Wiesbadener Volksbank eG)<\/p>\n<\/div>\n<div class=\"textcontainer no-p-margin\">\n<p>\u0412\u0430\u0448\u0430 \u043f\u043e\u0436\u0435\u0440\u0442\u0432\u0430 \u043d\u0430 ADFC Wiesbaden\/Rheingau-Taunus \u043f\u0456\u0434\u043b\u044f\u0433\u0430\u0454 \u043e\u043f\u043e\u0434\u0430\u0442\u043a\u0443\u0432\u0430\u043d\u043d\u044e. \u0417\u0430 \u0437\u0430\u043f\u0438\u0442\u043e\u043c \u043c\u0438 \u0432\u0438\u0434\u0430\u0454\u043c\u043e \u043a\u0432\u0438\u0442\u0430\u043d\u0446\u0456\u0457 \u043f\u0440\u043e \u043f\u043e\u0436\u0435\u0440\u0442\u0432\u0443\u0432\u0430\u043d\u043d\u044f.<\/p>\n<p>\u0417\u0432\u0435\u0440\u043d\u0456\u0442\u044c \u0443\u0432\u0430\u0433\u0443, \u0449\u043e \u0434\u043e \u0441\u0443\u043c\u0438 \u043f\u043e\u0436\u0435\u0440\u0442\u0432\u0438 300 \u0454\u0432\u0440\u043e \u0456\u0441\u043d\u0443\u0454 \u0441\u043f\u0440\u043e\u0449\u0435\u043d\u0435 \u0437\u043e\u0431\u043e\u0432'\u044f\u0437\u0430\u043d\u043d\u044f \u043d\u0430\u0434\u0430\u0442\u0438 \u0434\u043e\u043a\u0430\u0437\u0438 \u043f\u043e\u0434\u0430\u0442\u043a\u043e\u0432\u0456\u0439 \u0456\u043d\u0441\u043f\u0435\u043a\u0446\u0456\u0457, \u0442\u043e\u0431\u0442\u043e \u0432\u0438\u043f\u0438\u0441\u043a\u0430 \u0437 \u0431\u0430\u043d\u043a\u0443 \u0454 \u0434\u043e\u0441\u0442\u0430\u0442\u043d\u044c\u043e\u044e \u044f\u043a \u0434\u043e\u043a\u0430\u0437 \u0456 \u043a\u0432\u0438\u0442\u0430\u043d\u0446\u0456\u044f \u043f\u0440\u043e \u043f\u043e\u0436\u0435\u0440\u0442\u0432\u0443\u0432\u0430\u043d\u043d\u044f \u043d\u0435 \u043f\u043e\u0442\u0440\u0456\u0431\u043d\u0430.<\/p>\n<\/div>\n<div class=\"textcontainer no-p-margin\">\u00a0<\/div>    <\/div>\n<\/div>\n<!-- \/module text --><!-- module text -->\n<div  class=\"module module-text tb_c665721    tb_gs678604\" data-lazy=\"1\">\n        <div  class=\"tb_text_wrap\">\n        <h3>\u0422\u0443\u0442 \u0432\u0438 \u043c\u043e\u0436\u0435\u0442\u0435 \u043f\u043e\u0436\u0435\u0440\u0442\u0432\u0443\u0432\u0430\u0442\u0438 \u0431\u0435\u0437\u043f\u043e\u0441\u0435\u0440\u0435\u0434\u043d\u044c\u043e ADFC Wiesbaden \/ Rheingau-Taunus e.V.:<\/h3>\n<script type=\"text\/javascript\">\n            (function() {\n                var u=\"https:\/\/spenden.twingle.de\/embed\/genericorganisation\/genericproject\/tw67cb4dd3157f5\/widget\";\n                var id = '_' + Math.random().toString(36).substr(2, 9);\n                var d=document, g=d.createElement('script'), s=d.getElementsByTagName('script')[0], t=d.createElement('div');\n                t.id = 'twingle-public-embed-' + id;\n                document.currentScript.after(t);\n                g.type='text\/javascript'; g.async=true; g.defer=true; g.src=u+'\/'+id; s.parentNode.insertBefore(g,s);\n            })();\n        <\/script>    <\/div>\n<\/div>\n<!-- \/module text -->        <\/div>\n                    <div  data-lazy=\"1\" class=\"module_column tb-column col4-2 tb_osd2465 last\">\n                    <!-- module image -->\n<div  class=\"module module-image tb_5vov610 image-top   tf_mw tb_gs2677162d\" data-lazy=\"1\">\n        <div class=\"image-wrap tf_rel tf_mw\">\n            <img loading=\"lazy\" decoding=\"async\" width=\"1707\" height=\"2560\" src=\"https:\/\/www.adfc-wiesbaden.de\/wp-content\/uploads\/2025\/04\/2025-04-05_7110-scaled.jpg\" class=\"wp-post-image wp-image-71986\" title=\"\u00a9 \u041e\u043b\u0456\u0432\u0435\u0440 \u041a\u0435\u0441\u0441\u043b\u0435\u0440\" alt=\"\u041a\u043e\u0440\u043e\u0431\u043a\u0430 \u043f\u043e\u0436\u0435\u0440\u0442\u0432\u0443\u0432\u0430\u043d\u044c ADFC \u043d\u0430 \u0441\u0442\u043e\u043b\u0456\" srcset=\"https:\/\/www.adfc-wiesbaden.de\/wp-content\/uploads\/2025\/04\/2025-04-05_7110-scaled.jpg 1707w, https:\/\/www.adfc-wiesbaden.de\/wp-content\/uploads\/2025\/04\/2025-04-05_7110-700x1050.jpg 700w, https:\/\/www.adfc-wiesbaden.de\/wp-content\/uploads\/2025\/04\/2025-04-05_7110-1400x2100.jpg 1400w, https:\/\/www.adfc-wiesbaden.de\/wp-content\/uploads\/2025\/04\/2025-04-05_7110-200x300.jpg 200w, https:\/\/www.adfc-wiesbaden.de\/wp-content\/uploads\/2025\/04\/2025-04-05_7110-768x1152.jpg 768w, https:\/\/www.adfc-wiesbaden.de\/wp-content\/uploads\/2025\/04\/2025-04-05_7110-1024x1536.jpg 1024w, https:\/\/www.adfc-wiesbaden.de\/wp-content\/uploads\/2025\/04\/2025-04-05_7110-1366x2048.jpg 1366w\" sizes=\"auto, (max-width: 1707px) 100vw, 1707px\" \/>    \n        <\/div>\n    <!-- \/image-wrap -->\n    \n        <div class=\"image-content\">\n                    <h3 class=\"image-title\">\n                                    \u00a9 \u041e\u043b\u0456\u0432\u0435\u0440 \u041a\u0435\u0441\u0441\u043b\u0435\u0440                            <\/h3>\n                    <\/div>\n    <!-- \/image-content -->\n        <\/div>\n<!-- \/module image --><!-- module plain text -->\n<div  class=\"module module-plain-text tb_bat1838  tb_gs678604\" data-lazy=\"1\">\n        <div class=\"tb_text_wrap\">\n    <h3>\n\t\u041f\u043e\u0442\u043e\u0447\u043d\u0456 \u043a\u0430\u043c\u043f\u0430\u043d\u0456\u0457 \u0437\u0456 \u0437\u0431\u043e\u0440\u0443 \u043a\u043e\u0448\u0442\u0456\u0432:\n<\/h3>\n<iframe loading=\"lazy\" frameborder=\"0\" marginheight=\"0\" marginwidth=\"0\" src=\"https:\/\/project-widget.betterplace.org\/projects\/158771?l=de\" width=\"100%\" height=\"320\" style=\"border: 0; padding:0; margin:5px;\">\u041f\u043e\u0432\u0456\u0434\u043e\u043c\u0438\u0442\u0438 \u0442\u0430 \u043f\u043e\u0436\u0435\u0440\u0442\u0432\u0443\u0432\u0430\u0442\u0438: &lt;a href=&#039;https:\/\/www.betterplace.org\/de\/projects\/158771-saubere-fahrraeder-fuer-wiesbaden&#039; target=&#039;_blank&#039;&gt;: &ldquo;\u0427\u0438\u0441\u0442\u0456 \u0432\u0435\u043b\u043e\u0441\u0438\u043f\u0435\u0434\u0438 \u0434\u043b\u044f \u0412\u0456\u0441\u0431\u0430\u0434\u0435\u043d\u0430!&rdquo;&lt;\/a&gt; \u0412\u0456\u0434\u043a\u0440\u0438\u0442\u0438 \u043d\u0430 betterplace.org.<\/iframe>\n\n<iframe loading=\"lazy\" frameborder=\"0\" marginheight=\"0\" marginwidth=\"0\" src=\"https:\/\/project-widget.betterplace.org\/projects\/158073?l=de\" width=\"100%\" height=\"320\" style=\"border: 0; padding:0; margin:5px;\">\u041f\u043e\u0432\u0456\u0434\u043e\u043c\u0438\u0442\u0438 \u0442\u0430 \u043f\u043e\u0436\u0435\u0440\u0442\u0432\u0443\u0432\u0430\u0442\u0438: &lt;a href=&#039;https:\/\/www.betterplace.org\/de\/projects\/158073-lilja-dein-kostenloses-lastenrad-fuer-wiesbaden-rheingau-taunus&#039; target=&#039;_blank&#039;&gt;&amp;amp; lt;p &amp;amp; gt; &ldquo;LILJA &ndash; \u0412\u0430\u0448 \u0431\u0435\u0437\u043a\u043e\u0448\u0442\u043e\u0432\u043d\u0438\u0439 \u0432\u0430\u043d\u0442\u0430\u0436\u043d\u0438\u0439 \u0432\u0435\u043b\u043e\u0441\u0438\u043f\u0435\u0434 \u0434\u043b\u044f \u0412\u0456\u0441\u0431\u0430\u0434\u0435\u043d\u0430 \/ \u0420\u0435\u0439\u043d\u0433\u0430\u0443-\u0422\u0430\u0443\u043d\u0443\u0441&rdquo;&lt;\/a&gt; \u0412\u0456\u0434\u043a\u0440\u0438\u0442\u0438 \u043d\u0430 betterplace.org.<\/iframe>    <\/div>\n<\/div>\n<!-- \/module plain text -->        <\/div>\n                        <\/div>\n        <\/div>\n        <\/div>\n<!--\/themify_builder_content-->\n\n\n<p><\/p>","protected":false},"excerpt":{"rendered":"","protected":false},"author":53,"featured_media":0,"parent":70103,"menu_order":0,"comment_status":"closed","ping_status":"closed","template":"","meta":{"footnotes":""},"tags":[],"class_list":["post-70147","page","type-page","status-publish","hentry","has-post-title","has-post-date","has-post-category","has-post-tag","has-post-comment","has-post-author",""],"builder_content":"<h1>Ihre Spende f\u00fcr den ADFC \u2013 die Stimme aller Radfahrenden in der Verkehrspolitik<\/h1> <p>Gemeinsam stellen wir die Weichen f\u00fcr die Zukunft: Das Fahrrad muss endlich ins Zentrum der Verkehrspolitik r\u00fccken, denn<strong>\u00a0ohne Fahrrad k\u00f6nnen wir die Verkehrswende nicht schaffen<\/strong>. Wir brauchen mehr Platz und mehr Sicherheit f\u00fcr uns und unsere Kinder! Mit Ihrer Spende bringen wir die Verkehrswende voran!<\/p> <p><strong>Mit Ihrer Spende macht sich der ADFC stark f\u00fcr<\/strong><\/p> <ul> <li>viel mehr und bessere Fahrradwege<\/li> <li>einen einfachen Wechsel vom Rad in Bus oder Bahn<\/li> <li>sicheres Radfahren und<\/li> <li>lebenswerte Orte, in denen sich Menschen gerne aufhalten<\/li> <\/ul> <p>Der ADFC ben\u00f6tigt f\u00fcr seine Arbeit Flyer und Brosch\u00fcren, eine Gesch\u00e4ftsstelle und unterst\u00fctzt werbewirksame Kampagnen mit Materialien. Auch wenn die meiste Arbeit ehrenamtlich Aktive erledigen, sind wir bei diesen Ausgaben auf Spenden angewiesen.<\/p> <p><strong>Vielen Dank f\u00fcr Ihre Unterst\u00fctzung!<\/strong><\/p> <p>\u00a0<\/p>\n<h3>Wie kann ich spenden?\u00a0<\/h3> <p>Empf\u00e4nger: ADFC Wiesbaden\/Reingau-Taunus e.V.<br \/>IBAN: DE56 5109 0000 0037 3117 07<br \/>BIC: WIBADE5W (Wiesbadener Volksbank eG)<\/p>\n<p>Ihre Spende f\u00fcr den ADFC Wiesbaden\/Rheingau-Taunus ist steuerlich absetzbar. Auf Wunsch stellen wir Spendenquittungen aus.<\/p> <p>Bitte beachten Sie, dass bis zu einer Spendenh\u00f6he von 300 Euro eine vereinfachte Nachweispflicht gegen\u00fcber dem Finanzamt besteht, d.h. ein Kontoauszug als Nachweis gen\u00fcgt und es ist keine Spendenquittung notwendig.<\/p>\n\u00a0\n<h3>Hier k\u00f6nnen Sie direkt an den ADFC Wiesbaden \/ Rheingau-Taunus e.V. spenden:<\/h3> <p>[twingle project=\"tw67cb4dd3157f5\"]<\/p>\n<img src=\"https:\/\/www.adfc-wiesbaden.de\/wp-content\/uploads\/2025\/04\/2025-04-05_7110-scaled.jpg\" title=\"&copy; Oliver Kessler\" alt=\"ADFC Spendendose auf einem Tisch\" srcset=\"https:\/\/www.adfc-wiesbaden.de\/wp-content\/uploads\/2025\/04\/2025-04-05_7110-scaled.jpg 1707w, https:\/\/www.adfc-wiesbaden.de\/wp-content\/uploads\/2025\/04\/2025-04-05_7110-700x1050.jpg 700w, https:\/\/www.adfc-wiesbaden.de\/wp-content\/uploads\/2025\/04\/2025-04-05_7110-1400x2100.jpg 1400w, https:\/\/www.adfc-wiesbaden.de\/wp-content\/uploads\/2025\/04\/2025-04-05_7110-200x300.jpg 200w, https:\/\/www.adfc-wiesbaden.de\/wp-content\/uploads\/2025\/04\/2025-04-05_7110-768x1152.jpg 768w, https:\/\/www.adfc-wiesbaden.de\/wp-content\/uploads\/2025\/04\/2025-04-05_7110-1024x1536.jpg 1024w, https:\/\/www.adfc-wiesbaden.de\/wp-content\/uploads\/2025\/04\/2025-04-05_7110-1366x2048.jpg 1366w\" sizes=\"(max-width: 1707px) 100vw, 1707px\" \/> <h3> &copy; Oliver Kessler <\/h3>\n<h3> Aktuelle Spendenaktionen: <\/h3> <iframe loading=\"lazy\" frameborder=\"0\" marginheight=\"0\" marginwidth=\"0\" src=\"https:\/\/project-widget.betterplace.org\/projects\/158771?l=de\" width=\"100%\" height=\"320\" style=\"border: 0; padding:0; margin:5px;\">Informieren und spenden: &lt;a href=&#39;https:\/\/www.betterplace.org\/de\/projects\/158771-saubere-fahrraeder-fuer-wiesbaden&#39; target=&#39;_blank&#39;&gt;\u201eSaubere Fahrr\u00e4der f\u00fcr Wiesbaden!\u201c&lt;\/a&gt; auf betterplace.org \u00f6ffnen.<\/iframe>\n<iframe loading=\"lazy\" frameborder=\"0\" marginheight=\"0\" marginwidth=\"0\" src=\"https:\/\/project-widget.betterplace.org\/projects\/158073?l=de\" width=\"100%\" height=\"320\" style=\"border: 0; padding:0; margin:5px;\">Informieren und spenden: &lt;a href=&#39;https:\/\/www.betterplace.org\/de\/projects\/158073-lilja-dein-kostenloses-lastenrad-fuer-wiesbaden-rheingau-taunus&#39; target=&#39;_blank&#39;&gt;\u201eLILJA - Dein kostenloses Lastenrad f\u00fcr Wiesbaden \/ Rheingau-Taunus\"&lt;\/a&gt; auf betterplace.org \u00f6ffnen.<\/iframe>","_links":{"self":[{"href":"https:\/\/www.adfc-wiesbaden.de\/uk\/wp-json\/wp\/v2\/pages\/70147","targetHints":{"allow":["GET"]}}],"collection":[{"href":"https:\/\/www.adfc-wiesbaden.de\/uk\/wp-json\/wp\/v2\/pages"}],"about":[{"href":"https:\/\/www.adfc-wiesbaden.de\/uk\/wp-json\/wp\/v2\/types\/page"}],"author":[{"embeddable":true,"href":"https:\/\/www.adfc-wiesbaden.de\/uk\/wp-json\/wp\/v2\/users\/53"}],"replies":[{"embeddable":true,"href":"https:\/\/www.adfc-wiesbaden.de\/uk\/wp-json\/wp\/v2\/comments?post=70147"}],"version-history":[{"count":44,"href":"https:\/\/www.adfc-wiesbaden.de\/uk\/wp-json\/wp\/v2\/pages\/70147\/revisions"}],"predecessor-version":[{"id":74263,"href":"https:\/\/www.adfc-wiesbaden.de\/uk\/wp-json\/wp\/v2\/pages\/70147\/revisions\/74263"}],"up":[{"embeddable":true,"href":"https:\/\/www.adfc-wiesbaden.de\/uk\/wp-json\/wp\/v2\/pages\/70103"}],"wp:attachment":[{"href":"https:\/\/www.adfc-wiesbaden.de\/uk\/wp-json\/wp\/v2\/media?parent=70147"}],"wp:term":[{"taxonomy":"post_tag","embeddable":true,"href":"https:\/\/www.adfc-wiesbaden.de\/uk\/wp-json\/wp\/v2\/tags?post=70147"}],"curies":[{"name":"wp","href":"https:\/\/api.w.org\/{rel}","templated":true}]}}