{"id":71640,"date":"2025-03-16T16:26:16","date_gmt":"2025-03-16T15:26:16","guid":{"rendered":"https:\/\/www.adfc-wiesbaden.de\/?page_id=71640"},"modified":"2026-04-19T18:26:03","modified_gmt":"2026-04-19T16:26:03","slug":"teilnahmebedingungen","status":"publish","type":"page","link":"https:\/\/www.adfc-wiesbaden.de\/uk\/radtouren\/tourenprogramm\/teilnahmebedingungen\/","title":{"rendered":"\u0423\u043c\u043e\u0432\u0438 \u0443\u0447\u0430\u0441\u0442\u0456"},"content":{"rendered":"<!--themify_builder_content-->\n<div id=\"themify_builder_content-71640\" data-postid=\"71640\" class=\"themify_builder_content themify_builder_content-71640 themify_builder tf_clear\">\n                    <div  data-lazy=\"1\" class=\"module_row themify_builder_row tb_tvvd17 tb_first tf_w\">\n                        <div class=\"row_inner col_align_top tb_col_count_1 tf_box tf_rel\">\n                        <div  data-lazy=\"1\" class=\"module_column tb-column col-full tb_88h517 first\">\n                    <!-- module text -->\n<div  class=\"module module-text tb_2cvr742    tb_gs678604\" data-lazy=\"1\">\n        <div  class=\"tb_text_wrap\">\n        <h1>\u0412\u0435\u043b\u043e\u0441\u0438\u043f\u0435\u0434\u043d\u0456 \u0435\u043a\u0441\u043a\u0443\u0440\u0441\u0456\u0457 \u0437 ADFC<\/h1>\n<p>\u041c\u0438 \u0445\u043e\u0447\u0435\u043c\u043e \u043d\u0430\u0434\u0438\u0445\u043d\u0443\u0442\u0438 \u043b\u044e\u0434\u0435\u0439 \u043d\u0430 \u0432\u0435\u043b\u043e\u0441\u0438\u043f\u0435\u0434 \u0456 \u0437\u0430\u043f\u0440\u043e\u043f\u043e\u043d\u0443\u0432\u0430\u0442\u0438 \u0431\u0430\u0433\u0430\u0442\u043e \u0432\u0435\u043b\u043e\u0441\u0438\u043f\u0435\u0434\u043d\u0438\u0445 \u0442\u0443\u0440\u0456\u0432, \u0449\u043e\u0431 \u0432\u0456\u0434\u043a\u0440\u0438\u0442\u0438 \u0434\u043b\u044f \u0441\u0435\u0431\u0435 \u043e\u043a\u043e\u043b\u0438\u0446\u0456. \u0412\u0435\u043b\u043e\u0441\u0438\u043f\u0435\u0434\u043d\u0456 \u0442\u0443\u0440\u0438 \u043f\u0440\u043e\u0432\u043e\u0434\u044f\u0442\u044c\u0441\u044f \u0434\u043e\u0441\u0432\u0456\u0434\u0447\u0435\u043d\u0438\u043c\u0438 \u0435\u043a\u0441\u043a\u0443\u0440\u0441\u043e\u0432\u043e\u0434\u0430\u043c\u0438, \u0431\u0430\u0433\u0430\u0442\u043e \u0437 \u044f\u043a\u0438\u0445 \u0441\u0435\u0440\u0442\u0438\u0444\u0456\u043a\u043e\u0432\u0430\u043d\u0456 ADFC TourGuides. \u041d\u0430\u0448\u0456 \u0435\u043a\u0441\u043a\u0443\u0440\u0441\u043e\u0432\u043e\u0434\u0438 \u043f\u0440\u043e\u043f\u043e\u043d\u0443\u044e\u0442\u044c \u0446\u0456\u043a\u0430\u0432\u0438\u0439 \u0430\u0441\u043e\u0440\u0442\u0438\u043c\u0435\u043d\u0442 \u0432\u0435\u043b\u043e\u0441\u0438\u043f\u0435\u0434\u043d\u0438\u0445 \u0442\u0443\u0440\u0456\u0432: \u0434\u043b\u044f \u0441\u0456\u043c\u0435\u0439, \u0434\u043b\u044f \u043c\u0435\u043d\u0448 \u0434\u043e\u0441\u0432\u0456\u0434\u0447\u0435\u043d\u0438\u0445, \u0434\u043b\u044f \u0441\u043f\u043e\u0440\u0442\u0438\u0432\u043d\u0438\u0445, \u0434\u043b\u044f \u0440\u0435\u043a\u0440\u0435\u0430\u0446\u0456\u0439\u043d\u0438\u0445 \u0432\u0435\u043b\u043e\u0441\u0438\u043f\u0435\u0434\u0438\u0441\u0442\u0456\u0432, \u0434\u043b\u044f \u0435\u043b\u0435\u043a\u0442\u0440\u043e\u043d\u043d\u0438\u0445 \u0432\u0435\u043b\u043e\u0441\u0438\u043f\u0435\u0434\u0438\u0441\u0442\u0456\u0432, \u0434\u043b\u044f \u0434\u043e\u0440\u043e\u0436\u043d\u0456\u0445 \u0432\u0435\u043b\u043e\u0441\u0438\u043f\u0435\u0434\u0438\u0441\u0442\u0456\u0432 \u0442\u0430 \u0431\u0430\u0433\u0430\u0442\u044c\u043e\u0445 \u0456\u043d\u0448\u0438\u0445. \u041d\u0430 \u0432\u0441\u0456\u0445 \u043f\u0440\u0438\u0433\u043e\u0434\u043d\u0438\u0446\u044c\u043a\u0438\u0445 \u0442\u0443\u0440\u0430\u0445 \u0442\u0430\u043a\u043e\u0436 \u043c\u043e\u0436\u043d\u0430 \u0457\u0437\u0434\u0438\u0442\u0438 \u043d\u0430 \u0435\u043b\u0435\u043a\u0442\u0440\u043e\u043d\u043d\u043e\u043c\u0443 \u0432\u0435\u043b\u043e\u0441\u0438\u043f\u0435\u0434\u0456. \u041e\u0434\u043d\u0430\u043a \u0448\u0432\u0438\u0434\u043a\u0456\u0441\u0442\u044c \u0437\u0430\u043b\u0435\u0436\u0438\u0442\u044c \u0432\u0456\u0434 \u0432\u0435\u043b\u043e\u0441\u0438\u043f\u0435\u0434\u0438\u0441\u0442\u0456\u0432, \u0443 \u044f\u043a\u0438\u0445 \u043d\u0435\u043c\u0430\u0454 \u0435\u043b\u0435\u043a\u0442\u0440\u043e\u043d\u043d\u043e\u0433\u043e \u0432\u0435\u043b\u043e\u0441\u0438\u043f\u0435\u0434\u0430! <br \/>\u0417 \u043d\u0430\u0448\u0438\u043c <strong>\u0415\u043b\u0435\u043a\u0442\u0440\u043e\u043d\u043d\u0456 \u0432\u0435\u043b\u043e\u0441\u0438\u043f\u0435\u0434\u043d\u0456 \u0442\u0443\u0440\u0438<\/strong> \u0417\u0430\u0437\u043d\u0430\u0447\u0435\u043d\u0438\u0439 \u0440\u0456\u0432\u0435\u043d\u044c \u0441\u043a\u043b\u0430\u0434\u043d\u043e\u0441\u0442\u0456 \u0432\u0456\u0434\u043d\u043e\u0441\u0438\u0442\u044c\u0441\u044f \u0434\u043e \u0443\u0447\u0430\u0441\u0442\u0456 \u0437 \u0435\u043b\u0435\u043a\u0442\u0440\u043e\u043d\u043d\u0438\u043c \u0432\u0435\u043b\u043e\u0441\u0438\u043f\u0435\u0434\u043e\u043c. \u0414\u043e\u0441\u0432\u0456\u0434\u0447\u0435\u043d\u0456 \u0432\u0435\u043b\u043e\u0441\u0438\u043f\u0435\u0434\u0438\u0441\u0442\u0438 \u0442\u0430\u043a\u043e\u0436 \u043c\u043e\u0436\u0443\u0442\u044c \u0431\u0440\u0430\u0442\u0438 \u0443\u0447\u0430\u0441\u0442\u044c \u0443 \u0446\u0438\u0445 \u0442\u0443\u0440\u0430\u0445 \u0431\u0435\u0437 \u0435\u043b\u0435\u043a\u0442\u0440\u043e\u043d\u043d\u043e\u0433\u043e \u0432\u0435\u043b\u043e\u0441\u0438\u043f\u0435\u0434\u0430. \u041e\u0434\u043d\u0430\u043a \u0437\u0430 \u0443\u043c\u043e\u0432\u0438, \u0449\u043e \u0446\u0435 \u0445\u043e\u0440\u043e\u0448\u0438\u0439 \u0441\u0442\u0430\u043d.<\/p>\n<h2>\u0423\u043c\u043e\u0432\u0438 \u0443\u0447\u0430\u0441\u0442\u0456 \u0442\u0430 \u0446\u0456\u043a\u0430\u0432\u0456 \u0444\u0430\u043a\u0442\u0438<\/h2>\n<ul>\n<li>\u0412\u0441\u0456 \u0442\u0443\u0440\u0438 ADFC \u0437\u0430\u0431\u0435\u0437\u043f\u0435\u0447\u0443\u044e\u0442\u044c\u0441\u044f \u0440\u0456\u0432\u043d\u044f\u043c\u0438 \u0441\u043a\u043b\u0430\u0434\u043d\u043e\u0441\u0442\u0456, \u0434\u043e\u0432\u0436\u0438\u043d\u043e\u044e \u043c\u0430\u0440\u0448\u0440\u0443\u0442\u0443 \u0442\u0430 \u0456\u043d\u0444\u043e\u0440\u043c\u0430\u0446\u0456\u0454\u044e \u043f\u0440\u043e \u0432\u0438\u0441\u043e\u0442\u0443. \u042f\u043a\u0449\u043e \u0443 \u0432\u0430\u0441 \u0454 \u044f\u043a\u0456-\u043d\u0435\u0431\u0443\u0434\u044c \u043f\u0438\u0442\u0430\u043d\u043d\u044f \u043f\u0440\u043e \u0442\u0443\u0440, \u0431\u0443\u0434\u044c \u043b\u0430\u0441\u043a\u0430, \u0437\u0432'\u044f\u0436\u0456\u0442\u044c\u0441\u044f \u0437 \u0433\u0456\u0434\u043e\u043c.<\/li>\n<li>\u0414\u043e\u0440\u043e\u0441\u043b\u0456 \u0442\u0430 \u0434\u0456\u0442\u0438 (\u0434\u043e 16 \u0440\u043e\u043a\u0456\u0432 \u0443 \u0441\u0443\u043f\u0440\u043e\u0432\u043e\u0434\u0456 \u0434\u043e\u0440\u043e\u0441\u043b\u0438\u0445) \u043c\u043e\u0436\u0443\u0442\u044c \u0431\u0440\u0430\u0442\u0438 \u0443\u0447\u0430\u0441\u0442\u044c \u0443 \u043f\u0440\u0438\u0433\u043e\u0434\u043d\u0438\u0446\u044c\u043a\u0438\u0445 \u0442\u0443\u0440\u0430\u0445 ADFC \u0443 \u0432\u0438\u0445\u0456\u0434\u043d\u0456 \u0434\u043d\u0456.<\/li>\n<li>\u0422\u0456\u043b\u044c\u043a\u0438 \u0447\u043b\u0435\u043d\u0438 ADFC \u043c\u043e\u0436\u0443\u0442\u044c \u0431\u0440\u0430\u0442\u0438 \u0443\u0447\u0430\u0441\u0442\u044c \u0432 \u0442\u0443\u0440\u0430\u0445 \u00bbADFC \u0433\u043e\u043d\u043a\u0438 \u0432\u0435\u043b\u043e\u0441\u0438\u043f\u0435\u0434\u0438\u0441\u0442\u0456\u0432\u00ab \u0456 \u00bbADFC \u0441\u0435\u0440\u0435\u0434\u0438 \u0432\u0435\u043b\u043e\u0441\u0438\u043f\u0435\u0434\u0438\u0441\u0442\u0456\u0432\u00ab \u0443 \u0412\u0456\u0441\u0431\u0430\u0434\u0435\u043d\u0456! <br \/>\u042f\u043a\u0449\u043e \u0432\u0438 \u0449\u0435 \u043d\u0435 \u0454 \u0447\u043b\u0435\u043d\u043e\u043c ADFC, \u0432\u0438 \u043c\u043e\u0436\u0435\u0442\u0435 \u0432\u0437\u044f\u0442\u0438 \u0443\u0447\u0430\u0441\u0442\u044c \u0443 \u0431\u0435\u0437\u043a\u043e\u0448\u0442\u043e\u0432\u043d\u043e\u043c\u0443 \u043f\u0440\u043e\u0431\u043d\u043e\u043c\u0443 \u0442\u0443\u0440\u0456 \u0432\u0456\u0434\u043f\u043e\u0432\u0456\u0434\u043d\u0438\u043c\u0438 \u0432\u0435\u043b\u043e\u0441\u0438\u043f\u0435\u0434\u043d\u0438\u043c\u0438 \u0433\u0440\u0443\u043f\u0430\u043c\u0438. \u041f\u0456\u0441\u043b\u044f \u0446\u044c\u043e\u0433\u043e, \u043e\u0434\u043d\u0430\u043a, \u0432\u0438 \u043f\u043e\u0432\u0438\u043d\u043d\u0456 \u0432\u0438\u0440\u0456\u0448\u0438\u0442\u0438 \u0441\u0442\u0430\u0442\u0438 \u0447\u043b\u0435\u043d\u043e\u043c ADFC. \u041f\u0435\u0440\u0435\u0432\u0430\u0433\u0438 \u0434\u043b\u044f \u0447\u043b\u0435\u043d\u0456\u0432 ADFC \u043c\u043e\u0436\u043d\u0430 \u0437\u043d\u0430\u0439\u0442\u0438 \u043d\u0430 <a href=\"https:\/\/www.adfc.de\/mitgliedschaft\">www.adfc.de<\/a><\/li>\n<li>\u0412\u0441\u0456 \u0442\u0443\u0440\u0438 ADFC \u043d\u0430\u0448\u043e\u0457 \u0440\u0430\u0439\u043e\u043d\u043d\u043e\u0457 \u0430\u0441\u043e\u0446\u0456\u0430\u0446\u0456\u0457 \u0431\u0435\u0437\u043a\u043e\u0448\u0442\u043e\u0432\u043d\u0456. \u0412\u043a\u0430\u0437\u0443\u044e\u0442\u044c\u0441\u044f \u0434\u043e\u0434\u0430\u0442\u043a\u043e\u0432\u0456 \u0432\u0438\u0442\u0440\u0430\u0442\u0438, \u0442\u0430\u043a\u0456 \u044f\u043a \u043f\u043e\u0457\u0437\u0434\u043a\u0438 \u043d\u0430 \u043f\u043e\u0457\u0437\u0434\u0456, \u0432\u0445\u0456\u0434 \u0442\u043e\u0449\u043e.<\/li>\n<li>\u0423\u0447\u0430\u0441\u0442\u044c \u0443 \u0442\u0443\u0440\u0430\u0445 - \u043d\u0430 \u0432\u0430\u0448 \u0441\u0442\u0440\u0430\u0445 \u0456 \u0440\u0438\u0437\u0438\u043a. \u0417\u0430\u0441\u0442\u043e\u0441\u043e\u0432\u0443\u044e\u0442\u044c\u0441\u044f \u043f\u0440\u0430\u0432\u0438\u043b\u0430 \u0434\u043e\u0440\u043e\u0436\u043d\u044c\u043e\u0433\u043e \u0440\u0443\u0445\u0443.<\/li>\n<li>\u0417\u0430 \u0431\u0435\u0437\u043f\u0435\u043a\u0443 \u043d\u0430 \u0434\u043e\u0440\u043e\u0437\u0456 (\u043a\u043e\u043d\u0442\u0440\u043e\u043b\u044c \u0432\u043b\u0430\u0441\u043d\u043e\u0433\u043e \u0432\u0435\u043b\u043e\u0441\u0438\u043f\u0435\u0434\u0430, \u0442\u0430\u043a\u043e\u0436 \u0443 \u0437\u0432'\u044f\u0437\u043a\u0443 \u0437 \u0430\u043b\u043a\u043e\u0433\u043e\u043b\u0435\u043c) \u043a\u043e\u0436\u0435\u043d:\u0440 \u0432\u0456\u0434\u043f\u043e\u0432\u0456\u0434\u0430\u0454 \u0441\u0430\u043c.<\/li>\n<li>\u041c\u0438 \u0440\u0435\u043a\u043e\u043c\u0435\u043d\u0434\u0443\u0454\u043c\u043e \u0432\u0430\u043c \u0432\u0437\u044f\u0442\u0438 \u0437 \u0441\u043e\u0431\u043e\u044e \u0430\u0442\u043c\u043e\u0441\u0444\u0435\u0440\u043e\u0441\u0442\u0456\u0439\u043a\u0438\u0439 \u043e\u0434\u044f\u0433, \u043d\u0430\u043f\u043e\u0457, \u043f\u0440\u043e\u0432\u0456\u0437\u0456\u044e, \u0442\u0440\u043e\u0445\u0438 \u0433\u0440\u043e\u0448\u0435\u0439 \u0456 \u0437\u0430\u043f\u0430\u0441\u043d\u0438\u0439 \u0448\u043b\u0430\u043d\u0433 \u0434\u043b\u044f \u043a\u043e\u0436\u043d\u043e\u0433\u043e \u0442\u0443\u0440\u0443.<\/li>\n<li>\u0420\u0435\u0454\u0441\u0442\u0440\u0430\u0446\u0456\u044f \u043d\u0435\u043e\u0431\u0445\u0456\u0434\u043d\u0430 \u0434\u043b\u044f \u0431\u0456\u043b\u044c\u0448\u043e\u0441\u0442\u0456 \u0442\u0443\u0440\u0456\u0432. \u0411\u0443\u0434\u044c \u043b\u0430\u0441\u043a\u0430, \u0437\u0432'\u044f\u0436\u0456\u0442\u044c\u0441\u044f \u0437 \u0433\u0456\u0434\u043e\u043c.<\/li>\n<li>\u0412 \u043e\u043a\u0440\u0435\u043c\u0438\u0445 \u0432\u0438\u043f\u0430\u0434\u043a\u0430\u0445 \u043c\u043e\u0436\u043b\u0438\u0432\u0456 \u043a\u043e\u0440\u043e\u0442\u043a\u043e\u0441\u0442\u0440\u043e\u043a\u043e\u0432\u0456 \u043a\u043e\u0440\u0438\u0433\u0443\u0432\u0430\u043d\u043d\u044f \u0430\u0431\u043e \u0441\u043a\u0430\u0441\u0443\u0432\u0430\u043d\u043d\u044f \u0442\u0443\u0440\u0456\u0432. \u0417\u043c\u0456\u043d\u0438 \u043f\u043e\u0432\u0456\u0434\u043e\u043c\u043b\u044f\u044e\u0442\u044c\u0441\u044f \u043d\u0430 \u043d\u0430\u0448\u0438\u0445 \u0432\u0435\u0431-\u0441\u0430\u0439\u0442\u0430\u0445.<\/li>\n<li>\u0412 \u0435\u043a\u0441\u0442\u0440\u0435\u043c\u0430\u043b\u044c\u043d\u0438\u0445 \u043f\u043e\u0433\u043e\u0434\u043d\u0438\u0445 \u0443\u043c\u043e\u0432\u0430\u0445 \u0442\u0443\u0440\u0438 \u0442\u0430\u043a\u043e\u0436 \u043c\u043e\u0436\u0443\u0442\u044c \u0431\u0443\u0442\u0438 \u0441\u043a\u043e\u0440\u043e\u0447\u0435\u043d\u0456 \u0430\u0431\u043e \u0437\u043c\u0456\u043d\u0435\u043d\u0456. \u041a\u0440\u0456\u043c \u0442\u043e\u0433\u043e, \u0435\u043a\u0441\u043a\u0443\u0440\u0441\u043e\u0432\u043e\u0434 \u043c\u043e\u0436\u0435 \u0432\u0438\u043a\u043b\u044e\u0447\u0438\u0442\u0438 \u0443\u0447\u0430\u0441\u043d\u0438\u043a\u0456\u0432 \u0437 \u0442\u0443\u0440\u0443, \u044f\u043a\u0449\u043e \u0446\u0435 \u0437\u0434\u0430\u0454\u0442\u044c\u0441\u044f \u043d\u0435\u043e\u0431\u0445\u0456\u0434\u043d\u0438\u043c \u0434\u043b\u044f \u043f\u043e\u0434\u0430\u043b\u044c\u0448\u043e\u0433\u043e \u0456 \u0431\u0435\u0437\u043f\u0435\u0447\u043d\u043e\u0433\u043e \u0445\u043e\u0434\u0443 \u0442\u0443\u0440\u0443.<\/li>\n<\/ul>\n<h2>\u041d\u0430\u0448\u0456 \u0440\u0456\u0432\u043d\u0456 \u0441\u043a\u043b\u0430\u0434\u043d\u043e\u0441\u0442\u0456<\/h2>\n<p>* \u2605 \u2013 \u0442\u0443\u0440\u0438 \u0431\u0435\u0437 \u0437\u043d\u0430\u0447\u043d\u0438\u0445 \u0433\u0440\u0430\u0434\u0456\u0454\u043d\u0442\u0456\u0432, \u0441\u0456\u043c\u0435\u0439\u043d\u0456, \u0430 \u0442\u0430\u043a\u043e\u0436 \u043f\u0456\u0434\u0445\u043e\u0434\u044f\u0442\u044c \u0434\u043b\u044f \u043f\u043e\u0447\u0430\u0442\u043a\u0456\u0432\u0446\u0456\u0432.<br \/>* \u2605\u2605 \u2013 \u0442\u0443\u0440\u0438 \u0437 \u0433\u0440\u0430\u0434\u0456\u0454\u043d\u0442\u0430\u043c\u0438 \u0456 \u043f\u0440\u0438 \u043d\u0435\u043e\u0431\u0445\u0456\u0434\u043d\u043e\u0441\u0442\u0456 \u0431\u0456\u043b\u044c\u0448 \u0442\u0440\u0438\u0432\u0430\u043b\u0438\u043c\u0438 \u043c\u0430\u0440\u0448\u0440\u0443\u0442\u0430\u043c\u0438.<br \/>* \u2605\u2605\u2605 \u2013 \u0415\u043a\u0441\u043a\u0443\u0440\u0441\u0456\u0457 \u043d\u0430 \u0432\u0435\u043b\u0438\u043a\u0456 \u0432\u0456\u0434\u0441\u0442\u0430\u043d\u0456 \u0442\u0430 \u0433\u0440\u0430\u0434\u0456\u0454\u043d\u0442\u0438. \u0421\u0442\u0430\u043d \u043e\u0431\u043e\u0432'\u044f\u0437\u043a\u043e\u0432\u0438\u0439!<br \/>* \u2605\u2605\u2605\u2605 - \u0442\u0443\u0440\u0438 \u0434\u043b\u044f \u0432\u0438\u0441\u043e\u043a\u043e\u043f\u0440\u043e\u0434\u0443\u043a\u0442\u0438\u0432\u043d\u0438\u0445 \u0440\u0430\u0439\u0434\u0435\u0440\u0456\u0432, \u0437 \u0432\u0435\u043b\u0438\u043a\u0438\u043c\u0438 \u043f\u0435\u0440\u0435\u043f\u0430\u0434\u0430\u043c\u0438 \u0432\u0438\u0441\u043e\u0442, \u0432\u0435\u043b\u0438\u043a\u0438\u043c\u0438 \u0432\u0456\u0434\u0441\u0442\u0430\u043d\u044f\u043c\u0438 \u0456 \u043f\u0440\u0438 \u043d\u0435\u043e\u0431\u0445\u0456\u0434\u043d\u043e\u0441\u0442\u0456 \u043f\u0456\u0434\u0432\u0438\u0449\u0435\u043d\u043e\u044e \u0448\u0432\u0438\u0434\u043a\u0456\u0441\u0442\u044e.<\/p>    <\/div>\n<\/div>\n<!-- \/module text -->        <\/div>\n                        <\/div>\n        <\/div>\n        <\/div>\n<!--\/themify_builder_content-->","protected":false},"excerpt":{"rendered":"<p>\u0412\u0435\u043b\u043e\u0441\u0438\u043f\u0435\u0434\u043d\u0456 \u0442\u0443\u0440\u0438 \u0437 ADFC \u041c\u0438 \u0445\u043e\u0447\u0435\u043c\u043e \u043d\u0430\u0434\u0438\u0445\u043d\u0443\u0442\u0438 \u043b\u044e\u0434\u0435\u0439 \u043d\u0430 \u0432\u0435\u043b\u043e\u0441\u0438\u043f\u0435\u0434 \u0456 \u0437\u0430\u043f\u0440\u043e\u043f\u043e\u043d\u0443\u0432\u0430\u0442\u0438 \u0431\u0430\u0433\u0430\u0442\u043e \u0432\u0435\u043b\u043e\u0441\u0438\u043f\u0435\u0434\u043d\u0438\u0445 \u0442\u0443\u0440\u0456\u0432, \u0449\u043e\u0431 \u0432\u0456\u0434\u043a\u0440\u0438\u0442\u0438 \u0434\u043b\u044f \u0441\u0435\u0431\u0435 \u043e\u043a\u043e\u043b\u0438\u0446\u0456. \u0412\u0435\u043b\u043e\u0441\u0438\u043f\u0435\u0434\u043d\u0456 \u0442\u0443\u0440\u0438 \u043f\u0440\u043e\u0432\u043e\u0434\u044f\u0442\u044c\u0441\u044f \u0434\u043e\u0441\u0432\u0456\u0434\u0447\u0435\u043d\u0438\u043c\u0438 \u0435\u043a\u0441\u043a\u0443\u0440\u0441\u043e\u0432\u043e\u0434\u0430\u043c\u0438, \u0431\u0430\u0433\u0430\u0442\u043e \u0437 \u044f\u043a\u0438\u0445 \u0441\u0435\u0440\u0442\u0438\u0444\u0456\u043a\u043e\u0432\u0430\u043d\u0456 ADFC TourGuides. \u041d\u0430\u0448\u0456 \u0435\u043a\u0441\u043a\u0443\u0440\u0441\u043e\u0432\u043e\u0434\u0438 \u043f\u0440\u043e\u043f\u043e\u043d\u0443\u044e\u0442\u044c \u0446\u0456\u043a\u0430\u0432\u0438\u0439 \u0430\u0441\u043e\u0440\u0442\u0438\u043c\u0435\u043d\u0442 \u0432\u0435\u043b\u043e\u0441\u0438\u043f\u0435\u0434\u043d\u0438\u0445 \u0442\u0443\u0440\u0456\u0432: \u0434\u043b\u044f \u0441\u0456\u043c\u0435\u0439, \u0434\u043b\u044f \u043c\u0435\u043d\u0448 \u0434\u043e\u0441\u0432\u0456\u0434\u0447\u0435\u043d\u0438\u0445, \u0434\u043b\u044f \u0441\u043f\u043e\u0440\u0442\u0438\u0432\u043d\u0438\u0445, \u0434\u043b\u044f \u0440\u0435\u043a\u0440\u0435\u0430\u0446\u0456\u0439\u043d\u0438\u0445 \u0432\u0435\u043b\u043e\u0441\u0438\u043f\u0435\u0434\u0438\u0441\u0442\u0456\u0432, \u0434\u043b\u044f \u0435\u043b\u0435\u043a\u0442\u0440\u043e\u043d\u043d\u0438\u0445 \u0432\u0435\u043b\u043e\u0441\u0438\u043f\u0435\u0434\u0438\u0441\u0442\u0456\u0432, [\u2026]<\/p>","protected":false},"author":50,"featured_media":0,"parent":69567,"menu_order":0,"comment_status":"closed","ping_status":"closed","template":"","meta":{"footnotes":""},"tags":[],"class_list":["post-71640","page","type-page","status-publish","hentry","has-post-title","has-post-date","has-post-category","has-post-tag","has-post-comment","has-post-author",""],"builder_content":"<h1>Gef\u00fchrte Radtouren mit dem ADFC<\/h1> <p>Wir wollen Menschen f\u00fcr das Fahrrad begeistern und bieten viele Radtouren an, um so die Umgebung zu entdecken. Die Radtouren werden von erfahrenen Tourenleiter:innen durchgef\u00fchrt, viele davon sind zertifizierte ADFC-TourGuides. Unsere Tourenleiter:innen bieten ein interessantes Spektrum von Radtouren an: f\u00fcr Familien, f\u00fcr weniger Ge\u00fcbte, f\u00fcr Sportliche, f\u00fcr Genussradler:innen, f\u00fcr E-Biker:innen, f\u00fcr Rennradler:innen und viele andere. Alle Erlebnistouren k\u00f6nnen auch mit dem E-Bike gefahren werden. Die Geschwindigkeit richtet sich dann aber nach Radlern, die kein E-Bike haben! <br \/>Bei unseren <strong>E-Bike-Touren<\/strong> bezieht sich der angegebene Schwierigkeitsgrad auf die Teilnahme mit einem E-Bike. Ge\u00fcbte Radler:innen k\u00f6nnen aber auch ohne E-Bike an diesen Touren teilnehmen. Vorausgesetzt ist dann aber eine gute Kondition.<\/p> <h2>Teilnahmebedingungen und Wissenswertes<\/h2> <ul> <li>Alle ADFC-Touren sind mit Schwierigkeitsgraden, Streckenl\u00e4ngen und H\u00f6henangaben versehen. Bei Fragen rund um die Tour wenden Sie sich bitte an die Tourenleitung.<\/li> <li>An den ADFC-Erlebnistouren am Wochenende k\u00f6nnen Erwachsene und Kinder (bis 16 J. in Begleitung von Erwachsenen) teilnehmen.<\/li> <li>An den Touren der \u00bbADFC-Rennradler\u00ab und der \u00bbADFC-Mittwochsradler\u00ab in Wiesbaden k\u00f6nnen nur ADFC-Mitglieder teilnehmen! <br \/>Wenn Sie noch kein ADFC-Mitglied sind, k\u00f6nnen Sie aber gerne kostenlos an einer Schnuppertour der entsprechenden Radelgruppen teilnehmen. Danach sollten Sie sich aber f\u00fcr eine Mitgliedschaft im ADFC entscheiden. Die Vorteile f\u00fcr ADFC-Mitglieder finden Sie auf <a href=\"https:\/\/www.adfc.de\/mitgliedschaft\">www.adfc.de<\/a><\/li> <li>Alle ADFC-Touren unseres Kreisverbands sind kostenfrei. Zus\u00e4tzliche Kosten, wie Bahnfahrten, Eintritt etc. werden angegeben.<\/li> <li>Die Teilnahme an den Touren erfolgt auf eigene Gefahr. Es gilt die Stra\u00dfenverkehrsordnung.<\/li> <li>F\u00fcr die Verkehrssicherheit (Beherrschung des eigenen Fahrrads, auch in Verbindung mit Alkohol) ist jede:r selbst verantwortlich.<\/li> <li>Wir empfehlen f\u00fcr jede Tour die Mitnahme wetterfester Kleidung, Getr\u00e4nke, Proviant, etwas Geld und einen Ersatzschlauch.<\/li> <li>Bei den meisten Touren ist eine Anmeldung erforderlich. Bitte kontaktieren Sie hierzu die Tourenleitung.<\/li> <li>In einzelnen F\u00e4llen kann es zu kurzfristigen Anpassungen oder zum Entfall von Touren kommen. \u00c4nderungen werden auf unseren Websites kommuniziert.<\/li> <li>Bei extremen Wetterbedingungen k\u00f6nnen Touren auch verk\u00fcrzt oder abge\u00e4ndert werden. Au\u00dferdem kann die Tourenleitung Teilnehmende von der Tour ausschlie\u00dfen, sofern dies f\u00fcr den weiteren und sicheren Verlauf der Tour notwendig erscheint.<\/li> <\/ul> <h2>Unsere Schwierigkeitsstufen<\/h2> <p>\u2605\u00a0 - Touren ohne nennenswerte Steigungen, familienfreundlich und auch f\u00fcr Anf\u00e4nger:innen geeignet.<br \/>\u2605\u2605\u00a0 - Touren mit Steigungen und ggf. auch l\u00e4ngeren Strecken.<br \/>\u2605\u2605\u2605 \u00a0- Touren mit langen Strecken und Steigungen. Kondition erforderlich!<br \/>\u2605\u2605\u2605\u2605 \u00a0- Touren f\u00fcr konditionsstarke Fahrer:innen, mit gro\u00dfen H\u00f6henunterschieden, langen Strecken und ggf. auch erh\u00f6htem Tempo.<\/p>","_links":{"self":[{"href":"https:\/\/www.adfc-wiesbaden.de\/uk\/wp-json\/wp\/v2\/pages\/71640","targetHints":{"allow":["GET"]}}],"collection":[{"href":"https:\/\/www.adfc-wiesbaden.de\/uk\/wp-json\/wp\/v2\/pages"}],"about":[{"href":"https:\/\/www.adfc-wiesbaden.de\/uk\/wp-json\/wp\/v2\/types\/page"}],"author":[{"embeddable":true,"href":"https:\/\/www.adfc-wiesbaden.de\/uk\/wp-json\/wp\/v2\/users\/50"}],"replies":[{"embeddable":true,"href":"https:\/\/www.adfc-wiesbaden.de\/uk\/wp-json\/wp\/v2\/comments?post=71640"}],"version-history":[{"count":25,"href":"https:\/\/www.adfc-wiesbaden.de\/uk\/wp-json\/wp\/v2\/pages\/71640\/revisions"}],"predecessor-version":[{"id":76135,"href":"https:\/\/www.adfc-wiesbaden.de\/uk\/wp-json\/wp\/v2\/pages\/71640\/revisions\/76135"}],"up":[{"embeddable":true,"href":"https:\/\/www.adfc-wiesbaden.de\/uk\/wp-json\/wp\/v2\/pages\/69567"}],"wp:attachment":[{"href":"https:\/\/www.adfc-wiesbaden.de\/uk\/wp-json\/wp\/v2\/media?parent=71640"}],"wp:term":[{"taxonomy":"post_tag","embeddable":true,"href":"https:\/\/www.adfc-wiesbaden.de\/uk\/wp-json\/wp\/v2\/tags?post=71640"}],"curies":[{"name":"wp","href":"https:\/\/api.w.org\/{rel}","templated":true}]}}