{"id":71914,"date":"2025-04-05T09:43:29","date_gmt":"2025-04-05T07:43:29","guid":{"rendered":"https:\/\/www.adfc-wiesbaden.de\/weiterleitungen\/db-rad-copy\/"},"modified":"2026-03-16T19:15:12","modified_gmt":"2026-03-16T18:15:12","slug":"fahrradreparaturkurs","status":"publish","type":"page","link":"https:\/\/www.adfc-wiesbaden.de\/uk\/service\/fahrradreparaturkurs\/","title":{"rendered":"\u041a\u0443\u0440\u0441\u0438 \u0437 \u0440\u0435\u043c\u043e\u043d\u0442\u0443 \u0432\u0435\u043b\u043e\u0441\u0438\u043f\u0435\u0434\u0456\u0432 \u0443 \u0412\u0456\u0441\u0431\u0430\u0434\u0435\u043d\u0456 \u0442\u0430 \u043e\u043a\u043e\u043b\u0438\u0446\u044f\u0445"},"content":{"rendered":"<!--themify_builder_content-->\n<div id=\"themify_builder_content-71914\" data-postid=\"71914\" class=\"themify_builder_content themify_builder_content-71914 themify_builder tf_clear\">\n                    <div  data-lazy=\"1\" class=\"module_row themify_builder_row tb_gejo228 tb_first tf_w\">\n                        <div class=\"row_inner col_align_top tb_col_count_1 tf_box tf_rel\">\n                        <div  data-lazy=\"1\" class=\"module_column tb-column col-full tb_ecgh470 first\">\n                    <!-- module image -->\n<div  class=\"module module-image tb_8i6c671 image-top   tf_mw tb_gs2677162d\" data-lazy=\"1\">\n        <div class=\"image-wrap tf_rel tf_mw\">\n            <img loading=\"lazy\" decoding=\"async\" width=\"2048\" height=\"1671\" src=\"https:\/\/www.adfc-wiesbaden.de\/wp-content\/uploads\/2025\/01\/Selbsthilfewerkstatt.jpg\" class=\"wp-post-image wp-image-69176\" title=\"\/ \u041c\u0430\u0439\u0441\u0442\u0435\u0440\u043d\u044f \u0441\u0430\u043c\u043e\u0434\u043e\u043f\u043e\u043c\u043e\u0433\u0438 Frankfurt | \u00a9 Eckehard Wolf\" alt=\"\u0424\u043e\u0442\u043e \u043c\u0430\u0439\u0441\u0442\u0435\u0440\u043d\u0456 \u0441\u0430\u043c\u043e\u0434\u043e\u043f\u043e\u043c\u043e\u0433\u0438 \u0437 \u0432\u0435\u043b\u043e\u0441\u0438\u043f\u0435\u0434\u043e\u043c \u0442\u0430 2 \u0447\u043e\u043b\u043e\u0432\u0456\u043a\u0430\u043c\u0438, \u044f\u043a\u0456 \u0439\u043e\u0433\u043e \u0440\u0435\u043c\u043e\u043d\u0442\u0443\u044e\u0442\u044c.\" srcset=\"https:\/\/www.adfc-wiesbaden.de\/wp-content\/uploads\/2025\/01\/Selbsthilfewerkstatt.jpg 2048w, https:\/\/www.adfc-wiesbaden.de\/wp-content\/uploads\/2025\/01\/Selbsthilfewerkstatt-700x571.jpg 700w, https:\/\/www.adfc-wiesbaden.de\/wp-content\/uploads\/2025\/01\/Selbsthilfewerkstatt-1400x1142.jpg 1400w, https:\/\/www.adfc-wiesbaden.de\/wp-content\/uploads\/2025\/01\/Selbsthilfewerkstatt-200x163.jpg 200w, https:\/\/www.adfc-wiesbaden.de\/wp-content\/uploads\/2025\/01\/Selbsthilfewerkstatt-768x627.jpg 768w, https:\/\/www.adfc-wiesbaden.de\/wp-content\/uploads\/2025\/01\/Selbsthilfewerkstatt-1536x1253.jpg 1536w\" sizes=\"auto, (max-width: 2048px) 100vw, 2048px\" \/>    \n        <\/div>\n    <!-- \/image-wrap -->\n    \n        <div class=\"image-content\">\n                    <h3 class=\"image-title\">\n                                    \/ \u041c\u0430\u0439\u0441\u0442\u0435\u0440\u043d\u044f \u0441\u0430\u043c\u043e\u0434\u043e\u043f\u043e\u043c\u043e\u0433\u0438 Frankfurt | \u00a9 Eckehard Wolf                            <\/h3>\n                    <\/div>\n    <!-- \/image-content -->\n        <\/div>\n<!-- \/module image --><!-- module text -->\n<div  class=\"module module-text tb_cp7y070    tb_gs678604\" data-lazy=\"1\">\n        <div  class=\"tb_text_wrap\">\n        <h1>\u041a\u0443\u0440\u0441 \u0440\u0435\u043c\u043e\u043d\u0442\u0443 \u0432\u0435\u043b\u043e\u0441\u0438\u043f\u0435\u0434\u0456\u0432 \u0443 \u0412\u0456\u0441\u0431\u0430\u0434\u0435\u043d\u0456 \u0442\u0430 \u043e\u043a\u043e\u043b\u0438\u0446\u044f\u0445<\/h1>\n<p>\u041c\u0438 \u0447\u0430\u0441\u0442\u043e \u043e\u0442\u0440\u0438\u043c\u0443\u0454\u043c\u043e \u0437\u0430\u043f\u0438\u0442\u0438 \u043d\u0430 \u043a\u0443\u0440\u0441\u0438 \u0440\u0435\u043c\u043e\u043d\u0442\u0443 \u0442\u0430 \u043e\u0433\u043b\u044f\u0434\u0438 \u0432\u0435\u043b\u043e\u0441\u0438\u043f\u0435\u0434\u0456\u0432. \u0412 \u0434\u0430\u043d\u0438\u0439 \u0447\u0430\u0441 \u043c\u0438 \u043d\u0435 \u043c\u0430\u0454\u043c\u043e \u043c\u043e\u0436\u043b\u0438\u0432\u043e\u0441\u0442\u0456 \u0437\u0430\u043f\u0440\u043e\u043f\u043e\u043d\u0443\u0432\u0430\u0442\u0438 \u0457\u0445 \u0441\u0430\u043c\u043e\u0441\u0442\u0456\u0439\u043d\u043e, \u0456 \u0442\u043e\u043c\u0443 \u0441\u0442\u0432\u043e\u0440\u0438\u043b\u0438 \u043a\u043e\u043b\u0435\u043a\u0446\u0456\u044e \u043c\u0456\u0441\u0446\u044c \u0443 \u0412\u0456\u0441\u0431\u0430\u0434\u0435\u043d\u0456 \u0442\u0430 \u043e\u043a\u043e\u043b\u0438\u0446\u044f\u0445, \u0434\u0435 \u0432\u0438 \u043c\u043e\u0436\u0435\u0442\u0435 \u0432\u0437\u044f\u0442\u0438 \u0443\u0447\u0430\u0441\u0442\u044c \u0443 \u043a\u0443\u0440\u0441\u0430\u0445 \u0440\u0435\u043c\u043e\u043d\u0442\u0443 \u0430\u0431\u043e \u0441\u0430\u043c\u043e\u0441\u0442\u0456\u0439\u043d\u043e \u0432\u0456\u0434\u0440\u0435\u043c\u043e\u043d\u0442\u0443\u0432\u0430\u0442\u0438 \u0441\u0432\u0456\u0439 \u0432\u0435\u043b\u043e\u0441\u0438\u043f\u0435\u0434 \u0437\u0430 \u0434\u043e\u043f\u043e\u043c\u043e\u0433\u043e\u044e \u043f\u0456\u0434\u0442\u0440\u0438\u043c\u043a\u0438. <br \/>\u0427\u0438 \u0437\u043d\u0430\u0454\u0442\u0435 \u0432\u0438 \u043f\u0440\u043e \u0456\u043d\u0448\u0456 \u043c\u0456\u0441\u0446\u044f, \u0434\u0435 \u0454 \u0442\u0430\u043a\u0456 \u043f\u0440\u043e\u043f\u043e\u0437\u0438\u0446\u0456\u0457?<br \/>\u0411\u0443\u0434\u044c \u043b\u0430\u0441\u043a\u0430, \u043d\u0435 \u0441\u043e\u0440\u043e\u043c\u0442\u0435\u0441\u044f \u043d\u0430\u043f\u0438\u0441\u0430\u0442\u0438 \u043d\u0430\u043c \u0434\u0435\u044f\u043a\u0443 \u0456\u043d\u0444\u043e\u0440\u043c\u0430\u0446\u0456\u044e <a href=\"\/uk\/&\/#x6d;&#97;i&#x6c;&#x74;&#111;:&#x77;&#x65;&#98;t&#x65;&#97;m&#x40;&#x61;&#100;f&#x63;&#x2d;&#119;i&#x65;&#115;&#98;&#x61;&#x64;&#101;n&#x2e;&#x64;&#101;\">webteam@adfc-wiesbaden.de<\/a><br \/>\u0427\u0438 \u0445\u043e\u0442\u0456\u043b\u0438 \u0431 \u0432\u0438 \u0437\u0440\u043e\u0431\u0438\u0442\u0438 \u0441\u0432\u0456\u0439 \u0432\u043d\u0435\u0441\u043e\u043a \u0456 \u0447\u0438 \u043c\u043e\u0436\u0435\u0442\u0435 \u0432\u0438 \u0443\u044f\u0432\u0438\u0442\u0438, \u0449\u043e \u043f\u0440\u043e\u043f\u043e\u043d\u0443\u0454\u0442\u0435 \u0442\u0430\u043a\u0443 \u043f\u0440\u043e\u043f\u043e\u0437\u0438\u0446\u0456\u044e \u0437 ADFC?<br \/>\u0411\u0443\u0434\u044c \u043b\u0430\u0441\u043a\u0430, \u043d\u0435 \u0441\u043e\u0440\u043e\u043c\u0442\u0435\u0441\u044f \u0437\u0432'\u044f\u0437\u0430\u0442\u0438\u0441\u044f \u0437 \u043d\u0430\u043c\u0438 \u0437\u0430 \u0430\u0434\u0440\u0435\u0441\u043e\u044e <a href=\"\/uk\/&\/#x6d;&#97;i&#x6c;&#116;o&#x3a;&#105;n&#x66;&#x6f;&#64;&#x61;&#x64;&#102;c&#x2d;&#119;i&#x65;&#115;b&#x61;&#x64;&#101;&#x6e;&#x2e;&#100;e\">info@adfc-wiesbaden.de<\/a> \u0410\u0431\u043e \u043f\u0440\u0438\u0439\u0442\u0438 \u043d\u0430 \u0430\u043a\u0442\u0438\u0432\u043d\u0443 \u0437\u0443\u0441\u0442\u0440\u0456\u0447.<\/p>\n<h3>\u0415\u043a\u043e\u043b\u043e\u0433\u0456\u0447\u043d\u0438\u0439 \u043c\u0430\u0433\u0430\u0437\u0438\u043d \u0412\u0456\u0441\u0431\u0430\u0434\u0435\u043d<\/h3>\n<p>\/ Umweltladen Wiesbaden \u0443 \u0441\u043f\u0456\u0432\u043f\u0440\u0430\u0446\u0456 \u0437 \u2018der Radler\u2019 \u0442\u0430 ADFC Mainz-Bingen \u043f\u0440\u043e\u043f\u043e\u043d\u0443\u0454 \u043a\u0443\u0440\u0441\u0438 \u0440\u0435\u043c\u043e\u043d\u0442\u0443 \u0434\u043b\u044f \u043f\u043e\u0447\u0430\u0442\u043a\u0456\u0432\u0446\u0456\u0432 \u0442\u0430 \u0434\u043e\u0441\u0432\u0456\u0434\u0447\u0435\u043d\u0438\u0445 \u043a\u043e\u0440\u0438\u0441\u0442\u0443\u0432\u0430\u0447\u0456\u0432. \u0411\u0456\u043b\u044c\u0448 \u0434\u0435\u0442\u0430\u043b\u044c\u043d\u0443 \u0456\u043d\u0444\u043e\u0440\u043c\u0430\u0446\u0456\u044e \u043f\u0440\u043e \u0446\u044e \u043f\u0440\u043e\u043f\u043e\u0437\u0438\u0446\u0456\u044e \u043c\u043e\u0436\u043d\u0430 \u0437\u043d\u0430\u0439\u0442\u0438 \u0437\u0430 \u0430\u0434\u0440\u0435\u0441\u043e\u044e <a href=\"https:\/\/www.wiesbaden.de\/leben-in-wiesbaden\/umwelt-natur-klima\/umweltberatung\/kurse-fahrradreparatur\" target=\"_blank\" rel=\"noopener\">\u0420\u0435\u043c\u043e\u043d\u0442\u043d\u0456 \u043a\u0443\u0440\u0441\u0438 \u0432\u0456\u0434 \u0435\u043a\u043e\u043b\u043e\u0433\u0456\u0447\u043d\u043e\u0433\u043e \u043c\u0430\u0433\u0430\u0437\u0438\u043d\u0443.<\/a><\/p>\n<h3>\u043f\u043e\u043f\u0443\u0442\u043d\u0438\u0439 \u0432\u0456\u0442\u0435\u0440<\/h3>\n<p>\u0429\u043e\u043f'\u044f\u0442\u043d\u0438\u0446\u0456 \u0437 15:00 \u0443 \u0442\u0435\u043f\u043b\u0443 \u043f\u043e\u0440\u0443 \u0440\u043e\u043a\u0443 \u0430\u0441\u043e\u0446\u0456\u0430\u0446\u0456\u044f \u043f\u043e\u043f\u0443\u0442\u043d\u043e\u0433\u043e \u0432\u0456\u0442\u0440\u0443 \u0443 \u0412\u0456\u0441\u0431\u0430\u0434\u0435\u043d\u0456 \u0437\u0430\u043f\u0440\u043e\u0448\u0443\u0454 \u0432\u0430\u0441 \u043d\u0430 \u0432\u0456\u0434\u043a\u0440\u0438\u0442\u0443 \u043c\u0430\u0439\u0441\u0442\u0435\u0440\u043d\u044e \u0443 \u0441\u0432\u043e\u0454\u043c\u0443 \u043a\u043e\u043d\u0442\u0435\u0439\u043d\u0435\u0440\u0456 \u0432 Kulturparkam Schlachthof. \u0411\u0456\u043b\u044c\u0448 \u0434\u0435\u0442\u0430\u043b\u044c\u043d\u0443 \u0456\u043d\u0444\u043e\u0440\u043c\u0430\u0446\u0456\u044e \u043f\u0440\u043e \u0446\u044e \u043f\u0440\u043e\u043f\u043e\u0437\u0438\u0446\u0456\u044e \u043c\u043e\u0436\u043d\u0430 \u0437\u043d\u0430\u0439\u0442\u0438 \u0437\u0430 \u0430\u0434\u0440\u0435\u0441\u043e\u044e <a href=\"http:\/\/www.rueckenwind-in-wiesbaden.de\/index.php\/fahrradwerkstatt\/\" target=\"_blank\" rel=\"noopener\">\u0417 \u0445\u0432\u043e\u0441\u0442\u043e\u0432\u0438\u043c \u0432\u0456\u0442\u0440\u043e\u043c.<\/a><\/p>\n<h3>\u041f\u0440\u0430\u043a\u0442\u0438\u0447\u043d\u0430 \u043c\u0430\u0439\u0441\u0442\u0435\u0440\u043d\u044f Kiezwerkstatt<\/h3>\n<p>\u0423 \u043d\u0435\u0449\u043e\u0434\u0430\u0432\u043d\u043e \u0432\u0456\u0434\u043a\u0440\u0438\u0442\u043e\u043c\u0443 Kiezwerkstatt \u0432 \u043a\u0432\u0456\u0442\u043d\u0456 \u0454 \u043c\u043e\u0436\u043b\u0438\u0432\u0456\u0441\u0442\u044c \u0432\u0438\u043a\u043e\u0440\u0438\u0441\u0442\u043e\u0432\u0443\u0432\u0430\u0442\u0438 \u0456\u043d\u0444\u0440\u0430\u0441\u0442\u0440\u0443\u043a\u0442\u0443\u0440\u0443 \u043c\u0430\u0439\u0441\u0442\u0435\u0440\u043d\u0456 \u0437\u0430 \u043d\u0435\u0432\u0435\u043b\u0438\u043a\u0443 \u043f\u043b\u0430\u0442\u0443 \u0434\u043b\u044f \u0440\u0435\u043c\u043e\u043d\u0442\u0443 \u0432\u043b\u0430\u0441\u043d\u043e\u0433\u043e \u0432\u0435\u043b\u043e\u0441\u0438\u043f\u0435\u0434\u0430. \u0411\u0456\u043b\u044c\u0448 \u0434\u0435\u0442\u0430\u043b\u044c\u043d\u0443 \u0456\u043d\u0444\u043e\u0440\u043c\u0430\u0446\u0456\u044e \u043f\u0440\u043e \u0446\u044e \u043f\u0440\u043e\u043f\u043e\u0437\u0438\u0446\u0456\u044e \u043c\u043e\u0436\u043d\u0430 \u0437\u043d\u0430\u0439\u0442\u0438 \u0437\u0430 \u0430\u0434\u0440\u0435\u0441\u043e\u044e <a href=\"https:\/\/www.kiezkaufhaus.de\/#preisliste-unserer-mitmachwerkstatt\" target=\"_blank\" rel=\"noopener\">\u041c\u0430\u0439\u0441\u0442\u0435\u0440\u043d\u044f Kiez.<\/a><\/p>\n<h3>\u0415\u043c\u043e\u0446\u0456\u0457 \u0412\u0430\u043b\u043b\u0443\u0444\u0430<\/h3>\n<p>\u0423 \u0412\u0430\u043b\u043b\u0443\u0444\u0456 E-Motion \u043f\u0440\u043e\u043f\u043e\u043d\u0443\u0454 \u043c\u0430\u0439\u0441\u0442\u0435\u0440-\u043a\u043b\u0430\u0441\u0438 \u0437 \u0440\u0435\u043c\u043e\u043d\u0442\u0443 \u0435\u043b\u0435\u043a\u0442\u0440\u043e\u043d\u043d\u0438\u0445 \u0432\u0435\u043b\u043e\u0441\u0438\u043f\u0435\u0434\u0456\u0432. \u0404 \u0439 \u0456\u043d\u0448\u0456 \u043f\u0440\u043e\u043f\u043e\u0437\u0438\u0446\u0456\u0457, \u044f\u043a\u0456 \u043c\u043e\u0436\u0443\u0442\u044c \u0432\u0430\u0441 \u0437\u0430\u0446\u0456\u043a\u0430\u0432\u0438\u0442\u0438. <a href=\"https:\/\/emotion-ebikes.de\/standorte\/he\/wiesbaden\/together?merchantId=12971137\" target=\"_blank\" rel=\"noopener\">https:\/\/emotion-ebikes.de\/standorte\/he\/wiesbaden\/together?merchantId=12971137<\/a><\/p>    <\/div>\n<\/div>\n<!-- \/module text -->        <\/div>\n                        <\/div>\n        <\/div>\n        <\/div>\n<!--\/themify_builder_content-->","protected":false},"excerpt":{"rendered":"<p>\u0422\u0443\u0442 \u0432\u0438 \u0437\u043d\u0430\u0439\u0434\u0435\u0442\u0435 \u043e\u0433\u043b\u044f\u0434 \u043f\u0440\u043e\u043f\u043e\u0437\u0438\u0446\u0456\u0439, \u0432\u0456\u0434\u043e\u043c\u0438\u0445 \u043d\u0430\u043c \u0434\u043b\u044f \u043a\u0443\u0440\u0441\u0456\u0432 \u0440\u0435\u043c\u043e\u043d\u0442\u0443 \u0432\u0435\u043b\u043e\u0441\u0438\u043f\u0435\u0434\u0456\u0432 \u0442\u0430 \u043c\u0430\u0439\u0441\u0442\u0435\u0440\u0435\u043d\u044c \u0441\u0430\u043c\u043e\u0434\u043e\u043f\u043e\u043c\u043e\u0433\u0438<\/p>","protected":false},"author":53,"featured_media":69177,"parent":69773,"menu_order":0,"comment_status":"closed","ping_status":"closed","template":"","meta":{"footnotes":""},"tags":[790],"class_list":["post-71914","page","type-page","status-publish","has-post-thumbnail","hentry","tag-tipps","has-post-title","has-post-date","has-post-category","has-post-tag","has-post-comment","has-post-author",""],"builder_content":"<img src=\"https:\/\/www.adfc-wiesbaden.de\/wp-content\/uploads\/2025\/01\/Selbsthilfewerkstatt.jpg\" title=\"Selbsthilfewerkstatt Frankfurt | &copy; Eckehard Wolf\" alt=\"Bild von einer Selbsthilfewerkstatt mit einem Fahrrad und 2 M\u00e4nnern, die dieses reparieren.\" srcset=\"https:\/\/www.adfc-wiesbaden.de\/wp-content\/uploads\/2025\/01\/Selbsthilfewerkstatt.jpg 2048w, https:\/\/www.adfc-wiesbaden.de\/wp-content\/uploads\/2025\/01\/Selbsthilfewerkstatt-700x571.jpg 700w, https:\/\/www.adfc-wiesbaden.de\/wp-content\/uploads\/2025\/01\/Selbsthilfewerkstatt-1400x1142.jpg 1400w, https:\/\/www.adfc-wiesbaden.de\/wp-content\/uploads\/2025\/01\/Selbsthilfewerkstatt-200x163.jpg 200w, https:\/\/www.adfc-wiesbaden.de\/wp-content\/uploads\/2025\/01\/Selbsthilfewerkstatt-768x627.jpg 768w, https:\/\/www.adfc-wiesbaden.de\/wp-content\/uploads\/2025\/01\/Selbsthilfewerkstatt-1536x1253.jpg 1536w\" sizes=\"(max-width: 2048px) 100vw, 2048px\" \/> <h3> Selbsthilfewerkstatt Frankfurt | &copy; Eckehard Wolf <\/h3>\n<h1>Fahrradreparaturkurs ein Wiesbaden und Umgebung<\/h1> <p>Wir bekommen \u00f6fter Anfragen zu Reparaturkursen und Fahrrad-Checkups. Aktuell haben wir keine Kapazit\u00e4ten diese selbst anzubieten und haben daher hier eine Sammlung an Stellen in Wiesbaden und Umgebung erstellt, wo man an Reparaturkursen teilnehmen kann oder mit Unterst\u00fctzung sein Rad selbst reparieren kann. <br \/>Wenn euch weitere Orte bekannt sind, an denen es solche Angebote gibt?<br \/>Schreibt uns gerne ein paar Informationen dazu an <a href=\"mailto:webteam@adfc-wiesbaden.de\">webteam@adfc-wiesbaden.de<\/a><br \/>M\u00f6chtet ihr euch einbringen und k\u00f6nnt euch vorstellen ein solches Angebot mit dem ADFC anzubieten?<br \/>Meldet euch gerne unter <a href=\"mailto:info@adfc-wiesbaden.de\">info@adfc-wiesbaden.de<\/a> oder kommt bei einem Aktiventreffen vorbei.<\/p> <h3>Umweltladen Wiesbaden<\/h3> <p>Der Umweltladen Wiesbaden bietet in Zusammenarbeit mit \"der Radler\" und dem ADFC Mainz-Bingen Reperaturkurs f\u00fcr Anf\u00e4nger und Fortgeschrittene an. Weitere Informationen zu diesem Angebot findet ihr unter <a href=\"https:\/\/www.wiesbaden.de\/leben-in-wiesbaden\/umwelt-natur-klima\/umweltberatung\/kurse-fahrradreparatur\" target=\"_blank\" rel=\"noopener\">Reparaturkurse vom Umweltladen.<\/a><\/p> <h3>R\u00fcckenwind<\/h3> <p>Der Verein R\u00fcckenwind in Wiesbaden l\u00e4dt in der warmen Jahreszeit jeden Freitag ab 15 Uhr zur offenen Werkstatt an ihrem Container im Kulturparkam Schlachthof ein. Weitere Informationen zu diesem Angebot findet ihr unter <a href=\"http:\/\/www.rueckenwind-in-wiesbaden.de\/index.php\/fahrradwerkstatt\/\" target=\"_blank\" rel=\"noopener\">R\u00fcckenwind.<\/a><\/p> <h3>Mitmachwerkstatt Kiezwerkstatt<\/h3> <p>In der im April neu er\u00f6ffneten Kiezwerkstatt gibt es die M\u00f6glichkeit, die Infrastruktur der Werkstatt gegen eine kleine Geb\u00fchr zu nutzen, um sein eigenes Fahrrad zu reparieren. Weitere Informationen zu diesem Angebot findet ihr unter <a href=\"https:\/\/www.kiezkaufhaus.de\/#preisliste-unserer-mitmachwerkstatt\" target=\"_blank\" rel=\"noopener\">Kiezwerkstatt.<\/a><\/p> <h3>E-Motion Walluf<\/h3> <p>In Walluf bietet E-Motion Workshops zur E-Bike-Reperatur an. Hier gibt es ebenfalls andere Angebote, die f\u00fcr euch interessant sein k\u00f6nnten <a href=\"https:\/\/emotion-ebikes.de\/standorte\/he\/wiesbaden\/together?merchantId=12971137\" target=\"_blank\" rel=\"noopener\">https:\/\/emotion-ebikes.de\/standorte\/he\/wiesbaden\/together?merchantId=12971137<\/a><\/p>","_links":{"self":[{"href":"https:\/\/www.adfc-wiesbaden.de\/uk\/wp-json\/wp\/v2\/pages\/71914","targetHints":{"allow":["GET"]}}],"collection":[{"href":"https:\/\/www.adfc-wiesbaden.de\/uk\/wp-json\/wp\/v2\/pages"}],"about":[{"href":"https:\/\/www.adfc-wiesbaden.de\/uk\/wp-json\/wp\/v2\/types\/page"}],"author":[{"embeddable":true,"href":"https:\/\/www.adfc-wiesbaden.de\/uk\/wp-json\/wp\/v2\/users\/53"}],"replies":[{"embeddable":true,"href":"https:\/\/www.adfc-wiesbaden.de\/uk\/wp-json\/wp\/v2\/comments?post=71914"}],"version-history":[{"count":19,"href":"https:\/\/www.adfc-wiesbaden.de\/uk\/wp-json\/wp\/v2\/pages\/71914\/revisions"}],"predecessor-version":[{"id":75641,"href":"https:\/\/www.adfc-wiesbaden.de\/uk\/wp-json\/wp\/v2\/pages\/71914\/revisions\/75641"}],"up":[{"embeddable":true,"href":"https:\/\/www.adfc-wiesbaden.de\/uk\/wp-json\/wp\/v2\/pages\/69773"}],"wp:featuredmedia":[{"embeddable":true,"href":"https:\/\/www.adfc-wiesbaden.de\/uk\/wp-json\/wp\/v2\/media\/69177"}],"wp:attachment":[{"href":"https:\/\/www.adfc-wiesbaden.de\/uk\/wp-json\/wp\/v2\/media?parent=71914"}],"wp:term":[{"taxonomy":"post_tag","embeddable":true,"href":"https:\/\/www.adfc-wiesbaden.de\/uk\/wp-json\/wp\/v2\/tags?post=71914"}],"curies":[{"name":"wp","href":"https:\/\/api.w.org\/{rel}","templated":true}]}}