{"id":75117,"date":"2026-01-07T17:01:00","date_gmt":"2026-01-07T16:01:00","guid":{"rendered":"https:\/\/www.adfc-wiesbaden.de\/?page_id=75117"},"modified":"2026-03-08T10:37:20","modified_gmt":"2026-03-08T09:37:20","slug":"team-kidical-mass","status":"publish","type":"page","link":"https:\/\/www.adfc-wiesbaden.de\/uk\/kidical-mass\/team-kidical-mass\/","title":{"rendered":"\u041a\u043e\u043c\u0430\u043d\u0434\u0430 Kidical Mass"},"content":{"rendered":"<!--themify_builder_content-->\n<div id=\"themify_builder_content-75117\" data-postid=\"75117\" class=\"themify_builder_content themify_builder_content-75117 themify_builder tf_clear\">\n                    <div  data-lazy=\"1\" class=\"module_row themify_builder_row tb_shct620 tb_first tf_w\">\n                        <div class=\"row_inner col_align_top tb_col_count_1 tf_box tf_rel\">\n                        <div  data-lazy=\"1\" class=\"module_column tb-column col-full tb_m93a620 first\">\n                    <!-- module image -->\n<div  class=\"module module-image tb_i76z378 image-top   tf_mw tb_gs2677162d\" data-lazy=\"1\">\n        <div class=\"image-wrap tf_rel tf_mw\">\n            <img loading=\"lazy\" decoding=\"async\" width=\"1600\" height=\"640\" src=\"https:\/\/www.adfc-wiesbaden.de\/wp-content\/uploads\/2026\/02\/kidical-mass-team-juni-2025_quer.jpg\" class=\"wp-post-image wp-image-75244\" title=\"* \u041a\u043e\u043c\u0430\u043d\u0434\u0430 Kidical Mass | \u00a9 Karoline Dei\u00dfner\" alt=\"* \u041a\u043e\u043c\u0430\u043d\u0434\u0430 Kidical Mass | \u00a9 Karoline Dei\u00dfner\" srcset=\"https:\/\/www.adfc-wiesbaden.de\/wp-content\/uploads\/2026\/02\/kidical-mass-team-juni-2025_quer.jpg 1600w, https:\/\/www.adfc-wiesbaden.de\/wp-content\/uploads\/2026\/02\/kidical-mass-team-juni-2025_quer-700x280.jpg 700w, https:\/\/www.adfc-wiesbaden.de\/wp-content\/uploads\/2026\/02\/kidical-mass-team-juni-2025_quer-1400x560.jpg 1400w, https:\/\/www.adfc-wiesbaden.de\/wp-content\/uploads\/2026\/02\/kidical-mass-team-juni-2025_quer-200x80.jpg 200w, https:\/\/www.adfc-wiesbaden.de\/wp-content\/uploads\/2026\/02\/kidical-mass-team-juni-2025_quer-768x307.jpg 768w, https:\/\/www.adfc-wiesbaden.de\/wp-content\/uploads\/2026\/02\/kidical-mass-team-juni-2025_quer-1536x614.jpg 1536w\" sizes=\"auto, (max-width: 1600px) 100vw, 1600px\" \/>    \n        <\/div>\n    <!-- \/image-wrap -->\n    \n        <div class=\"image-content\">\n                    <h3 class=\"image-title\">\n                                    * \u041a\u043e\u043c\u0430\u043d\u0434\u0430 Kidical Mass | \u00a9 Karoline Dei\u00dfner                            <\/h3>\n                    <\/div>\n    <!-- \/image-content -->\n        <\/div>\n<!-- \/module image --><!-- module text -->\n<div  class=\"module module-text tb_ug7g869    tb_gs678604\" data-lazy=\"1\">\n        <div  class=\"tb_text_wrap\">\n        <h1>\u041a\u043e\u043c\u0430\u043d\u0434\u0430 Kidical Mass<\/h1>\n<p>\u041a\u043e\u043c\u0430\u043d\u0434\u0430 Kidical Mass Wiesbaden \u0441\u043a\u043b\u0430\u0434\u0430\u0454\u0442\u044c\u0441\u044f \u0437 \u0432\u0456\u0434\u0434\u0430\u043d\u0438\u0445 \u0431\u0430\u0442\u044c\u043a\u0456\u0432, \u044f\u043a\u0456 \u043b\u044e\u0431\u043b\u044f\u0442\u044c \u0432\u0435\u043b\u043e\u0441\u0438\u043f\u0435\u0434\u0438. \u0421\u0435\u0440\u0435\u0434 \u043d\u0430\u0441 \u0454 \u0441\u0442\u0443\u0434\u0435\u043d\u0442\u0438 \u0442\u0430 \u043f\u0440\u043e\u0444\u0435\u0441\u0456\u043e\u043d\u0430\u043b\u0438. \u0412\u0441\u0456 \u043c\u0438 \u0446\u0456\u043d\u0443\u0454\u043c\u043e \u0432\u0435\u043b\u043e\u0441\u0438\u043f\u0435\u0434 \u044f\u043a \u043f\u0440\u0430\u043a\u0442\u0438\u0447\u043d\u0438\u0439 \u0437\u0430\u0441\u0456\u0431 \u043f\u0435\u0440\u0435\u0441\u0443\u0432\u0430\u043d\u043d\u044f \u043f\u043e \u043c\u0456\u0441\u0442\u0443, \u0449\u043e \u0437\u043c\u0435\u043d\u0448\u0443\u0454 \u043f\u043e\u0448\u0443\u043a \u043f\u0430\u0440\u043a\u0443\u0432\u0430\u043b\u044c\u043d\u043e\u0433\u043e \u043c\u0456\u0441\u0446\u044f \u0456 \u0435\u043a\u043e\u043d\u043e\u043c\u0438\u0442\u044c \u0447\u0430\u0441, \u044f\u043a\u0438\u0439 \u0456\u043d\u0448\u0456 \u043f\u0440\u043e\u0432\u043e\u0434\u044f\u0442\u044c \u0432 \u043f\u0440\u043e\u0431\u043a\u0430\u0445. * \u0414\u0435\u044f\u043a\u0456 \u0437 \u043d\u0430\u0441 \u0432\u0438\u043a\u043e\u0440\u0438\u0441\u0442\u043e\u0432\u0443\u044e\u0442\u044c \u0432\u0435\u043b\u043e\u0441\u0438\u043f\u0435\u0434 \u044f\u043a \u0441\u0456\u043c\u0435\u0439\u043d\u0443 \u043a\u0430\u0440\u0435\u0442\u0443 \u2018 \u0434\u043b\u044f \u043f\u043e\u0432\u0441\u044f\u043a\u0434\u0435\u043d\u043d\u0438\u0445 \u043c\u0430\u0440\u0448\u0440\u0443\u0442\u0456\u0432 \u0434\u043e \u043c\u0430\u0433\u0430\u0437\u0438\u043d\u0456\u0432, \u0434\u0438\u0442\u044f\u0447\u043e\u0433\u043e \u0441\u0430\u0434\u043a\u0430 \u0442\u0430 \u0448\u043a\u043e\u043b\u0438. \u0422\u0440\u0435\u0442\u0456 \u0449\u043e\u0434\u043d\u044f \u0434\u043e\u043b\u0430\u044e\u0442\u044c \u0431\u0430\u0433\u0430\u0442\u043e \u043a\u0456\u043b\u043e\u043c\u0435\u0442\u0440\u0456\u0432 \u043d\u0430 \u0432\u0435\u043b\u043e\u0441\u0438\u043f\u0435\u0434\u0456 \u0430\u0431\u043e \u0435\u043b\u0435\u043a\u0442\u0440\u043e\u043d\u043d\u043e\u043c\u0443 \u0432\u0435\u043b\u043e\u0441\u0438\u043f\u0435\u0434\u0456 \u043d\u0430 \u0440\u043e\u0431\u043e\u0442\u0443, \u0430 \u0434\u0435\u044f\u043a\u0456 \u0437 \u043d\u0430\u0441 \u043f\u0440\u043e\u0441\u0442\u043e \u043b\u044e\u0431\u043b\u044f\u0442\u044c \u0457\u0437\u0434\u0438\u0442\u0438 \u0441\u043f\u043e\u0440\u0442\u0438\u0432\u043d\u0438\u043c \u0443 \u0432\u0456\u043b\u044c\u043d\u0438\u0439 \u0447\u0430\u0441.<br \/>\u041c\u0438 \u0442\u0430\u043a\u043e\u0436 \u0445\u043e\u0447\u0435\u043c\u043e \u0434\u043e\u043d\u0435\u0441\u0442\u0438 \u043d\u0430\u0448\u0438\u043c \u0434\u0456\u0442\u044f\u043c \u043d\u0430\u0448 \u0435\u043d\u0442\u0443\u0437\u0456\u0430\u0437\u043c \u0434\u043e \u0430\u043a\u0442\u0438\u0432\u043d\u043e\u0457 \u043c\u043e\u0431\u0456\u043b\u044c\u043d\u043e\u0441\u0442\u0456 \u0432 \u043f\u043e\u0432\u0441\u044f\u043a\u0434\u0435\u043d\u043d\u043e\u043c\u0443 \u0436\u0438\u0442\u0442\u0456. \u041d\u0430 \u0436\u0430\u043b\u044c, \u0437\u0430\u043d\u0430\u0434\u0442\u043e \u0431\u0430\u0433\u0430\u0442\u043e \u0430\u0432\u0442\u043e\u043c\u043e\u0431\u0456\u043b\u0456\u0432 \u0457\u0437\u0434\u044f\u0442\u044c \u043f\u043e \u043c\u0456\u0441\u0442\u0443 \u0437\u0430\u043d\u0430\u0434\u0442\u043e \u0448\u0432\u0438\u0434\u043a\u043e, \u0442\u0430\u043a \u0449\u043e \u0434\u0438\u0442\u0438\u043d\u0430 \u043d\u0435 \u043c\u043e\u0436\u0435 \u043b\u0435\u0433\u043a\u043e \u0457\u0437\u0434\u0438\u0442\u0438 \u043f\u043e\u043e\u0434\u0438\u043d\u0446\u0456 \u0434\u043e \u0448\u043a\u043e\u043b\u0438.<\/p>\n<h2>\u0412\u0437\u044f\u0442\u0438 \u0443\u0447\u0430\u0441\u0442\u044c<\/h2>\n<p>\u041c\u0438 \u0440\u0430\u0434\u0456 \u043f\u043e\u0434\u0456\u043b\u0438\u0442\u0438\u0441\u044f \u0441\u0432\u043e\u0454\u044e \u0440\u043e\u0431\u043e\u0442\u043e\u044e \u0456 \u0437 \u043d\u0435\u0442\u0435\u0440\u043f\u0456\u043d\u043d\u044f\u043c \u0447\u0435\u043a\u0430\u0454\u043c\u043e \u043d\u043e\u0432\u0438\u0445 \u0456\u0434\u0435\u0439.<br \/>\u0429\u043e\u0440\u043e\u043a\u0443 \u043c\u0438 \u043f\u043b\u0430\u043d\u0443\u0454\u043c\u043e \u0442\u0440\u0438 \u0432\u0435\u0441\u0435\u043b\u0438\u0445 \u0434\u0438\u0442\u044f\u0447\u0438\u0445 \u0432\u0435\u043b\u043e\u0441\u0438\u043f\u0435\u0434\u043d\u0438\u0445 \u043a\u043e\u0440\u0441\u043e \u0437 \u0431\u0435\u0437\u043b\u0456\u0447\u0447\u044e \u0444\u0456\u0434\u0435\u0440\u043d\u0438\u0445 \u0442\u0443\u0440\u0456\u0432 \u0437 \u043f\u043e\u0447\u0430\u0442\u043a\u043e\u0432\u0438\u0445 \u0448\u043a\u0456\u043b \u0437 \u0440\u0456\u0437\u043d\u0438\u0445 \u0440\u0430\u0439\u043e\u043d\u0456\u0432. \u0414\u043b\u044f \u0446\u044c\u043e\u0433\u043e \u043d\u0430\u043c \u0432\u0441\u0435 \u0449\u0435 \u043f\u043e\u0442\u0440\u0456\u0431\u043d\u0456 \u0432\u0435\u043b\u043e\u0441\u0438\u043f\u0435\u0434\u0438\u0441\u0442\u0438 \u043d\u0430 \u043c\u0456\u0441\u0446\u0456.<br \/>\u042f\u043a\u0449\u043e \u0432\u0438 \u0437\u0430\u0446\u0456\u043a\u0430\u0432\u043b\u0435\u043d\u0456, \u043d\u0430\u043f\u0438\u0448\u0456\u0442\u044c \u043d\u0430\u043c\u00a0<a href=\"\/uk\/&\/#x6d;a&#x69;&#108;&#x74;&#111;:&#x6b;i&#x64;&#105;&#x63;&#97;l&#x6d;&#97;&#x73;&#115;&#64;&#x61;d&#x66;&#99;&#x2d;&#119;i&#x65;s&#x62;&#97;&#x64;&#x65;n&#x2e;&#100;&#x65;\">kidicalmass@adfc-wiesbaden.de<\/a><\/p>    <\/div>\n<\/div>\n<!-- \/module text -->        <\/div>\n                        <\/div>\n        <\/div>\n                        <div  data-lazy=\"1\" class=\"module_row themify_builder_row tb_xkpz284 tf_w\">\n                        <div class=\"row_inner col_align_top tb_col_count_1 tf_box tf_rel\">\n                        <div  data-lazy=\"1\" class=\"module_column tb-column col-full tb_2zxs284 first\">\n                    <!-- module plain text -->\n<div  class=\"module module-plain-text tb_g16n284\" data-lazy=\"1\">\n        <div class=\"tb_text_wrap\">\n    <div class=\"tb_layout_part_wrap tf_w\"><!--themify_builder_content-->\n    <div  class=\"themify_builder_content themify_builder_content-75393 themify_builder not_editable_builder in_the_loop\" data-postid=\"75393\">\n                        <div  data-css_id=\"ya26861\" data-lazy=\"1\" class=\"module_row themify_builder_row fullwidth tb_ya26861 tf_w\">\n                        <div class=\"row_inner col_align_top tb_col_count_1 tf_box tf_rel\">\n                        <div  data-lazy=\"1\" class=\"module_column tb-column col-full tb_hp60861 leitseite-banner first\">\n                    <!-- module plain text -->\n<div  class=\"module module-plain-text tb_4ow0861\" data-lazy=\"1\">\n        <div class=\"tb_text_wrap\">\n    <a href=\"https:\/\/www.adfc-wiesbaden.de\/uk\/kidical-newsletter\/\" style=\"color:white;text-decoration: none !Important\" target=\"_blank\">\n<div class=\"banner_image-container\">\n\t\n<img decoding=\"async\" class=\"banner_image\" src=\"https:\/\/www.adfc-wiesbaden.de\/wp-content\/uploads\/2022\/02\/Bildschirmfoto_2022-02-26_01-33-56.png\" alt=\"\u041b\u043e\u0433\u043e\u0442\u0438\u043f Kidical Mass\" >\n\t\n<\/div>\n<div class=\"banner_text-container\">\n<div style=\"font-size:32px;line-height:39px;font-weight:100;margin-bottom: 10px;text-decoration: none !Important\"><b>\u0417\u0430\u0440\u0435\u0454\u0441\u0442\u0440\u0443\u0439\u0442\u0435\u0441\u044f \u0437\u0430\u0440\u0430\u0437:<\/b><br>\u0414\u043b\u044f \u0456\u043d\u0444\u043e\u0440\u043c\u0430\u0446\u0456\u0439\u043d\u043e\u0433\u043e \u0431\u044e\u043b\u0435\u0442\u0435\u043d\u044f Kidical Mass Wiesbaden<\/div>\n\n<div style=\"font-size:24px;line-height:29px;font-weight:300;margin-bottom:2%\">\u0420\u0435\u0433\u0443\u043b\u044f\u0440\u043d\u0430 \u0456\u043d\u0444\u043e\u0440\u043c\u0430\u0446\u0456\u044f \u043f\u0440\u043e \u0414\u0438\u0442\u044f\u0447\u0443 \u041c\u0435\u0441\u0443 \u0443 \u0412\u0456\u0441\u0431\u0430\u0434\u0435\u043d\u0456 \u0442\u0430 \u043e\u043a\u043e\u043b\u0438\u0446\u044f\u0445<\/div>\n<div class=\"button_container\">\n<div class=\"margin_16-16-16-0\"><a class=\"button1_blau\" href=\"https:\/\/www.adfc-wiesbaden.de\/uk\/kidical-newsletter\/\" target=\"_blank\">\u0414\u043e \u043f\u0456\u0434\u043f\u0438\u0441\u043a\u0438 \u043d\u0430 \u0440\u043e\u0437\u0441\u0438\u043b\u043a\u0443 \u043d\u043e\u0432\u0438\u043d<\/a><\/div>\n<\/div>\t\n<\/div>\n<\/a>\n\n\n\n\n    <\/div>\n<\/div>\n<!-- \/module plain text -->        <\/div>\n                        <\/div>\n        <\/div>\n            <\/div>\n<!--\/themify_builder_content--><\/div>\n    <\/div>\n<\/div>\n<!-- \/module plain text -->        <\/div>\n                        <\/div>\n        <\/div>\n        <\/div>\n<!--\/themify_builder_content-->","protected":false},"excerpt":{"rendered":"<p>\u041a\u043e\u043c\u0430\u043d\u0434\u0430 Kidical Mass Wiesbaden \u0441\u043a\u043b\u0430\u0434\u0430\u0454\u0442\u044c\u0441\u044f \u0437 \u0432\u0456\u0434\u0434\u0430\u043d\u0438\u0445 \u0431\u0430\u0442\u044c\u043a\u0456\u0432, \u044f\u043a\u0456 \u043b\u044e\u0431\u043b\u044f\u0442\u044c \u0432\u0435\u043b\u043e\u0441\u0438\u043f\u0435\u0434\u0438.<\/p>","protected":false},"author":53,"featured_media":75241,"parent":74799,"menu_order":0,"comment_status":"closed","ping_status":"closed","template":"","meta":{"footnotes":""},"tags":[516,206,807],"class_list":["post-75117","page","type-page","status-publish","has-post-thumbnail","hentry","tag-kidical-mass","tag-radtouren","tag-veranstaltung","has-post-title","has-post-date","has-post-category","has-post-tag","has-post-comment","has-post-author",""],"builder_content":"<img src=\"https:\/\/www.adfc-wiesbaden.de\/wp-content\/uploads\/2026\/02\/kidical-mass-team-juni-2025_quer.jpg\" title=\"Team Kidical Mass | &copy; Karoline Dei\u00dfner\" alt=\"Team Kidical Mass | &copy; Karoline Dei\u00dfner\" srcset=\"https:\/\/www.adfc-wiesbaden.de\/wp-content\/uploads\/2026\/02\/kidical-mass-team-juni-2025_quer.jpg 1600w, https:\/\/www.adfc-wiesbaden.de\/wp-content\/uploads\/2026\/02\/kidical-mass-team-juni-2025_quer-700x280.jpg 700w, https:\/\/www.adfc-wiesbaden.de\/wp-content\/uploads\/2026\/02\/kidical-mass-team-juni-2025_quer-1400x560.jpg 1400w, https:\/\/www.adfc-wiesbaden.de\/wp-content\/uploads\/2026\/02\/kidical-mass-team-juni-2025_quer-200x80.jpg 200w, https:\/\/www.adfc-wiesbaden.de\/wp-content\/uploads\/2026\/02\/kidical-mass-team-juni-2025_quer-768x307.jpg 768w, https:\/\/www.adfc-wiesbaden.de\/wp-content\/uploads\/2026\/02\/kidical-mass-team-juni-2025_quer-1536x614.jpg 1536w\" sizes=\"(max-width: 1600px) 100vw, 1600px\" \/> <h3> Team Kidical Mass | &copy; Karoline Dei\u00dfner <\/h3>\n<h1>Team Kidical Mass<\/h1> <p>Das Team der Kidical Mass Wiesbaden besteht aus engagierten, radliebenden Eltern. Unter uns sind Studierende und Berufst\u00e4tige. Alle von uns sch\u00e4tzen das Fahrrad als praktisches Verkehrsmittel in der Stadt, das einem die Parkplatzsuche abnimmt und Zeit spart, die andere im Stau verbringen. Manche von uns benutzen das Rad als \u201eFamilienkutsche\u201c f\u00fcr die allt\u00e4glichen Wege zum Einkaufen, zur Kita und zur Schule. Wiederum andere pendeln t\u00e4glich viele Kilometer mit dem Rad oder E-Bike zur Arbeit, und manche von uns fahren einfach gerne sportlich in der Freizeit.<br \/>Unsere Begeisterung bei der aktiven Mobilit\u00e4t im Alltag wollen wir unseren Kindern ebenfalls vermitteln. Nur leider fahren zu viele Autos, zu schnell durch die Stadt, so dass die Kind nicht problemlos alleine zur Schule fahren k\u00f6nnen.<\/p> <h2>Mitmachen<\/h2> <p>Wir teilen gerne unsere Arbeit auf und freuen uns \u00fcber neue Ideen.<br \/>Wir planen j\u00e4hrlich drei fr\u00f6hliche Kinder-Fahrrad-Korsos mit vielen Zubringertouren von den Grundschulen aus den unterschiedlichen Stadtteilen. Daf\u00fcr ben\u00f6tigen wir noch Radfahrende vor Ort.<br \/>Bei Interesse schreibe uns\u00a0<a href=\"mailto:kidicalmass@adfc-wiesbaden.de\">kidicalmass@adfc-wiesbaden.de<\/a><\/p>\n[themify_layout_part id=\"75393\"]","_links":{"self":[{"href":"https:\/\/www.adfc-wiesbaden.de\/uk\/wp-json\/wp\/v2\/pages\/75117","targetHints":{"allow":["GET"]}}],"collection":[{"href":"https:\/\/www.adfc-wiesbaden.de\/uk\/wp-json\/wp\/v2\/pages"}],"about":[{"href":"https:\/\/www.adfc-wiesbaden.de\/uk\/wp-json\/wp\/v2\/types\/page"}],"author":[{"embeddable":true,"href":"https:\/\/www.adfc-wiesbaden.de\/uk\/wp-json\/wp\/v2\/users\/53"}],"replies":[{"embeddable":true,"href":"https:\/\/www.adfc-wiesbaden.de\/uk\/wp-json\/wp\/v2\/comments?post=75117"}],"version-history":[{"count":13,"href":"https:\/\/www.adfc-wiesbaden.de\/uk\/wp-json\/wp\/v2\/pages\/75117\/revisions"}],"predecessor-version":[{"id":75406,"href":"https:\/\/www.adfc-wiesbaden.de\/uk\/wp-json\/wp\/v2\/pages\/75117\/revisions\/75406"}],"up":[{"embeddable":true,"href":"https:\/\/www.adfc-wiesbaden.de\/uk\/wp-json\/wp\/v2\/pages\/74799"}],"wp:featuredmedia":[{"embeddable":true,"href":"https:\/\/www.adfc-wiesbaden.de\/uk\/wp-json\/wp\/v2\/media\/75241"}],"wp:attachment":[{"href":"https:\/\/www.adfc-wiesbaden.de\/uk\/wp-json\/wp\/v2\/media?parent=75117"}],"wp:term":[{"taxonomy":"post_tag","embeddable":true,"href":"https:\/\/www.adfc-wiesbaden.de\/uk\/wp-json\/wp\/v2\/tags?post=75117"}],"curies":[{"name":"wp","href":"https:\/\/api.w.org\/{rel}","templated":true}]}}